{"id":914,"date":"2024-04-17T22:05:22","date_gmt":"2024-04-17T22:05:22","guid":{"rendered":"https:\/\/ffyh.unc.edu.ar\/derechoslinguisticos\/?page_id=914"},"modified":"2026-03-11T21:10:09","modified_gmt":"2026-03-11T21:10:09","slug":"talleres","status":"publish","type":"page","link":"https:\/\/ffyh.unc.edu.ar\/derechoslinguisticos\/ediciones-anteriores\/circulares\/talleres\/","title":{"rendered":"Talleres"},"content":{"rendered":"<h1><b>Soltar la mano y la lengua<\/b><\/h1>\n<h3><strong>martes 21 de mayo a las 15.00<\/strong><\/h3>\n<p><span style=\"font-weight: 400\">Comparte: <strong>Mostro<\/strong><\/span><\/p>\n<p><span style=\"font-weight: 400\">[con colaboraci\u00f3n a la gorra]<\/span><\/p>\n<p><span style=\"font-weight: 400\">Taller de herramientas para la escritura colectiva de rap y el freestyle.\u00a0<\/span><\/p>\n<p><span style=\"font-weight: 400\">Espacio de juego y estimulaci\u00f3n en defensa de las palabras rebeldes. Vamos a trabajar desde la din\u00e1mica del Cypher (ronda de la palabra para compartir sabidur\u00edas y conocimientos), adem\u00e1s de ejercicios de escritura individuales y colectivos, y din\u00e1micas l\u00fadicas para soltar la lengua en la improvisaci\u00f3n de rimas.<\/span><\/p>\n<p><span style=\"font-weight: 400\">No es necesario tener conocimientos previos, todas las experiencias, los estilos y las creatividades con la palabra ser\u00e1n bienvenidos! Traer papel y l\u00e1piz.\u00a0<\/span><\/p>\n<p>&nbsp;<\/p>\n<h1><b>Habitar las lenguas<\/b><\/h1>\n<h3><strong>mi\u00e9rcoles 22 de mayo a las 18.30<\/strong><\/h3>\n<p><span style=\"font-weight: 400\">Comparte: <strong>Instituto de Culturas Abor\u00edgenes de C\u00f3rdoba<\/strong><\/span><\/p>\n<p>&nbsp;<\/p>\n<h1><b>\u00bfPlaceres desorientados? El oficio de una br\u00fajula prosexo<\/b><\/h1>\n<h3><strong>jueves 23 de mayo a las 14<\/strong><\/h3>\n<p><span style=\"font-weight: 400\">Comparten: <strong>val flores<\/strong> y <strong>Beto Canseco<\/strong><\/span><\/p>\n<p><span style=\"font-weight: 400\">Les invitamos a compartir e implicarse en este espacio colectivo de cuerpo, juego, sexo para investigar y curiosear los temblores, desv\u00edos y direcciones de nuestra br\u00fajula prosexo, que m\u00e1s que gu\u00eda de orientaciones fijas la pensamos como una pr\u00e1ctica sensible de imaginarios con los nos obstinamos en so\u00f1ar. Para imantar las pieles y escrituras con la pr\u00e1ctica sexual como experiencia de aprendizaje, para darnos a leer c\u00f3mo vivimos el placer sexual en contextos de fascismo y derechizaci\u00f3n, c\u00f3mo se sostiene (o no) el placer en las agendas activistas, qu\u00e9 lengua(s) nos damos para hablar del placer sexual.<\/span><\/p>\n","protected":false},"excerpt":{"rendered":"<div class=\"mh-excerpt\"><p>Soltar la mano y la lengua martes 21 de mayo a las 15.00 Comparte: Mostro [con colaboraci\u00f3n a la gorra] Taller de herramientas para la <a class=\"mh-excerpt-more\" href=\"https:\/\/ffyh.unc.edu.ar\/derechoslinguisticos\/ediciones-anteriores\/circulares\/talleres\/\" title=\"Talleres\">[&#8230;]<\/a><\/p>\n<\/div>","protected":false},"author":28,"featured_media":0,"parent":767,"menu_order":5,"comment_status":"closed","ping_status":"closed","template":"","meta":{"_acf_changed":false,"footnotes":""},"class_list":["post-914","page","type-page","status-publish","hentry"],"acf":[],"_links":{"self":[{"href":"https:\/\/ffyh.unc.edu.ar\/derechoslinguisticos\/wp-json\/wp\/v2\/pages\/914","targetHints":{"allow":["GET"]}}],"collection":[{"href":"https:\/\/ffyh.unc.edu.ar\/derechoslinguisticos\/wp-json\/wp\/v2\/pages"}],"about":[{"href":"https:\/\/ffyh.unc.edu.ar\/derechoslinguisticos\/wp-json\/wp\/v2\/types\/page"}],"author":[{"embeddable":true,"href":"https:\/\/ffyh.unc.edu.ar\/derechoslinguisticos\/wp-json\/wp\/v2\/users\/28"}],"replies":[{"embeddable":true,"href":"https:\/\/ffyh.unc.edu.ar\/derechoslinguisticos\/wp-json\/wp\/v2\/comments?post=914"}],"version-history":[{"count":6,"href":"https:\/\/ffyh.unc.edu.ar\/derechoslinguisticos\/wp-json\/wp\/v2\/pages\/914\/revisions"}],"predecessor-version":[{"id":993,"href":"https:\/\/ffyh.unc.edu.ar\/derechoslinguisticos\/wp-json\/wp\/v2\/pages\/914\/revisions\/993"}],"up":[{"embeddable":true,"href":"https:\/\/ffyh.unc.edu.ar\/derechoslinguisticos\/wp-json\/wp\/v2\/pages\/767"}],"wp:attachment":[{"href":"https:\/\/ffyh.unc.edu.ar\/derechoslinguisticos\/wp-json\/wp\/v2\/media?parent=914"}],"curies":[{"name":"wp","href":"https:\/\/api.w.org\/{rel}","templated":true}]}}