{"id":97,"date":"2018-10-31T16:54:04","date_gmt":"2018-10-31T16:54:04","guid":{"rendered":"https:\/\/ffyh.unc.edu.ar\/derechoslinguisticos\/?page_id=97"},"modified":"2026-03-11T21:41:53","modified_gmt":"2026-03-11T21:41:53","slug":"comite-academico","status":"publish","type":"page","link":"https:\/\/ffyh.unc.edu.ar\/derechoslinguisticos\/ediciones-anteriores\/circulares\/comite-academico\/","title":{"rendered":"Comit\u00e9 Acad\u00e9mico"},"content":{"rendered":"<h3 style=\"text-align: center\">VICTOR ACEBO<br \/>\nMAR\u00cdA EUGENIA ALMEIDA<br \/>\nBEATRIZ BIXIO<br \/>\nHENRY BOISROLIN<br \/>\nMAR\u00cdA ELEONORA CRISTINA<br \/>\nJOS\u00c9 DEL VALLE<br \/>\nFLAVIA DEZZUTTO<br \/>\nJUAN DRUETTA<br \/>\nval flores<br \/>\nVER\u00d3NICA GAGO<br \/>\nANA FERN\u00c1NDEZ GARAY<br \/>\nGABRIEL GIORGI<br \/>\nADRIANA GUZM\u00c1N<br \/>\nANA ILIOVICH<br \/>\nSILVIO MATTONI<br \/>\nCRISTINA MESSINEO<br \/>\nMAR\u00cdA MORENO<br \/>\nELVIRA NARVAJA DE ARNOUX<br \/>\nMIRIAN PINO<br \/>\nVIRGINIA UNAMUNO<br \/>\nPEDRO VIEGAS BARROS<br \/>\nRA\u00daL ZAFFARONI<br \/>\nM\u00d3NICA ZIDARICH<\/h3>\n","protected":false},"excerpt":{"rendered":"<div class=\"mh-excerpt\"><p>VICTOR ACEBO MAR\u00cdA EUGENIA ALMEIDA BEATRIZ BIXIO HENRY BOISROLIN MAR\u00cdA ELEONORA CRISTINA JOS\u00c9 DEL VALLE FLAVIA DEZZUTTO JUAN DRUETTA val flores VER\u00d3NICA GAGO ANA FERN\u00c1NDEZ <a class=\"mh-excerpt-more\" href=\"https:\/\/ffyh.unc.edu.ar\/derechoslinguisticos\/ediciones-anteriores\/circulares\/comite-academico\/\" title=\"Comit\u00e9 Acad\u00e9mico\">[&#8230;]<\/a><\/p>\n<\/div>","protected":false},"author":28,"featured_media":0,"parent":767,"menu_order":1,"comment_status":"closed","ping_status":"closed","template":"","meta":{"_acf_changed":false,"footnotes":""},"class_list":["post-97","page","type-page","status-publish","hentry"],"acf":[],"_links":{"self":[{"href":"https:\/\/ffyh.unc.edu.ar\/derechoslinguisticos\/wp-json\/wp\/v2\/pages\/97","targetHints":{"allow":["GET"]}}],"collection":[{"href":"https:\/\/ffyh.unc.edu.ar\/derechoslinguisticos\/wp-json\/wp\/v2\/pages"}],"about":[{"href":"https:\/\/ffyh.unc.edu.ar\/derechoslinguisticos\/wp-json\/wp\/v2\/types\/page"}],"author":[{"embeddable":true,"href":"https:\/\/ffyh.unc.edu.ar\/derechoslinguisticos\/wp-json\/wp\/v2\/users\/28"}],"replies":[{"embeddable":true,"href":"https:\/\/ffyh.unc.edu.ar\/derechoslinguisticos\/wp-json\/wp\/v2\/comments?post=97"}],"version-history":[{"count":23,"href":"https:\/\/ffyh.unc.edu.ar\/derechoslinguisticos\/wp-json\/wp\/v2\/pages\/97\/revisions"}],"predecessor-version":[{"id":847,"href":"https:\/\/ffyh.unc.edu.ar\/derechoslinguisticos\/wp-json\/wp\/v2\/pages\/97\/revisions\/847"}],"up":[{"embeddable":true,"href":"https:\/\/ffyh.unc.edu.ar\/derechoslinguisticos\/wp-json\/wp\/v2\/pages\/767"}],"wp:attachment":[{"href":"https:\/\/ffyh.unc.edu.ar\/derechoslinguisticos\/wp-json\/wp\/v2\/media?parent=97"}],"curies":[{"name":"wp","href":"https:\/\/api.w.org\/{rel}","templated":true}]}}