{"id":21,"date":"2020-10-21T16:13:53","date_gmt":"2020-10-21T16:13:53","guid":{"rendered":"https:\/\/ffyh.unc.edu.ar\/diademuertis2020\/?page_id=21"},"modified":"2020-11-03T12:41:41","modified_gmt":"2020-11-03T12:41:41","slug":"padlet","status":"publish","type":"page","link":"https:\/\/ffyh.unc.edu.ar\/diademuertis2020\/","title":{"rendered":"DEJ\u00c1 TU OFRENDA AQU\u00cd"},"content":{"rendered":"<style>\n       .errordiv { padding:10px; margin:10px; border: 1px solid #555555;color: #000000;background-color: #f8f8f8; width:500px; }#advanced_iframe {visibility:visible;opacity:1;vertical-align:top;}.ai-info-bottom-iframe { position: fixed; z-index: 10000; bottom:0; left: 0; margin: 0px; text-align: center; width: 100%; background-color: #ff9999; padding-left: 5px;padding-bottom: 5px; border-top: 1px solid #aaa } a.ai-bold {font-weight: bold;}#ai-layer-div-advanced_iframe p {height:100%;margin:0;padding:0}<\/style><script type=\"text\/javascript\">var ai_iframe_width_advanced_iframe = 0;var ai_iframe_height_advanced_iframe = 0;function aiReceiveMessageadvanced_iframe(event) {  aiProcessMessage(event,\"advanced_iframe\", \"true\",\"\",\"false\",\"false\");}if (window.addEventListener) {  window.addEventListener(\"message\", aiReceiveMessageadvanced_iframe);} else if (el.attachEvent)  {  el.attachEvent(\"message\", aiReceiveMessageadvanced_iframe);}var aiOnloadScrollTop=\"true\";var aiShowDebug=false;\n\t\tif (typeof aiReadyCallbacks === 'undefined') {\n\t\t\tvar aiReadyCallbacks = [];\n\t\t} else if (!(aiReadyCallbacks instanceof Array)) {\n\t\t\tvar aiReadyCallbacks = [];\n\t\t}    function aiShowIframeId(id_iframe) { jQuery(\"#\"+id_iframe).css(\"visibility\", \"visible\");    }    function aiResizeIframeHeight(height) { aiResizeIframeHeight(height,advanced_iframe); }    function aiResizeIframeHeightId(height,width,id) {aiResizeIframeHeightById(id,height);}<\/script><iframe id=\"advanced_iframe\"  name=\"advanced_iframe\"  src=\"https:\/\/padlet.com\/diademuertis2020\/m1h3qhkfan0emrff\"  width=\"100%\"  height=\"600\"  frameborder=\"0\"  border=\"0\"  allowtransparency=\"true\"  loading=\"lazy\"  style=\";border-width: 0px;;border: none;;width:100%;;height:600px;\" ><\/iframe><script type=\"text\/javascript\">var ifrm_advanced_iframe = document.getElementById(\"advanced_iframe\");var hiddenTabsDoneadvanced_iframe = false;\nfunction resizeCallbackadvanced_iframe() {}<\/script><script type=\"text\/javascript\"><\/script><p style=\"display:block !important; visibility:visible !important;margin: -18px 14px 0 0;padding-left: 3px;padding-top:3px;background: white; overflow: hidden; position: relative; line-height:15px;width: fit-content;\"><small style=\"display:block !important;visibility:visible !important\">powered by Advanced iFrame<\/small><\/p>\n<p>&nbsp;<\/p>\n<p><iframe loading=\"lazy\" title=\"D\u00eda De Muertis\" width=\"100%\" height=\"120\" src=\"https:\/\/www.mixcloud.com\/widget\/iframe\/?feed=https%3A%2F%2Fwww.mixcloud.com%2Frodriulloa%2Fd%25C3%25ADa-de-muertis%2F&amp;hide_cover=1\" frameborder=\"0\"><\/iframe><\/p>\n<hr \/>\n<p>&nbsp;<\/p>\n<h3><strong>Para agendar<\/strong><\/h3>\n<div><strong>\u2666 17:00<\/strong> &#8211; <strong>Coplas y D\u00eda de Muertos y Muertas desde pueblos de Abya Yala. Las Qhusi-<\/strong> Yimi Fr\u00edas y Romi Cannistraro (C\u00f3rdoba). <strong>Participan<\/strong>: Jos\u00e9 Tocon\u00e1s (Jujuy), Cruz Farf\u00e1n (Catamarca), Fidel Fernandez (Santiago del Estero), Norma de la Comparsa Flor de Cortadera (Abra Pampa, Jujuy) y Lorena Madrigal (Iturbe, Jujuy)<\/div>\n<div>\n<p><iframe loading=\"lazy\" title=\"Coplas y D\u00eda de Muertos y Muertas desde pueblos de Abya Yala\" width=\"920\" height=\"518\" src=\"https:\/\/www.youtube.com\/embed\/lFp8L6uE3po?feature=oembed\" frameborder=\"0\" allow=\"accelerometer; autoplay; clipboard-write; encrypted-media; gyroscope; picture-in-picture\" allowfullscreen><\/iframe><\/p>\n<\/div>\n<div><\/div>\n<div><strong>\u2666 18 a 22: 30 <\/strong>&#8211; <strong>Entrevistas perform\u00e1ticas a cargo de Sof\u00eda Torres Kosiba<\/strong>. En vivo desde el instagram del <strong>Programa de Investigaci\u00f3n Subjetividades y Sujeciones Contempor\u00e1neas<\/strong> (CIFFyH\/SECyT, UNC): <a href=\"https:\/\/www.instagram.com\/programassc\/\" target=\"_blank\" rel=\"noopener noreferrer\">@programassc<\/a><\/div>\n<div><\/div>\n<div><strong>\u2666 21:30 <\/strong>&#8211;\u00a0<strong>a la distancia\/ ritual celebratorio\u00a0(performance)<\/strong><\/div>\n<div>moebius performance-pato valdez &amp; esteban rizi<\/div>\n<div>Modalidad Streaming en directo desde<\/div>\n<div>\n<p><iframe loading=\"lazy\" title=\"aLAdistancia\" width=\"920\" height=\"518\" src=\"https:\/\/www.youtube.com\/embed\/Wk7-hJeEygc?feature=oembed\" frameborder=\"0\" allow=\"accelerometer; autoplay; clipboard-write; encrypted-media; gyroscope; picture-in-picture\" allowfullscreen><\/iframe><\/p>\n<\/div>\n<div>Facebook <a href=\"https:\/\/www.facebook.com\/moebiusperformance\" target=\"_blank\" rel=\"noopener noreferrer\">https:\/\/www.facebook.com\/moebiusperformance<\/a><span style=\"color: #1155cc\"><span style=\"font-family: Arial, Helvetica, sans-serif\">,\u00a0<\/span><\/span>Instagram <a href=\"https:\/\/www.instagram.com\/moebiusperformance\/\" target=\"_blank\" rel=\"noopener noreferrer\">https:\/\/www.instagram.com\/moebiusperformance\/<\/a><\/div>\n<div><\/div>\n<div><strong>\u2666 22:30<\/strong>&#8211; <strong>Baile de vida y despedida de muertis <\/strong>&#8211; M\u00fasica y visuales por: <strong>Ladies Chalas<\/strong>&#8211; Santa Rita (<a href=\"https:\/\/www.instagram.com\/santa_riri\/\" target=\"_blank\" rel=\"noopener noreferrer\">@santa_riri<\/a>) y Stella Fantasia (<a href=\"https:\/\/www.instagram.com\/fantasssssia\/\" target=\"_blank\" rel=\"noopener noreferrer\">@fantasssssia<\/a>)<\/div>\n<div><\/div>\n<div>\n<p><iframe loading=\"lazy\" title=\"Celebraci\u00f3n\/InstalAcci\u00f3n D\u00eda de Muertis 2020- Baile despedida - M\u00fasica y visuales Ladies Chalas\" width=\"920\" height=\"518\" src=\"https:\/\/www.youtube.com\/embed\/qX_WjGoTXA4?feature=oembed\" frameborder=\"0\" allow=\"accelerometer; autoplay; clipboard-write; encrypted-media; gyroscope; picture-in-picture\" allowfullscreen><\/iframe><\/p>\n<\/div>\n<div><\/div>\n","protected":false},"excerpt":{"rendered":"<p>&nbsp; &nbsp; Para agendar \u2666 17:00 &#8211; Coplas y D\u00eda de Muertos y Muertas desde pueblos de Abya Yala. Las Qhusi- Yimi Fr\u00edas y Romi Cannistraro (C\u00f3rdoba). Participan: Jos\u00e9 Tocon\u00e1s<\/p>\n<p class=\"more-link\"><a href=\"https:\/\/ffyh.unc.edu.ar\/diademuertis2020\/\" class=\"readmore\">Seguir leyendo<svg class=\"icon icon-arrow-right\" aria-hidden=\"true\" role=\"img\"> <use href=\"#icon-arrow-right\" xlink:href=\"#icon-arrow-right\"><\/use> <\/svg><span class=\"screen-reader-text\">DEJ\u00c1 TU OFRENDA AQU\u00cd<\/span><\/a><\/p>\n","protected":false},"author":1,"featured_media":0,"parent":0,"menu_order":0,"comment_status":"closed","ping_status":"closed","template":"","meta":{"_acf_changed":false,"saved_in_kubio":false,"footnotes":""},"class_list":["post-21","page","type-page","status-publish","hentry"],"acf":[],"kubio_ai_page_context":{"short_desc":"","purpose":"general"},"jetpack_sharing_enabled":true,"_links":{"self":[{"href":"https:\/\/ffyh.unc.edu.ar\/diademuertis2020\/wp-json\/wp\/v2\/pages\/21","targetHints":{"allow":["GET"]}}],"collection":[{"href":"https:\/\/ffyh.unc.edu.ar\/diademuertis2020\/wp-json\/wp\/v2\/pages"}],"about":[{"href":"https:\/\/ffyh.unc.edu.ar\/diademuertis2020\/wp-json\/wp\/v2\/types\/page"}],"author":[{"embeddable":true,"href":"https:\/\/ffyh.unc.edu.ar\/diademuertis2020\/wp-json\/wp\/v2\/users\/1"}],"replies":[{"embeddable":true,"href":"https:\/\/ffyh.unc.edu.ar\/diademuertis2020\/wp-json\/wp\/v2\/comments?post=21"}],"version-history":[{"count":54,"href":"https:\/\/ffyh.unc.edu.ar\/diademuertis2020\/wp-json\/wp\/v2\/pages\/21\/revisions"}],"predecessor-version":[{"id":313,"href":"https:\/\/ffyh.unc.edu.ar\/diademuertis2020\/wp-json\/wp\/v2\/pages\/21\/revisions\/313"}],"wp:attachment":[{"href":"https:\/\/ffyh.unc.edu.ar\/diademuertis2020\/wp-json\/wp\/v2\/media?parent=21"}],"curies":[{"name":"wp","href":"https:\/\/api.w.org\/{rel}","templated":true}]}}