{"id":26,"date":"2021-05-27T13:36:53","date_gmt":"2021-05-27T13:36:53","guid":{"rendered":"https:\/\/ffyh.unc.edu.ar\/duci\/?page_id=26"},"modified":"2021-05-27T14:10:19","modified_gmt":"2021-05-27T14:10:19","slug":"fundamentacion","status":"publish","type":"page","link":"https:\/\/ffyh.unc.edu.ar\/duci\/fundamentacion\/","title":{"rendered":"Fundamentaci\u00f3n"},"content":{"rendered":"<p>Las jornadas de Docentes e Investigadores Universitarios en Ciencia de la Informaci\u00f3n (DUCI) son organizadas en conjunto por los Departamentos, Carreras y Escuelas de Bibliotecolog\u00eda y Ciencia de la Informaci\u00f3n de nueve universidades argentinas que trabajan en red desde 2013: Universidad de Buenos Aires, Universidad Nacional de C\u00f3rdoba, Universidad Nacional de La Plata, Universidad Nacional de Mar del Plata, Universidad Nacional del Nordeste, Universidad Aut\u00f3noma de Entre R\u00edos, Universidad Nacional de La Rioja, Universidad Nacional del Litoral y Universidad Nacional de Misiones.<\/p>\n<p>El trabajo colaborativo en redes disciplinares integradas por diversas instituciones p\u00fablicas de educaci\u00f3n superior es un objetivo que persiguen las universidades que integran la red con el fin de fortalecer los v\u00ednculos interinstitucionales e interdisciplinares proyectando una visi\u00f3n federal del desarrollo de la Ciencia de la Informaci\u00f3n en Argentina.<\/p>\n<p>Las primeras jornadas DUCI fueron en septiembre de 2015, en Buenos Aires, en la Biblioteca Nacional Mariano Moreno, organizadas por la Facultad de Filosof\u00eda y Letras y el Instituto de Investigaciones Bibliotecol\u00f3gicas (INIBI) de la Universidad de Buenos Aires. Las segundas jornadas se realizaron en marzo de 2018 en la Facultad de Humanidades de la Universidad Nacional de Mar del Plata. Las terceras, tuvieron lugar en la Facultad de Humanidades y Ciencias Sociales de la Universidad Nacional de Misiones, ciudad de Posadas, en septiembre de 2019.<\/p>\n<p>Las cuartas jornadas DUCI, coordinadas por la Escuela de Bibliotecolog\u00eda de la Facultad de Filosof\u00eda y Humanidades de la Universidad Nacional de C\u00f3rdoba, se realizar\u00e1n de manera virtual, debido a las condiciones de distanciamiento social, preventivo y obligatorio, los d\u00edas 28 y 29 de junio de 2021.<\/p>\n<p>Las Jornadas se proponen propiciar un espacio de an\u00e1lisis, debate y reflexi\u00f3n en torno a las realidades emergentes en cada una de las universidades.<\/p>\n<p><strong>Objetivo General<\/strong><\/p>\n<p>Propiciar el debate y reflexi\u00f3n acerca de las oportunidades, desaf\u00edos y tensiones en la formaci\u00f3n en Ciencia de la Informaci\u00f3n a partir del contexto de pandemia.<\/p>\n","protected":false},"excerpt":{"rendered":"<p>Las jornadas de Docentes e Investigadores Universitarios en Ciencia de la Informaci\u00f3n (DUCI) son organizadas en conjunto por los Departamentos, Carreras y Escuelas de Bibliotecolog\u00eda y Ciencia de la Informaci\u00f3n de nueve universidades argentinas que trabajan en red desde 2013: Universidad de Buenos Aires, Universidad Nacional de C\u00f3rdoba, Universidad Nacional de La Plata, Universidad Nacional &hellip; <\/p>\n<p><a class=\"more-link btn\" href=\"https:\/\/ffyh.unc.edu.ar\/duci\/fundamentacion\/\">Seguir leyendo<\/a><\/p>\n","protected":false},"author":2,"featured_media":0,"parent":0,"menu_order":0,"comment_status":"closed","ping_status":"closed","template":"","meta":{"_acf_changed":false,"footnotes":""},"class_list":["post-26","page","type-page","status-publish","hentry","nodate","item-wrap"],"acf":[],"_links":{"self":[{"href":"https:\/\/ffyh.unc.edu.ar\/duci\/wp-json\/wp\/v2\/pages\/26","targetHints":{"allow":["GET"]}}],"collection":[{"href":"https:\/\/ffyh.unc.edu.ar\/duci\/wp-json\/wp\/v2\/pages"}],"about":[{"href":"https:\/\/ffyh.unc.edu.ar\/duci\/wp-json\/wp\/v2\/types\/page"}],"author":[{"embeddable":true,"href":"https:\/\/ffyh.unc.edu.ar\/duci\/wp-json\/wp\/v2\/users\/2"}],"replies":[{"embeddable":true,"href":"https:\/\/ffyh.unc.edu.ar\/duci\/wp-json\/wp\/v2\/comments?post=26"}],"version-history":[{"count":3,"href":"https:\/\/ffyh.unc.edu.ar\/duci\/wp-json\/wp\/v2\/pages\/26\/revisions"}],"predecessor-version":[{"id":60,"href":"https:\/\/ffyh.unc.edu.ar\/duci\/wp-json\/wp\/v2\/pages\/26\/revisions\/60"}],"wp:attachment":[{"href":"https:\/\/ffyh.unc.edu.ar\/duci\/wp-json\/wp\/v2\/media?parent=26"}],"curies":[{"name":"wp","href":"https:\/\/api.w.org\/{rel}","templated":true}]}}