{"id":28,"date":"2021-05-27T13:38:21","date_gmt":"2021-05-27T13:38:21","guid":{"rendered":"https:\/\/ffyh.unc.edu.ar\/duci\/?page_id=28"},"modified":"2021-05-27T13:38:21","modified_gmt":"2021-05-27T13:38:21","slug":"comite-organizador","status":"publish","type":"page","link":"https:\/\/ffyh.unc.edu.ar\/duci\/comite-organizador\/","title":{"rendered":"Comit\u00e9 Organizador"},"content":{"rendered":"<ul>\n<li>Avigliano, Fabiana (UNL)<\/li>\n<li>Bejarano, An\u00edbal Salvador (UNNE)<\/li>\n<li>Castell\u00f3, Nilda Cristina (UADER)<\/li>\n<li>Corradini, Liliana Mabel (UNC)<\/li>\n<li>Damus, Mar\u00eda (UNAM)<\/li>\n<li>Fern\u00e1ndez, Marta Isabel (UNNE)<\/li>\n<li>Gorostiaga, Juan Pablo (UNLaR)<\/li>\n<li>Jaimes Rondine, M. de los Angeles (UNC)<\/li>\n<li>Meli\u00e1n, Julio Fabi\u00e1n (UNLaR)<\/li>\n<li>Mendoza, Isabel Celina (UNC)<\/li>\n<li>Miguel, Sandra (UNLP)<\/li>\n<li>Nardi, Marcela Alejandra (UNC)<\/li>\n<li>Silva, Carmen L. (UBA)<\/li>\n<li>Sim\u00f3n, Carlos Gustavo (UnaM)<\/li>\n<li>Verde, Marcela (UNC)<\/li>\n<li>Vuotto, Andr\u00e9s (UNMdP)<\/li>\n<\/ul>\n","protected":false},"excerpt":{"rendered":"<p>Avigliano, Fabiana (UNL) Bejarano, An\u00edbal Salvador (UNNE) Castell\u00f3, Nilda Cristina (UADER) Corradini, Liliana Mabel (UNC) Damus, Mar\u00eda (UNAM) Fern\u00e1ndez, Marta Isabel (UNNE) Gorostiaga, Juan Pablo (UNLaR) Jaimes Rondine, M. de los Angeles (UNC) Meli\u00e1n, Julio Fabi\u00e1n (UNLaR) Mendoza, Isabel Celina (UNC) Miguel, Sandra (UNLP) Nardi, Marcela Alejandra (UNC) Silva, Carmen L. (UBA) Sim\u00f3n, Carlos Gustavo &hellip; <\/p>\n<p><a class=\"more-link btn\" href=\"https:\/\/ffyh.unc.edu.ar\/duci\/comite-organizador\/\">Seguir leyendo<\/a><\/p>\n","protected":false},"author":2,"featured_media":0,"parent":0,"menu_order":0,"comment_status":"closed","ping_status":"closed","template":"","meta":{"_acf_changed":false,"footnotes":""},"class_list":["post-28","page","type-page","status-publish","hentry","nodate","item-wrap"],"acf":[],"_links":{"self":[{"href":"https:\/\/ffyh.unc.edu.ar\/duci\/wp-json\/wp\/v2\/pages\/28","targetHints":{"allow":["GET"]}}],"collection":[{"href":"https:\/\/ffyh.unc.edu.ar\/duci\/wp-json\/wp\/v2\/pages"}],"about":[{"href":"https:\/\/ffyh.unc.edu.ar\/duci\/wp-json\/wp\/v2\/types\/page"}],"author":[{"embeddable":true,"href":"https:\/\/ffyh.unc.edu.ar\/duci\/wp-json\/wp\/v2\/users\/2"}],"replies":[{"embeddable":true,"href":"https:\/\/ffyh.unc.edu.ar\/duci\/wp-json\/wp\/v2\/comments?post=28"}],"version-history":[{"count":1,"href":"https:\/\/ffyh.unc.edu.ar\/duci\/wp-json\/wp\/v2\/pages\/28\/revisions"}],"predecessor-version":[{"id":29,"href":"https:\/\/ffyh.unc.edu.ar\/duci\/wp-json\/wp\/v2\/pages\/28\/revisions\/29"}],"wp:attachment":[{"href":"https:\/\/ffyh.unc.edu.ar\/duci\/wp-json\/wp\/v2\/media?parent=28"}],"curies":[{"name":"wp","href":"https:\/\/api.w.org\/{rel}","templated":true}]}}