{"id":31,"date":"2021-05-27T13:57:34","date_gmt":"2021-05-27T13:57:34","guid":{"rendered":"https:\/\/ffyh.unc.edu.ar\/duci\/?page_id=31"},"modified":"2021-06-23T15:49:04","modified_gmt":"2021-06-23T15:49:04","slug":"programa","status":"publish","type":"page","link":"https:\/\/ffyh.unc.edu.ar\/duci\/programa\/","title":{"rendered":"Programa"},"content":{"rendered":"<h2><strong><u>Lunes 28 de junio \u2013 9,00 hs<\/u><\/strong><\/h2>\n<p><em>(El enlace ser\u00e1 enviado por correo electr\u00f3nico a los inscriptos)<\/em><\/p>\n<p><strong>9,20 hs: <\/strong>Apertura a cargo de la Directora de la Escuela de Bibliotecolog\u00eda Lic. Isabel Mendoza<\/p>\n<p><strong>9,30 hs: <\/strong>Palabras de la Decana de la Facultad de Filosof\u00eda y Humanidades (U.N.C.), Lic. Flavia Dezzutto<\/p>\n<p><strong>9,45<\/strong> <strong>hs.<\/strong> Disertaci\u00f3n a cargo del Dr. Francisco Tamarit (ex Rector de la U.N.C.)<\/p>\n<p><strong>10,30 hs: <\/strong>Pausa de 15 minutos<\/p>\n<p><strong>10,45 hs: <\/strong>Reuni\u00f3n Plenaria<\/p>\n<p><strong>Eje tem\u00e1tico N.\u00ba 1 Experiencias y estrategias institucionales de ense\u00f1anza y aprendizaje en el contexto de pandemia<\/strong><\/p>\n<p><strong>Presentaci\u00f3n de informes por Universidades.<\/strong><\/p>\n<p>Modera: Mar\u00eda de los Angeles Jaimes Rondine (UNC)<\/p>\n<p><strong>1)\u00a0\u00a0 Universidad Nacional de C\u00f3rdoba<\/strong><\/p>\n<p>Isabel Mendoza, Liliana Corradini<\/p>\n<p><strong>2)\u00a0\u00a0 Universidad de Buenos Aires<\/strong><\/p>\n<p>Carmen Silva<\/p>\n<p><strong>3)\u00a0\u00a0 Universidad Aut\u00f3noma de Entre R\u00edos.<\/strong><\/p>\n<p>Cristina Castell\u00f3<\/p>\n<p><strong>4)\u00a0\u00a0 Universidad Nacional de La Plata<\/strong><\/p>\n<p>Sandra Miguel<\/p>\n<p><strong>13,00<\/strong> <strong>hs<\/strong>: Pausa<\/p>\n<p><strong>15,00 a 17,00 hs:<\/strong><\/p>\n<p><strong>\u00a0<\/strong>Contin\u00faan informes por Universidades. Modera: Sandra Aronica (UNC)<\/p>\n<p><strong>5)\u00a0\u00a0 Universidad Nacional de La Rioja<\/strong><\/p>\n<p>Juan Pablo Gorostiaga, Julio Meli\u00e1n<\/p>\n<p><strong>6)\u00a0\u00a0 Universidad Nacional del Litoral<\/strong><\/p>\n<p>Fabiana Avigliano<\/p>\n<p><strong>7)\u00a0\u00a0 Universidad Nacional de Mar del Plata<\/strong><\/p>\n<p>Andr\u00e9s Vuotto<\/p>\n<p><strong>8)\u00a0\u00a0 Universidad Nacional de Misiones<\/strong><\/p>\n<p>Gustavo Sim\u00f3n, Mar\u00eda Damus<\/p>\n<p><strong>9)\u00a0\u00a0 Universidad Nacional del Noreste<\/strong><\/p>\n<p>An\u00edbal Bejarano, Marta Isabel Fern\u00e1ndez<\/p>\n<h2><strong><u>Martes 29 de junio \u2013 10,00 a 13,00 hs<\/u><\/strong><\/h2>\n<p><strong>Eje tem\u00e1tico N.\u00ba 2 El docente en Ciencia de la Informaci\u00f3n ante la educaci\u00f3n a distancia.<\/strong><\/p>\n<p><strong>\u00a0TRABAJO por grupos en salas paralelas.<\/strong><\/p>\n<p><strong>\u00a0<\/strong><strong>Sala \u201cA\u201d<\/strong><\/p>\n<ul>\n<li>Cuestiones pedag\u00f3gicas y did\u00e1cticas de la virtualizaci\u00f3n de la formaci\u00f3n en ciencia de la informaci\u00f3n<\/li>\n<\/ul>\n<p>Modera: Natalia Gonz\u00e1lez \u2013 Secretarias: Celeste Maldonado, Judith Disderi (UNC)<\/p>\n<p><strong>Sala \u201cB\u201d<\/strong><\/p>\n<ul>\n<li>Demandas de nuevas habilidades docentes y oportunidades de acceso a la formaci\u00f3n.<\/li>\n<\/ul>\n<p>Modera: Cecilia Corda (UNLP) \u2013 Secretarias: Claudia Boeris (UNLP) Gabriela Mansilla (UNC)<\/p>\n<p><strong>Eje Tem\u00e1tico N.\u00ba 3. Vinculaciones y alianzas estrat\u00e9gicas, pol\u00edtico-acad\u00e9micas entre las carreras de Ciencia de la Informaci\u00f3n<\/strong><\/p>\n<p><strong>Sala \u201cC\u201d<\/strong><\/p>\n<ul>\n<li>Propuestas de articulaci\u00f3n entre distintas carreras\/universidades<\/li>\n<\/ul>\n<p>Modera: Nelida Garcia. Secretarias: Gabriela Acu\u00f1a, Debora Saldivar (UNAM)<\/p>\n<p><strong>Sala \u201cD\u201d<\/strong><\/p>\n<ul>\n<li>Propuesta de formalizaci\u00f3n o consolidaci\u00f3n de una Red de carreras de Ciencia de la Informaci\u00f3n de las universidades argentinas<\/li>\n<\/ul>\n<p>Modera: Alejandra Cristofani. Secretarios: Julio D\u00edaz Jatuf, Victoria Grcic. (UBA)<\/p>\n<p><strong>Sala \u201cE\u201d<\/strong><\/p>\n<ul>\n<li>Propuestas de acuerdos espec\u00edficos para integrar equipos de investigaci\u00f3n.<\/li>\n<\/ul>\n<p>Modera: Mar\u00eda Carmen Ladr\u00f3n de Guevara. Secretarias: Ver\u00f3nica Lencinas, Nalia Busso (UNC)<\/p>\n<p><strong>15,00 hs: PLENARIO <\/strong>con los informes de los moderadores y secretarios Modera: Marcela Verde. (UNC)<\/p>\n<p><strong>17,00 hs: <\/strong>Cierre y conclusiones. Definici\u00f3n de la pr\u00f3xima sede de las Jornadas.<\/p>\n<hr \/>\n<p><a href=\"http:\/\/ffyh.unc.edu.ar\/duci\/wp-content\/uploads\/sites\/42\/2021\/06\/Programa-DUCI-4-.pdf\" target=\"_blank\" rel=\"noopener\">Descargar en PDF<\/a><\/p>\n","protected":false},"excerpt":{"rendered":"<p>Lunes 28 de junio \u2013 9,00 hs (El enlace ser\u00e1 enviado por correo electr\u00f3nico a los inscriptos) 9,20 hs: Apertura a cargo de la Directora de la Escuela de Bibliotecolog\u00eda Lic. Isabel Mendoza 9,30 hs: Palabras de la Decana de la Facultad de Filosof\u00eda y Humanidades (U.N.C.), Lic. Flavia Dezzutto 9,45 hs. Disertaci\u00f3n a cargo &hellip; <\/p>\n<p><a class=\"more-link btn\" href=\"https:\/\/ffyh.unc.edu.ar\/duci\/programa\/\">Seguir leyendo<\/a><\/p>\n","protected":false},"author":2,"featured_media":0,"parent":0,"menu_order":0,"comment_status":"closed","ping_status":"closed","template":"","meta":{"_acf_changed":false,"footnotes":""},"class_list":["post-31","page","type-page","status-publish","hentry","nodate","item-wrap"],"acf":[],"_links":{"self":[{"href":"https:\/\/ffyh.unc.edu.ar\/duci\/wp-json\/wp\/v2\/pages\/31","targetHints":{"allow":["GET"]}}],"collection":[{"href":"https:\/\/ffyh.unc.edu.ar\/duci\/wp-json\/wp\/v2\/pages"}],"about":[{"href":"https:\/\/ffyh.unc.edu.ar\/duci\/wp-json\/wp\/v2\/types\/page"}],"author":[{"embeddable":true,"href":"https:\/\/ffyh.unc.edu.ar\/duci\/wp-json\/wp\/v2\/users\/2"}],"replies":[{"embeddable":true,"href":"https:\/\/ffyh.unc.edu.ar\/duci\/wp-json\/wp\/v2\/comments?post=31"}],"version-history":[{"count":3,"href":"https:\/\/ffyh.unc.edu.ar\/duci\/wp-json\/wp\/v2\/pages\/31\/revisions"}],"predecessor-version":[{"id":91,"href":"https:\/\/ffyh.unc.edu.ar\/duci\/wp-json\/wp\/v2\/pages\/31\/revisions\/91"}],"wp:attachment":[{"href":"https:\/\/ffyh.unc.edu.ar\/duci\/wp-json\/wp\/v2\/media?parent=31"}],"curies":[{"name":"wp","href":"https:\/\/api.w.org\/{rel}","templated":true}]}}