{"id":35,"date":"2021-05-27T13:59:21","date_gmt":"2021-05-27T13:59:21","guid":{"rendered":"https:\/\/ffyh.unc.edu.ar\/duci\/?page_id=35"},"modified":"2021-05-27T13:59:21","modified_gmt":"2021-05-27T13:59:21","slug":"modalidad-de-trabajo","status":"publish","type":"page","link":"https:\/\/ffyh.unc.edu.ar\/duci\/modalidad-de-trabajo\/","title":{"rendered":"Modalidad de trabajo"},"content":{"rendered":"<p>Todas las sesiones se realizar\u00e1n a trav\u00e9s de la plataforma Meet. Solamente tendr\u00e1n acceso quienes hayan realizado la correspondiente inscripci\u00f3n.<\/p>\n","protected":false},"excerpt":{"rendered":"<p>Todas las sesiones se realizar\u00e1n a trav\u00e9s de la plataforma Meet. Solamente tendr\u00e1n acceso quienes hayan realizado la correspondiente inscripci\u00f3n.<\/p>\n","protected":false},"author":2,"featured_media":0,"parent":0,"menu_order":0,"comment_status":"closed","ping_status":"closed","template":"","meta":{"_acf_changed":false,"footnotes":""},"class_list":["post-35","page","type-page","status-publish","hentry","nodate","item-wrap"],"acf":[],"_links":{"self":[{"href":"https:\/\/ffyh.unc.edu.ar\/duci\/wp-json\/wp\/v2\/pages\/35","targetHints":{"allow":["GET"]}}],"collection":[{"href":"https:\/\/ffyh.unc.edu.ar\/duci\/wp-json\/wp\/v2\/pages"}],"about":[{"href":"https:\/\/ffyh.unc.edu.ar\/duci\/wp-json\/wp\/v2\/types\/page"}],"author":[{"embeddable":true,"href":"https:\/\/ffyh.unc.edu.ar\/duci\/wp-json\/wp\/v2\/users\/2"}],"replies":[{"embeddable":true,"href":"https:\/\/ffyh.unc.edu.ar\/duci\/wp-json\/wp\/v2\/comments?post=35"}],"version-history":[{"count":1,"href":"https:\/\/ffyh.unc.edu.ar\/duci\/wp-json\/wp\/v2\/pages\/35\/revisions"}],"predecessor-version":[{"id":36,"href":"https:\/\/ffyh.unc.edu.ar\/duci\/wp-json\/wp\/v2\/pages\/35\/revisions\/36"}],"wp:attachment":[{"href":"https:\/\/ffyh.unc.edu.ar\/duci\/wp-json\/wp\/v2\/media?parent=35"}],"curies":[{"name":"wp","href":"https:\/\/api.w.org\/{rel}","templated":true}]}}