{"id":57,"date":"2021-05-27T14:09:48","date_gmt":"2021-05-27T14:09:48","guid":{"rendered":"https:\/\/ffyh.unc.edu.ar\/duci\/?page_id=57"},"modified":"2021-05-27T14:09:48","modified_gmt":"2021-05-27T14:09:48","slug":"objetivos","status":"publish","type":"page","link":"https:\/\/ffyh.unc.edu.ar\/duci\/objetivos\/","title":{"rendered":"Objetivos"},"content":{"rendered":"<p><strong>Objetivo General<\/strong><\/p>\n<p>Propiciar el debate y reflexi\u00f3n acerca de las oportunidades, desaf\u00edos y tensiones en la formaci\u00f3n en Ciencia de la Informaci\u00f3n a partir del contexto de pandemia.<\/p>\n<p><strong>Objetivos espec\u00edficos<\/strong><\/p>\n<p>Recuperar y analizar las experiencias desarrolladas por las universidades frente a las necesidades generadas por el contexto de pandemia, para la construcci\u00f3n de respuestas colectivas de cara a futuros escenarios.<\/p>\n<p>Identificar desaf\u00edos, oportunidades y tensiones en la modalidad de la educaci\u00f3n a distancia, su implicancia para la disciplina y su impacto en el ejercicio docente.<\/p>\n<p>Delinear e impulsar estrategias y acciones que posibiliten la vinculaci\u00f3n y articulaci\u00f3n entre las carreras de Ciencia de la Informaci\u00f3n para afianzar los procesos de construcci\u00f3n colectiva.<\/p>\n","protected":false},"excerpt":{"rendered":"<p>Objetivo General Propiciar el debate y reflexi\u00f3n acerca de las oportunidades, desaf\u00edos y tensiones en la formaci\u00f3n en Ciencia de la Informaci\u00f3n a partir del contexto de pandemia. Objetivos espec\u00edficos Recuperar y analizar las experiencias desarrolladas por las universidades frente a las necesidades generadas por el contexto de pandemia, para la construcci\u00f3n de respuestas colectivas &hellip; <\/p>\n<p><a class=\"more-link btn\" href=\"https:\/\/ffyh.unc.edu.ar\/duci\/objetivos\/\">Seguir leyendo<\/a><\/p>\n","protected":false},"author":2,"featured_media":0,"parent":0,"menu_order":0,"comment_status":"closed","ping_status":"closed","template":"","meta":{"_acf_changed":false,"footnotes":""},"class_list":["post-57","page","type-page","status-publish","hentry","nodate","item-wrap"],"acf":[],"_links":{"self":[{"href":"https:\/\/ffyh.unc.edu.ar\/duci\/wp-json\/wp\/v2\/pages\/57","targetHints":{"allow":["GET"]}}],"collection":[{"href":"https:\/\/ffyh.unc.edu.ar\/duci\/wp-json\/wp\/v2\/pages"}],"about":[{"href":"https:\/\/ffyh.unc.edu.ar\/duci\/wp-json\/wp\/v2\/types\/page"}],"author":[{"embeddable":true,"href":"https:\/\/ffyh.unc.edu.ar\/duci\/wp-json\/wp\/v2\/users\/2"}],"replies":[{"embeddable":true,"href":"https:\/\/ffyh.unc.edu.ar\/duci\/wp-json\/wp\/v2\/comments?post=57"}],"version-history":[{"count":1,"href":"https:\/\/ffyh.unc.edu.ar\/duci\/wp-json\/wp\/v2\/pages\/57\/revisions"}],"predecessor-version":[{"id":58,"href":"https:\/\/ffyh.unc.edu.ar\/duci\/wp-json\/wp\/v2\/pages\/57\/revisions\/58"}],"wp:attachment":[{"href":"https:\/\/ffyh.unc.edu.ar\/duci\/wp-json\/wp\/v2\/media?parent=57"}],"curies":[{"name":"wp","href":"https:\/\/api.w.org\/{rel}","templated":true}]}}