{"id":92,"date":"2021-06-24T15:18:44","date_gmt":"2021-06-24T15:18:44","guid":{"rendered":"https:\/\/ffyh.unc.edu.ar\/duci\/?page_id=92"},"modified":"2021-06-24T15:18:57","modified_gmt":"2021-06-24T15:18:57","slug":"avales-institucionales-y-academicos","status":"publish","type":"page","link":"https:\/\/ffyh.unc.edu.ar\/duci\/jornadas-duci-4\/avales-institucionales-y-academicos\/","title":{"rendered":"Avales institucionales y acad\u00e9micos"},"content":{"rendered":"<p><a href=\"http:\/\/ffyh.unc.edu.ar\/duci\/wp-content\/uploads\/sites\/42\/2021\/06\/Cordoba-RES_38-Aval-comite-organizador-DUCI_2021.pdf\" target=\"_blank\" rel=\"noopener\">Aval Institucional para la reuni\u00f3n del comit\u00e9 organizador de las 4\u00b0 Jornadas de Docentes Investigadores Universitarios en Ciencias de la Informaci\u00f3n (DUCI 4) que tendr\u00e1 lugar los d\u00edas 16 y 17 de marzo<\/a> &#8211; Facultad de Filosof\u00eda y Humanidades, Universidad Nacional de C\u00f3rdoba.<\/p>\n<p><a href=\"http:\/\/ffyh.unc.edu.ar\/duci\/wp-content\/uploads\/sites\/42\/2021\/06\/Cordoba-AVAL-RES_153_2021.pdf\" target=\"_blank\" rel=\"noopener\">Solicitud de Aval Institucional y Acad\u00e9mico para la realizaci\u00f3n de la \u201c4\u00b0 Jornadas de Docentes<\/a><br \/>\nInvestigadores Universitarios en Ciencia de la Informaci\u00f3n (DUCI 4)\u201d del Honorable Consejo Directivo de la Facultad de Filosof\u00eda y Humanidades (UNC) al Honorable Consejo Superior de la Universidad Nacional de C\u00f3rdoba.<\/p>\n<p><a href=\"http:\/\/ffyh.unc.edu.ar\/duci\/wp-content\/uploads\/sites\/42\/2021\/06\/La-Plata-RESO-976-202106-FaHCE-UNLP.pdf\" target=\"_blank\" rel=\"noopener\">Aval acad\u00e9mico a las 4tas. Jornadas de Docentes Investigadores Universitarios en Ciencia de la Informaci\u00f3n (DUCI 4)<\/a> &#8211; Consejo Directivo de la Facultad de Humanidades y Ciencias de la Educaci\u00f3n, Universidad Nacional de la Plata.<\/p>\n<p><a href=\"http:\/\/ffyh.unc.edu.ar\/duci\/wp-content\/uploads\/sites\/42\/2021\/06\/Misiones-Res.-UNaM-06-07-2021.pdf\" target=\"_blank\" rel=\"noopener\">Declaraci\u00f3n de inter\u00e9s de la Facultad de Humanidades y Ciencias Sociales<\/a>, Universidad Nacional de Misiones.<\/p>\n<p><a href=\"http:\/\/ffyh.unc.edu.ar\/duci\/wp-content\/uploads\/sites\/42\/2021\/06\/La-Rioja-Res-DACHYE-N-269-21-Declar.-intere\u0301s-acade\u0301mico-DUCI.pdf\" target=\"_blank\" rel=\"noopener\">Declaraci\u00f3n de inter\u00e9s acad\u00e9mico<\/a>, Departamento Acad\u00e9mico de Ciencias Humanas y de la Educaci\u00f3n, Universidad Nacional de La Rioja<\/p>\n","protected":false},"excerpt":{"rendered":"<p>Aval Institucional para la reuni\u00f3n del comit\u00e9 organizador de las 4\u00b0 Jornadas de Docentes Investigadores Universitarios en Ciencias de la Informaci\u00f3n (DUCI 4) que tendr\u00e1 lugar los d\u00edas 16 y 17 de marzo &#8211; Facultad de Filosof\u00eda y Humanidades, Universidad Nacional de C\u00f3rdoba. Solicitud de Aval Institucional y Acad\u00e9mico para la realizaci\u00f3n de la \u201c4\u00b0 &hellip; <\/p>\n<p><a class=\"more-link btn\" href=\"https:\/\/ffyh.unc.edu.ar\/duci\/jornadas-duci-4\/avales-institucionales-y-academicos\/\">Seguir leyendo<\/a><\/p>\n","protected":false},"author":2,"featured_media":0,"parent":41,"menu_order":0,"comment_status":"closed","ping_status":"closed","template":"","meta":{"_acf_changed":false,"footnotes":""},"class_list":["post-92","page","type-page","status-publish","hentry","nodate","item-wrap"],"acf":[],"_links":{"self":[{"href":"https:\/\/ffyh.unc.edu.ar\/duci\/wp-json\/wp\/v2\/pages\/92","targetHints":{"allow":["GET"]}}],"collection":[{"href":"https:\/\/ffyh.unc.edu.ar\/duci\/wp-json\/wp\/v2\/pages"}],"about":[{"href":"https:\/\/ffyh.unc.edu.ar\/duci\/wp-json\/wp\/v2\/types\/page"}],"author":[{"embeddable":true,"href":"https:\/\/ffyh.unc.edu.ar\/duci\/wp-json\/wp\/v2\/users\/2"}],"replies":[{"embeddable":true,"href":"https:\/\/ffyh.unc.edu.ar\/duci\/wp-json\/wp\/v2\/comments?post=92"}],"version-history":[{"count":1,"href":"https:\/\/ffyh.unc.edu.ar\/duci\/wp-json\/wp\/v2\/pages\/92\/revisions"}],"predecessor-version":[{"id":98,"href":"https:\/\/ffyh.unc.edu.ar\/duci\/wp-json\/wp\/v2\/pages\/92\/revisions\/98"}],"up":[{"embeddable":true,"href":"https:\/\/ffyh.unc.edu.ar\/duci\/wp-json\/wp\/v2\/pages\/41"}],"wp:attachment":[{"href":"https:\/\/ffyh.unc.edu.ar\/duci\/wp-json\/wp\/v2\/media?parent=92"}],"curies":[{"name":"wp","href":"https:\/\/api.w.org\/{rel}","templated":true}]}}