{"id":109,"date":"2021-10-07T17:46:53","date_gmt":"2021-10-07T17:46:53","guid":{"rendered":"https:\/\/ffyh.unc.edu.ar\/escritores-de-cordoba\/?page_id=109"},"modified":"2026-05-04T17:07:44","modified_gmt":"2026-05-04T17:07:44","slug":"presentacion","status":"publish","type":"page","link":"https:\/\/ffyh.unc.edu.ar\/escritores-de-cordoba\/","title":{"rendered":"Presentaci\u00f3n"},"content":{"rendered":"<p>Este sitio -la BIBLIOTECA TEMATICA DE LA LITERATURA DE CORDOBA (BTLC) propone al usuario, un acercamiento al campo de la Literatura de C\u00f3rdoba; y quiere aportar con datos y documentos respecto de la creaci\u00f3n literaria, la investigaci\u00f3n y la cr\u00edtica sobre obras de autores de la provincia.<br \/>\nDesde el Seminario de Lectura de los Autores de C\u00f3rdoba, queremos destacar el rol de testigo cultural y guardiana del patrimonio a la biblioteca universitaria -que nos hace de soporte-, en cuyo haber se ubica una gran parte de esa producci\u00f3n literaria por decisi\u00f3n de los propios autores, con frecuencia, alumnos y egresados de nuestra hist\u00f3rica academia.<br \/>\nA los fines espec\u00edficos, creemos que el camino a trav\u00e9s de la biograf\u00eda del autor es el m\u00e1s sencillo y operativo para responder al inter\u00e9s de la mayor\u00eda de los usuarios de este sitio.<br \/>\nSi en un principio propusimos las biograf\u00edas breves de algunos escritores nacidos entre 1880 y 1950; en una segunda etapa, trabajamos con las de escritores cuyos nacimientos se produjo entre 1950 y 1969.<br \/>\nAl respecto nos importa mencionar que el contenido de cada etapa se trabaj\u00f3 de manera diferenciada, en tanto que el primer grupo cuenta con una memoria cultural m\u00e1s fr\u00e1gil, con obras cuya referencias no est\u00e1n, por lo general, en la web, as\u00ed, la biograf\u00eda sirve de acercamiento al conocimiento del escritor. En el segundo grupo, el contenido biogr\u00e1fico se redujo al m\u00e1ximo ya que los datos resultan, en general, de f\u00e1cil acceso, y el foco busc\u00f3 mejor, dar un panorama completo de obra publicada de cada creador. En ambos grupos se\u00f1alamos la presencia -o no- de ese material bibliogr\u00e1fico en el acervo de la biblioteca para facilitar a los interesados, la ubicaci\u00f3n del texto; como tambi\u00e9n, completamos la entrada con referencias de trabajos o investigaciones espec\u00edficas que hayan considerado al autor y\/o a su obra si las hubiera.<\/p>\n<p>Esperamos que la especificidad de nuestro sitio, resulte un servicio positivo para trabajos e investigaciones y redunde en la consolidaci\u00f3n y profundizaci\u00f3n de la reflexi\u00f3n te\u00f3rica sobre la Literatura de C\u00f3rdoba.<\/p>\n<p>&nbsp;<\/p>\n<p>Dra. Bibiana Eguia<\/p>\n<p>(Seminario de Lectura de Autores de C\u00f3rdoba \u2013Escuela de Letras)<\/p>\n<p>&nbsp;<\/p>\n<p>A quienes quieran leer m\u00e1s del proyecto:\u00a0 (<a href=\"https:\/\/ffyh.unc.edu.ar\/escritores-de-cordoba\/biblioteca-tematica-literatura-cordoba\/\">Leer m\u00e1s<\/a>)<\/p>\n","protected":false},"excerpt":{"rendered":"<p>Este sitio -la BIBLIOTECA TEMATICA DE LA LITERATURA DE CORDOBA (BTLC) propone al usuario, un acercamiento al campo de la<\/p>\n","protected":false},"author":2,"featured_media":0,"parent":0,"menu_order":0,"comment_status":"closed","ping_status":"closed","template":"","meta":{"_acf_changed":false,"colormag_page_container_layout":"default_layout","colormag_page_sidebar_layout":"default_layout","footnotes":""},"class_list":["post-109","page","type-page","status-publish","hentry"],"acf":[],"_links":{"self":[{"href":"https:\/\/ffyh.unc.edu.ar\/escritores-de-cordoba\/wp-json\/wp\/v2\/pages\/109","targetHints":{"allow":["GET"]}}],"collection":[{"href":"https:\/\/ffyh.unc.edu.ar\/escritores-de-cordoba\/wp-json\/wp\/v2\/pages"}],"about":[{"href":"https:\/\/ffyh.unc.edu.ar\/escritores-de-cordoba\/wp-json\/wp\/v2\/types\/page"}],"author":[{"embeddable":true,"href":"https:\/\/ffyh.unc.edu.ar\/escritores-de-cordoba\/wp-json\/wp\/v2\/users\/2"}],"replies":[{"embeddable":true,"href":"https:\/\/ffyh.unc.edu.ar\/escritores-de-cordoba\/wp-json\/wp\/v2\/comments?post=109"}],"version-history":[{"count":7,"href":"https:\/\/ffyh.unc.edu.ar\/escritores-de-cordoba\/wp-json\/wp\/v2\/pages\/109\/revisions"}],"predecessor-version":[{"id":3291,"href":"https:\/\/ffyh.unc.edu.ar\/escritores-de-cordoba\/wp-json\/wp\/v2\/pages\/109\/revisions\/3291"}],"wp:attachment":[{"href":"https:\/\/ffyh.unc.edu.ar\/escritores-de-cordoba\/wp-json\/wp\/v2\/media?parent=109"}],"curies":[{"name":"wp","href":"https:\/\/api.w.org\/{rel}","templated":true}]}}