{"id":1111,"date":"2023-05-10T15:09:22","date_gmt":"2023-05-10T15:09:22","guid":{"rendered":"https:\/\/ffyh.unc.edu.ar\/escritores-de-cordoba\/?page_id=1111"},"modified":"2024-04-15T15:42:00","modified_gmt":"2024-04-15T15:42:00","slug":"bibliografia-general-sobre-la-produccion-literaria-local","status":"publish","type":"page","link":"https:\/\/ffyh.unc.edu.ar\/escritores-de-cordoba\/guia-por-nuestra-literatura\/bibliografia-general-sobre-la-produccion-literaria-local\/","title":{"rendered":"Bibliograf\u00eda general sobre la producci\u00f3n literaria local"},"content":{"rendered":"<p>Ag\u00fcero, Ana Clarisa (art\u00edculo): C\u00f3mo se hace un autor. Acerca del C\u00f3mo se hace un autor. Acerca del contacto cultural entre ciudades contacto cultural entre ciudades. (C\u00f3rdoba \/ Buenos Aires, 1880-1930)<\/p>\n<p>Revista del Museo de Antropolog\u00eda. Vol I, Nro 1, 2008, p 115-120<\/p>\n<p>url: <a href=\"https:\/\/revistas.unc.edu.ar\/index.php\/antropologia\/article\/view\/5400\/5844\" target=\"_blank\" rel=\"noopener\">https:\/\/revistas.unc.edu.ar\/index.php\/antropologia\/article\/view\/5400\/5844<\/a><\/p>\n<p>url: <a href=\"http:\/\/suquia.ffyh.unc.edu.ar\/handle\/suquia\/2585\" target=\"_blank\" rel=\"noopener\">http:\/\/suquia.ffyh.unc.edu.ar\/handle\/suquia\/2585<\/a><\/p>\n<p>&nbsp;<\/p>\n<p>Ag\u00fcero, Ana Clarisa, Garc\u00eda, Diego (editores), L\u00f3pez; Ma. Victoria y otros:<\/p>\n<p><em>Culturas interiores: C\u00f3rdoba en la geograf\u00eda nacional e internacional de la cultura<\/em><\/p>\n<p>Villa Mar\u00eda, C\u00f3rdoba: Eduvin, c2016<\/p>\n<p><a href=\"http:\/\/bmayor.biblio.unc.edu.ar\/\/cgi-bin\/koha\/opac-detail.pl?biblionumber=64956\" target=\"_blank\" rel=\"noopener\">http:\/\/bmayor.biblio.unc.edu.ar\/\/cgi-bin\/koha\/opac-detail.pl?biblionumber=64956<\/a><\/p>\n<p>&nbsp;<\/p>\n<p>Ar\u00e1n, Pampa y Barei, Silvia<em>: Las provincias y su literatura: C\u00f3rdoba<\/em>. Colihue, Bs As., 1986<\/p>\n<p><a href=\"http:\/\/ffyh.biblio.unc.edu.ar\/\/cgi-bin\/koha\/opac-detail.pl?biblionumber=81723\">http:\/\/ffyh.biblio.unc.edu.ar\/\/cgi-bin\/koha\/opac-detail.pl?biblionumber=81723<\/a><\/p>\n<p>&nbsp;<\/p>\n<p>Ar\u00e1n de Meriles, Pampa; Gerbaudo, Anal\u00eda, G\u00f3mez, Susana y otros:<\/p>\n<p><em>Interpelaciones hacia una teor\u00eda cr\u00edtica de las escrituras sobre dictadura y memoria <\/em><\/p>\n<p>C\u00f3rdoba: Universidad Nacional de C\u00f3rdoba, Centro de Estudios Avanzados, 2010. <a href=\"https:\/\/catalogo.biblio.unc.edu.ar\/Search\/Results?lookfor=Interpelaciones+hacia+una+teor%C3%ADa+cr%C3%ADtica+de+las+escrituras+sobre+dictadura+y+memoria&amp;type=Title&amp;limit=20&amp;sort=relevance\">https:\/\/catalogo.biblio.unc.edu.ar\/Search\/Results?lookfor=Interpelaciones+hacia+una+teor%C3%ADa+cr%C3%ADtica+de+las+escrituras+sobre+dictadura+y+memoria&amp;type=Title&amp;limit=20&amp;sort=relevance<\/a><\/p>\n<p>&nbsp;<\/p>\n<p>Barei, Silvia<em>: Reversos de la palabra. Poes\u00eda y vida cotidiana<\/em>. C\u00f3rdoba. Ferreyra ediciones, 2005.<\/p>\n<p><a href=\"http:\/\/cea.biblio.unc.edu.ar\/\/cgi-bin\/koha\/opac-detail.pl?biblionumber=11421\">http:\/\/cea.biblio.unc.edu.ar\/\/cgi-bin\/koha\/opac-detail.pl?biblionumber=11421<\/a><\/p>\n<p>&nbsp;<\/p>\n<p>Bianco, Mario Alberto.<\/p>\n<p><em>La percepci\u00f3n del espacio urbano de la ciudad de C\u00f3rdoba: Un acercamiento a trav\u00e9s del an\u00e1lisis de las pr\u00e1cticas literarias de algunos escritores cordobeses<\/em><\/p>\n<p>Director de tesis Jos\u00e9 Mar\u00eda Rettaroli.<\/p>\n<p>C\u00f3rdoba, Argentina: 1999<\/p>\n<p><a href=\"http:\/\/ffyh.biblio.unc.edu.ar\/\/cgi-bin\/koha\/opac-detail.pl?biblionumber=87012\">http:\/\/ffyh.biblio.unc.edu.ar\/\/cgi-bin\/koha\/opac-detail.pl?biblionumber=87012<\/a><\/p>\n<p>&nbsp;<\/p>\n<p>Bracamonte, Jorge: <em>Lengua literaria y lengua pol\u00edtica en la escritura narrativa de autores argentinos contempor\u00e1neos de las \u00e1reas culturales centro, litoral y R\u00edo de la Plata (1980-1995) : conexiones entre los dominios cultural-literario e hist\u00f3rico-pol\u00edtico<\/em><\/p>\n<p>C\u00f3rdoba, 2003<\/p>\n<p><a href=\"http:\/\/ffyh.biblio.unc.edu.ar\/\/cgi-bin\/koha\/opac-detail.pl?biblionumber=53268\">http:\/\/ffyh.biblio.unc.edu.ar\/\/cgi-bin\/koha\/opac-detail.pl?biblionumber=53268<\/a><\/p>\n<p>&nbsp;<\/p>\n<p>Bustos Arga\u00f1araz, Prudencio: Antolog\u00eda burlesca. La poes\u00eda sat\u00edrica en C\u00f3rdoba. C\u00f3rdoba, Ediciones del Boulevar, 2007.<\/p>\n<p><a href=\"http:\/\/bmayor.biblio.unc.edu.ar\/\/cgi-bin\/koha\/opac-detail.pl?biblionumber=25405\">http:\/\/bmayor.biblio.unc.edu.ar\/\/cgi-bin\/koha\/opac-detail.pl?biblionumber=25405<\/a><\/p>\n<p>&nbsp;<\/p>\n<p>Boldini, Mar\u00eda Gabriela<\/p>\n<p><em>Proyecciones identitarias: desde \u00ablo local a \u00ablo nacional\u00bb . <\/em>(tesis de doctorado). Director Jorge Torres Roggero.<\/p>\n<p>Editor: C\u00f3rdoba, 2000<\/p>\n<p><a href=\"http:\/\/ffyh.biblio.unc.edu.ar\/\/cgi-bin\/koha\/opac-detail.pl?biblionumber=65629\">http:\/\/ffyh.biblio.unc.edu.ar\/\/cgi-bin\/koha\/opac-detail.pl?biblionumber=65629<\/a><\/p>\n<p>&nbsp;<\/p>\n<p>Boria, Adriana, Dalmasso, Teresa, Uz\u00edn, Magdalena y otros, <em>1973 C\u00f3rdoba : tiempos violentos (el discurso social)<\/em><\/p>\n<p>UNC. Direcci\u00f3n General de Publicaciones, 1997<\/p>\n<p><a href=\"http:\/\/bmayor.biblio.unc.edu.ar\/\/cgi-bin\/koha\/opac-detail.pl?biblionumber=38229\">http:\/\/bmayor.biblio.unc.edu.ar\/\/cgi-bin\/koha\/opac-detail.pl?biblionumber=38229<\/a><\/p>\n<p>&nbsp;<\/p>\n<p>Cabral, Eugenia (selecci\u00f3n y pr\u00f3logo): <em>Los a\u00f1os 80. Poes\u00eda actual de C\u00f3rdoba<\/em>.<\/p>\n<p>C\u00f3rdoba, Ediciones Mediterr\u00e1neas, 1988.<\/p>\n<p><a href=\"https:\/\/catalogo.biblio.unc.edu.ar\/Search\/Results?lookfor=Los+a%C3%B1os+80+Poes%C3%ADa+actual+de+C%C3%B3rdoba&amp;type=AllFields&amp;limit=20&amp;sort=relevance\">https:\/\/catalogo.biblio.unc.edu.ar\/Search\/Results?lookfor=Los+a%C3%B1os+80+Poes%C3%ADa+actual+de+C%C3%B3rdoba&amp;type=AllFields&amp;limit=20&amp;sort=relevance<\/a><\/p>\n<p>&nbsp;<\/p>\n<p>\u2026\u2026\u2026\u2026\u2026\u2026\u2026\u2026..: \u00abPoes\u00eda de C\u00f3rdoba. Los a\u00f1os 70\u00bb en La Voz del Interior, 1 de abril de 1993 P\u00e1g.3D.<\/p>\n<p>&nbsp;<\/p>\n<p>Caeiro, Oscar: <em>C\u00f3rdoba, im\u00e1genes y visiones literarias<\/em>,<\/p>\n<p>C\u00f3rdoba,\u00a0 Alci\u00f3n, 2007<\/p>\n<p><a href=\"http:\/\/ffyh.biblio.unc.edu.ar\/\/cgi-bin\/koha\/opac-detail.pl?biblionumber=54233\">http:\/\/ffyh.biblio.unc.edu.ar\/\/cgi-bin\/koha\/opac-detail.pl?biblionumber=54233<\/a><\/p>\n<p><a href=\"http:\/\/monserrat.biblio.unc.edu.ar\/\/cgi-bin\/koha\/opac-detail.pl?biblionumber=1747\">http:\/\/monserrat.biblio.unc.edu.ar\/\/cgi-bin\/koha\/opac-detail.pl?biblionumber=1747<\/a><\/p>\n<p>&nbsp;<\/p>\n<p>Carre\u00f1o, Carlos H.<\/p>\n<p><em>Letras de C\u00f3rdoba estudio para la historia de la literatura de C\u00f3rdoba<\/em><\/p>\n<p>C\u00f3rdoba, Ediciones Centro, 1951.<\/p>\n<p><a href=\"http:\/\/ffyh.biblio.unc.edu.ar\/\/cgi-bin\/koha\/opac-detail.pl?biblionumber=10616\">http:\/\/ffyh.biblio.unc.edu.ar\/\/cgi-bin\/koha\/opac-detail.pl?biblionumber=10616<\/a><\/p>\n<p>&nbsp;<\/p>\n<p>Casar\u00edn, Marcelo; De Olmos, Candelaria y Egu\u00eda, Bibiana (art\u00edculo): \u201cLa literatura de<\/p>\n<p>C\u00f3rdoba a trav\u00e9s de algunas antolog\u00edas (1978~2003)\u201d en \u201cEstudios. Revista del Centro de Estudios Avanzados\u201d,\u00a0 Nro 15, Oto\u00f1o, 2004. P.81-93<\/p>\n<p><a href=\"https:\/\/catalogo.biblio.unc.edu.ar\/Search\/Results?lookfor=Estudios.+revista+del+centro+de+estudios+avanzados&amp;type=Title&amp;limit=20&amp;sort=relevance\">https:\/\/catalogo.biblio.unc.edu.ar\/Search\/Results?lookfor=Estudios.+revista+del+centro+de+estudios+avanzados&amp;type=Title&amp;limit=20&amp;sort=relevance<\/a><\/p>\n<p>&nbsp;<\/p>\n<p>Centro de Italian\u00edstica, Blanco de Garc\u00eda, Trinidad [dir.]: <em>Presencia e identidad de los italianos en C\u00f3rdoba<\/em>,<\/p>\n<p>C\u00f3rdoba : CITAL, Ediciones del Copista, 1999<\/p>\n<p><a href=\"http:\/\/bmayor.biblio.unc.edu.ar\/\/cgi-bin\/koha\/opac-detail.pl?biblionumber=15951\">http:\/\/bmayor.biblio.unc.edu.ar\/\/cgi-bin\/koha\/opac-detail.pl?biblionumber=15951<\/a><\/p>\n<p>&nbsp;<\/p>\n<p>Chas, Susana: <em>Las nuestras. Entrevista con 9 novelistas de C\u00f3rdoba, mujer, escritura y vida entramadas en la novela. <\/em><\/p>\n<p>C\u00f3rdoba, Lerner, 1994.<\/p>\n<p><a href=\"http:\/\/ffyh.biblio.unc.edu.ar\/\/cgi-bin\/koha\/opac-detail.pl?biblionumber=36748\">http:\/\/ffyh.biblio.unc.edu.ar\/\/cgi-bin\/koha\/opac-detail.pl?biblionumber=36748<\/a><\/p>\n<p>&nbsp;<\/p>\n<p><em>\u2026\u2026\u2026\u2026\u2026\u2026 : Los que pintan la aldea. Panorama general de la novela en C\u00f3rdoba<\/em>.<\/p>\n<p>C\u00f3rdoba, Rub\u00e9n Libros, 2004.<\/p>\n<p>&nbsp;<\/p>\n<p>: <em>Los que pintan la aldea II. Panorama de la novela en C\u00f3rdoba<\/em><\/p>\n<p>Villa Mar\u00eda. C\u00f3rdoba, Ra\u00edz de Dos\/Eduvim, 2011<\/p>\n<p><a href=\"http:\/\/ffyh.biblio.unc.edu.ar\/\/cgi-bin\/koha\/opac-detail.pl?biblionumber=92293\">http:\/\/ffyh.biblio.unc.edu.ar\/\/cgi-bin\/koha\/opac-detail.pl?biblionumber=92293<\/a><\/p>\n<p>&nbsp;<\/p>\n<p>Del Corro, Gaspar P\u00edo: <em>La visi\u00f3n de la realidad en la poes\u00eda cordobesa contempor\u00e1nea<\/em><\/p>\n<p>(tesis doctoral). C\u00f3rdoba, 1969, mimeo, 343 p\u00e1ginas<\/p>\n<p><a href=\"http:\/\/ffyh.biblio.unc.edu.ar\/\/cgi-bin\/koha\/opac-detail.pl?biblionumber=52490\">http:\/\/ffyh.biblio.unc.edu.ar\/\/cgi-bin\/koha\/opac-detail.pl?biblionumber=52490<\/a><\/p>\n<p>&nbsp;<\/p>\n<p>Escobar Uribe, Alfredo (dir) y Ellauri Obligado, Gontr\u00e1n:<\/p>\n<p><em>\u00c1lbum de la provincia de C\u00f3rdoba geogr\u00e1fico, hist\u00f3rico, literario, art\u00edstico, industrial, comercial<\/em><\/p>\n<p>C\u00f3rdoba, La Elzeviriana, 1927.<\/p>\n<p>Biblioteca Mayor<\/p>\n<p><a href=\"http:\/\/bmayor.biblio.unc.edu.ar\/\/cgi-bin\/koha\/opac-detail.pl?biblionumber=55034\">http:\/\/bmayor.biblio.unc.edu.ar\/\/cgi-bin\/koha\/opac-detail.pl?biblionumber=55034<\/a><\/p>\n<p>&nbsp;<\/p>\n<p>Flores, F\u00e9lix Gabriel: <em>Los poetas de C\u00f3rdoba del Siglo XX,<\/em><\/p>\n<p>C\u00f3rdoba, UNC, 1986.<\/p>\n<p><a href=\"http:\/\/ffyh.biblio.unc.edu.ar\/\/cgi-bin\/koha\/opac-detail.pl?biblionumber=36681\">http:\/\/ffyh.biblio.unc.edu.ar\/\/cgi-bin\/koha\/opac-detail.pl?biblionumber=36681<\/a><\/p>\n<p>&nbsp;<\/p>\n<p>Fr\u00edas, Pedro Jos\u00e9, 1919-2011.<\/p>\n<p><em>Aproximaciones. Memorias de C\u00f3rdoba, vistos de cerca, vistos de lejos, otros tiempos, estos tiempos<\/em><\/p>\n<p>Biblioteca Mayor<\/p>\n<p><a href=\"http:\/\/bmayor.biblio.unc.edu.ar\/\/cgi-bin\/koha\/opac-detail.pl?biblionumber=6657\">http:\/\/bmayor.biblio.unc.edu.ar\/\/cgi-bin\/koha\/opac-detail.pl?biblionumber=6657<\/a><\/p>\n<p>&nbsp;<\/p>\n<p>Fulchieri, Bibiana (coord.,compil y fotograf.): <em>Cartograf\u00edas de la lengua.<\/em> C\u00f3rdoba.<\/p>\n<p>C\u00f3rdoba, Letras y bibliotecas de C\u00f3rdoba, 2019.<\/p>\n<p>&nbsp;<\/p>\n<p>Gobierno de la Provincia de C\u00f3rdoba: <em>Las nuestras. Mujeres que hicieron historia en C\u00f3rdoba.<\/em> Pr\u00f3logo Alejandra Vigo.<\/p>\n<p>C\u00f3rdoba: Secretaria de Cultura: Gobierno de la Provincia de C\u00f3rdoba, 2011<\/p>\n<p><a href=\"https:\/\/catalogo.biblio.unc.edu.ar\/Search\/Results?lookfor=las+nuestras.+mujeres+que+hicieron+historia+en+cordoba&amp;type=AllFields&amp;limit=20&amp;sort=relevance\">https:\/\/catalogo.biblio.unc.edu.ar\/Search\/Results?lookfor=las+nuestras.+mujeres+que+hicieron+historia+en+cordoba&amp;type=AllFields&amp;limit=20&amp;sort=relevance<\/a><\/p>\n<p>&nbsp;<\/p>\n<p>\u2026\u2026\u2026\u2026\u2026\u2026\u2026\u2026\u2026\u2026\u2026\u2026\u2026\u2026\u2026\u2026\u2026\u2026.: <em>Historias populares cordobesas<\/em>.<\/p>\n<p>C\u00f3rdoba, Argentina : Ministerio de Gobierno, Coordinaci\u00f3n y Pol\u00edticas Regionales. Gobierno de la Provincia de C\u00f3rdoba, 2005.<\/p>\n<p><a href=\"http:\/\/ffyh.biblio.unc.edu.ar\/\/cgi-bin\/koha\/opac-detail.pl?biblionumber=71294\">http:\/\/ffyh.biblio.unc.edu.ar\/\/cgi-bin\/koha\/opac-detail.pl?biblionumber=71294<\/a><\/p>\n<p>&nbsp;<\/p>\n<p>Grisendi, Ezequiel: \u00abLos poetas del interior en el mapa l\u00edrico de la naci\u00f3n. Alberto D\u00edaz Bag\u00fa entre poes\u00eda y edici\u00f3n (C\u00f3rdoba, 1944-1959) en \u201dPrismas\u201d. versi\u00f3n On-line vol.17 no.2 Bernal dic. 2013 en url: <a href=\"http:\/\/www.scielo.org.ar\/scielo.php?script=sci_arttext&amp;pid=S1852-04992013000200012\">http:\/\/www.scielo.org.ar\/scielo.php?script=sci_arttext&amp;pid=S1852-04992013000200012<\/a> . Sitio visitado julio, 2017.<\/p>\n<p>&nbsp;<\/p>\n<p>Guzm\u00e1n, Aldo: \u201cLa literatura y el lugar. Reflexiones en torno a la narrativa de C\u00f3rdoba\u201d. Nota I. Rev. Un and\u00e9n para la cultura, A\u00f1o 1, N\u00ba2, 1980.<\/p>\n<p>&nbsp;<\/p>\n<p>: \u201cLa literatura y el lugar. Reflexiones en torno a la narrativa de C\u00f3rdoba\u201d. Nota II. Rev. \u00abUn and\u00e9n para la cultura, A\u00f1o 1, N\u00ba3, 1980.<\/p>\n<p><a href=\"https:\/\/catalogo.biblio.unc.edu.ar\/Search\/Results?lookfor=un+anden+para+la+cultura&amp;type=Title&amp;limit=20&amp;sort=relevance\">https:\/\/catalogo.biblio.unc.edu.ar\/Search\/Results?lookfor=un+anden+para+la+cultura&amp;type=Title&amp;limit=20&amp;sort=relevance<\/a><\/p>\n<p>&nbsp;<\/p>\n<p>\u2026\u2026\u2026\u2026\u2026\u2026\u2026\u2026\u2026.: <em>Y el 80 en C\u00f3rdoba las letras de la transformaci\u00f3n<\/em>.<\/p>\n<p>C\u00f3rdoba : Direcci\u00f3n del Patrimonio Cultural de la Provincia de C\u00f3rdoba, 1982.<\/p>\n<p><a href=\"http:\/\/ffyh.biblio.unc.edu.ar\/\/cgi-bin\/koha\/opac-detail.pl?biblionumber=19928\">http:\/\/ffyh.biblio.unc.edu.ar\/\/cgi-bin\/koha\/opac-detail.pl?biblionumber=19928<\/a><\/p>\n<p>&nbsp;<\/p>\n<p>Instituto de Literatura Argentina e Iberoamericana (Director: Gaspar P\u00edo del Corro):<\/p>\n<p><em>Bibliograf\u00eda cr\u00edtica de la literatura de C\u00f3rdoba.<\/em><\/p>\n<p>C\u00f3rdoba, UNC., 1984, Tomo I (1979) -El grupo \u201cLaurel\u201d- , II (1981) \u2013Villa Dolores-\u00a0 y III (1984) \u2013Luis de Tejeda-<\/p>\n<p><a href=\"http:\/\/ffyh.biblio.unc.edu.ar\/cgi-bin\/koha\/opac-detail.pl?biblionumber=363\">http:\/\/ffyh.biblio.unc.edu.ar\/cgi-bin\/koha\/opac-detail.pl?biblionumber=363<\/a><\/p>\n<p>&nbsp;<\/p>\n<p>Nicotra, Pablo: <em>La ilusi\u00f3n de la desilusi\u00f3n: la poes\u00eda postmodernista en la Argentina<\/em>.<\/p>\n<p>Tesis doctoral in\u00e9dita, FFyh. C\u00f3rdoba, UNC, 2004. Director: Oscar Caeiro.<\/p>\n<p><a href=\"http:\/\/ffyh.biblio.unc.edu.ar\/\/cgi-bin\/koha\/opac-detail.pl?biblionumber=53992\">http:\/\/ffyh.biblio.unc.edu.ar\/\/cgi-bin\/koha\/opac-detail.pl?biblionumber=53992<\/a><\/p>\n<p>&nbsp;<\/p>\n<p>Nores Mart\u00ednez, Enrique: <em>Poetas de C\u00f3rdoba<\/em><\/p>\n<p>C\u00f3rdoba, Argentina : Gobierno de la Provincia, 1978.<\/p>\n<p><a href=\"http:\/\/ffyh.biblio.unc.edu.ar\/\/cgi-bin\/koha\/opac-detail.pl?biblionumber=28292\">http:\/\/ffyh.biblio.unc.edu.ar\/\/cgi-bin\/koha\/opac-detail.pl?biblionumber=28292<\/a><br \/>\n&nbsp;<\/p>\n<p>Oviedo, Antonio: <em>Escritores cordobeses: lecturas<\/em><\/p>\n<p>C\u00f3rdoba, Argentina : Dianus, 2016.<br \/>\n&nbsp;<br \/>\n\u2026\u2026\u2026\u2026\u2026\u2026\u2026\u2026\u2026\u2026: <em>Obra reunida I y II. <\/p>\n<p>C\u00f3rdoba, Argentina : UNC, 2023.<\/p>\n<p>&nbsp;<\/p>\n<p>Parfeniuk, Aldo: <em>Conversaciones: notas sobre po\u00e9ticas y poetas argentinos.<\/em><\/p>\n<p>C\u00f3rdoba, Argos, 1994.<\/p>\n<p><a href=\"http:\/\/ffyh.biblio.unc.edu.ar\/\/cgi-bin\/koha\/opac-detail.pl?biblionumber=50768\">http:\/\/ffyh.biblio.unc.edu.ar\/\/cgi-bin\/koha\/opac-detail.pl?biblionumber=50768<\/a><\/p>\n<p>&nbsp;<\/p>\n<p>\u2026\u2026\u2026\u2026\u2026\u2026\u2026\u2026\u2026\u2026: <em>Filosof\u00eda del poema. an\u00e1lisis e interpretaci\u00f3n de la obra de Osvaldo Pol, Osvaldo Guevara, Alejandro Nicotra, Julio Requena, Romilio Ribero.<\/em><\/p>\n<p>C\u00f3rdoba, Caligrama, 1982.<\/p>\n<p><a href=\"http:\/\/ffyh.biblio.unc.edu.ar\/\/cgi-bin\/koha\/opac-detail.pl?biblionumber=4495\">http:\/\/ffyh.biblio.unc.edu.ar\/\/cgi-bin\/koha\/opac-detail.pl?biblionumber=4495<\/a><\/p>\n<p>&nbsp;<\/p>\n<p>Parfeniuk, Aldo, Dalmagro, Cristina y Muse, Cecilia: <em>Mujeres poetas de C\u00f3rdoba (1960-1990)<\/em><\/p>\n<p>C\u00f3rdoba, Alci\u00f3n, 1994.<\/p>\n<p><a href=\"https:\/\/catalogo.biblio.unc.edu.ar\/Search\/Results?lookfor=parfeniuk+dalmagro+muse&amp;type=Title&amp;limit=20&amp;sort=relevance\">https:\/\/catalogo.biblio.unc.edu.ar\/Search\/Results?lookfor=parfeniuk+dalmagro+muse&amp;type=Title&amp;limit=20&amp;sort=relevance<\/a><\/p>\n<p>&nbsp;<\/p>\n<p>Paulinelli, Mar\u00eda (coord.): <em>Los discursos de C\u00f3rdoba sobre los 70: visiones y re-visiones<\/em>. Pr\u00f3logo de H\u00e9ctor Schmucler.<\/p>\n<p>C\u00f3rdoba, Argentina : Comunicarte, 2013<\/p>\n<p><a href=\"https:\/\/catalogo.biblio.unc.edu.ar\/Search\/Results?lookfor=Los+discursos+de+C%C3%B3rdoba+sobre+los+70+&amp;type=Title&amp;limit=20&amp;sort=relevance\">https:\/\/catalogo.biblio.unc.edu.ar\/Search\/Results?lookfor=Los+discursos+de+C%C3%B3rdoba+sobre+los+70+&amp;type=Title&amp;limit=20&amp;sort=relevance<\/a><\/p>\n<p>&nbsp;<\/p>\n<p>P\u00e9rez, Aldana: <em>Juventud y cuerpo: la construcci\u00f3n del cuerpo en el discurso de los J\u00f3venes Escritores Cordobeses.<\/em><\/p>\n<p>C\u00f3rdoba, Argentina, [201_]. Trabajo Final (Licenciada en Letras Modernas)&#8211;Universidad Nacional de C\u00f3rdoba. Facultad de Filosof\u00eda y Humanidades.<\/p>\n<p><a href=\"http:\/\/ffyh.biblio.unc.edu.ar\/cgi-bin\/koha\/opac-detail.pl?biblionumber=80572\">http:\/\/ffyh.biblio.unc.edu.ar\/cgi-bin\/koha\/opac-detail.pl?biblionumber=80572<\/a><\/p>\n<p>&nbsp;<\/p>\n<p>Perr\u00e9n, Lila: <em>Parici\u00f3n de nombrad\u00eda,<\/em><\/p>\n<p>C\u00f3rdoba, Argos, 1994.<\/p>\n<p><a href=\"http:\/\/bmayor.biblio.unc.edu.ar\/cgi-bin\/koha\/opac-detail.pl?biblionumber=31740\">http:\/\/bmayor.biblio.unc.edu.ar\/\/cgi-bin\/koha\/opac-detail.pl?biblionumber=31740<\/a><\/p>\n<p>&nbsp;<\/p>\n<p>Reati, Fernando <em>Nombrar lo innombrable. Violencia pol\u00edtica y novela argentina 1975-1985<\/em>.<\/p>\n<p>Buenos Aires, Legasa, 1992.<\/p>\n<p><a href=\"https:\/\/catalogo.biblio.unc.edu.ar\/Search\/Results?lookfor=Nombrar+lo+innombrable&amp;type=Title&amp;limit=20&amp;sort=relevance\">https:\/\/catalogo.biblio.unc.edu.ar\/Search\/Results?lookfor=Nombrar+lo+innombrable&amp;type=Title&amp;limit=20&amp;sort=relevance<\/a><\/p>\n<p>&nbsp;<\/p>\n<p>Reati, Fernando y Pino, Mirian: <em>De centros y periferias en la literatura de C\u00f3rdoba. Homenaje a Mar\u00eda Luisa Cresta de Leguizam\u00f3n<\/em>.<\/p>\n<p>C\u00f3rdoba, Rub\u00e9n Libros, 2001.<\/p>\n<p><a href=\"http:\/\/ffyh.biblio.unc.edu.ar\/\/cgi-bin\/koha\/opac-detail.pl?biblionumber=82786\">http:\/\/ffyh.biblio.unc.edu.ar\/\/cgi-bin\/koha\/opac-detail.pl?biblionumber=82786<\/a><\/p>\n<p>&nbsp;<\/p>\n<p>Rennella, Patricia: \u201cTendencias de la poes\u00eda cordobesa contempor\u00e1nea: Los 80. Disoluci\u00f3n y renovaci\u00f3n\u201d En Revista \u00abLa Plaza\u201d, C\u00f3rdoba, n\u00ba2 Octubre de 1989.<\/p>\n<p>&nbsp;<\/p>\n<p>Rocca, Mar\u00eda Cristina: <em>Artistas y reformistas en la cultura de C\u00f3rdoba (1933-1943) <\/em><\/p>\n<p>C\u00f3rdoba, Argentina : Universidad Nacional de C\u00f3rdoba, 2018<\/p>\n<p><a href=\"https:\/\/catalogo.biblio.unc.edu.ar\/Search\/Results?lookfor=Artistas+y+reformistas+en+la+cultura+de+C%C3%B3rdoba+%281933-1943%29+&amp;type=AllFields&amp;limit=20&amp;sort=relevance\">https:\/\/catalogo.biblio.unc.edu.ar\/Search\/Results?lookfor=Artistas+y+reformistas+en+la+cultura+de+C%C3%B3rdoba+%281933-1943%29+&amp;type=AllFields&amp;limit=20&amp;sort=relevance<\/a><\/p>\n<p>&nbsp;<\/p>\n<p>Rossetto, Enrique (coord.): <em>Inmigraci\u00f3n europea en Argentina. Estudios sobre la inmigraci\u00f3n piamontesa I<\/em>. C\u00f3rdoba, Universidad Nacional de C\u00f3rdoba, 2015.<\/p>\n<p>&nbsp;<\/p>\n<p>Sosa, Mart\u00edn (selecci\u00f3n y pr\u00f3logo): <em>Antolog\u00eda de la poes\u00eda moderna de C\u00f3rdoba<\/em><\/p>\n<p>C\u00f3rdoba : Morena, 1986.<\/p>\n<p><a href=\"http:\/\/ffyh.biblio.unc.edu.ar\/\/cgi-bin\/koha\/opac-detail.pl?biblionumber=8083\">http:\/\/ffyh.biblio.unc.edu.ar\/\/cgi-bin\/koha\/opac-detail.pl?biblionumber=8083<\/a><\/p>\n<p>&nbsp;<\/p>\n<p>Torres Roggero, Jorge: <em>La donosa barbarie : C\u00f3rdoba, literatura y cultura<\/em><\/p>\n<p>C\u00f3rdoba : Alci\u00f3n Editora, 1998.<\/p>\n<p><a href=\"http:\/\/ffyh.biblio.unc.edu.ar\/\/cgi-bin\/koha\/opac-detail.pl?biblionumber=40115\">http:\/\/ffyh.biblio.unc.edu.ar\/\/cgi-bin\/koha\/opac-detail.pl?biblionumber=40115<\/a><\/p>\n<p>&nbsp;<\/p>\n<p>\u2026\u2026\u2026\u2026\u2026\u2026\u2026\u2026\u2026\u2026\u2026.: <em>Po\u00e9tica de la reforma universitaria.<\/em><\/p>\n<p>C\u00f3rdoba : Babel, 2009<\/p>\n<p><a href=\"https:\/\/catalogo.biblio.unc.edu.ar\/Search\/Results?lookfor=po%C3%A9tica+de+la+reforma+universitaria&amp;type=Title&amp;limit=20&amp;sort=relevance\">https:\/\/catalogo.biblio.unc.edu.ar\/Search\/Results?lookfor=po%C3%A9tica+de+la+reforma+universitaria&amp;type=Title&amp;limit=20&amp;sort=relevance<\/a><\/p>\n<p>&nbsp;<\/p>\n<p>\u2026\u2026\u2026\u2026\u2026\u2026\u2026\u2026\u2026\u2026\u2026..: <em>El combatiente de la aurora Lugones, C\u00f3rdoba y los inicios de la modernidad literaria<\/em><\/p>\n<p>C\u00f3rdoba : Alci\u00f3n Editora, 2000.<\/p>\n<p><a href=\"https:\/\/catalogo.biblio.unc.edu.ar\/Search\/Results?lookfor=El+combatiente+de+la+aurora+Lugones&amp;type=Title&amp;limit=20&amp;sort=relevance\">https:\/\/catalogo.biblio.unc.edu.ar\/Search\/Results?lookfor=El+combatiente+de+la+aurora+Lugones&amp;type=Title&amp;limit=20&amp;sort=relevance<\/a><\/p>\n<p>&nbsp;<\/p>\n<p>Viggiano Essa\u00edn, Julio<em>: Leyendas cordobesas<\/em><\/p>\n<p>C\u00f3rdoba : Direcci\u00f3n General de Historia, Letras y Ciencias, 1970.<\/p>\n<p><a href=\"http:\/\/ffyh.biblio.unc.edu.ar\/\/cgi-bin\/koha\/opac-detail.pl?biblionumber=76383\">http:\/\/ffyh.biblio.unc.edu.ar\/\/cgi-bin\/koha\/opac-detail.pl?biblionumber=76383<\/a><\/p>\n","protected":false},"excerpt":{"rendered":"<p>Ag\u00fcero, Ana Clarisa (art\u00edculo): C\u00f3mo se hace un autor. Acerca del C\u00f3mo se hace un autor. Acerca del contacto cultural<\/p>\n","protected":false},"author":2,"featured_media":0,"parent":1107,"menu_order":0,"comment_status":"closed","ping_status":"closed","template":"","meta":{"_acf_changed":false,"colormag_page_container_layout":"default_layout","colormag_page_sidebar_layout":"default_layout","footnotes":""},"class_list":["post-1111","page","type-page","status-publish","hentry"],"acf":[],"_links":{"self":[{"href":"https:\/\/ffyh.unc.edu.ar\/escritores-de-cordoba\/wp-json\/wp\/v2\/pages\/1111","targetHints":{"allow":["GET"]}}],"collection":[{"href":"https:\/\/ffyh.unc.edu.ar\/escritores-de-cordoba\/wp-json\/wp\/v2\/pages"}],"about":[{"href":"https:\/\/ffyh.unc.edu.ar\/escritores-de-cordoba\/wp-json\/wp\/v2\/types\/page"}],"author":[{"embeddable":true,"href":"https:\/\/ffyh.unc.edu.ar\/escritores-de-cordoba\/wp-json\/wp\/v2\/users\/2"}],"replies":[{"embeddable":true,"href":"https:\/\/ffyh.unc.edu.ar\/escritores-de-cordoba\/wp-json\/wp\/v2\/comments?post=1111"}],"version-history":[{"count":7,"href":"https:\/\/ffyh.unc.edu.ar\/escritores-de-cordoba\/wp-json\/wp\/v2\/pages\/1111\/revisions"}],"predecessor-version":[{"id":1309,"href":"https:\/\/ffyh.unc.edu.ar\/escritores-de-cordoba\/wp-json\/wp\/v2\/pages\/1111\/revisions\/1309"}],"up":[{"embeddable":true,"href":"https:\/\/ffyh.unc.edu.ar\/escritores-de-cordoba\/wp-json\/wp\/v2\/pages\/1107"}],"wp:attachment":[{"href":"https:\/\/ffyh.unc.edu.ar\/escritores-de-cordoba\/wp-json\/wp\/v2\/media?parent=1111"}],"curies":[{"name":"wp","href":"https:\/\/api.w.org\/{rel}","templated":true}]}}