{"id":1112,"date":"2023-05-10T15:11:01","date_gmt":"2023-05-10T15:11:01","guid":{"rendered":"https:\/\/ffyh.unc.edu.ar\/escritores-de-cordoba\/?page_id=1112"},"modified":"2023-05-10T18:16:53","modified_gmt":"2023-05-10T18:16:53","slug":"catalogos-y-relevamientos","status":"publish","type":"page","link":"https:\/\/ffyh.unc.edu.ar\/escritores-de-cordoba\/guia-por-nuestra-literatura\/catalogos-y-relevamientos\/","title":{"rendered":"Cat\u00e1logos y relevamientos"},"content":{"rendered":"<p>Dalmagro, Mar\u00eda Cristina y Muse, Cecilia Elena: <em>Cat\u00e1logo de narrativa cordobesa, 1970-1995.<\/em><\/p>\n<p>C\u00f3rdoba : Comunicarte, 1996.<\/p>\n<p><a href=\"http:\/\/ffyh.biblio.unc.edu.ar\/\/cgi-bin\/koha\/opac-detail.pl?biblionumber=38138\">http:\/\/ffyh.biblio.unc.edu.ar\/\/cgi-bin\/koha\/opac-detail.pl?biblionumber=38138<\/a><\/p>\n<p>&nbsp;<\/p>\n<p>\u2026\u2026\u2026\u2026\u2026\u2026\u2026\u2026\u2026\u2026\u2026\u2026\u2026\u2026\u2026\u2026\u2026\u2026\u2026\u2026\u2026\u2026\u2026\u2026\u2026. : <em>Cat\u00e1logo de poes\u00eda cordobesa : 1970-1993.<\/em><\/p>\n<p>Editor: C\u00f3rdoba : Alci\u00f3n, 1994<\/p>\n<p><a href=\"http:\/\/ffyh.biblio.unc.edu.ar\/\/cgi-bin\/koha\/opac-detail.pl?biblionumber=37372\">http:\/\/ffyh.biblio.unc.edu.ar\/\/cgi-bin\/koha\/opac-detail.pl?biblionumber=37372<\/a><\/p>\n<p>&nbsp;<\/p>\n<p>Eguia, Bibiana: <em>Gu\u00eda Bibliogr\u00e1fica de autores y obras literarias de C\u00f3rdoba, siglo XX <\/em><\/p>\n<p>C\u00f3rdoba, Facultad de Filosof\u00eda y Humanidades, 2015.<\/p>\n<p>en Url: <a href=\"https:\/\/www.ffyh.unc.edu.ar\/sites\/default\/files\/e...\/EBOOK_GUIABIBLIOGRAFICA.pdf\">www.ffyh.unc.edu.ar\/sites\/default\/files\/e&#8230;\/EBOOK_GUIABIBLIOGRAFICA.pdf<\/a><\/p>\n<p>&nbsp;<\/p>\n<p>\u2026\u2026\u2026\u2026\u2026\u2026\u2026\u2026\u2026: <em>Index bibliogr\u00e1fico de Autores de C\u00f3rdoba.<\/em><\/p>\n<p>C\u00f3rdoba, AR : Argos, 1995, 2 Vol.<\/p>\n<p><a href=\"https:\/\/catalogo.biblio.unc.edu.ar\/Search\/Results?lookfor=Index+bibliogr%C3%A1fico+de+Autores+de+C%C3%B3rdoba&amp;type=AllFields\">https:\/\/catalogo.biblio.unc.edu.ar\/Search\/Results?lookfor=Index+bibliogr%C3%A1fico+de+Autores+de+C%C3%B3rdoba&amp;type=AllFields<\/a><\/p>\n","protected":false},"excerpt":{"rendered":"<p>Dalmagro, Mar\u00eda Cristina y Muse, Cecilia Elena: Cat\u00e1logo de narrativa cordobesa, 1970-1995. C\u00f3rdoba : Comunicarte, 1996. http:\/\/ffyh.biblio.unc.edu.ar\/\/cgi-bin\/koha\/opac-detail.pl?biblionumber=38138 &nbsp; \u2026\u2026\u2026\u2026\u2026\u2026\u2026\u2026\u2026\u2026\u2026\u2026\u2026\u2026\u2026\u2026\u2026\u2026\u2026\u2026\u2026\u2026\u2026\u2026\u2026. :<\/p>\n","protected":false},"author":2,"featured_media":0,"parent":1107,"menu_order":0,"comment_status":"closed","ping_status":"closed","template":"","meta":{"_acf_changed":false,"colormag_page_container_layout":"default_layout","colormag_page_sidebar_layout":"default_layout","footnotes":""},"class_list":["post-1112","page","type-page","status-publish","hentry"],"acf":[],"_links":{"self":[{"href":"https:\/\/ffyh.unc.edu.ar\/escritores-de-cordoba\/wp-json\/wp\/v2\/pages\/1112","targetHints":{"allow":["GET"]}}],"collection":[{"href":"https:\/\/ffyh.unc.edu.ar\/escritores-de-cordoba\/wp-json\/wp\/v2\/pages"}],"about":[{"href":"https:\/\/ffyh.unc.edu.ar\/escritores-de-cordoba\/wp-json\/wp\/v2\/types\/page"}],"author":[{"embeddable":true,"href":"https:\/\/ffyh.unc.edu.ar\/escritores-de-cordoba\/wp-json\/wp\/v2\/users\/2"}],"replies":[{"embeddable":true,"href":"https:\/\/ffyh.unc.edu.ar\/escritores-de-cordoba\/wp-json\/wp\/v2\/comments?post=1112"}],"version-history":[{"count":2,"href":"https:\/\/ffyh.unc.edu.ar\/escritores-de-cordoba\/wp-json\/wp\/v2\/pages\/1112\/revisions"}],"predecessor-version":[{"id":1138,"href":"https:\/\/ffyh.unc.edu.ar\/escritores-de-cordoba\/wp-json\/wp\/v2\/pages\/1112\/revisions\/1138"}],"up":[{"embeddable":true,"href":"https:\/\/ffyh.unc.edu.ar\/escritores-de-cordoba\/wp-json\/wp\/v2\/pages\/1107"}],"wp:attachment":[{"href":"https:\/\/ffyh.unc.edu.ar\/escritores-de-cordoba\/wp-json\/wp\/v2\/media?parent=1112"}],"curies":[{"name":"wp","href":"https:\/\/api.w.org\/{rel}","templated":true}]}}