{"id":1113,"date":"2023-05-10T15:11:50","date_gmt":"2023-05-10T15:11:50","guid":{"rendered":"https:\/\/ffyh.unc.edu.ar\/escritores-de-cordoba\/?page_id=1113"},"modified":"2023-05-10T18:18:29","modified_gmt":"2023-05-10T18:18:29","slug":"consideraciones-teoricas-sobre-la-region-la-region-literaria-y-cordoba-como-region","status":"publish","type":"page","link":"https:\/\/ffyh.unc.edu.ar\/escritores-de-cordoba\/guia-por-nuestra-literatura\/consideraciones-teoricas-sobre-la-region-la-region-literaria-y-cordoba-como-region\/","title":{"rendered":"Consideraciones te\u00f3ricas sobre la Regi\u00f3n, la regi\u00f3n literaria y C\u00f3rdoba como regi\u00f3n"},"content":{"rendered":"<p>Alasia, Beatriz: \u201cAcerca del concepto de regi\u00f3n\u201d (art\u00edculo) en Revista \u201cEstudios\u201d, Nro 11-12, Enero Diciembre de 1999.<\/p>\n<p><a href=\"https:\/\/revistas.unc.edu.ar\/index.php\/restudios\/article\/view\/13660\">https:\/\/revistas.unc.edu.ar\/index.php\/restudios\/article\/view\/13660<\/a><\/p>\n<p><u>\u00a0<\/u><\/p>\n<p>Anderlini, Silvia: <em>Perspectiva geocultural e identidad narrativa en el discurso sobre la regi\u00f3n serrana de C\u00f3rdoba<\/em>,<\/p>\n<p>C\u00f3rdoba, Emcor, 1994.<\/p>\n<p><a href=\"https:\/\/catalogo.biblio.unc.edu.ar\/Record\/ffyh.83803\">https:\/\/catalogo.biblio.unc.edu.ar\/Record\/ffyh.83803<\/a><\/p>\n<p>&nbsp;<\/p>\n<p>\u2026\u2026\u2026\u2026\u2026\u2026\u2026\u2026\u2026..: <em>Narrativa regional de C\u00f3rdoba, Una Mirada poscolonial<\/em><\/p>\n<p>C\u00f3rdoba, Emcor, 1999<\/p>\n<p><a href=\"https:\/\/catalogo.biblio.unc.edu.ar\/Search\/Results?lookfor=narrativa+regional+de+cordoba&amp;type=Title&amp;limit=20&amp;sort=relevance\">https:\/\/catalogo.biblio.unc.edu.ar\/Search\/Results?lookfor=narrativa+regional+de+cordoba&amp;type=Title&amp;limit=20&amp;sort=relevance<\/a><\/p>\n<p>&nbsp;<\/p>\n<p>Bixio, Beatriz: \u201cProblemas de identidad\u201d,\u00a0 en Centro de Italian\u00edstica (UNC). Blanco, Trinidad (directora): <em>Presencia e identidad de los italianos en C\u00f3rdob<\/em>a. Ediciones del copista, 1999, p.31-42.<\/p>\n<p><a href=\"https:\/\/catalogo.biblio.unc.edu.ar\/Search\/Results?lookfor=presencia+e+identidad+de+los+italianos+en+cordoba&amp;type=AllFields&amp;limit=20&amp;sort=relevance\">https:\/\/catalogo.biblio.unc.edu.ar\/Search\/Results?lookfor=presencia+e+identidad+de+los+italianos+en+cordoba&amp;type=AllFields&amp;limit=20&amp;sort=relevance<\/a><\/p>\n<p>&nbsp;<\/p>\n<p>Blanco, Trinidad (directora): <em>Presencia e identidad de los italianos en C\u00f3rdoba<\/em>.<\/p>\n<p>C\u00f3rdoba, CITAL, 1999.C\u00f3rdoba, Ediciones del Copista.<\/p>\n<p><a href=\"https:\/\/catalogo.biblio.unc.edu.ar\/Search\/Results?lookfor=presencia+e+identidad+de+los+italianos+en+cordoba&amp;type=AllFields&amp;limit=20&amp;sort=relevance\">https:\/\/catalogo.biblio.unc.edu.ar\/Search\/Results?lookfor=presencia+e+identidad+de+los+italianos+en+cordoba&amp;type=AllFields&amp;limit=20&amp;sort=relevance<\/a><\/p>\n<p>&nbsp;<\/p>\n<p>Heredia, Pablo: El texto literario y los discursos regionales : propuestas para una regionalizaci\u00f3n de la narrativa argentina contempor\u00e1nea \/ Pablo Heredia. C\u00f3rdoba, Argos, 1994<\/p>\n<p><a href=\"http:\/\/cea.biblio.unc.edu.ar\/\/cgi-bin\/koha\/opac-detail.pl?biblionumber=5392\">http:\/\/cea.biblio.unc.edu.ar\/\/cgi-bin\/koha\/opac-detail.pl?biblionumber=5392<\/a><\/p>\n<p><a href=\"http:\/\/ffyh.biblio.unc.edu.ar\/cgi-bin\/koha\/opac-detail.pl?biblionumber=37177\">http:\/\/ffyh.biblio.unc.edu.ar\/\/cgi-bin\/koha\/opac-detail.pl?biblionumber=37177<\/a><\/p>\n<p>&nbsp;<\/p>\n<p>\u2026\u2026\u2026\u2026\u2026\u2026\u2026 (art\u00edculo): Existen las regiones culturales? Introducci\u00f3n, cr\u00edtica y proyecciones de los estudios geoculturales<\/p>\n<p>En: Silabario n.7 (2004), p. 103-112.<\/p>\n<p><a href=\"http:\/\/cea.biblio.unc.edu.ar\/\/cgi-bin\/koha\/opac-detail.pl?biblionumber=8799\">http:\/\/cea.biblio.unc.edu.ar\/\/cgi-bin\/koha\/opac-detail.pl?biblionumber=8799<\/a><\/p>\n<p>&nbsp;<\/p>\n<p>\u2026\u2026\u2026\u2026\u2026\u2026\u2026.: <em>El suelo : ensayos sobre regionalismos y nacionalismos en la literatura argentina<\/em>.<\/p>\n<p>C\u00f3rdoba : Facultad de Filosof\u00eda y Humanidades. Universidad Nacional de C\u00f3rdoba, 2005<\/p>\n<p><a href=\"http:\/\/ffyh.biblio.unc.edu.ar\/cgi-bin\/koha\/opac-detail.pl?biblionumber=57364\">http:\/\/ffyh.biblio.unc.edu.ar\/\/cgi-bin\/koha\/opac-detail.pl?biblionumber=57364<\/a><\/p>\n<p>&nbsp;<\/p>\n<p>Ighina, Domingo (coord.), Heredia, Pablo, Bocco, Andrea y otros:<\/p>\n<p><em>Espacios geoculturales : dise\u00f1os de Naci\u00f3n en los discursos literarios del cono sur, 1880-1930 <\/em><\/p>\n<p>C\u00f3rdoba : Alci\u00f3n, 2000<\/p>\n<p><a href=\"http:\/\/ffyh.biblio.unc.edu.ar\/cgi-bin\/koha\/opac-detail.pl?biblionumber=46479\">http:\/\/ffyh.biblio.unc.edu.ar\/\/cgi-bin\/koha\/opac-detail.pl?biblionumber=46479<\/a><\/p>\n<p>&nbsp;<\/p>\n<p>Mosello, Fabi\u00e1n; Melana, Marcela: <em>Memoria e identidad cultural. Construcci\u00f3n de identidades culturales.<\/em><\/p>\n<p>Villa Mar\u00eda, Eduvim, 2007.<\/p>\n<p><a href=\"http:\/\/ffyh.biblio.unc.edu.ar\/\/cgi-bin\/koha\/opac-detail.pl?biblionumber=67140\">http:\/\/ffyh.biblio.unc.edu.ar\/\/cgi-bin\/koha\/opac-detail.pl?biblionumber=67140<\/a><\/p>\n<p>&nbsp;<\/p>\n<p>\u2026\u2026\u2026\u2026\u2026\u2026\u2026\u2026\u2026\u2026\u2026\u2026\u2026\u2026\u2026\u2026\u2026\u2026\u2026\u2026\u2026\u2026\u2026\u2026.: (art\u00edculo): \u00a0Literatura e identidad. Fronteras del discurso y relatos identitarios en la regi\u00f3n pampeana cordobesa\u201d<\/p>\n<p>en Gili, Laura y P\u00e9rez Zavala, Graciana (editoras): Estudios latinoamericanos. Di\u00e1logos interdisicplinarios sobre sociedad, historia, cultura, frontera y territorio. C\u00f3rdoba, Buenos Aires, Editorial Aspha, 2015, p. 519-526<\/p>\n<p>URL: <a href=\"http:\/\/webarchivo.unvm.edu.ar\/archivos\/repository\/Publicaciones\/Libro_Simposio_\">http:\/\/webarchivo.unvm.edu.ar\/archivos\/repository\/Publicaciones\/Libro_Simposio_<\/a> Internacional_Estudios_Latinoamericanos.pdf<\/p>\n<p>&nbsp;<\/p>\n<p>Palermo, Zulma y Antuna, Elena: \u201cUna literatura y su historia\u201d. Propuesta. Fasc\u00edculo 1. Consejo de investigaci\u00f3n, Universidad Nacional de Salta, s\/f.<\/p>\n","protected":false},"excerpt":{"rendered":"<p>Alasia, Beatriz: \u201cAcerca del concepto de regi\u00f3n\u201d (art\u00edculo) en Revista \u201cEstudios\u201d, Nro 11-12, Enero Diciembre de 1999. https:\/\/revistas.unc.edu.ar\/index.php\/restudios\/article\/view\/13660 \u00a0 Anderlini,<\/p>\n","protected":false},"author":2,"featured_media":0,"parent":1107,"menu_order":0,"comment_status":"closed","ping_status":"closed","template":"","meta":{"_acf_changed":false,"colormag_page_container_layout":"default_layout","colormag_page_sidebar_layout":"default_layout","footnotes":""},"class_list":["post-1113","page","type-page","status-publish","hentry"],"acf":[],"_links":{"self":[{"href":"https:\/\/ffyh.unc.edu.ar\/escritores-de-cordoba\/wp-json\/wp\/v2\/pages\/1113","targetHints":{"allow":["GET"]}}],"collection":[{"href":"https:\/\/ffyh.unc.edu.ar\/escritores-de-cordoba\/wp-json\/wp\/v2\/pages"}],"about":[{"href":"https:\/\/ffyh.unc.edu.ar\/escritores-de-cordoba\/wp-json\/wp\/v2\/types\/page"}],"author":[{"embeddable":true,"href":"https:\/\/ffyh.unc.edu.ar\/escritores-de-cordoba\/wp-json\/wp\/v2\/users\/2"}],"replies":[{"embeddable":true,"href":"https:\/\/ffyh.unc.edu.ar\/escritores-de-cordoba\/wp-json\/wp\/v2\/comments?post=1113"}],"version-history":[{"count":3,"href":"https:\/\/ffyh.unc.edu.ar\/escritores-de-cordoba\/wp-json\/wp\/v2\/pages\/1113\/revisions"}],"predecessor-version":[{"id":1140,"href":"https:\/\/ffyh.unc.edu.ar\/escritores-de-cordoba\/wp-json\/wp\/v2\/pages\/1113\/revisions\/1140"}],"up":[{"embeddable":true,"href":"https:\/\/ffyh.unc.edu.ar\/escritores-de-cordoba\/wp-json\/wp\/v2\/pages\/1107"}],"wp:attachment":[{"href":"https:\/\/ffyh.unc.edu.ar\/escritores-de-cordoba\/wp-json\/wp\/v2\/media?parent=1113"}],"curies":[{"name":"wp","href":"https:\/\/api.w.org\/{rel}","templated":true}]}}