{"id":1114,"date":"2023-05-10T15:12:31","date_gmt":"2023-05-10T15:12:31","guid":{"rendered":"https:\/\/ffyh.unc.edu.ar\/escritores-de-cordoba\/?page_id=1114"},"modified":"2023-05-10T18:19:55","modified_gmt":"2023-05-10T18:19:55","slug":"lengua-y-habla","status":"publish","type":"page","link":"https:\/\/ffyh.unc.edu.ar\/escritores-de-cordoba\/guia-por-nuestra-literatura\/lengua-y-habla\/","title":{"rendered":"Lengua y habla"},"content":{"rendered":"<p>Cattinelli, Antonio: <em>El habla de la provincia de C\u00f3rdoba.<\/em><\/p>\n<p>C\u00f3rdoba, UNC, 1983.<\/p>\n<p><a href=\"http:\/\/monserrat.biblio.unc.edu.ar\/\/cgi-bin\/koha\/opac-detail.pl?biblionumber=2139\">http:\/\/monserrat.biblio.unc.edu.ar\/\/cgi-bin\/koha\/opac-detail.pl?biblionumber=2139<\/a><\/p>\n<p>&nbsp;<\/p>\n<p>Centro de Italian\u00edstica, Blanco de Garc\u00eda, Trinidad [dir.]: <em>Presencia e identidad de los italianos en C\u00f3rdoba<\/em>,<\/p>\n<p>C\u00f3rdoba : CITAL, Ediciones del Copista, 1999<\/p>\n<p><a href=\"http:\/\/bmayor.biblio.unc.edu.ar\/\/cgi-bin\/koha\/opac-detail.pl?biblionumber=15951\">http:\/\/bmayor.biblio.unc.edu.ar\/\/cgi-bin\/koha\/opac-detail.pl?biblionumber=15951<\/a><\/p>\n<p>&nbsp;<\/p>\n<p>Garz\u00f3n, Tob\u00edas: <em>Diccionario Argentino.<\/em><\/p>\n<p>Barcelona, La Elzeviriana, 1910.<\/p>\n<p>Url: <a href=\"https:\/\/archive.org\/details\/diccionarioargen00garzuoft\">https:\/\/archive.org\/details\/diccionarioargen00garzuoft<\/a><\/p>\n<p>&nbsp;<\/p>\n<p>Malanca, Alicia, Toniolo, Teresa y Zurita, Mar\u00eda Elisa: <em>L\u00e9xico del habla culta de C\u00f3rdoba \u2013 Argentina.<\/em><\/p>\n<p>C\u00f3rdoba : Universidad Nacional de C\u00f3rdoba, 2000<\/p>\n<p><a href=\"http:\/\/bmayor.biblio.unc.edu.ar\/\/cgi-bin\/koha\/opac-detail.pl?biblionumber=31053\">http:\/\/bmayor.biblio.unc.edu.ar\/\/cgi-bin\/koha\/opac-detail.pl?biblionumber=31053<\/a><\/p>\n<p>&nbsp;<\/p>\n<p>Prevedello, Nora (dir): <em>La inmigraci\u00f3n italiana en la ciudad de C\u00f3rdoba y el contacto de dos lenguas<\/em><\/p>\n<p><em>C\u00f3rdoba<\/em>, Argentina :<\/p>\n<p>Universidad Nacional de C\u00f3rdoba. Escuela Superior de Lenguas. Centro de Italian\u00edstica, 1991. Cuaderno del CITAL ; 1<\/p>\n<p><a href=\"http:\/\/ffyh.biblio.unc.edu.ar\/cgi-bin\/koha\/opac-detail.pl?biblionumber=20079\">http:\/\/ffyh.biblio.unc.edu.ar\/\/cgi-bin\/koha\/opac-detail.pl?biblionumber=20079<\/a><\/p>\n<p>&nbsp;<\/p>\n<p>Toniolo, Teresa y Zurita, Mar\u00eda Elisa <em>Locuciones adverbiales en uso en el habla de C\u00f3rdoba (Argentina): inventario alfab\u00e9tico.<\/em><\/p>\n<p>C\u00f3rdoba, Universidad Nacional de C\u00f3rdoba, 2013<\/p>\n<p><a href=\"https:\/\/catalogo.biblio.unc.edu.ar\/Search\/Results?lookfor=locuciones+adverbiales&amp;type=Title&amp;limit=20&amp;sort=relevance\">https:\/\/catalogo.biblio.unc.edu.ar\/Search\/Results?lookfor=locuciones+adverbiales&amp;type=Title&amp;limit=20&amp;sort=relevance<\/a><\/p>\n<p>&nbsp;<\/p>\n<p>Toniolo, Teresa y Zurita, Mar\u00eda Elisa: Introducci\u00f3n: \u201cUn cordob\u00e9s muy espa\u00f1ol, pero tambi\u00e9n comeching\u00f3n, lunfardo y cuartetero\u201d En Fulchieri, Bibiana (coordinaci\u00f3n.,compilaci\u00f3n y fotograf\u00eda.): <em>Cartograf\u00edas de la lengua. C\u00f3rdoba.<\/em><\/p>\n<p>C\u00f3rdoba, Letras y bibliotecas de C\u00f3rdoba, 2019, p.11-18<\/p>\n<p>&nbsp;<\/p>\n<p>Viggiano Essa\u00edn, Julio: <em>Vocabulario popular tradicional cordob\u00e9s<\/em><\/p>\n<p>C\u00f3rdoba, UNC., 1956<\/p>\n<p><a href=\"https:\/\/catalogo.biblio.unc.edu.ar\/Search\/Results?lookfor=Vocabulario+popular+tradicional+cordobes&amp;type=Title&amp;filter%5B%5D=format%3A%22Book%22&amp;limit=20&amp;sort=relevance\">https:\/\/catalogo.biblio.unc.edu.ar\/Search\/Results?lookfor=Vocabulario+popular+tradicional+cordobes&amp;type=Title&amp;filter%5B%5D=format%3A%22Book%22&amp;limit=20&amp;sort=relevance<\/a><\/p>\n","protected":false},"excerpt":{"rendered":"<p>Cattinelli, Antonio: El habla de la provincia de C\u00f3rdoba. C\u00f3rdoba, UNC, 1983. http:\/\/monserrat.biblio.unc.edu.ar\/\/cgi-bin\/koha\/opac-detail.pl?biblionumber=2139 &nbsp; Centro de Italian\u00edstica, Blanco de Garc\u00eda,<\/p>\n","protected":false},"author":2,"featured_media":0,"parent":1107,"menu_order":0,"comment_status":"closed","ping_status":"closed","template":"","meta":{"_acf_changed":false,"colormag_page_container_layout":"default_layout","colormag_page_sidebar_layout":"default_layout","footnotes":""},"class_list":["post-1114","page","type-page","status-publish","hentry"],"acf":[],"_links":{"self":[{"href":"https:\/\/ffyh.unc.edu.ar\/escritores-de-cordoba\/wp-json\/wp\/v2\/pages\/1114","targetHints":{"allow":["GET"]}}],"collection":[{"href":"https:\/\/ffyh.unc.edu.ar\/escritores-de-cordoba\/wp-json\/wp\/v2\/pages"}],"about":[{"href":"https:\/\/ffyh.unc.edu.ar\/escritores-de-cordoba\/wp-json\/wp\/v2\/types\/page"}],"author":[{"embeddable":true,"href":"https:\/\/ffyh.unc.edu.ar\/escritores-de-cordoba\/wp-json\/wp\/v2\/users\/2"}],"replies":[{"embeddable":true,"href":"https:\/\/ffyh.unc.edu.ar\/escritores-de-cordoba\/wp-json\/wp\/v2\/comments?post=1114"}],"version-history":[{"count":2,"href":"https:\/\/ffyh.unc.edu.ar\/escritores-de-cordoba\/wp-json\/wp\/v2\/pages\/1114\/revisions"}],"predecessor-version":[{"id":1141,"href":"https:\/\/ffyh.unc.edu.ar\/escritores-de-cordoba\/wp-json\/wp\/v2\/pages\/1114\/revisions\/1141"}],"up":[{"embeddable":true,"href":"https:\/\/ffyh.unc.edu.ar\/escritores-de-cordoba\/wp-json\/wp\/v2\/pages\/1107"}],"wp:attachment":[{"href":"https:\/\/ffyh.unc.edu.ar\/escritores-de-cordoba\/wp-json\/wp\/v2\/media?parent=1114"}],"curies":[{"name":"wp","href":"https:\/\/api.w.org\/{rel}","templated":true}]}}