{"id":1116,"date":"2023-05-10T15:13:56","date_gmt":"2023-05-10T15:13:56","guid":{"rendered":"https:\/\/ffyh.unc.edu.ar\/escritores-de-cordoba\/?page_id=1116"},"modified":"2023-05-10T15:13:56","modified_gmt":"2023-05-10T15:13:56","slug":"paginas-web-con-referencias-literarias","status":"publish","type":"page","link":"https:\/\/ffyh.unc.edu.ar\/escritores-de-cordoba\/guia-por-nuestra-literatura\/paginas-web-con-referencias-literarias\/","title":{"rendered":"P\u00e1ginas web con referencias literarias"},"content":{"rendered":"<p>C\u00f3rdoba Literaria. Responsable: Paz Casas N\u00f3blega.<\/p>\n<p>Secretar\u00eda de Cultura, Municipalidad de C\u00f3rdoba.<\/p>\n<p>Url: <a href=\"http:\/\/cordoba-literaria.blogspot.com\/\">http:\/\/cordoba-literaria.blogspot.com\/<\/a><\/p>\n<p>&nbsp;<\/p>\n<p>Proyecto: Culturas interiores. Un archivo de la cultura de C\u00f3rdoba<\/p>\n<p>Responsable: \u00a0Programa de Historia y Antropolog\u00eda de la Cultura\/ Instituto de Antropolog\u00eda de C\u00f3rdoba UNC\/CONICET<\/p>\n<p><a href=\"http:\/\/culturasinteriores.ffyh.unc.edu.ar\/inicio.jsp\" target=\"_blank\" rel=\"noopener\">http:\/\/culturasinteriores.ffyh.unc.edu.ar\/inicio.jsp<\/a><\/p>\n","protected":false},"excerpt":{"rendered":"<p>C\u00f3rdoba Literaria. Responsable: Paz Casas N\u00f3blega. Secretar\u00eda de Cultura, Municipalidad de C\u00f3rdoba. Url: http:\/\/cordoba-literaria.blogspot.com\/ &nbsp; Proyecto: Culturas interiores. Un archivo<\/p>\n","protected":false},"author":2,"featured_media":0,"parent":1107,"menu_order":0,"comment_status":"closed","ping_status":"closed","template":"","meta":{"_acf_changed":false,"colormag_page_container_layout":"default_layout","colormag_page_sidebar_layout":"default_layout","footnotes":""},"class_list":["post-1116","page","type-page","status-publish","hentry"],"acf":[],"_links":{"self":[{"href":"https:\/\/ffyh.unc.edu.ar\/escritores-de-cordoba\/wp-json\/wp\/v2\/pages\/1116","targetHints":{"allow":["GET"]}}],"collection":[{"href":"https:\/\/ffyh.unc.edu.ar\/escritores-de-cordoba\/wp-json\/wp\/v2\/pages"}],"about":[{"href":"https:\/\/ffyh.unc.edu.ar\/escritores-de-cordoba\/wp-json\/wp\/v2\/types\/page"}],"author":[{"embeddable":true,"href":"https:\/\/ffyh.unc.edu.ar\/escritores-de-cordoba\/wp-json\/wp\/v2\/users\/2"}],"replies":[{"embeddable":true,"href":"https:\/\/ffyh.unc.edu.ar\/escritores-de-cordoba\/wp-json\/wp\/v2\/comments?post=1116"}],"version-history":[{"count":1,"href":"https:\/\/ffyh.unc.edu.ar\/escritores-de-cordoba\/wp-json\/wp\/v2\/pages\/1116\/revisions"}],"predecessor-version":[{"id":1123,"href":"https:\/\/ffyh.unc.edu.ar\/escritores-de-cordoba\/wp-json\/wp\/v2\/pages\/1116\/revisions\/1123"}],"up":[{"embeddable":true,"href":"https:\/\/ffyh.unc.edu.ar\/escritores-de-cordoba\/wp-json\/wp\/v2\/pages\/1107"}],"wp:attachment":[{"href":"https:\/\/ffyh.unc.edu.ar\/escritores-de-cordoba\/wp-json\/wp\/v2\/media?parent=1116"}],"curies":[{"name":"wp","href":"https:\/\/api.w.org\/{rel}","templated":true}]}}