{"id":1133,"date":"2023-05-10T15:22:17","date_gmt":"2023-05-10T15:22:17","guid":{"rendered":"https:\/\/ffyh.unc.edu.ar\/escritores-de-cordoba\/?page_id=1133"},"modified":"2023-05-10T15:22:17","modified_gmt":"2023-05-10T15:22:17","slug":"esquema-del-contenido","status":"publish","type":"page","link":"https:\/\/ffyh.unc.edu.ar\/escritores-de-cordoba\/esquema-del-contenido\/","title":{"rendered":"ESQUEMA DEL CONTENIDO"},"content":{"rendered":"<p>Al ingresar a esta p\u00e1gina, el usuario puede elegir entre dos itinerarios a realizar seg\u00fan su inter\u00e9s:<\/p>\n<h3>a-\u00a0\u00a0\u00a0\u00a0\u00a0 La Literatura de C\u00f3rdoba.<\/h3>\n<p>Se trata de un <a href=\"https:\/\/ffyh.unc.edu.ar\/escritores-de-cordoba\/guia-por-nuestra-literatura\/\">cuerpo bibliogr\u00e1fico general con contenidos espec\u00edficos con y sobre la producci\u00f3n literaria de C\u00f3rdoba del Siglo XX<\/a>, que impacta a grupos y a momentos de la historia, no a individualidades.<\/p>\n<p>El material est\u00e1 organizado en siete \u00edtems:<\/p>\n<p>1-Generalidades sobre la producci\u00f3n literaria local<\/p>\n<p>2-Cat\u00e1logos y relevamientos<\/p>\n<p>3-Consideraciones te\u00f3ricas sobre la Regi\u00f3n, la regi\u00f3n literaria y C\u00f3rdoba como regi\u00f3n.<\/p>\n<p>4-Lengua y Habla en C\u00f3rdoba<\/p>\n<p>5-Teatro<\/p>\n<p>6- P\u00e1ginas web con referencias literarias<\/p>\n<p>7- Historia y geograf\u00eda de la provincia, con mirada cultural.<\/p>\n<p><em>La informaci\u00f3n de cada t\u00edtulo se completa con el sitio donde esa obra se puede encontrar, ya sea una biblioteca UNCba.,\u00a0 y\/o un sitio virtual.<\/em><\/p>\n<h3>b-\u00a0\u00a0\u00a0\u00a0\u00a0 Los autores<\/h3>\n<p>Al ingresar al <a href=\"https:\/\/ffyh.unc.edu.ar\/escritores-de-cordoba\/guia-de-autores-cordobeses\/\">listado de autores cordobeses nacidos entre 1860 y 1955<\/a>, el usuario de este sitio debe elegir el nombre de alg\u00fan escritor, donde encontrar\u00e1:<\/p>\n<ol>\n<li>A) Una breve (en algunos casos, brev\u00edsima) biograf\u00eda de cada uno.<\/li>\n<li>B) El listado de su obra completa.<\/li>\n<li>C) Algunos textos de investigaci\u00f3n donde la obra es atendida o documentales relevantes para el escritor, en existencia en las bibliotecas de la UNCba., y\/o en la web.<\/li>\n<li>D) Sitio web o blog del autor, si lo hubiera.<\/li>\n<\/ol>\n<p>La bibliograf\u00eda (B y C) se completa con links que indican la existencia del material y su disponibilidad de los textos en las diferentes bibliotecas de la UNCba. (en especial la Biblioteca Mayor, la de Filosof\u00eda y Humanidades, la de Lenguas, la del Colegio Monserrat, la del Manuel Belgrano).<\/p>\n","protected":false},"excerpt":{"rendered":"<p>Al ingresar a esta p\u00e1gina, el usuario puede elegir entre dos itinerarios a realizar seg\u00fan su inter\u00e9s: a-\u00a0\u00a0\u00a0\u00a0\u00a0 La Literatura<\/p>\n","protected":false},"author":2,"featured_media":0,"parent":0,"menu_order":0,"comment_status":"closed","ping_status":"closed","template":"","meta":{"_acf_changed":false,"colormag_page_container_layout":"default_layout","colormag_page_sidebar_layout":"default_layout","footnotes":""},"class_list":["post-1133","page","type-page","status-publish","hentry"],"acf":[],"_links":{"self":[{"href":"https:\/\/ffyh.unc.edu.ar\/escritores-de-cordoba\/wp-json\/wp\/v2\/pages\/1133","targetHints":{"allow":["GET"]}}],"collection":[{"href":"https:\/\/ffyh.unc.edu.ar\/escritores-de-cordoba\/wp-json\/wp\/v2\/pages"}],"about":[{"href":"https:\/\/ffyh.unc.edu.ar\/escritores-de-cordoba\/wp-json\/wp\/v2\/types\/page"}],"author":[{"embeddable":true,"href":"https:\/\/ffyh.unc.edu.ar\/escritores-de-cordoba\/wp-json\/wp\/v2\/users\/2"}],"replies":[{"embeddable":true,"href":"https:\/\/ffyh.unc.edu.ar\/escritores-de-cordoba\/wp-json\/wp\/v2\/comments?post=1133"}],"version-history":[{"count":1,"href":"https:\/\/ffyh.unc.edu.ar\/escritores-de-cordoba\/wp-json\/wp\/v2\/pages\/1133\/revisions"}],"predecessor-version":[{"id":1134,"href":"https:\/\/ffyh.unc.edu.ar\/escritores-de-cordoba\/wp-json\/wp\/v2\/pages\/1133\/revisions\/1134"}],"wp:attachment":[{"href":"https:\/\/ffyh.unc.edu.ar\/escritores-de-cordoba\/wp-json\/wp\/v2\/media?parent=1133"}],"curies":[{"name":"wp","href":"https:\/\/api.w.org\/{rel}","templated":true}]}}