{"id":115,"date":"2021-10-12T14:06:31","date_gmt":"2021-10-12T14:06:31","guid":{"rendered":"https:\/\/ffyh.unc.edu.ar\/escritores-de-cordoba\/?page_id=115"},"modified":"2026-04-22T13:23:40","modified_gmt":"2026-04-22T13:23:40","slug":"aguad-susana","status":"publish","type":"page","link":"https:\/\/ffyh.unc.edu.ar\/escritores-de-cordoba\/guia-de-autores-cordobeses\/a\/aguad-susana\/","title":{"rendered":"Aguad, Susana"},"content":{"rendered":"<p>Naci\u00f3 en Villa Tulumba (Dpto. Tulumba), en el a\u00f1o 1944. Egres\u00f3 de la Facultad de Derecho, UNCba., como abogada. Milit\u00f3 en el Partido Comunista hasta 1968.<\/p>\n<p>Su inicio en las letras data de 1970, cuando publica con la gente de \u201cEl Taller del Escritor\u201d, (entre ellos, Daniel Moyano)\u00a0<em>Memorias de peque\u00f1os hombres<\/em>. Particip\u00f3 de la formaci\u00f3n del Partido Comunista Revolucionario, y ejerce como abogada de los sindicatos clasistas y combativos donde ese partido ten\u00eda inserci\u00f3n gremial, particularmente en el SMATA de C\u00f3rdoba. Comprometida en la defensa de presos pol\u00edticos, para quienes presentaba los\u00a0<em>habeas corpus<\/em>\u00a0sin distinci\u00f3n de pertenencia, se gan\u00f3 el respeto de amplios sectores de la vida pol\u00edtica cordobesa. En 1969, embarazada, estuvo seis meses detenida durante \u201cEl Cordobazo\u201d. Entre 1974 y 1976 es detenida nuevamente (en Devoto) y poco antes del golpe de estado, parte a un exilio de ocho a\u00f1os en Francia. Instalada en Paris, trabaj\u00f3 en la MRAP, movimiento franc\u00e9s contra el racismo, el antisemitismo y por la amistad entre los pueblos. Al regresar al pa\u00eds en 1984, se radic\u00f3 en Buenos Aires, se integr\u00f3 a la flamante CONADEP y particip\u00f3 en la elaboraci\u00f3n del informe \u201cNunca M\u00e1s\u201d.<\/p>\n<p>Ejerci\u00f3 como docente de ense\u00f1anza media. Desarroll\u00f3 una importante y fecunda carrera literaria como narradora. Obtuvo numerosos premios y distinciones por su obra. Sus cuentos est\u00e1n en antolog\u00edas internacionales. Falleci\u00f3 en Buenos Aires, el 9 de junio de 2018.<\/p>\n<h3>Publicaciones<\/h3>\n<ul>\n<li><em>Mundo peligroso<\/em>, 1989 \u2013cuentos-;<\/li>\n<li><em>Herrumbre y oro<\/em>, 1992;<\/li>\n<li><em>Detr\u00e1s del muro<\/em>, 1999;<\/li>\n<li><em>Extra\u00f1a Europa<\/em>, -cuentos- 2002;<\/li>\n<li><em>Ayer<\/em>, 2006;<\/li>\n<li><em>Jard\u00edn nocturno<\/em>, 2008;<\/li>\n<li><em>Infidelidad<\/em>, 2012;<\/li>\n<li><em>Los n\u00e1ufragos<\/em>, 2015;<\/li>\n<li><em>El cruce del salado<\/em>, 2016;<\/li>\n<li><em>Lejana y oscura<\/em>, 2023.<\/li>\n<\/ul>\n<p>&nbsp;<\/p>\n<p><img loading=\"lazy\" decoding=\"async\" class=\"alignnone size-full wp-image-1923\" src=\"http:\/\/ffyh.unc.edu.ar\/escritores-de-cordoba\/wp-content\/uploads\/sites\/43\/2025\/01\/aguad-ayer.png\" alt=\"\" width=\"179\" height=\"282\" \/> <img loading=\"lazy\" decoding=\"async\" class=\"alignnone size-medium wp-image-1924\" src=\"http:\/\/ffyh.unc.edu.ar\/escritores-de-cordoba\/wp-content\/uploads\/sites\/43\/2025\/01\/aguad-detras-del-muro.png\" alt=\"\" width=\"180\" height=\"280\" \/> <img loading=\"lazy\" decoding=\"async\" class=\"alignnone  wp-image-1925\" src=\"http:\/\/ffyh.unc.edu.ar\/escritores-de-cordoba\/wp-content\/uploads\/sites\/43\/2025\/01\/aguad-infidelidad-194x300.png\" alt=\"\" width=\"180\" height=\"278\" srcset=\"https:\/\/ffyh.unc.edu.ar\/escritores-de-cordoba\/wp-content\/uploads\/sites\/43\/2025\/01\/aguad-infidelidad-194x300.png 194w, https:\/\/ffyh.unc.edu.ar\/escritores-de-cordoba\/wp-content\/uploads\/sites\/43\/2025\/01\/aguad-infidelidad.png 264w\" sizes=\"auto, (max-width: 180px) 100vw, 180px\" \/> <img loading=\"lazy\" decoding=\"async\" class=\"alignnone  wp-image-1926\" src=\"http:\/\/ffyh.unc.edu.ar\/escritores-de-cordoba\/wp-content\/uploads\/sites\/43\/2025\/01\/aguad-lejana-y-oscura-195x300.png\" alt=\"\" width=\"181\" height=\"278\" srcset=\"https:\/\/ffyh.unc.edu.ar\/escritores-de-cordoba\/wp-content\/uploads\/sites\/43\/2025\/01\/aguad-lejana-y-oscura-195x300.png 195w, https:\/\/ffyh.unc.edu.ar\/escritores-de-cordoba\/wp-content\/uploads\/sites\/43\/2025\/01\/aguad-lejana-y-oscura.png 342w\" sizes=\"auto, (max-width: 181px) 100vw, 181px\" \/> <img loading=\"lazy\" decoding=\"async\" class=\"alignnone size-medium wp-image-1927\" src=\"http:\/\/ffyh.unc.edu.ar\/escritores-de-cordoba\/wp-content\/uploads\/sites\/43\/2025\/01\/aguad-naufragos.png\" alt=\"\" width=\"180\" height=\"280\" \/> <img loading=\"lazy\" decoding=\"async\" class=\"alignnone size-medium wp-image-1928\" src=\"http:\/\/ffyh.unc.edu.ar\/escritores-de-cordoba\/wp-content\/uploads\/sites\/43\/2025\/01\/aguad-salado-169x300.png\" alt=\"\" width=\"169\" height=\"300\" srcset=\"https:\/\/ffyh.unc.edu.ar\/escritores-de-cordoba\/wp-content\/uploads\/sites\/43\/2025\/01\/aguad-salado-169x300.png 169w, https:\/\/ffyh.unc.edu.ar\/escritores-de-cordoba\/wp-content\/uploads\/sites\/43\/2025\/01\/aguad-salado.png 551w\" sizes=\"auto, (max-width: 169px) 100vw, 169px\" \/><\/p>\n<p><strong>Bibliograf\u00eda<\/strong><\/p>\n<p>Chas, Susana:\u00a0<a href=\"https:\/\/catalogo.biblio.unc.edu.ar\/Search\/Results?lookfor=las+nuestras.+entrevista+con+9+novelistas&amp;type=Title&amp;limit=20&amp;sort=relevance\"><em>Las nuestras. Entrevistas a nueve novelistas de C\u00f3rdoba<\/em><\/a>. C\u00f3rdoba. Marcos Lerner Editora, 1994.<br \/>\n&#8212;&#8212;&#8212;&#8212;: <a href=\"https:\/\/catalogo.biblio.unc.edu.ar\/Search\/Results?lookfor=Los+que+pintan+la+Aldea+II+panorama+general+de+la+novela+en+C%C3%B3rdoba&amp;type=Title&amp;limit=20&amp;sort=relevance\"><em>Los que pintan la aldea II<\/em><\/a>. Villa Mar\u00eda, Eduvim, 2011.<\/p>\n<p style=\"text-align: right\"><a href=\"https:\/\/ffyh.unc.edu.ar\/escritores-de-cordoba\/guia-de-autores-cordobeses\/a\/\">volver<\/a><\/p>\n","protected":false},"excerpt":{"rendered":"<p>Naci\u00f3 en Villa Tulumba (Dpto. Tulumba), en el a\u00f1o 1944. Egres\u00f3 de la Facultad de Derecho, UNCba., como abogada. Milit\u00f3<\/p>\n","protected":false},"author":2,"featured_media":0,"parent":16,"menu_order":0,"comment_status":"closed","ping_status":"closed","template":"","meta":{"_acf_changed":false,"colormag_page_container_layout":"default_layout","colormag_page_sidebar_layout":"default_layout","footnotes":""},"class_list":["post-115","page","type-page","status-publish","hentry"],"acf":[],"_links":{"self":[{"href":"https:\/\/ffyh.unc.edu.ar\/escritores-de-cordoba\/wp-json\/wp\/v2\/pages\/115","targetHints":{"allow":["GET"]}}],"collection":[{"href":"https:\/\/ffyh.unc.edu.ar\/escritores-de-cordoba\/wp-json\/wp\/v2\/pages"}],"about":[{"href":"https:\/\/ffyh.unc.edu.ar\/escritores-de-cordoba\/wp-json\/wp\/v2\/types\/page"}],"author":[{"embeddable":true,"href":"https:\/\/ffyh.unc.edu.ar\/escritores-de-cordoba\/wp-json\/wp\/v2\/users\/2"}],"replies":[{"embeddable":true,"href":"https:\/\/ffyh.unc.edu.ar\/escritores-de-cordoba\/wp-json\/wp\/v2\/comments?post=115"}],"version-history":[{"count":9,"href":"https:\/\/ffyh.unc.edu.ar\/escritores-de-cordoba\/wp-json\/wp\/v2\/pages\/115\/revisions"}],"predecessor-version":[{"id":3124,"href":"https:\/\/ffyh.unc.edu.ar\/escritores-de-cordoba\/wp-json\/wp\/v2\/pages\/115\/revisions\/3124"}],"up":[{"embeddable":true,"href":"https:\/\/ffyh.unc.edu.ar\/escritores-de-cordoba\/wp-json\/wp\/v2\/pages\/16"}],"wp:attachment":[{"href":"https:\/\/ffyh.unc.edu.ar\/escritores-de-cordoba\/wp-json\/wp\/v2\/media?parent=115"}],"curies":[{"name":"wp","href":"https:\/\/api.w.org\/{rel}","templated":true}]}}