{"id":117,"date":"2021-10-12T14:07:41","date_gmt":"2021-10-12T14:07:41","guid":{"rendered":"https:\/\/ffyh.unc.edu.ar\/escritores-de-cordoba\/?page_id=117"},"modified":"2025-01-15T12:02:28","modified_gmt":"2025-01-15T12:02:28","slug":"aguinis-marcos","status":"publish","type":"page","link":"https:\/\/ffyh.unc.edu.ar\/escritores-de-cordoba\/guia-de-autores-cordobeses\/a\/aguinis-marcos\/","title":{"rendered":"Aguinis, Marcos"},"content":{"rendered":"<p>Naci\u00f3 en C\u00f3rdoba el 13 de enero de 1935. Estudi\u00f3 en la Facultad de Medicina de la UNC, especializ\u00e1ndose primero en Neurocirug\u00eda y luego en Psicoan\u00e1lisis. Residi\u00f3 poco m\u00e1s de una d\u00e9cada en R\u00edo Cuarto y ejerci\u00f3 la medicina. Fue Secretario de Cultura durante el gobierno de Alfons\u00edn, en el marco del cual crea el PRONDEC (Programa Nacional de Democratizaci\u00f3n de la cultura). Recibi\u00f3 numerosos premios, entre los cuales detallamos: el premio Plantea 1970 por su novela\u00a0<em>La cruz invertida<\/em>, el Premio Fernando Jeno de M\u00e9xico en 1984; el Premio\u00a0<em>Chevaliers des<\/em>\u00a0<em>lettres et des<\/em><em>\u00a0arts<\/em>\u00a0del Gobierno de Francia en 1988, fue Gran Premio Honor de la SADE de 1995 otorgado por la \u00abtotalidad de su obra\u00bb, Premio Nacional de Novela, Cuento y Relato. Producci\u00f3n 1991-1994 de la Secretar\u00eda de Cultura de la Naci\u00f3n, Argentina, 1997.<\/p>\n<h3>Publicaciones<\/h3>\n<ul>\n<li><em>Maim\u00f3nides, un sabio de avanzada<\/em>, 1963;<\/li>\n<li><a href=\"http:\/\/ffyh.biblio.unc.edu.ar\/\/cgi-bin\/koha\/opac-detail.pl?biblionumber=89277\"><em>Refugiados<\/em><\/a>, 1969;<\/li>\n<li><a href=\"https:\/\/catalogo.biblio.unc.edu.ar\/Search\/Results?lookfor=La+cruz+invertida&amp;type=AllFields&amp;filter%5B%5D=topic_facet%3A%22Literatura+Argentina%22&amp;limit=20&amp;sort=relevance\"><em>La cruz invertida<\/em><\/a>, 1970;<\/li>\n<li><a href=\"https:\/\/catalogo.biblio.unc.edu.ar\/Search\/Results?lookfor=La+gesta+del+marrano&amp;type=AllFields&amp;filter%5B%5D=topic_facet%3A%22Literatura+Argentina%22&amp;limit=20&amp;sort=relevance\"><em>La gesta del marrano<\/em><\/a>, 1972;<\/li>\n<li><em>Cantata de los diablos<\/em>, 1972;<\/li>\n<li><em><a href=\"http:\/\/ffyh.biblio.unc.edu.ar\/\/cgi-bin\/koha\/opac-detail.pl?biblionumber=6476\">Brown<\/a>,\u00a0<\/em>1977;<\/li>\n<li><em>Operativo siesta<\/em>, 1977;<\/li>\n<li>El\u00a0<em>combate perpetuo,\u00a0<\/em>1981;<\/li>\n<li><em>Carta esperanzada a un general: puente sobre el abismo<\/em>, 1983;<\/li>\n<li><em>El valor de escribir<\/em>, 1985;<\/li>\n<li><em>La conspiraci\u00f3n de los idiotas<\/em>, 1986;<\/li>\n<li><em>Y la rama llena de frutos: Todos los cuentos<\/em>, 1986;<\/li>\n<li><em>Un pa\u00eds de novela: viaje hacia la mentalidad de los argentinos<\/em>, 1988;<\/li>\n<li><em>Profanaci\u00f3n del amor<\/em>, 1989;<\/li>\n<li><em>Memoria de una siembra: utop\u00eda y pr\u00e1ctica del PRONDEC (programa nacional de democratizaci\u00f3n de la cultura),\u00a0<\/em>1990;<\/li>\n<li><em>Elogio de la Culpa<\/em>, 1993;<\/li>\n<li><em>Importancia por contacto<\/em>, 1993;<\/li>\n<li><em>Todos los cuentos<\/em>, 1995;<\/li>\n<li><em>Di\u00e1logos sobre la Argentina y el fin del Milenio<\/em>, 1996;<\/li>\n<li><em>Nueva carta esperanzada a un general<\/em>, 1996;<\/li>\n<li><em>Di\u00e1logos sobre la Argentina y el fin de milenio<\/em> (con Monse\u00f1or Laguna), 1996;<\/li>\n<li><em>La matriz del infierno<\/em>, 1997;<\/li>\n<li><em>Nuevos di\u00e1logos<\/em>, 1998;<\/li>\n<li><em>Los iluminados<\/em>, 2000;<\/li>\n<li><em>Las dudas y las certezas<\/em>, 2001;<\/li>\n<li><em>El atroz encanto de ser argentinos<\/em>, 2001, 2007;<\/li>\n<li><em>Asalto al para\u00edso<\/em>, 2002;<\/li>\n<li><em>Las redes del odio<\/em>, 2003;<\/li>\n<li><em>Qu\u00e9 hacer? Bases para el renacimiento argentino<\/em> , 2005;<\/li>\n<li><em>La pasi\u00f3n seg\u00fan Carmela<\/em>, 2008;<\/li>\n<li><em>Liova corre hacia el poder<\/em>, 2011;<\/li>\n<li><em>Incendio de ideas<\/em>, 2014;<\/li>\n<li><em>La furia de Evita<\/em>, 2013;<\/li>\n<li><em>La novela de mi vida<\/em>, 2016, (autobiograf\u00eda);<\/li>\n<li><em>Elogio del placer,\u00a0<\/em>2011;<\/li>\n<li><em>Pobre patria m\u00eda<\/em>, 2012.<\/li>\n<\/ul>\n<p><img loading=\"lazy\" decoding=\"async\" class=\"alignnone size-medium wp-image-1869\" src=\"http:\/\/ffyh.unc.edu.ar\/escritores-de-cordoba\/wp-content\/uploads\/sites\/43\/2025\/01\/marcos-aguinis-la-gesta-del-marrano-1-e1735840873168-204x300.jpg\" alt=\"\" width=\"204\" height=\"300\" srcset=\"https:\/\/ffyh.unc.edu.ar\/escritores-de-cordoba\/wp-content\/uploads\/sites\/43\/2025\/01\/marcos-aguinis-la-gesta-del-marrano-1-e1735840873168-204x300.jpg 204w, https:\/\/ffyh.unc.edu.ar\/escritores-de-cordoba\/wp-content\/uploads\/sites\/43\/2025\/01\/marcos-aguinis-la-gesta-del-marrano-1-e1735840873168-697x1024.jpg 697w, https:\/\/ffyh.unc.edu.ar\/escritores-de-cordoba\/wp-content\/uploads\/sites\/43\/2025\/01\/marcos-aguinis-la-gesta-del-marrano-1-e1735840873168-768x1129.jpg 768w, https:\/\/ffyh.unc.edu.ar\/escritores-de-cordoba\/wp-content\/uploads\/sites\/43\/2025\/01\/marcos-aguinis-la-gesta-del-marrano-1-e1735840873168.jpg 965w\" sizes=\"auto, (max-width: 204px) 100vw, 204px\" \/><img loading=\"lazy\" decoding=\"async\" class=\"alignnone size-medium wp-image-1871\" src=\"http:\/\/ffyh.unc.edu.ar\/escritores-de-cordoba\/wp-content\/uploads\/sites\/43\/2025\/01\/marcos-aguinis-un-pais-de-novela-e1735840831659-189x300.jpg\" alt=\"\" width=\"189\" height=\"300\" srcset=\"https:\/\/ffyh.unc.edu.ar\/escritores-de-cordoba\/wp-content\/uploads\/sites\/43\/2025\/01\/marcos-aguinis-un-pais-de-novela-e1735840831659-189x300.jpg 189w, https:\/\/ffyh.unc.edu.ar\/escritores-de-cordoba\/wp-content\/uploads\/sites\/43\/2025\/01\/marcos-aguinis-un-pais-de-novela-e1735840831659-645x1024.jpg 645w, https:\/\/ffyh.unc.edu.ar\/escritores-de-cordoba\/wp-content\/uploads\/sites\/43\/2025\/01\/marcos-aguinis-un-pais-de-novela-e1735840831659-768x1220.jpg 768w, https:\/\/ffyh.unc.edu.ar\/escritores-de-cordoba\/wp-content\/uploads\/sites\/43\/2025\/01\/marcos-aguinis-un-pais-de-novela-e1735840831659.jpg 960w\" sizes=\"auto, (max-width: 189px) 100vw, 189px\" \/><img loading=\"lazy\" decoding=\"async\" class=\"alignnone size-medium wp-image-1870\" src=\"http:\/\/ffyh.unc.edu.ar\/escritores-de-cordoba\/wp-content\/uploads\/sites\/43\/2025\/01\/marcos-aguinis-todos-los-cuentos-e1735840851898-184x300.jpg\" alt=\"\" width=\"184\" height=\"300\" srcset=\"https:\/\/ffyh.unc.edu.ar\/escritores-de-cordoba\/wp-content\/uploads\/sites\/43\/2025\/01\/marcos-aguinis-todos-los-cuentos-e1735840851898-184x300.jpg 184w, https:\/\/ffyh.unc.edu.ar\/escritores-de-cordoba\/wp-content\/uploads\/sites\/43\/2025\/01\/marcos-aguinis-todos-los-cuentos-e1735840851898-627x1024.jpg 627w, https:\/\/ffyh.unc.edu.ar\/escritores-de-cordoba\/wp-content\/uploads\/sites\/43\/2025\/01\/marcos-aguinis-todos-los-cuentos-e1735840851898-768x1255.jpg 768w, https:\/\/ffyh.unc.edu.ar\/escritores-de-cordoba\/wp-content\/uploads\/sites\/43\/2025\/01\/marcos-aguinis-todos-los-cuentos-e1735840851898.jpg 909w\" sizes=\"auto, (max-width: 184px) 100vw, 184px\" \/><img loading=\"lazy\" decoding=\"async\" class=\"alignnone size-medium wp-image-2432\" src=\"http:\/\/ffyh.unc.edu.ar\/escritores-de-cordoba\/wp-content\/uploads\/sites\/43\/2025\/01\/aguinis-11-e1736942523441-196x300.jpg\" alt=\"\" width=\"196\" height=\"300\" srcset=\"https:\/\/ffyh.unc.edu.ar\/escritores-de-cordoba\/wp-content\/uploads\/sites\/43\/2025\/01\/aguinis-11-e1736942523441-196x300.jpg 196w, https:\/\/ffyh.unc.edu.ar\/escritores-de-cordoba\/wp-content\/uploads\/sites\/43\/2025\/01\/aguinis-11-e1736942523441.jpg 641w\" sizes=\"auto, (max-width: 196px) 100vw, 196px\" \/><\/p>\n<h3><strong>Bibliograf\u00eda<\/strong><\/h3>\n<p>Arancibia, Juana Alcira (editora):\u00a0<em>La gesta literaria de Marcos Aguinis. Ensayos cr\u00edticos<\/em>. San Jos\u00e9 de Costa Rica, Ediciones Perro Azul, 1998. Colecci\u00f3n Estudios Hisp\u00e1nicos, V.4.\u00a0 En este volumen, el \u00faltimo de los trabajos corresponde a Ileana Aguinis, y es una muy detallada rese\u00f1a bio-bibliogr\u00e1fica del autor.<\/p>\n<p>Mosello, Fabi\u00e1n:\u00a0<em>Literatura ideolog\u00eda y sociedad en\u00a0La gesta del marrano, de Marcos Aguinis<\/em>. C\u00f3rdoba, Eduvim, 2009.<\/p>\n<p style=\"text-align: right\"><a href=\"https:\/\/ffyh.unc.edu.ar\/escritores-de-cordoba\/guia-de-autores-cordobeses\/a\/\">volver<\/a><\/p>\n","protected":false},"excerpt":{"rendered":"<p>Naci\u00f3 en C\u00f3rdoba el 13 de enero de 1935. Estudi\u00f3 en la Facultad de Medicina de la UNC, especializ\u00e1ndose primero<\/p>\n","protected":false},"author":2,"featured_media":0,"parent":16,"menu_order":0,"comment_status":"closed","ping_status":"closed","template":"","meta":{"_acf_changed":false,"colormag_page_container_layout":"default_layout","colormag_page_sidebar_layout":"default_layout","footnotes":""},"class_list":["post-117","page","type-page","status-publish","hentry"],"acf":[],"_links":{"self":[{"href":"https:\/\/ffyh.unc.edu.ar\/escritores-de-cordoba\/wp-json\/wp\/v2\/pages\/117","targetHints":{"allow":["GET"]}}],"collection":[{"href":"https:\/\/ffyh.unc.edu.ar\/escritores-de-cordoba\/wp-json\/wp\/v2\/pages"}],"about":[{"href":"https:\/\/ffyh.unc.edu.ar\/escritores-de-cordoba\/wp-json\/wp\/v2\/types\/page"}],"author":[{"embeddable":true,"href":"https:\/\/ffyh.unc.edu.ar\/escritores-de-cordoba\/wp-json\/wp\/v2\/users\/2"}],"replies":[{"embeddable":true,"href":"https:\/\/ffyh.unc.edu.ar\/escritores-de-cordoba\/wp-json\/wp\/v2\/comments?post=117"}],"version-history":[{"count":6,"href":"https:\/\/ffyh.unc.edu.ar\/escritores-de-cordoba\/wp-json\/wp\/v2\/pages\/117\/revisions"}],"predecessor-version":[{"id":2433,"href":"https:\/\/ffyh.unc.edu.ar\/escritores-de-cordoba\/wp-json\/wp\/v2\/pages\/117\/revisions\/2433"}],"up":[{"embeddable":true,"href":"https:\/\/ffyh.unc.edu.ar\/escritores-de-cordoba\/wp-json\/wp\/v2\/pages\/16"}],"wp:attachment":[{"href":"https:\/\/ffyh.unc.edu.ar\/escritores-de-cordoba\/wp-json\/wp\/v2\/media?parent=117"}],"curies":[{"name":"wp","href":"https:\/\/api.w.org\/{rel}","templated":true}]}}