{"id":121,"date":"2021-10-12T14:09:08","date_gmt":"2021-10-12T14:09:08","guid":{"rendered":"https:\/\/ffyh.unc.edu.ar\/escritores-de-cordoba\/?page_id=121"},"modified":"2025-01-24T12:57:50","modified_gmt":"2025-01-24T12:57:50","slug":"ahumada-juan-antonio","status":"publish","type":"page","link":"https:\/\/ffyh.unc.edu.ar\/escritores-de-cordoba\/guia-de-autores-cordobeses\/a\/ahumada-juan-antonio\/","title":{"rendered":"Ahumada, Juan Antonio"},"content":{"rendered":"<p>Naci\u00f3 en C\u00f3rdoba en el a\u00f1o 1900. Hizo la carrera de Filosof\u00eda. Ejerci\u00f3 como profesor del Colegio Monserrat y de la Facultad de Filosof\u00eda y Humanidades, UNCba.<\/p>\n<p>En 1970 recibi\u00f3 un premio por su creaci\u00f3n, reconocimiento de la Municipalidad de C\u00f3rdoba, y la medalla de oro en los Juegos Florales organizados por la Universidad Nacional de C\u00f3rdoba. Fue invitado por la Universidad de Salamanca a difundir su obra en 1954. Se desempe\u00f1\u00f3 tambi\u00e9n como docente por concurso en la c\u00e1tedra de Est\u00e9tica en la Escuela de Filosof\u00eda, de la Fac. de Filosof\u00eda y Humanidades (UNCba.), desde 1948.<\/p>\n<h3>Publicaciones<\/h3>\n<ul>\n<li><em>Canci\u00f3n del amor serrano<\/em>, 1933;<\/li>\n<li><em>Psicopolis, poemas<\/em>. 1938;<\/li>\n<li><em>La anunciaci\u00f3n<\/em>, 1944;<\/li>\n<li><em>Torcaz morena,<\/em> 1950;<\/li>\n<li><em>El hombre de los ojos nuevos<\/em>, 1952, 1969, 1974;<\/li>\n<li><em>Leyenda del cresp\u00edn<\/em>, 1955, 1963;<\/li>\n<li><em>Sideralias<\/em>, 1965;<\/li>\n<li><em>Mar\u00eda evanescencia,<\/em> 1969;<\/li>\n<li><em>Estado para un alba en s\u00ed<\/em>, 1969;<\/li>\n<li><em>Fervor,\u00a0<\/em>1980.<\/li>\n<\/ul>\n<h4>Otros textos<\/h4>\n<ul>\n<li><em>Apuntes de composici\u00f3n<\/em>, 1935;<\/li>\n<li><em>Iniciaci\u00f3n literaria<\/em>, 1939, 1942;<\/li>\n<li><em>El hombre, medida de las cosas<\/em>, 1948;<\/li>\n<li><em>El arte de escribir<\/em>, 1957;<\/li>\n<li><em>Literatura preceptiva y nociones de est\u00e9tica<\/em>, 1960;<\/li>\n<li><em>Est\u00e9tica<\/em>, 1961;<\/li>\n<li><em>Mensaje de amor sanmartiniano a la juventud<\/em>, 1978;<\/li>\n<li><em>F\u00fatbol: mundo nuevo, mundo antiguo: hombros que se hermanan y manos que se estrechan<\/em>, 1978.<\/li>\n<\/ul>\n<p><img loading=\"lazy\" decoding=\"async\" class=\"alignnone size-medium wp-image-2896\" src=\"http:\/\/ffyh.unc.edu.ar\/escritores-de-cordoba\/wp-content\/uploads\/sites\/43\/2025\/01\/ahumada-10-e1737633881526-212x300.jpg\" alt=\"\" width=\"212\" height=\"300\" srcset=\"https:\/\/ffyh.unc.edu.ar\/escritores-de-cordoba\/wp-content\/uploads\/sites\/43\/2025\/01\/ahumada-10-e1737633881526-212x300.jpg 212w, https:\/\/ffyh.unc.edu.ar\/escritores-de-cordoba\/wp-content\/uploads\/sites\/43\/2025\/01\/ahumada-10-e1737633881526.jpg 641w\" sizes=\"auto, (max-width: 212px) 100vw, 212px\" \/> <img loading=\"lazy\" decoding=\"async\" class=\"alignnone size-medium wp-image-2911\" src=\"http:\/\/ffyh.unc.edu.ar\/escritores-de-cordoba\/wp-content\/uploads\/sites\/43\/2025\/01\/ahumada-2-190x300.jpg\" alt=\"\" width=\"190\" height=\"300\" srcset=\"https:\/\/ffyh.unc.edu.ar\/escritores-de-cordoba\/wp-content\/uploads\/sites\/43\/2025\/01\/ahumada-2-190x300.jpg 190w, https:\/\/ffyh.unc.edu.ar\/escritores-de-cordoba\/wp-content\/uploads\/sites\/43\/2025\/01\/ahumada-2.jpg 406w\" sizes=\"auto, (max-width: 190px) 100vw, 190px\" \/><\/p>\n<h3>Bibliograf\u00eda<\/h3>\n<ul>\n<li>Mattoni, Silvio: \u201cPromesas olvidadas\u201d, en \u201cRevista Deodoro. Gaceta de cr\u00edtica y cultura\u201d Nro. 12, setiembre 2011. Pag9.<\/li>\n<li>Nores Mart\u00ednez, Enrique:\u00a0<em>Poetas de C\u00f3rdoba<\/em>. C\u00f3rdoba, Gobierno de la Provincia, 1978.<\/li>\n<\/ul>\n<p>&nbsp;<\/p>\n<p style=\"text-align: right\"><a href=\"https:\/\/ffyh.unc.edu.ar\/escritores-de-cordoba\/guia-de-autores-cordobeses\/a\/\">volver<\/a><\/p>\n","protected":false},"excerpt":{"rendered":"<p>Naci\u00f3 en C\u00f3rdoba en el a\u00f1o 1900. Hizo la carrera de Filosof\u00eda. Ejerci\u00f3 como profesor del Colegio Monserrat y de<\/p>\n","protected":false},"author":2,"featured_media":0,"parent":16,"menu_order":0,"comment_status":"closed","ping_status":"closed","template":"","meta":{"_acf_changed":false,"colormag_page_container_layout":"default_layout","colormag_page_sidebar_layout":"default_layout","footnotes":""},"class_list":["post-121","page","type-page","status-publish","hentry"],"acf":[],"_links":{"self":[{"href":"https:\/\/ffyh.unc.edu.ar\/escritores-de-cordoba\/wp-json\/wp\/v2\/pages\/121","targetHints":{"allow":["GET"]}}],"collection":[{"href":"https:\/\/ffyh.unc.edu.ar\/escritores-de-cordoba\/wp-json\/wp\/v2\/pages"}],"about":[{"href":"https:\/\/ffyh.unc.edu.ar\/escritores-de-cordoba\/wp-json\/wp\/v2\/types\/page"}],"author":[{"embeddable":true,"href":"https:\/\/ffyh.unc.edu.ar\/escritores-de-cordoba\/wp-json\/wp\/v2\/users\/2"}],"replies":[{"embeddable":true,"href":"https:\/\/ffyh.unc.edu.ar\/escritores-de-cordoba\/wp-json\/wp\/v2\/comments?post=121"}],"version-history":[{"count":6,"href":"https:\/\/ffyh.unc.edu.ar\/escritores-de-cordoba\/wp-json\/wp\/v2\/pages\/121\/revisions"}],"predecessor-version":[{"id":2912,"href":"https:\/\/ffyh.unc.edu.ar\/escritores-de-cordoba\/wp-json\/wp\/v2\/pages\/121\/revisions\/2912"}],"up":[{"embeddable":true,"href":"https:\/\/ffyh.unc.edu.ar\/escritores-de-cordoba\/wp-json\/wp\/v2\/pages\/16"}],"wp:attachment":[{"href":"https:\/\/ffyh.unc.edu.ar\/escritores-de-cordoba\/wp-json\/wp\/v2\/media?parent=121"}],"curies":[{"name":"wp","href":"https:\/\/api.w.org\/{rel}","templated":true}]}}