{"id":123,"date":"2021-10-12T14:09:54","date_gmt":"2021-10-12T14:09:54","guid":{"rendered":"https:\/\/ffyh.unc.edu.ar\/escritores-de-cordoba\/?page_id=123"},"modified":"2025-01-03T20:49:14","modified_gmt":"2025-01-03T20:49:14","slug":"alonso-ortiz-ruben","status":"publish","type":"page","link":"https:\/\/ffyh.unc.edu.ar\/escritores-de-cordoba\/guia-de-autores-cordobeses\/a\/alonso-ortiz-ruben\/","title":{"rendered":"Alonso Ort\u00edz, Rub\u00e9n"},"content":{"rendered":"<p>Naci\u00f3 el 4 de diciembre de 1937 en San Antonio, Paraguay. Curs\u00f3 los estudios primarios en Formosa (Argentina) ya que por motivos pol\u00edticos, la familia emigr\u00f3 del pa\u00eds natal del autor. Regres\u00f3 al Paraguay para hacer los estudios secundarios en el Colegio Alem\u00e1n. Retorn\u00f3 a la Argentina para cursar la universidad en C\u00f3rdoba, donde hizo la carrera de Licenciatura y Profesorado en Letras Modernas en la Facultad de Filosof\u00eda y Humanidades de la Universidad Nacional. Permaneci\u00f3 en C\u00f3rdoba desde entonces. Ha ejercido la docencia a nivel secundario, y se desempe\u00f1\u00f3 como director de institutos terciarios en la provincia.<\/p>\n<p>Obtuvo el premio literario \u00abLeopoldo Lugones\u00bb en dos oportunidades. Sus textos fueron publicados individualmente, y tambi\u00e9n, han integrado antolog\u00edas.<\/p>\n<p>Falleci\u00f3 el 2 de junio de 2017.<\/p>\n<h3>Publicaciones<\/h3>\n<ul>\n<li><a href=\"https:\/\/catalogo.biblio.unc.edu.ar\/Search\/Results?lookfor=Alonso+Ortiz%2C+Rub%C3%A9n+cuentos+1986&amp;type=AllFields&amp;filter%5B%5D=format%3A%22Book%22\"><em>Tres cuentos<\/em><\/a>, 1971, 1996;<\/li>\n<li><em>Con la fuerza de la noche y otros cuentos<\/em>, 2004;<\/li>\n<li><em>El otro asunto<\/em>, 2008;<\/li>\n<li><em>La muerte y sus alrededores<\/em>, 2002, con Alejandro Gonz\u00e1lez Foerster y Abel D\u00edaz;<\/li>\n<li><a href=\"http:\/\/ffyh.biblio.unc.edu.ar\/\/cgi-bin\/koha\/opac-detail.pl?biblionumber=84907\"><em>El vigor de las ciudades<\/em><\/a>, 1980. En colaboraci\u00f3n con H\u00e9ctor Pedicino y Juan Croce.<\/li>\n<\/ul>\n<p>&nbsp;<\/p>\n<p><img loading=\"lazy\" decoding=\"async\" class=\"alignnone size-medium wp-image-2043\" src=\"http:\/\/ffyh.unc.edu.ar\/escritores-de-cordoba\/wp-content\/uploads\/sites\/43\/2025\/01\/alonso1-221x300.png\" alt=\"\" width=\"221\" height=\"300\" srcset=\"https:\/\/ffyh.unc.edu.ar\/escritores-de-cordoba\/wp-content\/uploads\/sites\/43\/2025\/01\/alonso1-221x300.png 221w, https:\/\/ffyh.unc.edu.ar\/escritores-de-cordoba\/wp-content\/uploads\/sites\/43\/2025\/01\/alonso1.png 481w\" sizes=\"auto, (max-width: 221px) 100vw, 221px\" \/> <img loading=\"lazy\" decoding=\"async\" class=\"alignnone size-medium wp-image-2044\" src=\"http:\/\/ffyh.unc.edu.ar\/escritores-de-cordoba\/wp-content\/uploads\/sites\/43\/2025\/01\/alonso2-185x300.png\" alt=\"\" width=\"185\" height=\"300\" srcset=\"https:\/\/ffyh.unc.edu.ar\/escritores-de-cordoba\/wp-content\/uploads\/sites\/43\/2025\/01\/alonso2-185x300.png 185w, https:\/\/ffyh.unc.edu.ar\/escritores-de-cordoba\/wp-content\/uploads\/sites\/43\/2025\/01\/alonso2.png 404w\" sizes=\"auto, (max-width: 185px) 100vw, 185px\" \/> <img loading=\"lazy\" decoding=\"async\" class=\"alignnone size-medium wp-image-2045\" src=\"http:\/\/ffyh.unc.edu.ar\/escritores-de-cordoba\/wp-content\/uploads\/sites\/43\/2025\/01\/alonso3-207x300.png\" alt=\"\" width=\"207\" height=\"300\" srcset=\"https:\/\/ffyh.unc.edu.ar\/escritores-de-cordoba\/wp-content\/uploads\/sites\/43\/2025\/01\/alonso3-207x300.png 207w, https:\/\/ffyh.unc.edu.ar\/escritores-de-cordoba\/wp-content\/uploads\/sites\/43\/2025\/01\/alonso3.png 451w\" sizes=\"auto, (max-width: 207px) 100vw, 207px\" \/> <img loading=\"lazy\" decoding=\"async\" class=\"alignnone size-medium wp-image-2048\" src=\"http:\/\/ffyh.unc.edu.ar\/escritores-de-cordoba\/wp-content\/uploads\/sites\/43\/2025\/01\/alonso41-209x300.png\" alt=\"\" width=\"209\" height=\"300\" srcset=\"https:\/\/ffyh.unc.edu.ar\/escritores-de-cordoba\/wp-content\/uploads\/sites\/43\/2025\/01\/alonso41-209x300.png 209w, https:\/\/ffyh.unc.edu.ar\/escritores-de-cordoba\/wp-content\/uploads\/sites\/43\/2025\/01\/alonso41.png 440w\" sizes=\"auto, (max-width: 209px) 100vw, 209px\" \/><\/p>\n<h3>Bibliograf\u00eda<\/h3>\n<p>Ar\u00e1n, Pampa y Barei, Silvia:<em>\u00a0\u00a0<a href=\"http:\/\/ffyh.biblio.unc.edu.ar\/\/cgi-bin\/koha\/opac-detail.pl?biblionumber=81723\">Las provincias y su literatura: C\u00f3rdoba. Antolog\u00eda<\/a><\/em>, 1985.<\/p>\n<p style=\"text-align: right\"><a href=\"https:\/\/ffyh.unc.edu.ar\/escritores-de-cordoba\/guia-de-autores-cordobeses\/a\/\">volver<\/a><\/p>\n","protected":false},"excerpt":{"rendered":"<p>Naci\u00f3 el 4 de diciembre de 1937 en San Antonio, Paraguay. Curs\u00f3 los estudios primarios en Formosa (Argentina) ya que<\/p>\n","protected":false},"author":2,"featured_media":0,"parent":16,"menu_order":0,"comment_status":"closed","ping_status":"closed","template":"","meta":{"_acf_changed":false,"colormag_page_container_layout":"default_layout","colormag_page_sidebar_layout":"default_layout","footnotes":""},"class_list":["post-123","page","type-page","status-publish","hentry"],"acf":[],"_links":{"self":[{"href":"https:\/\/ffyh.unc.edu.ar\/escritores-de-cordoba\/wp-json\/wp\/v2\/pages\/123","targetHints":{"allow":["GET"]}}],"collection":[{"href":"https:\/\/ffyh.unc.edu.ar\/escritores-de-cordoba\/wp-json\/wp\/v2\/pages"}],"about":[{"href":"https:\/\/ffyh.unc.edu.ar\/escritores-de-cordoba\/wp-json\/wp\/v2\/types\/page"}],"author":[{"embeddable":true,"href":"https:\/\/ffyh.unc.edu.ar\/escritores-de-cordoba\/wp-json\/wp\/v2\/users\/2"}],"replies":[{"embeddable":true,"href":"https:\/\/ffyh.unc.edu.ar\/escritores-de-cordoba\/wp-json\/wp\/v2\/comments?post=123"}],"version-history":[{"count":6,"href":"https:\/\/ffyh.unc.edu.ar\/escritores-de-cordoba\/wp-json\/wp\/v2\/pages\/123\/revisions"}],"predecessor-version":[{"id":2049,"href":"https:\/\/ffyh.unc.edu.ar\/escritores-de-cordoba\/wp-json\/wp\/v2\/pages\/123\/revisions\/2049"}],"up":[{"embeddable":true,"href":"https:\/\/ffyh.unc.edu.ar\/escritores-de-cordoba\/wp-json\/wp\/v2\/pages\/16"}],"wp:attachment":[{"href":"https:\/\/ffyh.unc.edu.ar\/escritores-de-cordoba\/wp-json\/wp\/v2\/media?parent=123"}],"curies":[{"name":"wp","href":"https:\/\/api.w.org\/{rel}","templated":true}]}}