{"id":125,"date":"2021-10-12T14:10:37","date_gmt":"2021-10-12T14:10:37","guid":{"rendered":"https:\/\/ffyh.unc.edu.ar\/escritores-de-cordoba\/?page_id=125"},"modified":"2025-01-15T12:03:33","modified_gmt":"2025-01-15T12:03:33","slug":"altamirano-cesar-enrique","status":"publish","type":"page","link":"https:\/\/ffyh.unc.edu.ar\/escritores-de-cordoba\/guia-de-autores-cordobeses\/a\/altamirano-cesar-enrique\/","title":{"rendered":"Altamirano, C\u00e9sar Enrique"},"content":{"rendered":"<p>Naci\u00f3 en C\u00f3rdoba en el a\u00f1o 1926, donde residi\u00f3 durante toda su vida. Fue profesor de Matem\u00e1tica e Historia.<\/p>\n<p>Su iniciaci\u00f3n en la literatura comienza a partir de un acercamiento al relato oral, y sus textos dan cuenta de lecturas de autores hispanoamericanos: Quiroga, Arguedas, Alegr\u00eda, Rulfo, Garc\u00eda M\u00e1rquez, entre otros; escritores a los que le\u00eda con pasi\u00f3n.<\/p>\n<p>Particip\u00f3 del grupo \u201cLa Ca\u00f1ada\u201d en cuyas publicaciones aparecieron muchos de sus textos.<\/p>\n<p>Obtuvo reconocimientos y premios por su obra, entre los cuales se destacan: En 1977, el Premio \u201cManuel G\u00e1lvez\u201d y el \u201cConcurso Provincial de Cuentos\u201d de R\u00edo Cuarto en 1978, en 1986; el Premio de la bienal Dupuy-Tren de Buenos Aires; en 1987, el Primer Premio \u201cLuis de Tejeda, de la Municipalidad de C\u00f3rdoba; en 1984 y 1988, el Premio de la OEA, de Washington; el Premio Publicaci\u00f3n en el XVII Concurso Latinoamericano de Cuento de la Casa de la Cultura de Puebla (M\u00e9xico); fue Faja de Honor de la Asociaci\u00f3n de Escritores de Argentina, en 1994.<\/p>\n<p>Sus textos est\u00e1n en muchas antolog\u00edas, de manera espec\u00edfica, en las del grupo \u201cLa Ca\u00f1ada\u201d.<\/p>\n<p>Falleci\u00f3 en C\u00f3rdoba en marzo del 2017.<\/p>\n<h3>Publicaciones<\/h3>\n<ul>\n<li><em>La flor de la Ca\u00f1ada,\u00a0<\/em>1992;<\/li>\n<li><em>La calle del delf\u00edn verde,\u00a0<\/em>1996.<\/li>\n<\/ul>\n<p><img loading=\"lazy\" decoding=\"async\" class=\"alignnone size-medium wp-image-2057\" src=\"http:\/\/ffyh.unc.edu.ar\/escritores-de-cordoba\/wp-content\/uploads\/sites\/43\/2025\/01\/altam-c1-199x300.png\" alt=\"\" width=\"199\" height=\"300\" srcset=\"https:\/\/ffyh.unc.edu.ar\/escritores-de-cordoba\/wp-content\/uploads\/sites\/43\/2025\/01\/altam-c1-199x300.png 199w, https:\/\/ffyh.unc.edu.ar\/escritores-de-cordoba\/wp-content\/uploads\/sites\/43\/2025\/01\/altam-c1.png 493w\" sizes=\"auto, (max-width: 199px) 100vw, 199px\" \/> <img loading=\"lazy\" decoding=\"async\" class=\"alignnone size-medium wp-image-2058\" src=\"http:\/\/ffyh.unc.edu.ar\/escritores-de-cordoba\/wp-content\/uploads\/sites\/43\/2025\/01\/altam-c2-226x300.png\" alt=\"\" width=\"226\" height=\"300\" srcset=\"https:\/\/ffyh.unc.edu.ar\/escritores-de-cordoba\/wp-content\/uploads\/sites\/43\/2025\/01\/altam-c2-226x300.png 226w, https:\/\/ffyh.unc.edu.ar\/escritores-de-cordoba\/wp-content\/uploads\/sites\/43\/2025\/01\/altam-c2.png 572w\" sizes=\"auto, (max-width: 226px) 100vw, 226px\" \/> <img loading=\"lazy\" decoding=\"async\" class=\"alignnone size-medium wp-image-2059\" src=\"http:\/\/ffyh.unc.edu.ar\/escritores-de-cordoba\/wp-content\/uploads\/sites\/43\/2025\/01\/altam-c3-207x300.png\" alt=\"\" width=\"207\" height=\"300\" srcset=\"https:\/\/ffyh.unc.edu.ar\/escritores-de-cordoba\/wp-content\/uploads\/sites\/43\/2025\/01\/altam-c3-207x300.png 207w, https:\/\/ffyh.unc.edu.ar\/escritores-de-cordoba\/wp-content\/uploads\/sites\/43\/2025\/01\/altam-c3.png 524w\" sizes=\"auto, (max-width: 207px) 100vw, 207px\" \/><img loading=\"lazy\" decoding=\"async\" class=\"alignnone size-medium wp-image-2434\" src=\"http:\/\/ffyh.unc.edu.ar\/escritores-de-cordoba\/wp-content\/uploads\/sites\/43\/2025\/01\/altamirano-5-e1736942609481-230x300.jpg\" alt=\"\" width=\"230\" height=\"300\" srcset=\"https:\/\/ffyh.unc.edu.ar\/escritores-de-cordoba\/wp-content\/uploads\/sites\/43\/2025\/01\/altamirano-5-e1736942609481-230x300.jpg 230w, https:\/\/ffyh.unc.edu.ar\/escritores-de-cordoba\/wp-content\/uploads\/sites\/43\/2025\/01\/altamirano-5-e1736942609481.jpg 641w\" sizes=\"auto, (max-width: 230px) 100vw, 230px\" \/><\/p>\n<h3>Bibliograf\u00eda<\/h3>\n<ul>\n<li>Ar\u00e1n, Pampa y Barei, Silvia:\u00a0<em>Las provincias y su literatura: C\u00f3rdoba<\/em>. Buenos Aires, Colihue, 1985.<\/li>\n<\/ul>\n<p style=\"text-align: right\"><a href=\"https:\/\/ffyh.unc.edu.ar\/escritores-de-cordoba\/guia-de-autores-cordobeses\/a\/\">volver<\/a><\/p>\n","protected":false},"excerpt":{"rendered":"<p>Naci\u00f3 en C\u00f3rdoba en el a\u00f1o 1926, donde residi\u00f3 durante toda su vida. Fue profesor de Matem\u00e1tica e Historia. Su<\/p>\n","protected":false},"author":2,"featured_media":0,"parent":16,"menu_order":0,"comment_status":"closed","ping_status":"closed","template":"","meta":{"_acf_changed":false,"colormag_page_container_layout":"default_layout","colormag_page_sidebar_layout":"default_layout","footnotes":""},"class_list":["post-125","page","type-page","status-publish","hentry"],"acf":[],"_links":{"self":[{"href":"https:\/\/ffyh.unc.edu.ar\/escritores-de-cordoba\/wp-json\/wp\/v2\/pages\/125","targetHints":{"allow":["GET"]}}],"collection":[{"href":"https:\/\/ffyh.unc.edu.ar\/escritores-de-cordoba\/wp-json\/wp\/v2\/pages"}],"about":[{"href":"https:\/\/ffyh.unc.edu.ar\/escritores-de-cordoba\/wp-json\/wp\/v2\/types\/page"}],"author":[{"embeddable":true,"href":"https:\/\/ffyh.unc.edu.ar\/escritores-de-cordoba\/wp-json\/wp\/v2\/users\/2"}],"replies":[{"embeddable":true,"href":"https:\/\/ffyh.unc.edu.ar\/escritores-de-cordoba\/wp-json\/wp\/v2\/comments?post=125"}],"version-history":[{"count":5,"href":"https:\/\/ffyh.unc.edu.ar\/escritores-de-cordoba\/wp-json\/wp\/v2\/pages\/125\/revisions"}],"predecessor-version":[{"id":2435,"href":"https:\/\/ffyh.unc.edu.ar\/escritores-de-cordoba\/wp-json\/wp\/v2\/pages\/125\/revisions\/2435"}],"up":[{"embeddable":true,"href":"https:\/\/ffyh.unc.edu.ar\/escritores-de-cordoba\/wp-json\/wp\/v2\/pages\/16"}],"wp:attachment":[{"href":"https:\/\/ffyh.unc.edu.ar\/escritores-de-cordoba\/wp-json\/wp\/v2\/media?parent=125"}],"curies":[{"name":"wp","href":"https:\/\/api.w.org\/{rel}","templated":true}]}}