{"id":127,"date":"2021-10-12T14:12:08","date_gmt":"2021-10-12T14:12:08","guid":{"rendered":"https:\/\/ffyh.unc.edu.ar\/escritores-de-cordoba\/?page_id=127"},"modified":"2022-06-15T18:50:43","modified_gmt":"2022-06-15T18:50:43","slug":"altamirano-mario-edgardo","status":"publish","type":"page","link":"https:\/\/ffyh.unc.edu.ar\/escritores-de-cordoba\/guia-de-autores-cordobeses\/a\/altamirano-mario-edgardo\/","title":{"rendered":"Altamirano, Mario Edgardo"},"content":{"rendered":"<p>Naci\u00f3 en Las Flores (Buenos Aires) el 15 de setiembre de 1943. A los 29 a\u00f1os llega a Luyaba (Dpto. San Javier), lugar de origen de su padre, y se radica definitivamente all\u00ed, donde toma contacto con el grupo de las \u201cTardes de la Biblioteca Sarmiento\u201d y con Oscar Gui\u00f1az\u00fa \u00c1lvarez, a quien apoyar\u00e1 en la organizaci\u00f3n de los Encuentros anuales de poes\u00eda. Ejerce la funci\u00f3n \u00b4p\u00fablica. Se integra a la SADE local. Algunos de sus textos fueron publicados en diarios de Buenos Aires, Mar del Plata y Villa Dolores. Recibi\u00f3 reconocimientos y premios (provinciales y nacionales) por su obra.<\/p>\n<h3>Publicaciones<\/h3>\n<ul>\n<li><em>El tr\u00e1nsito y los fuegos<\/em>, 1973<\/li>\n<li><em>Intemperie<\/em>, 1977<\/li>\n<li><em>Canto a Luyaba<\/em>, 1980<\/li>\n<li><em>Aldean\u00edas,<\/em>\u00a02016<\/li>\n<\/ul>\n<h3>Bibliograf\u00eda<\/h3>\n<ul>\n<li>Del Corro, Gaspar P\u00edo:\u00a0<em>Bibliograf\u00eda cr\u00edtica de la literatura de C\u00f3rdoba. Villa Dolores<\/em>.. Nro. 2. C\u00f3rdoba, Instituto de Literatura Argentina e Iberoamericana, 1981.<\/li>\n<\/ul>\n<p style=\"text-align: right\"><a href=\"https:\/\/ffyh.unc.edu.ar\/escritores-de-cordoba\/guia-de-autores-cordobeses\/a\/\">volver<\/a><\/p>\n","protected":false},"excerpt":{"rendered":"<p>Naci\u00f3 en Las Flores (Buenos Aires) el 15 de setiembre de 1943. A los 29 a\u00f1os llega a Luyaba (Dpto.<\/p>\n","protected":false},"author":2,"featured_media":0,"parent":16,"menu_order":0,"comment_status":"closed","ping_status":"closed","template":"","meta":{"_acf_changed":false,"colormag_page_container_layout":"default_layout","colormag_page_sidebar_layout":"default_layout","footnotes":""},"class_list":["post-127","page","type-page","status-publish","hentry"],"acf":[],"_links":{"self":[{"href":"https:\/\/ffyh.unc.edu.ar\/escritores-de-cordoba\/wp-json\/wp\/v2\/pages\/127","targetHints":{"allow":["GET"]}}],"collection":[{"href":"https:\/\/ffyh.unc.edu.ar\/escritores-de-cordoba\/wp-json\/wp\/v2\/pages"}],"about":[{"href":"https:\/\/ffyh.unc.edu.ar\/escritores-de-cordoba\/wp-json\/wp\/v2\/types\/page"}],"author":[{"embeddable":true,"href":"https:\/\/ffyh.unc.edu.ar\/escritores-de-cordoba\/wp-json\/wp\/v2\/users\/2"}],"replies":[{"embeddable":true,"href":"https:\/\/ffyh.unc.edu.ar\/escritores-de-cordoba\/wp-json\/wp\/v2\/comments?post=127"}],"version-history":[{"count":2,"href":"https:\/\/ffyh.unc.edu.ar\/escritores-de-cordoba\/wp-json\/wp\/v2\/pages\/127\/revisions"}],"predecessor-version":[{"id":712,"href":"https:\/\/ffyh.unc.edu.ar\/escritores-de-cordoba\/wp-json\/wp\/v2\/pages\/127\/revisions\/712"}],"up":[{"embeddable":true,"href":"https:\/\/ffyh.unc.edu.ar\/escritores-de-cordoba\/wp-json\/wp\/v2\/pages\/16"}],"wp:attachment":[{"href":"https:\/\/ffyh.unc.edu.ar\/escritores-de-cordoba\/wp-json\/wp\/v2\/media?parent=127"}],"curies":[{"name":"wp","href":"https:\/\/api.w.org\/{rel}","templated":true}]}}