{"id":129,"date":"2021-10-12T14:12:54","date_gmt":"2021-10-12T14:12:54","guid":{"rendered":"https:\/\/ffyh.unc.edu.ar\/escritores-de-cordoba\/?page_id=129"},"modified":"2025-01-22T12:50:19","modified_gmt":"2025-01-22T12:50:19","slug":"altamirano-rafael-mario","status":"publish","type":"page","link":"https:\/\/ffyh.unc.edu.ar\/escritores-de-cordoba\/guia-de-autores-cordobeses\/a\/altamirano-rafael-mario\/","title":{"rendered":"Altamirano, Rafael Mario"},"content":{"rendered":"<p>Naci\u00f3 en C\u00f3rdoba el 22 de julio de 1934, y a los tres a\u00f1os, se traslada a Ninalqu\u00edn (Dpto., Minas). Autodidacta. Tuvo una experiencia de trabajo muy variada: fue pe\u00f3n de minas, trabaj\u00f3 en establecimientos le\u00f1eros, de regreso a su casa, volvi\u00f3 a las tareas rurales. Comienza a escribir, conoce a Oscar Gui\u00f1az\u00fa \u00c1lvarez, y se radica en Villa Dolores. Hace contacto y participa del grupo de las \u201cTardes de la Biblioteca Sarmiento\u201d y de los Encuentros de Poetas, en cuyas antolog\u00edas y publicaciones est\u00e1n algunos de sus textos. En 1967 inicia una publicaci\u00f3n que \u00e9l mismo edita y distribuye: la revista mimeogr\u00e1fica \u201cProvincia\u201d, donde concede espacio privilegiado a lo literario (espec\u00edficamente, la poes\u00eda). La publicaci\u00f3n contin\u00faa en la actualidad, en m\u00e9rito de lo cual, ha recibido reconocimientos en M\u00e9xico y Jap\u00f3n. Ha colaborado en revistas nacionales y extranjeras, y diarios y revistas de C\u00f3rdoba, Villa Dolores, De\u00e1n Funes, Cruz del Eje, Buenos Aires, Per\u00fa, M\u00e9xico y Uruguay han publicado sus poemas. Recientemente -2015- ha sido reconocido como \u201cCiudadano Ilustre de Villa Dolores\u201d.<\/p>\n<h3>Publicaciones<\/h3>\n<ul>\n<li><em>Tierra baya, poes\u00eda<\/em>. 1964;<\/li>\n<li><em>Sabor vern\u00e1culo,<\/em> 1966;<\/li>\n<li><em>Hamor con H,<\/em> 1974;<\/li>\n<li><em>Aves de silencio,<\/em> 1983;<\/li>\n<li><em>Anhelos desvelados,<\/em> 1987;<\/li>\n<li><em>Desangelado tiempo<\/em>, 1997;<\/li>\n<li><em>Variantes de mi duende<\/em>, 1997.<\/li>\n<\/ul>\n<h3>Bibliograf\u00eda<\/h3>\n<ul>\n<li>Del Corro, Gaspar P\u00edo:\u00a0<em>Bibliograf\u00eda cr\u00edtica de la literatura de C\u00f3rdoba. Villa Dolores<\/em>.. Nro. 2. C\u00f3rdoba, Instituto de Literatura Argentina e Iberoamericana, 1981.<\/li>\n<\/ul>\n<p>&nbsp;<\/p>\n<p style=\"text-align: right\"><a href=\"https:\/\/ffyh.unc.edu.ar\/escritores-de-cordoba\/guia-de-autores-cordobeses\/a\/\">volver<\/a><\/p>\n","protected":false},"excerpt":{"rendered":"<p>Naci\u00f3 en C\u00f3rdoba el 22 de julio de 1934, y a los tres a\u00f1os, se traslada a Ninalqu\u00edn (Dpto., Minas).<\/p>\n","protected":false},"author":2,"featured_media":0,"parent":16,"menu_order":0,"comment_status":"closed","ping_status":"closed","template":"","meta":{"_acf_changed":false,"colormag_page_container_layout":"default_layout","colormag_page_sidebar_layout":"default_layout","footnotes":""},"class_list":["post-129","page","type-page","status-publish","hentry"],"acf":[],"_links":{"self":[{"href":"https:\/\/ffyh.unc.edu.ar\/escritores-de-cordoba\/wp-json\/wp\/v2\/pages\/129","targetHints":{"allow":["GET"]}}],"collection":[{"href":"https:\/\/ffyh.unc.edu.ar\/escritores-de-cordoba\/wp-json\/wp\/v2\/pages"}],"about":[{"href":"https:\/\/ffyh.unc.edu.ar\/escritores-de-cordoba\/wp-json\/wp\/v2\/types\/page"}],"author":[{"embeddable":true,"href":"https:\/\/ffyh.unc.edu.ar\/escritores-de-cordoba\/wp-json\/wp\/v2\/users\/2"}],"replies":[{"embeddable":true,"href":"https:\/\/ffyh.unc.edu.ar\/escritores-de-cordoba\/wp-json\/wp\/v2\/comments?post=129"}],"version-history":[{"count":4,"href":"https:\/\/ffyh.unc.edu.ar\/escritores-de-cordoba\/wp-json\/wp\/v2\/pages\/129\/revisions"}],"predecessor-version":[{"id":2810,"href":"https:\/\/ffyh.unc.edu.ar\/escritores-de-cordoba\/wp-json\/wp\/v2\/pages\/129\/revisions\/2810"}],"up":[{"embeddable":true,"href":"https:\/\/ffyh.unc.edu.ar\/escritores-de-cordoba\/wp-json\/wp\/v2\/pages\/16"}],"wp:attachment":[{"href":"https:\/\/ffyh.unc.edu.ar\/escritores-de-cordoba\/wp-json\/wp\/v2\/media?parent=129"}],"curies":[{"name":"wp","href":"https:\/\/api.w.org\/{rel}","templated":true}]}}