{"id":131,"date":"2021-10-12T14:13:41","date_gmt":"2021-10-12T14:13:41","guid":{"rendered":"https:\/\/ffyh.unc.edu.ar\/escritores-de-cordoba\/?page_id=131"},"modified":"2025-01-02T16:56:01","modified_gmt":"2025-01-02T16:56:01","slug":"allende-de-buffo-leonor","status":"publish","type":"page","link":"https:\/\/ffyh.unc.edu.ar\/escritores-de-cordoba\/guia-de-autores-cordobeses\/a\/allende-de-buffo-leonor\/","title":{"rendered":"Allende de Buffo, Leonor"},"content":{"rendered":"<p>Naci\u00f3 el 11 de Abril de 1883 en C\u00f3rdoba, hija de Pedro Allende y Delfina Tocaimasa.<\/p>\n<p>Fue una de las primeras mujeres en ejercer como periodista profesional en la ciudad de C\u00f3rdoba. En 1914 se casa con Guido Buffo \u2013italiano de Trevisso, radicado en C\u00f3rdoba desde 1910-. El artista ilustra las historias que Leonor crea. Vivir\u00e1n en Rosario y Buenos Aires hasta la compra del terreno en Los Quebrachitos (Unquillo)<\/p>\n<p>Hizo colaboraciones en las revistas \u201cPlus Ultra\u201d, \u201cCaras y Caretas\u201d, \u201cRiel y Fomento\u201d de Buenos Aires, y el diario \u201cLa voz del Interior\u201d de C\u00f3rdoba.<\/p>\n<p>Fallece a los 47 a\u00f1os de edad, v\u00edctima de tuberculosis, el 24 de Marzo de 1931.<\/p>\n<p>Est\u00e1n a\u00fan in\u00e9ditas sus obras\u00a0<em>El nobil\u00edsimo Se\u00f1or de Olllantaytambo pr\u00edncipe de Chim\u00fa y su amo<\/em>r; de 1916; y\u00a0<em>La llama<\/em>, de 1923.<\/p>\n<h3>Publicaciones<\/h3>\n<ul>\n<li><em>Flavio Solari,\u00a0<\/em>1907;<\/li>\n<li><em>Don Juan Zeballos<\/em>, 1912;<\/li>\n<li><em>Arquitectura maya<\/em>, 1914;<\/li>\n<li><em>El libro de los cielos,<\/em> 1942 \u2013edici\u00f3n p\u00f3stuma-;<\/li>\n<li><em>El misterio de Ur. Novela fant\u00e1stica<\/em>, 1947 \u2013edici\u00f3n p\u00f3stuma-.<\/li>\n<\/ul>\n<p>&nbsp;<\/p>\n<p style=\"text-align: right\"><a href=\"https:\/\/ffyh.unc.edu.ar\/escritores-de-cordoba\/guia-de-autores-cordobeses\/a\/\">volver<\/a><\/p>\n","protected":false},"excerpt":{"rendered":"<p>Naci\u00f3 el 11 de Abril de 1883 en C\u00f3rdoba, hija de Pedro Allende y Delfina Tocaimasa. Fue una de las<\/p>\n","protected":false},"author":2,"featured_media":0,"parent":16,"menu_order":0,"comment_status":"closed","ping_status":"closed","template":"","meta":{"_acf_changed":false,"colormag_page_container_layout":"default_layout","colormag_page_sidebar_layout":"default_layout","footnotes":""},"class_list":["post-131","page","type-page","status-publish","hentry"],"acf":[],"_links":{"self":[{"href":"https:\/\/ffyh.unc.edu.ar\/escritores-de-cordoba\/wp-json\/wp\/v2\/pages\/131","targetHints":{"allow":["GET"]}}],"collection":[{"href":"https:\/\/ffyh.unc.edu.ar\/escritores-de-cordoba\/wp-json\/wp\/v2\/pages"}],"about":[{"href":"https:\/\/ffyh.unc.edu.ar\/escritores-de-cordoba\/wp-json\/wp\/v2\/types\/page"}],"author":[{"embeddable":true,"href":"https:\/\/ffyh.unc.edu.ar\/escritores-de-cordoba\/wp-json\/wp\/v2\/users\/2"}],"replies":[{"embeddable":true,"href":"https:\/\/ffyh.unc.edu.ar\/escritores-de-cordoba\/wp-json\/wp\/v2\/comments?post=131"}],"version-history":[{"count":4,"href":"https:\/\/ffyh.unc.edu.ar\/escritores-de-cordoba\/wp-json\/wp\/v2\/pages\/131\/revisions"}],"predecessor-version":[{"id":1838,"href":"https:\/\/ffyh.unc.edu.ar\/escritores-de-cordoba\/wp-json\/wp\/v2\/pages\/131\/revisions\/1838"}],"up":[{"embeddable":true,"href":"https:\/\/ffyh.unc.edu.ar\/escritores-de-cordoba\/wp-json\/wp\/v2\/pages\/16"}],"wp:attachment":[{"href":"https:\/\/ffyh.unc.edu.ar\/escritores-de-cordoba\/wp-json\/wp\/v2\/media?parent=131"}],"curies":[{"name":"wp","href":"https:\/\/api.w.org\/{rel}","templated":true}]}}