{"id":133,"date":"2021-10-12T14:14:40","date_gmt":"2021-10-12T14:14:40","guid":{"rendered":"https:\/\/ffyh.unc.edu.ar\/escritores-de-cordoba\/?page_id=133"},"modified":"2026-04-27T13:40:05","modified_gmt":"2026-04-27T13:40:05","slug":"andruetto-maria-teresa","status":"publish","type":"page","link":"https:\/\/ffyh.unc.edu.ar\/escritores-de-cordoba\/guia-de-autores-cordobeses\/a\/andruetto-maria-teresa\/","title":{"rendered":"Andruetto, Mar\u00eda Teresa"},"content":{"rendered":"<p>Naci\u00f3 en Arroyo Cabral, C\u00f3rdoba en 1954. Actualmente reside en Cabana, Unquillo., cerca de la serran\u00eda. Estudi\u00f3 en la Universidad Nacional de C\u00f3rdoba, donde obtuvo el t\u00edtulo de Profesora y Licenciada en Letras Modernas, tambi\u00e9n estudi\u00f3 m\u00fasica en el Conservatorio y alcanz\u00f3 el t\u00edtulo de Profesora. Especialista en Literatura Infantil y Juvenil, participante del CEDILIJ desde 1985. Coordina talleres literarios. Algunos de sus escritos han aparecido en obras colectivas y en muchas antolog\u00edas. Codirige una colecci\u00f3n de narradoras argentinas en la Editorial Universitaria EDUVIM. Algunas de sus obras han sido traducidas al italiano y al portugu\u00e9s.<\/p>\n<p>Ha recibido distinciones y premios, entre ellos, se destacan una menci\u00f3n en el Concurso Latinoamericano de Cuentos para Chicos \u201cEl Pajarito Remendado\u201d organizado por Editorial Colihue de Buenos Aires en \u00a01988 por su cuento \u201c\u00a1Dale Campe\u00f3n!\u201d; el Premio Banco del Libro, Caracas, Venezuela, 1988 por el relato\u00a0<em>Huellas en la arena, el\u00a0<\/em>Premio Novela Luis Jos\u00e9 de Tejeda organizado por la Secretar\u00eda de Cultura de la Municipalidad de C\u00f3rdoba, por\u00a0<em>Tama,<\/em>\u00a01992; una Primera menci\u00f3n en el Concurso Latinoamericano de Cuentos \u201cCocor\u00ed\u201d del \u00a0Ministerio de Cultura, Juventud y Deportes de\u00a0 San Jos\u00e9 de Costa Rica, 1992, por el cuento \u201cNo es f\u00e1cil encontrar una piedra\u201d; una Beca de perfeccionamiento en Literatura infantil\/juvenil. Enero a marzo de 1993 para estudiar en la\u00a0<em>Internationale Jugendbibliothek<\/em>, de Munich, Alemania; una Menci\u00f3n en el Concurso Latinoamericano de Cuentos para Chicos \u201cUn Mill\u00f3n de Pajaritos en Vuelo\u201d organizado por la Editorial Colihue de Buenos Aires en 1993 \u00b4por el cuento \u201cUn \u00e1rbol florecido de lilas\u201d. En 1993, se le concede el Fondo Est\u00edmulo a la Actividad Editorial por el poemario\u00a0<em>Palabras al rescoldo<\/em>. Es seleccionada para integrar la lista de \u201cLos Diez Mejores\u201d (A\u00f1o 1994) de la Asociaci\u00f3n de Literatura Infantil y Juvenil de la Argentina (ALIJA) por el cuento\u00a0<em>El anillo encantado<\/em>. Tambi\u00e9n el premio White Ranvens 1994 de la\u00a0<em>Internationale Jugendbibliothek<\/em>. Munich, Alemania por el cuento \u201cEl anillo encantado\u201d. Esa obra es seleccionada como Candidato a Los Mejores Libros de Habla Castellana para Ni\u00f1os, edici\u00f3n 1996 por el Banco del Libro de Caracas, Venezuela. Nuevamente, el premio de\u00a0<em>White Ravens<\/em>\u00a01998,\u00a0<em>Internationale Jugendbibliothek<\/em>\u00a0de Munich (Alemania) por su nouvelle\u00a0<em>Stefano<\/em>.<\/p>\n<p>Su obra\u00a0<em>Stefano<\/em>\u00a0integra los Destacados de ALIJA (Asociaci\u00f3n de Literatura infantil y Juvenil Argentina) A\u00f1o 1999. Categor\u00eda: Texto, para la Feria del Libro Infantil de Buenos Aires en 1999. En 2000, es seleccionada para integrar el cat\u00e1logo de escritores e ilustradores de literatura infantil y juvenil argentina, para el Congreso de IBBY. Cartagena, Colombia; y seg\u00fan la selecci\u00f3n hecha por ALIJA (Asociaci\u00f3n de Literatura Infantil y Juvenil de la Argentina. Secci\u00f3n Nacional de IBBY). En ese mismo a\u00f1o, adem\u00e1s, Sicornio Editorial, incorpora al fondo algunos de sus textos para la colecci\u00f3n Ring Raje, que fueron sido declarados de inter\u00e9s provincial por el \u00a0Gobierno de la Provincia de C\u00f3rdoba. La autora es distinguida por su trabajo en literatura infantil\/ juvenil por el Grupo La Ronda durante la Feria del Libro de C\u00f3rdoba en el transcurso del 2000. Obtiene una Menci\u00f3n Especiela del Premio Fantas\u00eda Infantil (5ta. Edici\u00f3n) por su libro\u00a0<em>Caballito al viento<\/em>\u00a0(autor\u00eda compartida con el ilustrador Istvan, Colecci\u00f3n Fefa es as\u00ed, Ediciones Altea) otorgado por la Fundaci\u00f3n Salottiana\/Instituto Summa. Asimismo, la colecci\u00f3n \u201cFefa es as\u00ed\u201d, fue seleccionada para el cat\u00e1logo de la Fiera di Bologna, Bolonia, Italia a comienzos del 2000. Se exponen, con posterioridad a la Fiera di Bologna, en ferias del libro infantil de U.S.A., Jap\u00f3n y China. Su obra de teatro\u00a0<em>Enero<\/em>\u00a0es seleccionada para el Segundo Encuentro Nacional de Teatro Semimontado. Recibe una Menci\u00f3n de Honor en la III Bienal de Literatura \u201cJuan Beroes\u201d por el poemario\u00a0<em>Kodak<\/em>, de la Universidad de los Andes, T\u00e1chira (San Crist\u00f3bal, Venezuela) durante el a\u00f1o 2001. Al a\u00f1o siguiente, \u201cEnero\u201d es seleccionada para integrar el Ciclo de \u201cTeatro por la Identidad\u201d. Se le otorga el Premio Iberoamericano SM de Literatura Infantil y Juvenil en su V Edici\u00f3n 2010; el premio Hans Christian Andersen, otorgado por IBBY, en\u00a0 2012 y el Premio \u201cKonex\u201d de Platino a las Letras en la disciplina Literatura Infantil, organizados por la Fundaci\u00f3n Konex Argentina en 2014.<\/p>\n<h3>Publicaciones<\/h3>\n<h4>Narrativa:<\/h4>\n<ul>\n<li><em><a href=\"https:\/\/catalogo.biblio.unc.edu.ar\/Search\/Results?lookfor=Andruetto%2C+Mar%C3%ADa+Teresa++Tama&amp;type=AllFields&amp;filter%5B%5D=format%3A%22Book%22&amp;limit=20&amp;sort=relevance\">Tama<\/a>,<\/em> 1986, 2003,<\/li>\n<li><em><a href=\"https:\/\/catalogo.biblio.unc.edu.ar\/Search\/Results?lookfor=Andruetto%2C+Mar%C3%ADa+Teresa++Stefano&amp;type=AllFields&amp;filter%5B%5D=format%3A%22Book%22&amp;limit=20&amp;sort=relevance\">Stefano<\/a>.<\/em> 1997,<\/li>\n<li><em><a href=\"http:\/\/ffyh.biblio.unc.edu.ar\/\/cgi-bin\/koha\/opac-detail.pl?biblionumber=75352\">Todo movimiento es cacer\u00eda<\/a>,\u00a0<\/em>2006,<\/li>\n<li><a href=\"https:\/\/catalogo.biblio.unc.edu.ar\/Search\/Results?lookfor=Andruetto%2C+Mar%C3%ADa+Teresa+La+Mujer+en+Cuesti%C3%B3n&amp;type=AllFields&amp;filter%5B%5D=format%3A%22Book%22&amp;limit=20&amp;sort=relevance\"><em>La Mujer en Cuesti\u00f3n<\/em><\/a>, 2009,<\/li>\n<li><a href=\"https:\/\/catalogo.biblio.unc.edu.ar\/Search\/Results?lookfor=Andruetto%2C+Mar%C3%ADa+Teresa+Lengua+madre&amp;type=AllFields&amp;filter%5B%5D=format%3A%22Book%22&amp;limit=20&amp;sort=relevance\"><em>Lengua madre<\/em><\/a>, 2010,<\/li>\n<li><em><a href=\"https:\/\/catalogo.biblio.unc.edu.ar\/Search\/Results?lookfor=Andruetto%2C+Mar%C3%ADa+Teresa+Cacer%C3%ADa&amp;type=AllFields&amp;filter%5B%5D=format%3A%22Book%22&amp;limit=20&amp;sort=relevance\">Cacer\u00eda<\/a>,<\/em> 2012,<\/li>\n<li><a href=\"https:\/\/catalogo.biblio.unc.edu.ar\/Search\/Results?lookfor=Andruetto%2C+Mar%C3%ADa+Teresa+Los+Manchados&amp;type=AllFields&amp;filter%5B%5D=format%3A%22Book%22&amp;limit=20&amp;sort=relevance\"><em>Los Manchados<\/em><\/a>, 2015,<\/li>\n<li><em>No a mucha gente le gusta esta tranquilidad<\/em>, 2017;<\/li>\n<li><em>La mam\u00e1 de Pepe muri\u00f3 por bazuco<\/em>, 2022;<\/li>\n<li><em>Aldao<\/em>, 2023.<\/li>\n<\/ul>\n<h4>Literatura Infantil-Juvenil:<\/h4>\n<ul>\n<li>Colecci\u00f3n Fefa es as\u00ed. 1988,<\/li>\n<li><em><a href=\"http:\/\/lenguas.biblio.unc.edu.ar\/\/cgi-bin\/koha\/opac-detail.pl?biblionumber=24361\">El anillo encantado<\/a>.\u00a0<\/em>1993,<\/li>\n<li><a href=\"https:\/\/catalogo.biblio.unc.edu.ar\/Search\/Results?lookfor=Andruetto%2C+Mar%C3%ADa+Teresa+Misterio+en+la+Patagonia&amp;type=AllFields&amp;filter%5B%5D=format%3A%22Book%22&amp;limit=20&amp;sort=relevance\"><em>Misterio en la Patagonia<\/em><\/a>. 1993,<\/li>\n<li><a href=\"https:\/\/catalogo.biblio.unc.edu.ar\/Search\/Results?lookfor=Andruetto%2C+Mar%C3%ADa+Teresa+El+%C3%A1rbol+de+lilas&amp;type=AllFields&amp;filter%5B%5D=format%3A%22Book%22&amp;limit=20&amp;sort=relevance\"><em>El \u00e1rbol florecido de lilas<\/em><\/a>, 1996. Reeditado como El \u00e1rbol de lilas, 2006,<\/li>\n<li><a href=\"http:\/\/lenguas.biblio.unc.edu.ar\/\/cgi-bin\/koha\/opac-detail.pl?biblionumber=24365\"><em>Huellas en la arena<\/em><\/a>. 1997,<\/li>\n<li><a href=\"http:\/\/ffyh.biblio.unc.edu.ar\/\/cgi-bin\/koha\/opac-detail.pl?biblionumber=77738\"><em>Dale, campe\u00f3n<\/em><\/a>; 2000,<\/li>\n<li><em>La mujer vampiro<\/em>. 2001,<\/li>\n<li><a href=\"http:\/\/belgrano.biblio.unc.edu.ar\/\/cgi-bin\/koha\/opac-detail.pl?biblionumber=17461\"><em>El pa\u00eds de Juan<\/em><\/a>. 2003,<\/li>\n<li><em>Benjamino,<\/em> 2003,<\/li>\n<li><em><a href=\"http:\/\/lenguas.biblio.unc.edu.ar\/\/cgi-bin\/koha\/opac-detail.pl?biblionumber=24471\">Veladuras<\/a>.<\/em> 2004,<\/li>\n<li><a href=\"http:\/\/lenguas.biblio.unc.edu.ar\/\/cgi-bin\/koha\/opac-detail.pl?biblionumber=21207\"><em>Agua Cero<\/em><\/a>. 2007,<\/li>\n<li><em>Trenes. Una historia de amor para ni\u00f1os<\/em>, 2007,<\/li>\n<li><em>El incendio<\/em>, 2008,<\/li>\n<li><em><a href=\"http:\/\/belgrano.biblio.unc.edu.ar\/\/cgi-bin\/koha\/opac-detail.pl?biblionumber=14743\">Campe\u00f3n<\/a>,<\/em> 2009,<\/li>\n<li><em>La durmiente<\/em>, 2010,<\/li>\n<li><em>Miniaturas<\/em>, 2011,<\/li>\n<li><a href=\"https:\/\/catalogo.biblio.unc.edu.ar\/Search\/Results?lookfor=Andruetto%2C+Mar%C3%ADa+Teresa+La+ni%C3%B1a%2C+el+coraz%C3%B3n+y+la+casa&amp;type=AllFields&amp;filter%5B%5D=format%3A%22Book%22&amp;limit=20&amp;sort=relevance\"><em>La ni\u00f1a, el coraz\u00f3n y la casa<\/em><\/a>, 2011,<\/li>\n<li><a href=\"http:\/\/belgrano.biblio.unc.edu.ar\/\/cgi-bin\/koha\/opac-detail.pl?biblionumber=15065\"><em>Solgo<\/em><\/a> 2011,<\/li>\n<li><em>Zapatero peque\u00f1ito<\/em>, 2012,<\/li>\n<li><em>El caballo de Chuang Tzu<\/em>, 2012,<\/li>\n<li><em>Hab\u00eda una vez<\/em>, 2012,<\/li>\n<li><em>Qui\u00e9n soy. Relatos sobre identidad, nietos y reencuentros,<\/em> 2013,<\/li>\n<li><em>Los ahogados<\/em>, 2018.<\/li>\n<\/ul>\n<h4>Ensayo:<\/h4>\n<ul>\n<li><a href=\"http:\/\/ffyh.biblio.unc.edu.ar\/\/cgi-bin\/koha\/opac-detail.pl?biblionumber=76223\"><em>Qu\u00e9 es eso del rock una poes\u00eda al alcance de todos los bolsillos<\/em><\/a>, 1993,<\/li>\n<li><em><a href=\"http:\/\/lenguas.biblio.unc.edu.ar\/\/cgi-bin\/koha\/opac-detail.pl?biblionumber=24472\">La construcci\u00f3n del taller de escritura<\/a>,<\/em> 2003. En coautor\u00eda con Lilia Lardone,<\/li>\n<li><em><a href=\"http:\/\/ffyh.biblio.unc.edu.ar\/\/cgi-bin\/koha\/opac-detail.pl?biblionumber=70885\">Fragmentaciones. Poes\u00eda y po\u00e9tica de Alejandro Schmidt<\/a>,\u00a0<\/em>2003. En colaboraci\u00f3n con Carlos Gazzera,<\/li>\n<li><em>La escritura en el taller<\/em>, 2008. En coautor\u00eda con Lilia Lardone,<\/li>\n<li><em><a href=\"http:\/\/lenguas.biblio.unc.edu.ar\/\/cgi-bin\/koha\/opac-detail.pl?biblionumber=24459\">Hacia una literatura sin adjetivos<\/a>,<\/em> 2009,<\/li>\n<li><em><a href=\"http:\/\/lenguas.biblio.unc.edu.ar\/\/cgi-bin\/koha\/opac-detail.pl?biblionumber=24363\">Ribak, Reedson<\/a>, Rivera<\/em>, 2011,<\/li>\n<li><a href=\"https:\/\/catalogo.biblio.unc.edu.ar\/Search\/Results?lookfor=Andruetto%2C+Mar%C3%ADa+Teresa+La+lectura%2C+otra+revoluci%C3%B3n&amp;type=AllFields&amp;filter%5B%5D=format%3A%22Book%22&amp;limit=20&amp;sort=relevance\"><em>La lectura, otra revoluci\u00f3n<\/em><\/a>, 2014,<\/li>\n<li><em>Una lectora de provincia<\/em>, 2023;<\/li>\n<li><em>El arte de narrar<\/em>, 2025.<\/li>\n<\/ul>\n<h4>Poes\u00eda:<\/h4>\n<ul>\n<li><a href=\"http:\/\/eci.biblio.unc.edu.ar\/\/cgi-bin\/koha\/opac-detail.pl?biblionumber=5656\"><em>Palabras al rescoldo<\/em><\/a> 1993,<\/li>\n<li><a href=\"http:\/\/ffyh.biblio.unc.edu.ar\/\/cgi-bin\/koha\/opac-detail.pl?biblionumber=90878\"><em>Desnuda en la tienda<\/em><\/a>, 1999,<\/li>\n<li><em>Pavese y otros poemas<\/em>, 1998,<\/li>\n<li><em>Kodak,<\/em> 2001,<\/li>\n<li><a href=\"http:\/\/ffyh.biblio.unc.edu.ar\/\/cgi-bin\/koha\/opac-detail.pl?biblionumber=75349\"><em>Beatriz<\/em><\/a>, 2005,<\/li>\n<li><em><a href=\"http:\/\/artes.biblio.unc.edu.ar\/\/cgi-bin\/koha\/opac-detail.pl?biblionumber=12664\">Enero<\/a>,<\/em> 2005,<\/li>\n<li><em><a href=\"http:\/\/ffyh.biblio.unc.edu.ar\/\/cgi-bin\/koha\/opac-detail.pl?biblionumber=75354\">Pavese\/Kodak<\/a>,<\/em> 2008,<\/li>\n<li><a href=\"https:\/\/catalogo.biblio.unc.edu.ar\/Search\/Results?lookfor=Andruetto%2C++Sue%C3%B1o+Americano&amp;type=AllFields&amp;filter%5B%5D=format%3A%22Book%22&amp;limit=20&amp;sort=relevance\"><em>Sue\u00f1o Americano<\/em>,<\/a> 2009,<\/li>\n<li><em>Mujeres, artes y oficios<\/em>, 2013,<\/li>\n<li><em>Cleofe<\/em>, 2017.<\/li>\n<\/ul>\n<p>&nbsp;<\/p>\n<p><img loading=\"lazy\" decoding=\"async\" class=\"alignnone size-medium wp-image-2537\" src=\"http:\/\/ffyh.unc.edu.ar\/escritores-de-cordoba\/wp-content\/uploads\/sites\/43\/2025\/01\/maria-teresa-andruetto-palabras-al-rescoldo-1-rotated-e1736946685952-210x300.jpg\" alt=\"\" width=\"210\" height=\"300\" srcset=\"https:\/\/ffyh.unc.edu.ar\/escritores-de-cordoba\/wp-content\/uploads\/sites\/43\/2025\/01\/maria-teresa-andruetto-palabras-al-rescoldo-1-rotated-e1736946685952-210x300.jpg 210w, https:\/\/ffyh.unc.edu.ar\/escritores-de-cordoba\/wp-content\/uploads\/sites\/43\/2025\/01\/maria-teresa-andruetto-palabras-al-rescoldo-1-rotated-e1736946685952.jpg 595w\" sizes=\"auto, (max-width: 210px) 100vw, 210px\" \/> <img loading=\"lazy\" decoding=\"async\" class=\"alignnone wp-image-2538\" src=\"http:\/\/ffyh.unc.edu.ar\/escritores-de-cordoba\/wp-content\/uploads\/sites\/43\/2025\/01\/maria-teresa-andruetto-pavese-y-otros-poemas-1-rotated-e1736946713871-199x300.jpg\" alt=\"\" width=\"199\" height=\"300\" srcset=\"https:\/\/ffyh.unc.edu.ar\/escritores-de-cordoba\/wp-content\/uploads\/sites\/43\/2025\/01\/maria-teresa-andruetto-pavese-y-otros-poemas-1-rotated-e1736946713871-199x300.jpg 199w, https:\/\/ffyh.unc.edu.ar\/escritores-de-cordoba\/wp-content\/uploads\/sites\/43\/2025\/01\/maria-teresa-andruetto-pavese-y-otros-poemas-1-rotated-e1736946713871.jpg 564w\" sizes=\"auto, (max-width: 199px) 100vw, 199px\" \/><\/p>\n<p><img loading=\"lazy\" decoding=\"async\" class=\"alignnone size-medium wp-image-2539\" src=\"http:\/\/ffyh.unc.edu.ar\/escritores-de-cordoba\/wp-content\/uploads\/sites\/43\/2025\/01\/maria-teresa-andruetto-kodak-1-226x300.jpg\" alt=\"\" width=\"226\" height=\"300\" srcset=\"https:\/\/ffyh.unc.edu.ar\/escritores-de-cordoba\/wp-content\/uploads\/sites\/43\/2025\/01\/maria-teresa-andruetto-kodak-1-226x300.jpg 226w, https:\/\/ffyh.unc.edu.ar\/escritores-de-cordoba\/wp-content\/uploads\/sites\/43\/2025\/01\/maria-teresa-andruetto-kodak-1-rotated.jpg 641w\" sizes=\"auto, (max-width: 226px) 100vw, 226px\" \/> <img loading=\"lazy\" decoding=\"async\" class=\"alignnone size-medium wp-image-2543\" src=\"http:\/\/ffyh.unc.edu.ar\/escritores-de-cordoba\/wp-content\/uploads\/sites\/43\/2025\/01\/maria-teresa-andruetto-cleofe-1-rotated-e1736946835182-192x300.jpg\" alt=\"\" width=\"192\" height=\"300\" srcset=\"https:\/\/ffyh.unc.edu.ar\/escritores-de-cordoba\/wp-content\/uploads\/sites\/43\/2025\/01\/maria-teresa-andruetto-cleofe-1-rotated-e1736946835182-192x300.jpg 192w, https:\/\/ffyh.unc.edu.ar\/escritores-de-cordoba\/wp-content\/uploads\/sites\/43\/2025\/01\/maria-teresa-andruetto-cleofe-1-rotated-e1736946835182.jpg 514w\" sizes=\"auto, (max-width: 192px) 100vw, 192px\" \/><\/p>\n<p><img loading=\"lazy\" decoding=\"async\" class=\"alignnone wp-image-2540\" src=\"http:\/\/ffyh.unc.edu.ar\/escritores-de-cordoba\/wp-content\/uploads\/sites\/43\/2025\/01\/maria-teresa-andruetto-lengua-madre-1-rotated-e1736946760581.jpg\" alt=\"\" width=\"189\" height=\"299\" \/> <img loading=\"lazy\" decoding=\"async\" class=\"alignnone size-medium wp-image-2541\" src=\"http:\/\/ffyh.unc.edu.ar\/escritores-de-cordoba\/wp-content\/uploads\/sites\/43\/2025\/01\/maria-teresa-andruetto-stefano-2-1-rotated-e1736946785595-187x300.jpg\" alt=\"\" width=\"187\" height=\"300\" srcset=\"https:\/\/ffyh.unc.edu.ar\/escritores-de-cordoba\/wp-content\/uploads\/sites\/43\/2025\/01\/maria-teresa-andruetto-stefano-2-1-rotated-e1736946785595-187x300.jpg 187w, https:\/\/ffyh.unc.edu.ar\/escritores-de-cordoba\/wp-content\/uploads\/sites\/43\/2025\/01\/maria-teresa-andruetto-stefano-2-1-rotated-e1736946785595.jpg 531w\" sizes=\"auto, (max-width: 187px) 100vw, 187px\" \/> <img loading=\"lazy\" decoding=\"async\" class=\"alignnone size-medium wp-image-3013\" src=\"http:\/\/ffyh.unc.edu.ar\/escritores-de-cordoba\/wp-content\/uploads\/sites\/43\/2025\/04\/andruetto-tama-212x300.jpg\" alt=\"\" width=\"212\" height=\"300\" srcset=\"https:\/\/ffyh.unc.edu.ar\/escritores-de-cordoba\/wp-content\/uploads\/sites\/43\/2025\/04\/andruetto-tama-212x300.jpg 212w, https:\/\/ffyh.unc.edu.ar\/escritores-de-cordoba\/wp-content\/uploads\/sites\/43\/2025\/04\/andruetto-tama.jpg 453w\" sizes=\"auto, (max-width: 212px) 100vw, 212px\" \/><\/p>\n<p><img loading=\"lazy\" decoding=\"async\" class=\"alignnone size-medium wp-image-2542\" src=\"http:\/\/ffyh.unc.edu.ar\/escritores-de-cordoba\/wp-content\/uploads\/sites\/43\/2025\/01\/maria-teresa-andruetto-la-lectura-otra-revolucion-1-rotated-e1736946808362-194x300.jpg\" alt=\"\" width=\"194\" height=\"300\" srcset=\"https:\/\/ffyh.unc.edu.ar\/escritores-de-cordoba\/wp-content\/uploads\/sites\/43\/2025\/01\/maria-teresa-andruetto-la-lectura-otra-revolucion-1-rotated-e1736946808362-194x300.jpg 194w, https:\/\/ffyh.unc.edu.ar\/escritores-de-cordoba\/wp-content\/uploads\/sites\/43\/2025\/01\/maria-teresa-andruetto-la-lectura-otra-revolucion-1-rotated-e1736946808362.jpg 550w\" sizes=\"auto, (max-width: 194px) 100vw, 194px\" \/><\/p>\n<h3>Bibliograf\u00eda<\/h3>\n<p><a href=\"https:\/\/www.youtube.com\/watch?v=pvasVxw5M10\">Andruetto, Mar\u00eda Teresa en Videoteca de autores cordobeses<\/a>. Duraci\u00f3n: 18 minutos.<\/p>\n<p>Ar\u00e1n, Pampa Olga:\u00a0<a href=\"https:\/\/dialnet.unirioja.es\/servlet\/articulo?codigo=5364692\">Mar\u00eda Teresa Andruetto: devenir mujer en la escritura<\/a>. En \u201c<a href=\"https:\/\/dialnet.unirioja.es\/servlet\/articulo?codigo=5364692\">Estudios. Revista del Centro de Estudios Avanzados<\/a>\u201d de la UNCba. NIt 19 (Primavera 2006) \u2022 pags 181-188.<\/p>\n<p>\u201c<a href=\"https:\/\/catalogo.biblio.unc.edu.ar\/Search\/Results?lookfor=Interpelaciones.+hacia+una+teor%C3%ADa+cr%C3%ADtica&amp;type=AllFields&amp;limit=20&amp;sort=relevance\">El relato de la dictadura en la novela argentina. Series y variaciones<\/a>\u201d en Ar\u00e1n, Pampa (direcci\u00f3n y coordinaci\u00f3n):\u00a0<em>Interpelaciones. Hacia una teor\u00eda cr\u00edtica de las escrituras sobre la dictadura y la memoria.<\/em>\u00a0C\u00f3rdoba, CEA, UNCba., 2010, p31-135.<\/p>\n<p>Chas, Susana:\u00a0<a href=\"https:\/\/catalogo.biblio.unc.edu.ar\/Search\/Results?lookfor=las+nuestras.+entrevista+con+9+novelistas&amp;type=Title&amp;limit=20&amp;sort=relevance\"><em>Las nuestras. Entrevistas a nueve novelistas de C\u00f3rdoba<\/em><\/a>. C\u00f3rdoba. Marcos Lerner Editora, 1994<\/p>\n<p>Romano Sued, Susana (2003), \u00ab<a href=\"https:\/\/catalogo.biblio.unc.edu.ar\/Search\/Results?lookfor=umbrales+y+cat%C3%A1strofes&amp;type=AllFields&amp;limit=20&amp;sort=relevance\">El umbral de la mirada:\u00a0<em>Kodak<\/em>\u00a0de Mar\u00eda Teresa Andruetto<\/a>\u00ab, En\u00a0<em>Umbrales y cat\u00e1strofes: literatura argentina de los \u201990<\/em>. C\u00f3rdoba: Epok\u00e9 edie., p\u00e1gs. 241\u00b7256.<\/p>\n<p>Ruiz Moreno, Luisa:\u00a0<em><a href=\"http:\/\/teresa-andruetto.blogspot.com\/2011\/12\/triptico-en-tono-menor-estudio.html\">Tr\u00edptico en tono menor<\/a><\/em>. Estudio semi\u00f3tico. M\u00e9xico, Edici\u00f3n del autor, 2014.<\/p>\n<p>Videos<\/p>\n<p>Mar\u00eda Teresa Andruetto,\u00a0<a href=\"https:\/\/www.youtube.com\/watch?v=pvasVxw5M10\">Mar\u00eda Teresa en Videoteca de autores cordobeses<\/a>. En You Tube. Duraci\u00f3n: 18 minutos.<\/p>\n<p><a href=\"https:\/\/www.youtube.com\/watch?reload=9&amp;v=T8HYTImbdiA\">Discurso de la escritora en el cierre del VIII Congreso de la Lengua<\/a>, C\u00f3rdoba, 2019. Duraci\u00f3n: 37 min.<\/p>\n<p><a href=\"https:\/\/www.youtube.com\/watch?v=6H8Bq_TdNZw\">Elogio de la dificultad. Formar un lector en literatur<\/a>a. Feria del libro, Buenos Aires, Abril, 2014. Duraci\u00f3n: 39 min.<\/p>\n<p>Nota<\/p>\n<p>Blog de la autora:\u00a0<a href=\"http:\/\/www.teresaandruetto.com.ar\/\">http:\/\/www.teresaandruetto.com.ar<\/a><\/p>\n<p style=\"text-align: right\"><a href=\"https:\/\/ffyh.unc.edu.ar\/escritores-de-cordoba\/guia-de-autores-cordobeses\/a\/\">volver<\/a><\/p>\n","protected":false},"excerpt":{"rendered":"<p>Naci\u00f3 en Arroyo Cabral, C\u00f3rdoba en 1954. Actualmente reside en Cabana, Unquillo., cerca de la serran\u00eda. Estudi\u00f3 en la Universidad<\/p>\n","protected":false},"author":2,"featured_media":0,"parent":16,"menu_order":0,"comment_status":"closed","ping_status":"closed","template":"","meta":{"_acf_changed":false,"colormag_page_container_layout":"default_layout","colormag_page_sidebar_layout":"default_layout","footnotes":""},"class_list":["post-133","page","type-page","status-publish","hentry"],"acf":[],"_links":{"self":[{"href":"https:\/\/ffyh.unc.edu.ar\/escritores-de-cordoba\/wp-json\/wp\/v2\/pages\/133","targetHints":{"allow":["GET"]}}],"collection":[{"href":"https:\/\/ffyh.unc.edu.ar\/escritores-de-cordoba\/wp-json\/wp\/v2\/pages"}],"about":[{"href":"https:\/\/ffyh.unc.edu.ar\/escritores-de-cordoba\/wp-json\/wp\/v2\/types\/page"}],"author":[{"embeddable":true,"href":"https:\/\/ffyh.unc.edu.ar\/escritores-de-cordoba\/wp-json\/wp\/v2\/users\/2"}],"replies":[{"embeddable":true,"href":"https:\/\/ffyh.unc.edu.ar\/escritores-de-cordoba\/wp-json\/wp\/v2\/comments?post=133"}],"version-history":[{"count":10,"href":"https:\/\/ffyh.unc.edu.ar\/escritores-de-cordoba\/wp-json\/wp\/v2\/pages\/133\/revisions"}],"predecessor-version":[{"id":3186,"href":"https:\/\/ffyh.unc.edu.ar\/escritores-de-cordoba\/wp-json\/wp\/v2\/pages\/133\/revisions\/3186"}],"up":[{"embeddable":true,"href":"https:\/\/ffyh.unc.edu.ar\/escritores-de-cordoba\/wp-json\/wp\/v2\/pages\/16"}],"wp:attachment":[{"href":"https:\/\/ffyh.unc.edu.ar\/escritores-de-cordoba\/wp-json\/wp\/v2\/media?parent=133"}],"curies":[{"name":"wp","href":"https:\/\/api.w.org\/{rel}","templated":true}]}}