{"id":137,"date":"2021-10-12T14:16:13","date_gmt":"2021-10-12T14:16:13","guid":{"rendered":"https:\/\/ffyh.unc.edu.ar\/escritores-de-cordoba\/?page_id=137"},"modified":"2025-01-03T16:00:31","modified_gmt":"2025-01-03T16:00:31","slug":"aran-pampa","status":"publish","type":"page","link":"https:\/\/ffyh.unc.edu.ar\/escritores-de-cordoba\/guia-de-autores-cordobeses\/a\/aran-pampa\/","title":{"rendered":"Ar\u00e1n, Pampa"},"content":{"rendered":"<p>Naci\u00f3 en el sur de C\u00f3rdoba en octubre de 1938 y falleci\u00f3 en la capital, a principios de junio de 2024. Creci\u00f3 en la provincia de Santa Fe, donde se recibi\u00f3 de maestra normal. Sus padres, militantes socialistas de vida austera y compromiso social, le transmitieron desde su infancia esa pasi\u00f3n por la lectura y la pol\u00edtica. Ejerce como maestra a los 17 a\u00f1os en Rosario. Inici\u00f3 sus estudios universitarios, y se form\u00f3 con importantes docentes e \u00a0intelectuales que la llevaron a asumir una perspectiva sociocr\u00edtica en el an\u00e1lisis de la literatura. A los 25 a\u00f1os lleg\u00f3 a C\u00f3rdoba y trabaj\u00f3 en escuelas rurales y urbanas, tanto en el nivel medio como en el profesorado. Se cas\u00f3 y tuvo dos hijos. En la d\u00e9cada de 1980 ingres\u00f3 a la escuela Agust\u00edn Garz\u00f3n Agulla \u2013de barrio General Paz- y, con el paso del tiempo, lleg\u00f3 a formar parte del cuerpo directivo.<\/p>\n<p>En 1972 rindi\u00f3 un concurso y se incorpor\u00f3 a la c\u00e1tedra de Literatura Argentina de la Escuela de Letras de la Facultad de Filosof\u00eda y Humanidades (UNCba). M\u00e1s tarde, asume el dictado de un seminario de an\u00e1lisis literario, donde comenz\u00f3 a abordar la literatura desde una perspectiva sociocr\u00edtica y pol\u00edtica en materias vinculadas con la semi\u00f3tica. Es doctora en Letras Modernas y profesora em\u00e9rita por la Universidad Nacional de C\u00f3rdoba. Dicta seminarios de metodolog\u00eda de investigaci\u00f3n en el Centro de Estudios Avanzados (CEA), en la Facultad de Filosof\u00eda y Humanidades y en otras unidades acad\u00e9micas del pa\u00eds. Ha escrito y publicado muchos art\u00edculos cient\u00edficos que aparecieron en revistas, actas y ediciones especializadas; y sus intereses giran en torno a la ficci\u00f3n narrativa como creaci\u00f3n y forma de conocimiento.<\/p>\n<p>Aun cuando no haya publicado textos literarios, se la incluye en este cuerpo de escritores locales porque le ha interesado integrar en su mirada, lo local, con investigaciones visionarias y adelantadas en su tipo. Y en ese inter\u00e9s, supo reconocer el conjunto de una producci\u00f3n con identidad y caracter\u00edsticas propias.<\/p>\n<p>El foco hacia la literatura de C\u00f3rdoba, desde la antolog\u00eda que public\u00f3 en el a\u00f1o 1985 junto con Silvia Barei, resulta la primera propuesta integral para sistematizar el campo de las letras de la provincia, con identidad, historia, perfil y caracter\u00edsticas. Ese trabajo tiene como antecedente, una investigaci\u00f3n individual de la autora con la cual, en 1981, gan\u00f3 el Premio \u201cLeopoldo Lugones\u201d, y que a\u00fan permanece in\u00e9dita.<\/p>\n<h3>Publicaciones<\/h3>\n<h4>De literatura y autores de C\u00f3rdoba<\/h4>\n<ul>\n<li><a href=\"http:\/\/ffyh.biblio.unc.edu.ar\/\/cgi-bin\/koha\/opac-detail.pl?biblionumber=81723\"><em>Las provincias y su literatura: C\u00f3rdoba. Antolog\u00eda<\/em><\/a>, 1985. En colaboraci\u00f3n con Silvia Barei;<\/li>\n<li><a href=\"https:\/\/catalogo.biblio.unc.edu.ar\/Search\/Results?lookfor=Leopoldo+Lugones%2C+cuento%2C+poes%C3%ADa+y+ensayo%3A+antolog%C3%ADa&amp;type=AllFields&amp;filter%5B%5D=format%3A%22Book%22&amp;limit=20&amp;sort=relevance\"><em>Leopoldo Lugones, cuento, poes\u00eda y ensayo: antolog\u00eda<\/em>, 1989<\/a>. En colaboraci\u00f3n con Silvia Barei;<\/li>\n<li><em><a href=\"https:\/\/catalogo.biblio.unc.edu.ar\/Search\/Results?lookfor=Umbrales+y+cat%C3%A1strofes%3A+literatura+argentina+&amp;type=AllFields&amp;filter%5B%5D=format%3A%22Book%22&amp;limit=20&amp;sort=relevance\">Umbrales y cat\u00e1strofes: literatura argentina de los \u201990<\/a>,<\/em> 2003. En colaboraci\u00f3n con Susana Romano Sued y otros;<\/li>\n<li><em>Los \u201990: otras indagaciones<\/em>, 2005. En colaboraci\u00f3n con Susana Romano Sued;<\/li>\n<li><em>I<a href=\"https:\/\/catalogo.biblio.unc.edu.ar\/Search\/Results?lookfor=ar%C3%A1n%2C+pampa+interpelaciones&amp;type=AllFields&amp;filter%5B%5D=format%3A%22Book%22&amp;limit=20&amp;sort=relevance\">nterpelaciones: hacia una teor\u00eda critica de las escrituras sobre dictadura y memoria<\/a><\/em>, 2010. Coordinaci\u00f3n general.<\/li>\n<li><em>\u00a0<\/em><\/li>\n<\/ul>\n<h4>Otras propuestas<\/h4>\n<ul>\n<li><a href=\"https:\/\/catalogo.biblio.unc.edu.ar\/Search\/Results?lookfor=ar%C3%A1n%2C+pampa+Voces+e+ideolog%C3%ADas%3A+estudios+bajtinianos&amp;type=AllFields&amp;filter%5B%5D=format%3A%22Book%22&amp;limit=20&amp;sort=relevance\"><em>Voces e ideolog\u00edas: estudios bajtinianos<\/em><\/a>, 1996. En colaboraci\u00f3n con Ana Beatriz Flores;<\/li>\n<li><a href=\"https:\/\/catalogo.biblio.unc.edu.ar\/Search\/Results?lookfor=ar%C3%A1n%2C+pampa+Diccionario+le%CC%81xico+de+la+teori%CC%81a+de+Mijail+M.+Bajtin&amp;type=AllFields&amp;filter%5B%5D=format%3A%22Book%22&amp;limit=20&amp;sort=relevance\"><em>Diccionario l\u00e9xico de la teor\u00eda de Mijail M. Bajtin<\/em><\/a>, 1996;<\/li>\n<li><a href=\"http:\/\/ffyh.biblio.unc.edu.ar\/\/cgi-bin\/koha\/opac-detail.pl?biblionumber=46446\"><em>La estil\u00edstica de la novela en M.M. Bajtin: teor\u00eda y aplicaci\u00f3n<\/em><\/a>, 1998. En colaboraci\u00f3n con Mar\u00eda Marengo;<\/li>\n<li><em><a href=\"https:\/\/catalogo.biblio.unc.edu.ar\/Search\/Results?lookfor=ar%C3%A1n%2C+pampa+El+fant%C3%A1stico+literario%3A+aportes+te%C3%B3ricos&amp;type=AllFields&amp;filter%5B%5D=format%3A%22Book%22&amp;limit=20&amp;sort=relevance\">El fant\u00e1stico literario: aportes te\u00f3ricos<\/a>,<\/em> 1999;<\/li>\n<li><em><a href=\"https:\/\/catalogo.biblio.unc.edu.ar\/Search\/Results?lookfor=ar%C3%A1n%2C+pampa+Apuntes+sobre+g%C3%A9neros+literarios&amp;type=AllFields&amp;filter%5B%5D=format%3A%22Book%22&amp;limit=20&amp;sort=relevance\">Apuntes sobre g\u00e9neros literarios<\/a>,<\/em> 2001;<\/li>\n<li><em><a href=\"http:\/\/cea.biblio.unc.edu.ar\/\/cgi-bin\/koha\/opac-detail.pl?biblionumber=2166\">De la Argentina y sus fantasmas<\/a>,\u00a0<\/em>2002;<\/li>\n<li><a href=\"https:\/\/catalogo.biblio.unc.edu.ar\/Search\/Results?lookfor=ar%C3%A1n%2C+pampa+Texto%2C+memoria%2C+cultura%3A+el+pensamiento+de+Iuri+Lotman&amp;type=AllFields&amp;filter%5B%5D=format%3A%22Book%22&amp;limit=20&amp;sort=relevance\"><em>Texto, memoria, cultura: el pensamiento de Iuri Lotman<\/em><\/a>, 2006. En colaboraci\u00f3n con Silvia Barei;<\/li>\n<li><a href=\"https:\/\/catalogo.biblio.unc.edu.ar\/Search\/Results?lookfor=ar%C3%A1n%2C+pampa+Nuevo+diccionario+de+la+teor%C3%ADa+de+Mija%C3%ADl+Bajt%C3%ADn&amp;type=AllFields&amp;filter%5B%5D=format%3A%22Book%22&amp;limit=20&amp;sort=relevance\"><em>Nuevo diccionario de la teor\u00eda de Mija\u00edl Bajt\u00edn<\/em><\/a>, 2006;<\/li>\n<li><a href=\"https:\/\/catalogo.biblio.unc.edu.ar\/Search\/Results?lookfor=ar%C3%A1n%2C+pampa+La+semi%C3%B3tica+de+los+60%2F70%3A+sus+proyecciones+en+la+actualidad&amp;type=AllFields&amp;filter%5B%5D=format%3A%22Book%22&amp;limit=20&amp;sort=relevance\"><em>La semi\u00f3tica de los 60\/70: sus proyecciones en la actualidad<\/em><\/a>, 2008. En colaboraci\u00f3n con Mar\u00eda Teresa Dalmasso;<\/li>\n<li><em>Lo fant\u00e1stico en Hispanoam\u00e9rica<\/em>, 2011. En colaboraci\u00f3n con Elton Honores;<\/li>\n<li><a href=\"https:\/\/catalogo.biblio.unc.edu.ar\/Search\/Results?lookfor=ar%C3%A1n%2C+pampa+G%C3%A9nero%2C+texto%2C+discurso+encrucijadas+y+caminos&amp;type=AllFields&amp;filter%5B%5D=format%3A%22Book%22&amp;limit=20&amp;sort=relevance\"><em>G\u00e9nero, texto, discurso encrucijadas y caminos<\/em><\/a>, 2009. En colaboraci\u00f3n con Silvia Barei;<\/li>\n<li><a href=\"http:\/\/lenguas.biblio.unc.edu.ar\/\/cgi-bin\/koha\/opac-detail.pl?biblionumber=23266\"><em>Iuri Lotmann, in memorian<\/em><\/a>; 2014 (en colaboraci\u00f3n);<\/li>\n<li><em>L<a href=\"https:\/\/catalogo.biblio.unc.edu.ar\/Search\/Results?lookfor=ar%C3%A1n%2C+pampa+La+herencia+de+Bajt%C3%ADn.+Reflexiones+y+migraciones&amp;type=AllFields&amp;filter%5B%5D=format%3A%22Book%22&amp;limit=20&amp;sort=relevance\">a herencia de Bajt\u00edn<\/a>. Reflexiones y migraciones<\/em>, 2016.<\/li>\n<\/ul>\n<p>&nbsp;<\/p>\n<p><img loading=\"lazy\" decoding=\"async\" class=\"alignnone size-medium wp-image-1962\" src=\"http:\/\/ffyh.unc.edu.ar\/escritores-de-cordoba\/wp-content\/uploads\/sites\/43\/2025\/01\/aran-barei-las-provincias-y-su-literatura-217x300.png\" alt=\"\" width=\"217\" height=\"300\" srcset=\"https:\/\/ffyh.unc.edu.ar\/escritores-de-cordoba\/wp-content\/uploads\/sites\/43\/2025\/01\/aran-barei-las-provincias-y-su-literatura-217x300.png 217w, https:\/\/ffyh.unc.edu.ar\/escritores-de-cordoba\/wp-content\/uploads\/sites\/43\/2025\/01\/aran-barei-las-provincias-y-su-literatura.png 278w\" sizes=\"auto, (max-width: 217px) 100vw, 217px\" \/>\u00a0<img loading=\"lazy\" decoding=\"async\" class=\"alignnone size-medium wp-image-1883\" src=\"http:\/\/ffyh.unc.edu.ar\/escritores-de-cordoba\/wp-content\/uploads\/sites\/43\/2022\/06\/leopoldo-lugones-cuento-poesia-y-ensayo-e1735841610631-191x300.jpg\" alt=\"\" width=\"191\" height=\"300\" srcset=\"https:\/\/ffyh.unc.edu.ar\/escritores-de-cordoba\/wp-content\/uploads\/sites\/43\/2022\/06\/leopoldo-lugones-cuento-poesia-y-ensayo-e1735841610631-191x300.jpg 191w, https:\/\/ffyh.unc.edu.ar\/escritores-de-cordoba\/wp-content\/uploads\/sites\/43\/2022\/06\/leopoldo-lugones-cuento-poesia-y-ensayo-e1735841610631.jpg 435w\" sizes=\"auto, (max-width: 191px) 100vw, 191px\" \/><\/p>\n<h3>Bibliograf\u00eda<\/h3>\n<p>Eguia, Bibiana: \u201cClaves de acceso a la Literatura de C\u00f3rdoba durante la transici\u00f3n democr\u00e1tica (1982-1989)\u201d en\u00a0 En Barcellona, M; Curetti, Sandra:\u00a0<em>Memoria, Literatura y Pol\u00edtica en C\u00f3rdoba durante la transici\u00f3n democr\u00e1tica<\/em>. C\u00f3rdoba, Eduvim, 2011, p\u00e1g. 33-62.<\/p>\n<p style=\"text-align: right\"><a href=\"https:\/\/ffyh.unc.edu.ar\/escritores-de-cordoba\/guia-de-autores-cordobeses\/a\/\">volver<\/a><\/p>\n","protected":false},"excerpt":{"rendered":"<p>Naci\u00f3 en el sur de C\u00f3rdoba en octubre de 1938 y falleci\u00f3 en la capital, a principios de junio de<\/p>\n","protected":false},"author":2,"featured_media":0,"parent":16,"menu_order":0,"comment_status":"closed","ping_status":"closed","template":"","meta":{"_acf_changed":false,"colormag_page_container_layout":"default_layout","colormag_page_sidebar_layout":"default_layout","footnotes":""},"class_list":["post-137","page","type-page","status-publish","hentry"],"acf":[],"_links":{"self":[{"href":"https:\/\/ffyh.unc.edu.ar\/escritores-de-cordoba\/wp-json\/wp\/v2\/pages\/137","targetHints":{"allow":["GET"]}}],"collection":[{"href":"https:\/\/ffyh.unc.edu.ar\/escritores-de-cordoba\/wp-json\/wp\/v2\/pages"}],"about":[{"href":"https:\/\/ffyh.unc.edu.ar\/escritores-de-cordoba\/wp-json\/wp\/v2\/types\/page"}],"author":[{"embeddable":true,"href":"https:\/\/ffyh.unc.edu.ar\/escritores-de-cordoba\/wp-json\/wp\/v2\/users\/2"}],"replies":[{"embeddable":true,"href":"https:\/\/ffyh.unc.edu.ar\/escritores-de-cordoba\/wp-json\/wp\/v2\/comments?post=137"}],"version-history":[{"count":5,"href":"https:\/\/ffyh.unc.edu.ar\/escritores-de-cordoba\/wp-json\/wp\/v2\/pages\/137\/revisions"}],"predecessor-version":[{"id":1963,"href":"https:\/\/ffyh.unc.edu.ar\/escritores-de-cordoba\/wp-json\/wp\/v2\/pages\/137\/revisions\/1963"}],"up":[{"embeddable":true,"href":"https:\/\/ffyh.unc.edu.ar\/escritores-de-cordoba\/wp-json\/wp\/v2\/pages\/16"}],"wp:attachment":[{"href":"https:\/\/ffyh.unc.edu.ar\/escritores-de-cordoba\/wp-json\/wp\/v2\/media?parent=137"}],"curies":[{"name":"wp","href":"https:\/\/api.w.org\/{rel}","templated":true}]}}