{"id":141,"date":"2021-10-12T14:17:55","date_gmt":"2021-10-12T14:17:55","guid":{"rendered":"https:\/\/ffyh.unc.edu.ar\/escritores-de-cordoba\/?page_id=141"},"modified":"2025-01-15T12:05:49","modified_gmt":"2025-01-15T12:05:49","slug":"arce-jose-luis","status":"publish","type":"page","link":"https:\/\/ffyh.unc.edu.ar\/escritores-de-cordoba\/guia-de-autores-cordobeses\/a\/arce-jose-luis\/","title":{"rendered":"Arce, Jos\u00e9 Luis"},"content":{"rendered":"<p>Naci\u00f3 en C\u00f3rdoba, ciudad donde reside, en 1954. Actor, dramaturgo, director, docente. Fundador y director del TIC, (Teatro Independiente de C\u00f3rdoba) durante veinte a\u00f1os. Ha realizado perfeccionamientos en el pa\u00eds y en el exterior. Ha dirigido obras de distintos autores (Arrabal, Genet, Brecht, Pavlovsky). Escribi\u00f3 y puso en escena casi treinta t\u00edtulos de su autor\u00eda. Su obra fue publicada por la Editorial Colihue, Primer Acto de Espa\u00f1a, Editorial Arola (Barcelona-Espa\u00f1a), Leviat\u00e1n y otros. Becario del Ministerio de Educaci\u00f3n de la Naci\u00f3n, de la Canciller\u00eda Argentina, del Ateneo de Caracas, del Fondo Nacional de las Artes. Integra el comit\u00e9 editor de la revista teatral \u201cEl apuntador\u201d, (de C\u00f3rdoba). Su obra y su trayectoria han sido reconocidas con premios en el pa\u00eds y en el exterior (como el Premio Born (Espa\u00f1a) 2004 y el Premio Nacional Fondo Nacional de las Artes 2003, o el Internacional de Ensayo de la Revista Artez 2008).<\/p>\n<h3>Publicaciones<\/h3>\n<ul>\n<li><em>Jerem\u00edas,<\/em>\u00a01985<\/li>\n<li><em>Encuentro de creadores<\/em>, 1998<\/li>\n<li><a href=\"http:\/\/cea.biblio.unc.edu.ar\/\/cgi-bin\/koha\/opac-detail.pl?biblionumber=2941\"><em>El evangelio de Mar\u00eda<\/em><\/a>, 2003<\/li>\n<li><em>En un pa\u00eds al viento y otros dramas<\/em>, 2005.<\/li>\n<li><em>La ni\u00f1a que mor\u00eda a cada rato,<\/em>\u00a02005<\/li>\n<li><em>El sue\u00f1o de Dios<\/em>, 2005<\/li>\n<li><a href=\"http:\/\/artes.biblio.unc.edu.ar\/\/cgi-bin\/koha\/opac-detail.pl?biblionumber=19921\"><em>La m\u00e1quina border. Cuadernos del decoloniaje<\/em><\/a>, 2009<\/li>\n<li><em>Inseguridad. Perspectivas desde Am\u00e9rica Latina<\/em>. En coautor\u00eda, 2009<\/li>\n<li><em>Teatro absoluto,<\/em>\u00a02013<\/li>\n<li><em>Contornos de activaci\u00f3n teatral, anatemas contra el sistema de hegemon\u00eda sensible;<\/em>\u00a02014<\/li>\n<li><em>Estrategias an\u00f3malas \u2013materialidades del teatro<\/em>-, 2015.<\/li>\n<\/ul>\n<p><img loading=\"lazy\" decoding=\"async\" class=\"alignnone size-medium wp-image-2436\" src=\"http:\/\/ffyh.unc.edu.ar\/escritores-de-cordoba\/wp-content\/uploads\/sites\/43\/2025\/01\/arce1-212x300.jpg\" alt=\"\" width=\"212\" height=\"300\" srcset=\"https:\/\/ffyh.unc.edu.ar\/escritores-de-cordoba\/wp-content\/uploads\/sites\/43\/2025\/01\/arce1-212x300.jpg 212w, https:\/\/ffyh.unc.edu.ar\/escritores-de-cordoba\/wp-content\/uploads\/sites\/43\/2025\/01\/arce1.jpg 453w\" sizes=\"auto, (max-width: 212px) 100vw, 212px\" \/> <img loading=\"lazy\" decoding=\"async\" class=\"alignnone size-medium wp-image-2437\" src=\"http:\/\/ffyh.unc.edu.ar\/escritores-de-cordoba\/wp-content\/uploads\/sites\/43\/2025\/01\/arce2-212x300.jpg\" alt=\"\" width=\"212\" height=\"300\" srcset=\"https:\/\/ffyh.unc.edu.ar\/escritores-de-cordoba\/wp-content\/uploads\/sites\/43\/2025\/01\/arce2-212x300.jpg 212w, https:\/\/ffyh.unc.edu.ar\/escritores-de-cordoba\/wp-content\/uploads\/sites\/43\/2025\/01\/arce2.jpg 453w\" sizes=\"auto, (max-width: 212px) 100vw, 212px\" \/><\/p>\n<p style=\"text-align: right\"><a href=\"https:\/\/ffyh.unc.edu.ar\/escritores-de-cordoba\/guia-de-autores-cordobeses\/a\/\">volver<\/a><\/p>\n","protected":false},"excerpt":{"rendered":"<p>Naci\u00f3 en C\u00f3rdoba, ciudad donde reside, en 1954. Actor, dramaturgo, director, docente. Fundador y director del TIC, (Teatro Independiente de<\/p>\n","protected":false},"author":2,"featured_media":0,"parent":16,"menu_order":0,"comment_status":"closed","ping_status":"closed","template":"","meta":{"_acf_changed":false,"colormag_page_container_layout":"default_layout","colormag_page_sidebar_layout":"default_layout","footnotes":""},"class_list":["post-141","page","type-page","status-publish","hentry"],"acf":[],"_links":{"self":[{"href":"https:\/\/ffyh.unc.edu.ar\/escritores-de-cordoba\/wp-json\/wp\/v2\/pages\/141","targetHints":{"allow":["GET"]}}],"collection":[{"href":"https:\/\/ffyh.unc.edu.ar\/escritores-de-cordoba\/wp-json\/wp\/v2\/pages"}],"about":[{"href":"https:\/\/ffyh.unc.edu.ar\/escritores-de-cordoba\/wp-json\/wp\/v2\/types\/page"}],"author":[{"embeddable":true,"href":"https:\/\/ffyh.unc.edu.ar\/escritores-de-cordoba\/wp-json\/wp\/v2\/users\/2"}],"replies":[{"embeddable":true,"href":"https:\/\/ffyh.unc.edu.ar\/escritores-de-cordoba\/wp-json\/wp\/v2\/comments?post=141"}],"version-history":[{"count":3,"href":"https:\/\/ffyh.unc.edu.ar\/escritores-de-cordoba\/wp-json\/wp\/v2\/pages\/141\/revisions"}],"predecessor-version":[{"id":2438,"href":"https:\/\/ffyh.unc.edu.ar\/escritores-de-cordoba\/wp-json\/wp\/v2\/pages\/141\/revisions\/2438"}],"up":[{"embeddable":true,"href":"https:\/\/ffyh.unc.edu.ar\/escritores-de-cordoba\/wp-json\/wp\/v2\/pages\/16"}],"wp:attachment":[{"href":"https:\/\/ffyh.unc.edu.ar\/escritores-de-cordoba\/wp-json\/wp\/v2\/media?parent=141"}],"curies":[{"name":"wp","href":"https:\/\/api.w.org\/{rel}","templated":true}]}}