{"id":143,"date":"2021-10-12T14:19:49","date_gmt":"2021-10-12T14:19:49","guid":{"rendered":"https:\/\/ffyh.unc.edu.ar\/escritores-de-cordoba\/?page_id=143"},"modified":"2025-01-02T14:53:32","modified_gmt":"2025-01-02T14:53:32","slug":"arevalo-susana","status":"publish","type":"page","link":"https:\/\/ffyh.unc.edu.ar\/escritores-de-cordoba\/guia-de-autores-cordobeses\/a\/arevalo-susana\/","title":{"rendered":"Ar\u00e9valo, Susana"},"content":{"rendered":"<p>Naci\u00f3 en C\u00f3rdoba en 1952. Poeta y arquitecta. Particip\u00f3 de los talleres de la SADE Filial C\u00f3rdoba, y ha sido integrante del grupo \u00abRa\u00edz y palabra\u00bb. Su obra fue reconocida con premios y distinciones, entre ellos, el Segundo premio Luis de Tejeda en G\u00e9nero Poes\u00eda por su libro\u00a0<em>D\u00e9dalo<\/em>. Algunos de sus textos han integrado antolog\u00edas. Coordin\u00f3 talleres literarios.<\/p>\n<h3>Publicaciones<\/h3>\n<ul>\n<li><em>Cenotafio,\u00a0<\/em>1987;<\/li>\n<li><em><a href=\"http:\/\/bmayor.biblio.unc.edu.ar\/\/cgi-bin\/koha\/opac-detail.pl?biblionumber=38415\">Libro de an\u00e9mona<\/a>,\u00a0<\/em>1997;<\/li>\n<li><em>Macrocosmo, 1998;<\/em><\/li>\n<li><em><a href=\"http:\/\/bmayor.biblio.unc.edu.ar\/\/cgi-bin\/koha\/opac-detail.pl?biblionumber=4999\">D\u00e9dalo<\/a>,\u00a0<\/em>1999;<\/li>\n<li><em>El Texto es el tatuaje<\/em>, 2002;<\/li>\n<li><em>Poemas \/<\/em><em>\u00a0Po\u00e8mes<\/em><em>, 2003;<\/em><\/li>\n<li><em>Acervbo. Antolog\u00eda esencial<\/em><em>, 2024.<\/em><\/li>\n<li><\/li>\n<\/ul>\n<p><img loading=\"lazy\" decoding=\"async\" class=\"alignnone  wp-image-1773\" src=\"http:\/\/ffyh.unc.edu.ar\/escritores-de-cordoba\/wp-content\/uploads\/sites\/43\/2025\/01\/susana-arevalo-cenotafio-e1735829130862-282x300.jpg\" alt=\"\" width=\"288\" height=\"307\" srcset=\"https:\/\/ffyh.unc.edu.ar\/escritores-de-cordoba\/wp-content\/uploads\/sites\/43\/2025\/01\/susana-arevalo-cenotafio-e1735829130862-282x300.jpg 282w, https:\/\/ffyh.unc.edu.ar\/escritores-de-cordoba\/wp-content\/uploads\/sites\/43\/2025\/01\/susana-arevalo-cenotafio-e1735829130862-962x1024.jpg 962w, https:\/\/ffyh.unc.edu.ar\/escritores-de-cordoba\/wp-content\/uploads\/sites\/43\/2025\/01\/susana-arevalo-cenotafio-e1735829130862-768x818.jpg 768w, https:\/\/ffyh.unc.edu.ar\/escritores-de-cordoba\/wp-content\/uploads\/sites\/43\/2025\/01\/susana-arevalo-cenotafio-e1735829130862.jpg 1064w\" sizes=\"auto, (max-width: 288px) 100vw, 288px\" \/> <img loading=\"lazy\" decoding=\"async\" class=\"alignnone  wp-image-1774\" src=\"http:\/\/ffyh.unc.edu.ar\/escritores-de-cordoba\/wp-content\/uploads\/sites\/43\/2025\/01\/susana-arevalo-dedalo-e1735829156516-211x300.jpg\" alt=\"\" width=\"210\" height=\"298\" srcset=\"https:\/\/ffyh.unc.edu.ar\/escritores-de-cordoba\/wp-content\/uploads\/sites\/43\/2025\/01\/susana-arevalo-dedalo-e1735829156516-211x300.jpg 211w, https:\/\/ffyh.unc.edu.ar\/escritores-de-cordoba\/wp-content\/uploads\/sites\/43\/2025\/01\/susana-arevalo-dedalo-e1735829156516-721x1024.jpg 721w, https:\/\/ffyh.unc.edu.ar\/escritores-de-cordoba\/wp-content\/uploads\/sites\/43\/2025\/01\/susana-arevalo-dedalo-e1735829156516-768x1090.jpg 768w, https:\/\/ffyh.unc.edu.ar\/escritores-de-cordoba\/wp-content\/uploads\/sites\/43\/2025\/01\/susana-arevalo-dedalo-e1735829156516.jpg 965w\" sizes=\"auto, (max-width: 210px) 100vw, 210px\" \/> <img loading=\"lazy\" decoding=\"async\" class=\"alignnone size-medium wp-image-1775\" src=\"http:\/\/ffyh.unc.edu.ar\/escritores-de-cordoba\/wp-content\/uploads\/sites\/43\/2025\/01\/susana-arevalo-libro-de-anemona-e1735829179367-220x300.jpg\" alt=\"\" width=\"220\" height=\"300\" srcset=\"https:\/\/ffyh.unc.edu.ar\/escritores-de-cordoba\/wp-content\/uploads\/sites\/43\/2025\/01\/susana-arevalo-libro-de-anemona-e1735829179367-220x300.jpg 220w, https:\/\/ffyh.unc.edu.ar\/escritores-de-cordoba\/wp-content\/uploads\/sites\/43\/2025\/01\/susana-arevalo-libro-de-anemona-e1735829179367-751x1024.jpg 751w, https:\/\/ffyh.unc.edu.ar\/escritores-de-cordoba\/wp-content\/uploads\/sites\/43\/2025\/01\/susana-arevalo-libro-de-anemona-e1735829179367-768x1047.jpg 768w, https:\/\/ffyh.unc.edu.ar\/escritores-de-cordoba\/wp-content\/uploads\/sites\/43\/2025\/01\/susana-arevalo-libro-de-anemona-e1735829179367.jpg 1048w\" sizes=\"auto, (max-width: 220px) 100vw, 220px\" \/> <img loading=\"lazy\" decoding=\"async\" class=\"alignnone size-medium wp-image-1776\" src=\"http:\/\/ffyh.unc.edu.ar\/escritores-de-cordoba\/wp-content\/uploads\/sites\/43\/2025\/01\/susana-arevalo-macrocosmos-e1735829201748-160x300.jpg\" alt=\"\" width=\"160\" height=\"300\" srcset=\"https:\/\/ffyh.unc.edu.ar\/escritores-de-cordoba\/wp-content\/uploads\/sites\/43\/2025\/01\/susana-arevalo-macrocosmos-e1735829201748-160x300.jpg 160w, https:\/\/ffyh.unc.edu.ar\/escritores-de-cordoba\/wp-content\/uploads\/sites\/43\/2025\/01\/susana-arevalo-macrocosmos-e1735829201748-547x1024.jpg 547w, https:\/\/ffyh.unc.edu.ar\/escritores-de-cordoba\/wp-content\/uploads\/sites\/43\/2025\/01\/susana-arevalo-macrocosmos-e1735829201748-768x1438.jpg 768w, https:\/\/ffyh.unc.edu.ar\/escritores-de-cordoba\/wp-content\/uploads\/sites\/43\/2025\/01\/susana-arevalo-macrocosmos-e1735829201748.jpg 816w\" sizes=\"auto, (max-width: 160px) 100vw, 160px\" \/> <img loading=\"lazy\" decoding=\"async\" class=\"alignnone size-medium wp-image-1777\" src=\"http:\/\/ffyh.unc.edu.ar\/escritores-de-cordoba\/wp-content\/uploads\/sites\/43\/2025\/01\/susana-arevalo-acervbo-212x300.jpg\" alt=\"\" width=\"212\" height=\"300\" srcset=\"https:\/\/ffyh.unc.edu.ar\/escritores-de-cordoba\/wp-content\/uploads\/sites\/43\/2025\/01\/susana-arevalo-acervbo-212x300.jpg 212w, https:\/\/ffyh.unc.edu.ar\/escritores-de-cordoba\/wp-content\/uploads\/sites\/43\/2025\/01\/susana-arevalo-acervbo-724x1024.jpg 724w, https:\/\/ffyh.unc.edu.ar\/escritores-de-cordoba\/wp-content\/uploads\/sites\/43\/2025\/01\/susana-arevalo-acervbo-768x1086.jpg 768w, https:\/\/ffyh.unc.edu.ar\/escritores-de-cordoba\/wp-content\/uploads\/sites\/43\/2025\/01\/susana-arevalo-acervbo-1086x1536.jpg 1086w, https:\/\/ffyh.unc.edu.ar\/escritores-de-cordoba\/wp-content\/uploads\/sites\/43\/2025\/01\/susana-arevalo-acervbo.jpg 1131w\" sizes=\"auto, (max-width: 212px) 100vw, 212px\" \/><\/p>\n<h3>Bibliograf\u00eda<\/h3>\n<ul>\n<li>Eguia, Bibiana: \u201cClaves de acceso a la Literatura de C\u00f3rdoba durante la transici\u00f3n democr\u00e1tica (1982-1989)\u201d en\u00a0 En Barcellona, M; Curetti, Sandra:\u00a0<em>Memoria, Literatura y Pol\u00edtica en C\u00f3rdoba durante la transici\u00f3n democr\u00e1tica<\/em>. C\u00f3rdoba, Eduvim, 2011, p\u00e1g. 33-62.<\/li>\n<li>Teatro por la identidad: \u201cLa pisada del unicornio. Literatura y m\u00fasica en la C\u00f3rdoba de los 80.\u201d En\u00a0 Url: emttfv.biz\/downloadFile\/2docupdf_pdf<\/li>\n<li>Vega, Virginia: \u201c<a href=\"https:\/\/catalogo.biblio.unc.edu.ar\/Search\/Results?lookfor=confines+de+la+mirada.Un+espacio+para+la+literatura+de+C%C3%B3rdoba&amp;type=Title&amp;limit=20&amp;sort=year+asc\">Una aventura literaria. Un tour por el laberinto de Susana Ar\u00e9valo<\/a>\u201d en \u201cConfines de la mirada. Un espacio para la literatura de C\u00f3rdoba\u201d Nro. 3, A\u00f1o 2004-2005, p.88-91<\/li>\n<\/ul>\n<p style=\"text-align: right\"><a href=\"https:\/\/ffyh.unc.edu.ar\/escritores-de-cordoba\/guia-de-autores-cordobeses\/a\/\">volver<\/a><\/p>\n","protected":false},"excerpt":{"rendered":"<p>Naci\u00f3 en C\u00f3rdoba en 1952. Poeta y arquitecta. Particip\u00f3 de los talleres de la SADE Filial C\u00f3rdoba, y ha sido<\/p>\n","protected":false},"author":2,"featured_media":0,"parent":16,"menu_order":0,"comment_status":"closed","ping_status":"closed","template":"","meta":{"_acf_changed":false,"colormag_page_container_layout":"default_layout","colormag_page_sidebar_layout":"default_layout","footnotes":""},"class_list":["post-143","page","type-page","status-publish","hentry"],"acf":[],"_links":{"self":[{"href":"https:\/\/ffyh.unc.edu.ar\/escritores-de-cordoba\/wp-json\/wp\/v2\/pages\/143","targetHints":{"allow":["GET"]}}],"collection":[{"href":"https:\/\/ffyh.unc.edu.ar\/escritores-de-cordoba\/wp-json\/wp\/v2\/pages"}],"about":[{"href":"https:\/\/ffyh.unc.edu.ar\/escritores-de-cordoba\/wp-json\/wp\/v2\/types\/page"}],"author":[{"embeddable":true,"href":"https:\/\/ffyh.unc.edu.ar\/escritores-de-cordoba\/wp-json\/wp\/v2\/users\/2"}],"replies":[{"embeddable":true,"href":"https:\/\/ffyh.unc.edu.ar\/escritores-de-cordoba\/wp-json\/wp\/v2\/comments?post=143"}],"version-history":[{"count":7,"href":"https:\/\/ffyh.unc.edu.ar\/escritores-de-cordoba\/wp-json\/wp\/v2\/pages\/143\/revisions"}],"predecessor-version":[{"id":1778,"href":"https:\/\/ffyh.unc.edu.ar\/escritores-de-cordoba\/wp-json\/wp\/v2\/pages\/143\/revisions\/1778"}],"up":[{"embeddable":true,"href":"https:\/\/ffyh.unc.edu.ar\/escritores-de-cordoba\/wp-json\/wp\/v2\/pages\/16"}],"wp:attachment":[{"href":"https:\/\/ffyh.unc.edu.ar\/escritores-de-cordoba\/wp-json\/wp\/v2\/media?parent=143"}],"curies":[{"name":"wp","href":"https:\/\/api.w.org\/{rel}","templated":true}]}}