{"id":145,"date":"2021-10-12T14:20:37","date_gmt":"2021-10-12T14:20:37","guid":{"rendered":"https:\/\/ffyh.unc.edu.ar\/escritores-de-cordoba\/?page_id=145"},"modified":"2025-01-03T20:59:35","modified_gmt":"2025-01-03T20:59:35","slug":"arguello-mario","status":"publish","type":"page","link":"https:\/\/ffyh.unc.edu.ar\/escritores-de-cordoba\/guia-de-autores-cordobeses\/a\/arguello-mario\/","title":{"rendered":"Arg\u00fcello, Mario"},"content":{"rendered":"<p class=\"western\" lang=\"es-ES\">Naci\u00f3 en la ciudad de C\u00f3rdoba, el 14 de abril de 1931. Escribe desde temprana edad. Curs\u00f3 estudios secundarios en el Colegio Nacional de Monserrat, del que egres\u00e9 como Bachiller Humanista. All\u00ed, la asignatura de Composici\u00f3n, con nociones de preceptiva, supone un hito en su aprendizaje. A\u00f1os m\u00e1s tarde, cursa la universidad y egresa con el t\u00edtulo de Profesor de Castellano, Literatura y Lat\u00edn para la Ense\u00f1anza Superior, de la Escuela Superior de Lenguas (hoy, Facultad de Lenguas- UNCba). Ejerci\u00f3 como docente de Literatura Preceptiva y de Literatura Espa\u00f1ola I en el Colegio Nacional de Monserrat, instituci\u00f3n que tambi\u00e9n lo tuvo de Regente. Fue Director del Instituto de Educaci\u00f3n Cooperativa, donde tambi\u00e9n ofreci\u00f3 cursillos sobre su especialidad. Es Director de la Revista \u00abHojas de Cultura\u00bb. Ha realizado colaboraciones de comentarios y textos de cr\u00edtica literaria o temas de cultura general, en diarios y revistas del pa\u00eds como \u201cLa Prensa\u201d (Bs.As.), \u201cLa Voz del Interior\u201d, \u201cLos Principios\u201d, \u201cTiempo de C\u00f3rdoba\u201d, \u201cLaurel\u201d, \u201cBohemia\u201d, \u201cBohemia y Figura\u201d, \u201cLa Revista de la SADE (Filial C\u00f3rdoba)\u201d, la \u201cRevista de la Facultad de Odontolog\u00eda\u201d, el \u201cBolet\u00edn Informativo del Colegio Odontol\u00f3gico de la Provincia de C\u00f3rdoba\u201d, la \u201cRevista del C\u00edrculo Odontol\u00f3gico de C\u00f3rdoba\u201d, el diario \u201cLa Vanguardia\u201d(Bs.As.), \u201cNuevo Pa\u00eds\u201d (Bs. As.), la \u201cRevista La Vanguardia\u201d (Bs.As.), \u201cLa Cooperaci\u00f3n (Asoc. De Cooperativas Argentinas)\u201d (Bs. As.), \u201cAsueto\u201d (Villa Dolores) y la revista \u201cMonserrat\u201d (de C\u00f3rdoba).<\/p>\n<p class=\"western\" lang=\"es-ES\">Ha recibido algunos premios: en 1977, el tercer premio en los Primeros Juegos Florales de la Direcci\u00f3n de Cultura de la Municipalidad de C\u00f3rdoba, por el poema \u00abEl duende r\u00edo\u00bb; en el mismo a\u00f1o, otro premio en los XX Juegos Florales \u00abCiudad de Taf\u00ed Viejo\u00bb organizados por el Centro Patri\u00f3tico y Cultural Juvenilia de la Biblioteca Popular Alberdi. En 1980, el segundo premio del Concurso \u00abLuis de Tejeda\u00bb Poes\u00eda, convocado por la Secretar\u00eda de Cultura de la Municipalidad de C\u00f3rdoba, por el poemario\u00a0<i>Entre el vivir y el so\u00f1ar<\/i>.<\/p>\n<p class=\"western\" lang=\"es-ES\">Disert\u00f3 sobre diversos temas en distintas instituciones de C\u00f3rdoba (el Colegio Monserrat, la Universidad Nacional de C\u00f3rdoba, la Biblioteca Orgaz, etc.) y tambi\u00e9n en Tucum\u00e1n; y en Calafell (Catalu\u00f1a, Espa\u00f1a).<\/p>\n<p class=\"western\" lang=\"es-ES\">Entre 1965 y 1966 hizo un paso por el periodismo radiof\u00f3nico, como integrante del Servicio Informativo de LV3 y a pedido de conductores de programas diversos, colaboro en las secciones culturales con cr\u00f3nicas, an\u00e9cdotas, rese\u00f1as de personajes y visitas trascendentes de la ciudad y de la provincia.<\/p>\n<h3 class=\"western\">Publicaciones<\/h3>\n<h4 class=\"western\">Poes\u00eda<\/h4>\n<ul>\n<li class=\"western\"><a href=\"http:\/\/ffyh.biblio.unc.edu.ar\/\/cgi-bin\/koha\/opac-detail.pl?biblionumber=8372\"><i>Aire amanecido<\/i><\/a>, 1961;<\/li>\n<li class=\"western\"><i>Poemas de silenci<\/i>o, 1973;<\/li>\n<li class=\"western\"><i><a href=\"http:\/\/bmayor.biblio.unc.edu.ar\/\/cgi-bin\/koha\/opac-detail.pl?biblionumber=52292\">Entre el vivir y el so\u00f1ar<\/a>,<\/i> 1980;<\/li>\n<li class=\"western\"><i><a href=\"http:\/\/bmayor.biblio.unc.edu.ar\/\/cgi-bin\/koha\/opac-detail.pl?biblionumber=51302\">El viento en las uvas<\/a>,<\/i> 1981;<\/li>\n<li class=\"western\"><i><a href=\"http:\/\/monserrat.biblio.unc.edu.ar\/\/cgi-bin\/koha\/opac-detail.pl?biblionumber=614\">Desde el oto\u00f1o<\/a>,<\/i> 2006;<\/li>\n<li class=\"western\"><i>Al borde del ocaso,<\/i> 2011;<\/li>\n<li class=\"western\"><i>De ayer y de hoy,<\/i> 2017.<\/li>\n<\/ul>\n<h4 class=\"western\">Otros<\/h4>\n<ul>\n<li><i>El hombre y su dignidad,\u00a0<\/i>1978;<\/li>\n<li><i><a href=\"https:\/\/catalogo.biblio.unc.edu.ar\/Search\/Results?lookfor=Arg%C3%BCello%2C+mario%2C+la+poesia&amp;type=AllFields&amp;limit=20&amp;sort=relevance\">La poes\u00eda, lugar de reuni\u00f3n en Alejandro Nicotra<\/a>,<\/i> 1981;<\/li>\n<li><a href=\"https:\/\/catalogo.biblio.unc.edu.ar\/Search\/Results?lookfor=Arg%C3%BCello%2C+mario%2C+vivencias+monserratenses&amp;type=AllFields&amp;limit=20&amp;sort=relevance\"><i>De Monserrat a Monserrat, y otras vivencias montserratenses,<\/i><\/a> 1993;<\/li>\n<li><a href=\"http:\/\/monserrat.biblio.unc.edu.ar\/\/cgi-bin\/koha\/opac-detail.pl?biblionumber=613\"><i>Cuentos leves y extraordinarios<\/i><\/a>, 1997, 2008;<\/li>\n<li><a href=\"http:\/\/monserrat.biblio.unc.edu.ar\/\/cgi-bin\/koha\/opac-detail.pl?biblionumber=612\"><i>Detr\u00e1s de la palabra (ensayos)<\/i><\/a>, 2000;<\/li>\n<li><i>El env\u00e9s de las sombras<\/i>, 2013.<\/li>\n<\/ul>\n<p><img loading=\"lazy\" decoding=\"async\" class=\"alignnone size-medium wp-image-2062\" src=\"http:\/\/ffyh.unc.edu.ar\/escritores-de-cordoba\/wp-content\/uploads\/sites\/43\/2025\/01\/arguello-1-211x300.png\" alt=\"\" width=\"211\" height=\"300\" srcset=\"https:\/\/ffyh.unc.edu.ar\/escritores-de-cordoba\/wp-content\/uploads\/sites\/43\/2025\/01\/arguello-1-211x300.png 211w, https:\/\/ffyh.unc.edu.ar\/escritores-de-cordoba\/wp-content\/uploads\/sites\/43\/2025\/01\/arguello-1.png 374w\" sizes=\"auto, (max-width: 211px) 100vw, 211px\" \/> <img loading=\"lazy\" decoding=\"async\" class=\"alignnone size-medium wp-image-2064\" src=\"http:\/\/ffyh.unc.edu.ar\/escritores-de-cordoba\/wp-content\/uploads\/sites\/43\/2025\/01\/arguello-2-214x300.png\" alt=\"\" width=\"214\" height=\"300\" srcset=\"https:\/\/ffyh.unc.edu.ar\/escritores-de-cordoba\/wp-content\/uploads\/sites\/43\/2025\/01\/arguello-2-214x300.png 214w, https:\/\/ffyh.unc.edu.ar\/escritores-de-cordoba\/wp-content\/uploads\/sites\/43\/2025\/01\/arguello-2.png 295w\" sizes=\"auto, (max-width: 214px) 100vw, 214px\" \/> <img loading=\"lazy\" decoding=\"async\" class=\"alignnone size-medium wp-image-2065\" src=\"http:\/\/ffyh.unc.edu.ar\/escritores-de-cordoba\/wp-content\/uploads\/sites\/43\/2025\/01\/arguello-3-217x300.png\" alt=\"\" width=\"217\" height=\"300\" srcset=\"https:\/\/ffyh.unc.edu.ar\/escritores-de-cordoba\/wp-content\/uploads\/sites\/43\/2025\/01\/arguello-3-217x300.png 217w, https:\/\/ffyh.unc.edu.ar\/escritores-de-cordoba\/wp-content\/uploads\/sites\/43\/2025\/01\/arguello-3.png 331w\" sizes=\"auto, (max-width: 217px) 100vw, 217px\" \/> <img loading=\"lazy\" decoding=\"async\" class=\"alignnone size-medium wp-image-2066\" src=\"http:\/\/ffyh.unc.edu.ar\/escritores-de-cordoba\/wp-content\/uploads\/sites\/43\/2025\/01\/arguello-4-181x300.png\" alt=\"\" width=\"181\" height=\"300\" srcset=\"https:\/\/ffyh.unc.edu.ar\/escritores-de-cordoba\/wp-content\/uploads\/sites\/43\/2025\/01\/arguello-4-181x300.png 181w, https:\/\/ffyh.unc.edu.ar\/escritores-de-cordoba\/wp-content\/uploads\/sites\/43\/2025\/01\/arguello-4.png 281w\" sizes=\"auto, (max-width: 181px) 100vw, 181px\" \/> <img loading=\"lazy\" decoding=\"async\" class=\"alignnone size-medium wp-image-2067\" src=\"http:\/\/ffyh.unc.edu.ar\/escritores-de-cordoba\/wp-content\/uploads\/sites\/43\/2025\/01\/arguello-5-211x300.png\" alt=\"\" width=\"211\" height=\"300\" srcset=\"https:\/\/ffyh.unc.edu.ar\/escritores-de-cordoba\/wp-content\/uploads\/sites\/43\/2025\/01\/arguello-5-211x300.png 211w, https:\/\/ffyh.unc.edu.ar\/escritores-de-cordoba\/wp-content\/uploads\/sites\/43\/2025\/01\/arguello-5.png 325w\" sizes=\"auto, (max-width: 211px) 100vw, 211px\" \/><\/p>\n<h3 class=\"western\">Bibliograf\u00eda<\/h3>\n<ul>\n<li class=\"western\">Paredes, Jacinto H. \u201cLa poes\u00eda de Mario Arg\u00fcello\u201d en \u201cGu\u00eda de C\u00f3rdoba Cultural\u201d. Publicaci\u00f3n de la Subsecretar\u00eda de Cultura de la Municipalidad de C\u00f3rdoba. (Sin datos referenciales) p\u00e1g. 12-18.<\/li>\n<li class=\"western\">Perr\u00e9n de Velasco, Lila: Comentario preliminar, en Arg\u00fcello, Mario:\u00a0<i>De ayer y de hoy<\/i>. C\u00f3rdoba, 2017.<\/li>\n<\/ul>\n<p style=\"text-align: right\"><a href=\"https:\/\/ffyh.unc.edu.ar\/escritores-de-cordoba\/guia-de-autores-cordobeses\/a\/\">volver<\/a><\/p>\n","protected":false},"excerpt":{"rendered":"<p>Naci\u00f3 en la ciudad de C\u00f3rdoba, el 14 de abril de 1931. Escribe desde temprana edad. Curs\u00f3 estudios secundarios en<\/p>\n","protected":false},"author":2,"featured_media":0,"parent":16,"menu_order":0,"comment_status":"closed","ping_status":"closed","template":"","meta":{"_acf_changed":false,"colormag_page_container_layout":"default_layout","colormag_page_sidebar_layout":"default_layout","footnotes":""},"class_list":["post-145","page","type-page","status-publish","hentry"],"acf":[],"_links":{"self":[{"href":"https:\/\/ffyh.unc.edu.ar\/escritores-de-cordoba\/wp-json\/wp\/v2\/pages\/145","targetHints":{"allow":["GET"]}}],"collection":[{"href":"https:\/\/ffyh.unc.edu.ar\/escritores-de-cordoba\/wp-json\/wp\/v2\/pages"}],"about":[{"href":"https:\/\/ffyh.unc.edu.ar\/escritores-de-cordoba\/wp-json\/wp\/v2\/types\/page"}],"author":[{"embeddable":true,"href":"https:\/\/ffyh.unc.edu.ar\/escritores-de-cordoba\/wp-json\/wp\/v2\/users\/2"}],"replies":[{"embeddable":true,"href":"https:\/\/ffyh.unc.edu.ar\/escritores-de-cordoba\/wp-json\/wp\/v2\/comments?post=145"}],"version-history":[{"count":4,"href":"https:\/\/ffyh.unc.edu.ar\/escritores-de-cordoba\/wp-json\/wp\/v2\/pages\/145\/revisions"}],"predecessor-version":[{"id":2068,"href":"https:\/\/ffyh.unc.edu.ar\/escritores-de-cordoba\/wp-json\/wp\/v2\/pages\/145\/revisions\/2068"}],"up":[{"embeddable":true,"href":"https:\/\/ffyh.unc.edu.ar\/escritores-de-cordoba\/wp-json\/wp\/v2\/pages\/16"}],"wp:attachment":[{"href":"https:\/\/ffyh.unc.edu.ar\/escritores-de-cordoba\/wp-json\/wp\/v2\/media?parent=145"}],"curies":[{"name":"wp","href":"https:\/\/api.w.org\/{rel}","templated":true}]}}