{"id":151,"date":"2021-10-12T14:22:45","date_gmt":"2021-10-12T14:22:45","guid":{"rendered":"https:\/\/ffyh.unc.edu.ar\/escritores-de-cordoba\/?page_id=151"},"modified":"2025-01-15T12:07:34","modified_gmt":"2025-01-15T12:07:34","slug":"avedano-sergio-osvaldo","status":"publish","type":"page","link":"https:\/\/ffyh.unc.edu.ar\/escritores-de-cordoba\/guia-de-autores-cordobeses\/a\/avedano-sergio-osvaldo\/","title":{"rendered":"Avedano, Sergio Osvaldo"},"content":{"rendered":"<p class=\"western\" lang=\"es-ES\">Naci\u00f3 en Comechingones (Dpto. R\u00edo Primero) en 1933.<\/p>\n<p class=\"western\" lang=\"es-ES\">Escritor costumbrista. En sus relatos prima la mirada hacia lo popular. Dirigi\u00f3 las ediciones \u201cBohemia y Figura\u201d, publicaci\u00f3n que contaba con una est\u00e9tica particular. Vivi\u00f3 un per\u00edodo en las Islas Canarias, (Espa\u00f1a), desde 1989 hasta comienzos del nuevo siglo, donde continu\u00f3 con la tarea de recupera tipos populares y dar cuenta de distintas facetas de la idiosincrasia cordobesa. Recibi\u00f3 reconocimientos por su obra, a nivel local y en el exterior.<\/p>\n<p class=\"western\" lang=\"es-ES\">Falleci\u00f3 en C\u00f3rdoba, el 2 de junio de 2009.<\/p>\n<h3 class=\"western\">Publicaciones<\/h3>\n<ul>\n<li class=\"western\"><span lang=\"es-AR\"><i>Las manos sobre el sol<\/i><\/span><span lang=\"es-AR\">, 1960<\/span><\/li>\n<li class=\"western\"><span lang=\"es-AR\"><i>El abrazo peque\u00f1o,\u00a0<\/i><\/span><span lang=\"es-AR\">1962<\/span><\/li>\n<li class=\"western\"><i>La patria, los ni\u00f1os<\/i>, 1972<\/li>\n<li class=\"western\"><i>Los fuegos de Septiembre<\/i>\u00a01972<\/li>\n<li class=\"western\"><i>Los Cordobitas<\/i>\u00a01.\u00a0<i>Sobre Mitos, Leyendas y Personajes de C\u00f3rdoba. Jard\u00edn Florido. 1982, 2001<\/i><\/li>\n<li class=\"western\"><span lang=\"es-AR\"><i>Secretos y confesiones<\/i><\/span><span lang=\"es-AR\">, 1982<\/span><\/li>\n<li class=\"western\"><i>Chimaira o El libro del Yolo,<\/i>\u00a01983<\/li>\n<li class=\"western\"><i>Bohemia y Figura: integraci\u00f3n<\/i>, 1984<\/li>\n<li class=\"western\"><i>Integraci\u00f3n literaria. R<\/i>ecopilaci\u00f3n y selecci\u00f3n\u00a0<i>1972-1982<\/i>, 1984<\/li>\n<li class=\"western\"><i>El regreso de Piero Rossi,<\/i>\u00a01987<\/li>\n<li class=\"western\"><i>Los Cordobitas 2. Sobre Mitos, Leyendas y Personajes de C\u00f3rdoba. La Papa de Hortensia,<\/i>\u00a01994, 2002<\/li>\n<li class=\"western\"><i>Los Cordobitas 3. El Chango Rodr\u00edguez y Cabeza Colorada<\/i>,\u00a0<i>La que te Relumbra y El Infiernillo,<\/i>\u00a01995, 2003<\/li>\n<li class=\"western\"><i>Baladas al Hospital San Roque<\/i>, 1995<\/li>\n<li class=\"western\"><i>De curas y pupilos<\/i>, 1996<\/li>\n<li class=\"western\"><i>Los de Alberdi,<\/i>\u00a01996<\/li>\n<li class=\"western\"><i>El Alma que se ignora\u00a0<\/i>1996<\/li>\n<li class=\"western\"><span lang=\"es-AR\"><i>Un caballero llamado la Yegua loca<\/i><\/span><span lang=\"es-AR\">, 1997<\/span><\/li>\n<li class=\"western\"><i>Los Cordobitas 4. Sobre Mitos, Leyendas y Personajes de C\u00f3rdoba. Guglieri, Kloner, Y\u00e1\u00f1ez,<\/i>\u00a01997, 2004<\/li>\n<li class=\"western\"><i>Recordando,\u00a0<\/i>1998<\/li>\n<li class=\"western\"><i>Los Cordobitas 5. El divorcio de mi prima Hada<\/i>. Novela, 1999, 2006<\/li>\n<li class=\"western\"><i>Cultura Popular, personajes y poes\u00eda<\/i>, 2000<\/li>\n<li class=\"western\"><i>Jard\u00edn Florido: Historia, Magia y Misterio<\/i>, 2001<\/li>\n<li class=\"western\"><i>Historias \u00edntimas, habla popular y cuentos profanos de C\u00f3rdoba,\u00a0<\/i>2005<\/li>\n<li><a href=\"http:\/\/ffyh.biblio.unc.edu.ar\/\/cgi-bin\/koha\/opac-detail.pl?biblionumber=96950\"><em>El velorio del angelito<\/em><\/a>, 1993<\/li>\n<li><a href=\"https:\/\/catalogo.biblio.unc.edu.ar\/Search\/Results?lookfor=avedano+Cr%C3%B3nicas+sobre+Porte%C3%B1a+y+los+H%C3%A9roes+Silenciosos+&amp;type=AllFields&amp;filter%5B%5D=format%3A%22Book%22&amp;limit=20&amp;sort=relevance\"><i>Cr\u00f3nicas sobre Porte\u00f1a y los H\u00e9roes Silenciosos de la pampa<\/i><\/a>, 2004<\/li>\n<li class=\"western\"><i>Historias \u00edntimas, habla popular y cuentos profanos de C\u00f3rdoba<\/i>, 2005<\/li>\n<li class=\"western\"><i>Hern\u00e1ndez y el mundo de la caricatura<\/i>, 2006.<\/li>\n<\/ul>\n<p><img loading=\"lazy\" decoding=\"async\" class=\"alignnone size-medium wp-image-2076\" src=\"http:\/\/ffyh.unc.edu.ar\/escritores-de-cordoba\/wp-content\/uploads\/sites\/43\/2025\/01\/avedano1-201x300.png\" alt=\"\" width=\"201\" height=\"300\" srcset=\"https:\/\/ffyh.unc.edu.ar\/escritores-de-cordoba\/wp-content\/uploads\/sites\/43\/2025\/01\/avedano1-201x300.png 201w, https:\/\/ffyh.unc.edu.ar\/escritores-de-cordoba\/wp-content\/uploads\/sites\/43\/2025\/01\/avedano1.png 468w\" sizes=\"auto, (max-width: 201px) 100vw, 201px\" \/> <img loading=\"lazy\" decoding=\"async\" class=\"alignnone size-medium wp-image-2077\" src=\"http:\/\/ffyh.unc.edu.ar\/escritores-de-cordoba\/wp-content\/uploads\/sites\/43\/2025\/01\/avedano3-212x300.png\" alt=\"\" width=\"212\" height=\"300\" srcset=\"https:\/\/ffyh.unc.edu.ar\/escritores-de-cordoba\/wp-content\/uploads\/sites\/43\/2025\/01\/avedano3-212x300.png 212w, https:\/\/ffyh.unc.edu.ar\/escritores-de-cordoba\/wp-content\/uploads\/sites\/43\/2025\/01\/avedano3.png 486w\" sizes=\"auto, (max-width: 212px) 100vw, 212px\" \/> <img loading=\"lazy\" decoding=\"async\" class=\"alignnone size-medium wp-image-2078\" src=\"http:\/\/ffyh.unc.edu.ar\/escritores-de-cordoba\/wp-content\/uploads\/sites\/43\/2025\/01\/avedano21-204x300.png\" alt=\"\" width=\"204\" height=\"300\" srcset=\"https:\/\/ffyh.unc.edu.ar\/escritores-de-cordoba\/wp-content\/uploads\/sites\/43\/2025\/01\/avedano21-204x300.png 204w, https:\/\/ffyh.unc.edu.ar\/escritores-de-cordoba\/wp-content\/uploads\/sites\/43\/2025\/01\/avedano21.png 475w\" sizes=\"auto, (max-width: 204px) 100vw, 204px\" \/><img loading=\"lazy\" decoding=\"async\" class=\"alignnone size-medium wp-image-2442\" src=\"http:\/\/ffyh.unc.edu.ar\/escritores-de-cordoba\/wp-content\/uploads\/sites\/43\/2025\/01\/avedano-5-212x300.jpg\" alt=\"\" width=\"212\" height=\"300\" srcset=\"https:\/\/ffyh.unc.edu.ar\/escritores-de-cordoba\/wp-content\/uploads\/sites\/43\/2025\/01\/avedano-5-212x300.jpg 212w, https:\/\/ffyh.unc.edu.ar\/escritores-de-cordoba\/wp-content\/uploads\/sites\/43\/2025\/01\/avedano-5.jpg 453w\" sizes=\"auto, (max-width: 212px) 100vw, 212px\" \/> <img loading=\"lazy\" decoding=\"async\" class=\"alignnone size-medium wp-image-2443\" src=\"http:\/\/ffyh.unc.edu.ar\/escritores-de-cordoba\/wp-content\/uploads\/sites\/43\/2025\/01\/avedano-10-212x300.jpg\" alt=\"\" width=\"212\" height=\"300\" srcset=\"https:\/\/ffyh.unc.edu.ar\/escritores-de-cordoba\/wp-content\/uploads\/sites\/43\/2025\/01\/avedano-10-212x300.jpg 212w, https:\/\/ffyh.unc.edu.ar\/escritores-de-cordoba\/wp-content\/uploads\/sites\/43\/2025\/01\/avedano-10.jpg 453w\" sizes=\"auto, (max-width: 212px) 100vw, 212px\" \/><\/p>\n<p style=\"text-align: right\"><a href=\"https:\/\/ffyh.unc.edu.ar\/escritores-de-cordoba\/guia-de-autores-cordobeses\/a\/\">volver<\/a><\/p>\n","protected":false},"excerpt":{"rendered":"<p>Naci\u00f3 en Comechingones (Dpto. R\u00edo Primero) en 1933. Escritor costumbrista. En sus relatos prima la mirada hacia lo popular. Dirigi\u00f3<\/p>\n","protected":false},"author":2,"featured_media":0,"parent":16,"menu_order":0,"comment_status":"closed","ping_status":"closed","template":"","meta":{"_acf_changed":false,"colormag_page_container_layout":"default_layout","colormag_page_sidebar_layout":"default_layout","footnotes":""},"class_list":["post-151","page","type-page","status-publish","hentry"],"acf":[],"_links":{"self":[{"href":"https:\/\/ffyh.unc.edu.ar\/escritores-de-cordoba\/wp-json\/wp\/v2\/pages\/151","targetHints":{"allow":["GET"]}}],"collection":[{"href":"https:\/\/ffyh.unc.edu.ar\/escritores-de-cordoba\/wp-json\/wp\/v2\/pages"}],"about":[{"href":"https:\/\/ffyh.unc.edu.ar\/escritores-de-cordoba\/wp-json\/wp\/v2\/types\/page"}],"author":[{"embeddable":true,"href":"https:\/\/ffyh.unc.edu.ar\/escritores-de-cordoba\/wp-json\/wp\/v2\/users\/2"}],"replies":[{"embeddable":true,"href":"https:\/\/ffyh.unc.edu.ar\/escritores-de-cordoba\/wp-json\/wp\/v2\/comments?post=151"}],"version-history":[{"count":4,"href":"https:\/\/ffyh.unc.edu.ar\/escritores-de-cordoba\/wp-json\/wp\/v2\/pages\/151\/revisions"}],"predecessor-version":[{"id":2444,"href":"https:\/\/ffyh.unc.edu.ar\/escritores-de-cordoba\/wp-json\/wp\/v2\/pages\/151\/revisions\/2444"}],"up":[{"embeddable":true,"href":"https:\/\/ffyh.unc.edu.ar\/escritores-de-cordoba\/wp-json\/wp\/v2\/pages\/16"}],"wp:attachment":[{"href":"https:\/\/ffyh.unc.edu.ar\/escritores-de-cordoba\/wp-json\/wp\/v2\/media?parent=151"}],"curies":[{"name":"wp","href":"https:\/\/api.w.org\/{rel}","templated":true}]}}