{"id":156,"date":"2022-06-06T20:17:52","date_gmt":"2022-06-06T20:17:52","guid":{"rendered":"https:\/\/ffyh.unc.edu.ar\/escritores-de-cordoba\/?page_id=156"},"modified":"2022-06-15T19:17:17","modified_gmt":"2022-06-15T19:17:17","slug":"bajo-cristina","status":"publish","type":"page","link":"https:\/\/ffyh.unc.edu.ar\/escritores-de-cordoba\/bajo-cristina\/","title":{"rendered":"Bajo, Cristina"},"content":{"rendered":"<p class=\"western\" lang=\"es-ES\"><span style=\"color: #000000\">Naci\u00f3 el 17 de junio de 1937 en la ciudad de C\u00f3rdoba. Su infancia transcurri\u00f3 en Cabana. Casada, dos hijos. Se dedic\u00f3 durante muchos a\u00f1os al magisterio. Sus relatos toman como base historias, leyendas y personajes de la provincia, que elabora a partir de investigaciones en el Archivo Hist\u00f3rico de la ciudad. Ha colaborado y escribe en diarios y revistas nacionales. Sus publicaciones son \u00e9xito de venta. La Municipalidad de C\u00f3rdoba la ha reconocido como \u201cCiudadana Ilustre\u201d en 2018.<\/span><\/p>\n<h3 class=\"western\"><span style=\"color: #000000\">Publicaciones<\/span><\/h3>\n<h4><span style=\"color: #000000\">Novela<\/span><\/h4>\n<ul>\n<li class=\"western\"><span style=\"color: #000000\"><a href=\"https:\/\/catalogo.biblio.unc.edu.ar\/Search\/Results?lookfor=Como+vivido+cien+veces&amp;type=AllFields&amp;filter%5B%5D=format%3A%22Book%22&amp;limit=20&amp;sort=relevance\"><i>Como vivido cien veces,<\/i><\/a> 1996<\/span><\/li>\n<li class=\"western\"><span style=\"color: #000000\"><a href=\"https:\/\/catalogo.biblio.unc.edu.ar\/Search\/Results?lookfor=En+tiempos+de+Laura+Osorio&amp;type=AllFields&amp;filter%5B%5D=format%3A%22Book%22&amp;limit=20&amp;sort=relevance\"><i>En tiempos de Laura Osorio<\/i><\/a>, 1998<\/span><\/li>\n<li class=\"western\"><span style=\"color: #000000\"><i><a href=\"https:\/\/catalogo.biblio.unc.edu.ar\/Search\/Results?lookfor=La+trama+del+pasado&amp;type=AllFields&amp;filter%5B%5D=format%3A%22Book%22&amp;limit=20&amp;sort=relevance\">La trama del pasado<\/a>,<\/i> 2006<\/span><\/li>\n<li class=\"western\"><span style=\"color: #000000\"><i><a href=\"https:\/\/catalogo.biblio.unc.edu.ar\/Search\/Results?lookfor=Territorio+de+penumbras&amp;type=AllFields&amp;filter%5B%5D=format%3A%22Book%22&amp;limit=20&amp;sort=relevance\">Territorio de penumbras<\/a>,<\/i> 2011<\/span><\/li>\n<li><em><a href=\"http:\/\/ffyh.biblio.unc.edu.ar\/\/cgi-bin\/koha\/opac-detail.pl?biblionumber=78808\">El libro de los recuerdos<\/a>, <\/em>2012<\/li>\n<li class=\"western\"><span style=\"color: #000000\"><i><a href=\"http:\/\/ffyh.biblio.unc.edu.ar\/\/cgi-bin\/koha\/opac-detail.pl?biblionumber=91974\">Esa lejana barbarie, 2<\/a><\/i>017\u00a0 <\/span><span style=\"color: #000000\">(<\/span><span style=\"color: #000000\">Las mencionadas previamente integran la llamada Saga de los Osorio.)<\/span><\/li>\n<li class=\"western\"><span style=\"color: #000000\"><a href=\"https:\/\/catalogo.biblio.unc.edu.ar\/Search\/Results?lookfor=Sierva+de+Dios%2C+ama+de+la+muerte&amp;type=AllFields&amp;filter%5B%5D=format%3A%22Book%22&amp;limit=20&amp;sort=relevance\"><i>Sierva de Dios, ama de la muerte<\/i><\/a>, 2001 (titulada <a href=\"https:\/\/catalogo.biblio.unc.edu.ar\/Search\/Results?lookfor=El+jard%C3%ADn+de+los+venenos&amp;type=AllFields&amp;filter%5B%5D=format%3A%22Book%22&amp;limit=20&amp;sort=relevance\"><i>El jard\u00edn de los venenos<\/i><\/a>, desde 2005)<\/span><\/li>\n<\/ul>\n<h4 class=\"western\"><span style=\"color: #000000\">Cuentos<\/span><\/h4>\n<ul>\n<li class=\"western\"><span style=\"color: #000000\"><i><a href=\"https:\/\/catalogo.biblio.unc.edu.ar\/Search\/Results?lookfor=La+se%C3%B1ora+de+Ansenuza+y+otras+leyendas&amp;type=AllFields&amp;filter%5B%5D=format%3A%22Book%22&amp;limit=20&amp;sort=relevance\">La se\u00f1ora de Ansenuza y otras leyendas<\/a>, <\/i>1997<\/span><\/li>\n<li class=\"western\"><span style=\"color: #000000\"><a href=\"https:\/\/catalogo.biblio.unc.edu.ar\/Search\/Results?lookfor=T%C3%BA+que+te+escondes&amp;type=AllFields&amp;filter%5B%5D=format%3A%22Book%22&amp;limit=20&amp;sort=relevance\"><i>T\u00fa que te escondes<\/i>,<\/a> 2004<\/span><\/li>\n<li class=\"western\"><span style=\"color: #000000\"><a href=\"https:\/\/catalogo.biblio.unc.edu.ar\/Search\/Results?lookfor=El+guardi%C3%A1n+del+%C3%BAltimo+fuego+y+otras+leyendas&amp;type=AllFields&amp;filter%5B%5D=format%3A%22Book%22&amp;limit=20&amp;sort=relevance\"><i>El guardi\u00e1n del \u00faltimo fuego y otras leyendas argentinas<\/i><\/a>, 2007<\/span><\/li>\n<li class=\"western\"><span style=\"color: #000000\"><i>La madre del agua y otras leyendas argentinas<\/i>, 2011<\/span><\/li>\n<\/ul>\n<h3><span style=\"color: #000000\">Bibliograf\u00eda<\/span><\/h3>\n<ul>\n<li class=\"western\"><span style=\"color: #000000\">Campra, Rosalba: \u201c<a href=\"http:\/\/casadelasamericas.org\/publicaciones\/revistacasa\/252\/notas.pdf\">Narrativas entre el presente y la historia. Cristina Bajo y Julio Torres<\/a>\u201d en Revista \u201c<i>Casa de las Am\u00e9ricas<\/i>\u201d Nro. 252, Julio, 2008. p 129-141.<\/span><span style=\"color: #000000\"><br \/>\n<\/span><\/li>\n<li class=\"western\"><span style=\"color: #000000\">Chas, Susana: <i>Los que pintan la aldea. Panorama de la novela en C\u00f3rdoba. <\/i>C\u00f3rdoba, Rub\u00e9n, 2004.<\/span><\/li>\n<li class=\"western\"><span style=\"color: #000000\"><a href=\"https:\/\/catalogo.biblio.unc.edu.ar\/Search\/Results?lookfor=Los+que+pintan+la+Aldea+II+panorama+general+de+la+novela+en+C%C3%B3rdoba&amp;type=Title&amp;limit=20&amp;sort=relevance\"><i>Los que pintan la aldea II<\/i><\/a>. Villa Mar\u00eda, Eduvim, 2011.<\/span><\/li>\n<li class=\"western\"><span style=\"color: #000000\">Domenella, Ana Rosa: \u201c<a href=\"http:\/\/ffyh.biblio.unc.edu.ar\/\/cgi-bin\/koha\/opac-detail.pl?biblionumber=82786\">La nueva novela hist\u00f3rica desde C\u00f3rdoba: Cristina Bajo<\/a>\u201d en Reati, Fernando y Pino, Miriam (coordinadores): <i>De centros y periferias de la Literatura de C\u00f3rdoba<\/i>. Rub\u00e9n Libros, 2001, p.41-56.<\/span><\/li>\n<li class=\"western\"><span style=\"color: #000000\">Elgue de Martini, Cristina: \u201c<a href=\"http:\/\/ffyh.biblio.unc.edu.ar\/\/cgi-bin\/koha\/opac-detail.pl?biblionumber=82786\">Contar la historia. En tiempos de Laura Osorio, de Cristina Bajo<\/a>\u201d en Reati, Fernando y Pino, Miriam (coordinadores): <i>De centros y periferias de la Literatura de C\u00f3rdoba<\/i>. Rub\u00e9n Libros, 2001, p.57-68.<\/span><\/li>\n<\/ul>\n<p>&nbsp;<\/p>\n<p style=\"text-align: right\"><a href=\"https:\/\/ffyh.unc.edu.ar\/escritores-de-cordoba\/guia-de-autores-cordobeses\/b\/\">volver<\/a><\/p>\n","protected":false},"excerpt":{"rendered":"<p>Naci\u00f3 el 17 de junio de 1937 en la ciudad de C\u00f3rdoba. Su infancia transcurri\u00f3 en Cabana. Casada, dos hijos.<\/p>\n","protected":false},"author":7,"featured_media":0,"parent":0,"menu_order":0,"comment_status":"closed","ping_status":"closed","template":"","meta":{"_acf_changed":false,"saved_in_kubio":false,"colormag_page_container_layout":"default_layout","colormag_page_sidebar_layout":"default_layout","footnotes":""},"class_list":["post-156","page","type-page","status-publish","hentry"],"acf":[],"kubio_ai_page_context":{"short_desc":"","purpose":"general"},"_links":{"self":[{"href":"https:\/\/ffyh.unc.edu.ar\/escritores-de-cordoba\/wp-json\/wp\/v2\/pages\/156","targetHints":{"allow":["GET"]}}],"collection":[{"href":"https:\/\/ffyh.unc.edu.ar\/escritores-de-cordoba\/wp-json\/wp\/v2\/pages"}],"about":[{"href":"https:\/\/ffyh.unc.edu.ar\/escritores-de-cordoba\/wp-json\/wp\/v2\/types\/page"}],"author":[{"embeddable":true,"href":"https:\/\/ffyh.unc.edu.ar\/escritores-de-cordoba\/wp-json\/wp\/v2\/users\/7"}],"replies":[{"embeddable":true,"href":"https:\/\/ffyh.unc.edu.ar\/escritores-de-cordoba\/wp-json\/wp\/v2\/comments?post=156"}],"version-history":[{"count":4,"href":"https:\/\/ffyh.unc.edu.ar\/escritores-de-cordoba\/wp-json\/wp\/v2\/pages\/156\/revisions"}],"predecessor-version":[{"id":726,"href":"https:\/\/ffyh.unc.edu.ar\/escritores-de-cordoba\/wp-json\/wp\/v2\/pages\/156\/revisions\/726"}],"wp:attachment":[{"href":"https:\/\/ffyh.unc.edu.ar\/escritores-de-cordoba\/wp-json\/wp\/v2\/media?parent=156"}],"curies":[{"name":"wp","href":"https:\/\/api.w.org\/{rel}","templated":true}]}}