{"id":18,"date":"2021-10-05T18:25:01","date_gmt":"2021-10-05T18:25:01","guid":{"rendered":"https:\/\/ffyh.unc.edu.ar\/escritores-de-cordoba\/?page_id=18"},"modified":"2025-02-25T15:07:23","modified_gmt":"2025-02-25T15:07:23","slug":"abalos-jorge-washington","status":"publish","type":"page","link":"https:\/\/ffyh.unc.edu.ar\/escritores-de-cordoba\/guia-de-autores-cordobeses\/a\/abalos-jorge-washington\/","title":{"rendered":"Abalos, Jorge W\u00e1shington"},"content":{"rendered":"<p>Naci\u00f3 en La Plata, el 20 de septiembre de 1915 en el seno de una familia oriunda de La Banda, Santiago del Estero. Falleci\u00f3 el 28 de septiembre de 1979 en C\u00f3rdoba. Su infancia transcurri\u00f3 en la provincia familiar, donde se recibi\u00f3 de maestro en 1933 y donde ejerci\u00f3 en las escuelas rurales del bosque chaque\u00f1o. All\u00ed, comienza a estudiar el medio natural y los insectos y anfibios peligrosos de la regi\u00f3n chaque\u00f1a, motivo por el cual, gana el apodo de \u201cMaestro bichero\u201d. Colabora con el m\u00e9dico Salvador Mazza y m\u00e1s tarde, con Bernardo Houssay. Casado con Leoni Albaca, tuvo tres hijos. Luego de una beca de estudios en R\u00edo de Janeiro (Brasil), se radica en C\u00f3rdoba desde 1966 al ser convocado como docente de la Facultad de Ciencias Exactas, F\u00edsicas y Naturales. Fund\u00f3 el Serpentario en C\u00f3rdoba y el Instituto de Animales Venenosos en Santiago del Estero.<\/p>\n<p>Como escritor, su obra tuvo una difusi\u00f3n masiva de gran reconocimiento. Escribi\u00f3 relatos con la constante del escenario: el desierto santiague\u00f1o. Su objetivo fue dar a conocer esa regi\u00f3n del noroeste argentino y la cultura espec\u00edfica de sus habitantes, hablantes del quechua. Adem\u00e1s de la literatura, Abalos produjo muchos escritos cient\u00edficos y de divulgaci\u00f3n sobre su especialidad. Su lucha contra el ofidismo, el mal de Chagas, la ara\u00f1a de los rastrojos, etc., le da prestigio internacional y reconocimientos. Fue miembro titular de la Academia Nacional de Ciencias, galardones en la Universidad de Harvard (Cambridge, EE.UU.) y los t\u00edtulos de \u00abDoctor Honoris Causa\u00bb otorgados por las Universidades de Tucum\u00e1n y Santiago del Estero.<\/p>\n<h3>Publicaciones<\/h3>\n<ul>\n<li><a href=\"https:\/\/catalogo.biblio.unc.edu.ar\/Search\/Results?lookfor=Cuentos+con+y+sin+v%C3%ADboras+Terciopelo%2C+la+cazadora+negra&amp;type=AllFields&amp;limit=20&amp;sort=relevance\"><em>Cuentos con y sin v\u00edboras<\/em><\/a>, 1942;<\/li>\n<li><a href=\"https:\/\/catalogo.biblio.unc.edu.ar\/Search\/Results?lookfor=Shunko&amp;type=AllFields&amp;limit=20&amp;sort=relevance\"><em>Shunko<\/em><\/a>, 1949;<\/li>\n<li><a href=\"https:\/\/catalogo.biblio.unc.edu.ar\/Search\/Results?lookfor=Animales%2C+leyendas+y+coplas&amp;type=AllFields&amp;limit=20&amp;sort=relevance\"><em>Animales, Leyendas y Coplas<\/em><\/a>, 1953;<\/li>\n<li><a href=\"https:\/\/catalogo.biblio.unc.edu.ar\/Search\/Results?lookfor=Norte+pencoso&amp;type=AllFields&amp;limit=20&amp;sort=relevance\"><em>Norte Pencoso<\/em><\/a>, 1964;<\/li>\n<li><em><a href=\"https:\/\/catalogo.biblio.unc.edu.ar\/Search\/Results?lookfor=Cuentos+con+y+sin+v%C3%ADboras+Terciopelo%2C+la+cazadora+negra&amp;type=AllFields&amp;limit=20&amp;sort=relevance\">Terciopelo, la cazadora negra<\/a>,<\/em> 1971;<\/li>\n<li><a href=\"https:\/\/catalogo.biblio.unc.edu.ar\/Search\/Results?lookfor=Coplero+popular&amp;type=AllFields&amp;limit=20&amp;sort=relevance\"><em>Coplero popular<\/em><\/a>, 1973;<\/li>\n<li><a href=\"https:\/\/catalogo.biblio.unc.edu.ar\/Search\/Results?lookfor=Don+Agamen%C3%B3n+y+don+Velmiro&amp;type=AllFields&amp;limit=20&amp;sort=relevance\"><em>Don Agamen\u00f3n y don Velmiro<\/em><\/a>, 1973;<\/li>\n<li><em><a href=\"https:\/\/catalogo.biblio.unc.edu.ar\/Search\/Results?lookfor=Shalacos&amp;type=AllFields&amp;limit=20&amp;sort=relevance\">Shalacos<\/a>,<\/em> 1975;<\/li>\n<li><a href=\"https:\/\/catalogo.biblio.unc.edu.ar\/Search\/Results?lookfor=La+viuda+negra&amp;type=AllFields&amp;filter%5B%5D=topic_facet%3A%22Literatura+Argentina%22\"><em>La viuda negra<\/em><\/a>, 1978;<\/li>\n<li><em><a href=\"https:\/\/catalogo.biblio.unc.edu.ar\/Search\/Results?lookfor=Iv%C3%A1n+Recik+y+otros+cuentos&amp;type=AllFields&amp;filter%5B%5D=topic_facet%3A%22Literatura+Argentina%22&amp;limit=20&amp;sort=relevance\">Iv\u00e1n Recik y otros cuentos<\/a>,<\/em> 1978;<\/li>\n<li><a href=\"https:\/\/catalogo.biblio.unc.edu.ar\/Search\/Results?lookfor=Iv%C3%A1n+Recik+y+otros+cuentos&amp;type=AllFields&amp;filter%5B%5D=topic_facet%3A%22Literatura+Argentina%22&amp;limit=20&amp;sort=relevance\"><em>Andanzas de Jabut\u00ed, la tortuguita<\/em><\/a>, 1980. Edici\u00f3n p\u00f3stuma.<\/li>\n<\/ul>\n<p>&nbsp;<\/p>\n<p><img loading=\"lazy\" decoding=\"async\" class=\"alignnone size-medium wp-image-2050\" src=\"http:\/\/ffyh.unc.edu.ar\/escritores-de-cordoba\/wp-content\/uploads\/sites\/43\/2025\/01\/abalos1-180x300.png\" alt=\"\" width=\"180\" height=\"300\" srcset=\"https:\/\/ffyh.unc.edu.ar\/escritores-de-cordoba\/wp-content\/uploads\/sites\/43\/2025\/01\/abalos1-180x300.png 180w, https:\/\/ffyh.unc.edu.ar\/escritores-de-cordoba\/wp-content\/uploads\/sites\/43\/2025\/01\/abalos1.png 459w\" sizes=\"auto, (max-width: 180px) 100vw, 180px\" \/> <img loading=\"lazy\" decoding=\"async\" class=\"alignnone size-medium wp-image-2051\" src=\"http:\/\/ffyh.unc.edu.ar\/escritores-de-cordoba\/wp-content\/uploads\/sites\/43\/2025\/01\/abalos2-185x300.png\" alt=\"\" width=\"185\" height=\"300\" srcset=\"https:\/\/ffyh.unc.edu.ar\/escritores-de-cordoba\/wp-content\/uploads\/sites\/43\/2025\/01\/abalos2-185x300.png 185w, https:\/\/ffyh.unc.edu.ar\/escritores-de-cordoba\/wp-content\/uploads\/sites\/43\/2025\/01\/abalos2.png 456w\" sizes=\"auto, (max-width: 185px) 100vw, 185px\" \/><\/p>\n<p><img loading=\"lazy\" decoding=\"async\" class=\"alignnone size-medium wp-image-2052\" src=\"http:\/\/ffyh.unc.edu.ar\/escritores-de-cordoba\/wp-content\/uploads\/sites\/43\/2025\/01\/abalos3-199x300.png\" alt=\"\" width=\"199\" height=\"300\" srcset=\"https:\/\/ffyh.unc.edu.ar\/escritores-de-cordoba\/wp-content\/uploads\/sites\/43\/2025\/01\/abalos3-199x300.png 199w, https:\/\/ffyh.unc.edu.ar\/escritores-de-cordoba\/wp-content\/uploads\/sites\/43\/2025\/01\/abalos3.png 512w\" sizes=\"auto, (max-width: 199px) 100vw, 199px\" \/> <img loading=\"lazy\" decoding=\"async\" class=\"alignnone size-medium wp-image-2931\" src=\"http:\/\/ffyh.unc.edu.ar\/escritores-de-cordoba\/wp-content\/uploads\/sites\/43\/2025\/02\/abalos-shalacos-e1740495987478-192x300.jpg\" alt=\"\" width=\"192\" height=\"300\" srcset=\"https:\/\/ffyh.unc.edu.ar\/escritores-de-cordoba\/wp-content\/uploads\/sites\/43\/2025\/02\/abalos-shalacos-e1740495987478-192x300.jpg 192w, https:\/\/ffyh.unc.edu.ar\/escritores-de-cordoba\/wp-content\/uploads\/sites\/43\/2025\/02\/abalos-shalacos-e1740495987478.jpg 641w\" sizes=\"auto, (max-width: 192px) 100vw, 192px\" \/><\/p>\n<p>&nbsp;<\/p>\n<p>Nota: Solo se mencionan las publicaciones de car\u00e1cter literario.<\/p>\n<p>El Canal Encuentro hace un homenaje a esta figura en la serie \u201cSantiague\u00f1os\u201d.<\/p>\n<p><em>Shunko<\/em>\u00a0fue traducida a varios idiomas, llevada al cine por el director Lautaro Mur\u00faa (1959) y al radioteatro. Tambi\u00e9n, fue premiada por la UNESCO como patrimonio de la cultura universal.<\/p>\n<p><img loading=\"lazy\" decoding=\"async\" class=\"alignnone size-medium wp-image-2932\" src=\"http:\/\/ffyh.unc.edu.ar\/escritores-de-cordoba\/wp-content\/uploads\/sites\/43\/2025\/02\/abalos-huerga-180x300.jpg\" alt=\"\" width=\"180\" height=\"300\" srcset=\"https:\/\/ffyh.unc.edu.ar\/escritores-de-cordoba\/wp-content\/uploads\/sites\/43\/2025\/02\/abalos-huerga-180x300.jpg 180w, https:\/\/ffyh.unc.edu.ar\/escritores-de-cordoba\/wp-content\/uploads\/sites\/43\/2025\/02\/abalos-huerga.jpg 384w\" sizes=\"auto, (max-width: 180px) 100vw, 180px\" \/><\/p>\n<p style=\"text-align: right\"><a href=\"https:\/\/ffyh.unc.edu.ar\/escritores-de-cordoba\/guia-de-autores-cordobeses\/a\/\">volver<\/a><\/p>\n","protected":false},"excerpt":{"rendered":"<p>Naci\u00f3 en La Plata, el 20 de septiembre de 1915 en el seno de una familia oriunda de La Banda,<\/p>\n","protected":false},"author":1,"featured_media":0,"parent":16,"menu_order":0,"comment_status":"closed","ping_status":"closed","template":"","meta":{"_acf_changed":false,"colormag_page_container_layout":"default_layout","colormag_page_sidebar_layout":"default_layout","footnotes":""},"class_list":["post-18","page","type-page","status-publish","hentry"],"acf":[],"_links":{"self":[{"href":"https:\/\/ffyh.unc.edu.ar\/escritores-de-cordoba\/wp-json\/wp\/v2\/pages\/18","targetHints":{"allow":["GET"]}}],"collection":[{"href":"https:\/\/ffyh.unc.edu.ar\/escritores-de-cordoba\/wp-json\/wp\/v2\/pages"}],"about":[{"href":"https:\/\/ffyh.unc.edu.ar\/escritores-de-cordoba\/wp-json\/wp\/v2\/types\/page"}],"author":[{"embeddable":true,"href":"https:\/\/ffyh.unc.edu.ar\/escritores-de-cordoba\/wp-json\/wp\/v2\/users\/1"}],"replies":[{"embeddable":true,"href":"https:\/\/ffyh.unc.edu.ar\/escritores-de-cordoba\/wp-json\/wp\/v2\/comments?post=18"}],"version-history":[{"count":7,"href":"https:\/\/ffyh.unc.edu.ar\/escritores-de-cordoba\/wp-json\/wp\/v2\/pages\/18\/revisions"}],"predecessor-version":[{"id":2933,"href":"https:\/\/ffyh.unc.edu.ar\/escritores-de-cordoba\/wp-json\/wp\/v2\/pages\/18\/revisions\/2933"}],"up":[{"embeddable":true,"href":"https:\/\/ffyh.unc.edu.ar\/escritores-de-cordoba\/wp-json\/wp\/v2\/pages\/16"}],"wp:attachment":[{"href":"https:\/\/ffyh.unc.edu.ar\/escritores-de-cordoba\/wp-json\/wp\/v2\/media?parent=18"}],"curies":[{"name":"wp","href":"https:\/\/api.w.org\/{rel}","templated":true}]}}