{"id":33,"date":"2021-10-07T17:21:51","date_gmt":"2021-10-07T17:21:51","guid":{"rendered":"https:\/\/ffyh.unc.edu.ar\/escritores-de-cordoba\/?page_id=33"},"modified":"2025-04-16T19:34:00","modified_gmt":"2025-04-16T19:34:00","slug":"b","status":"publish","type":"page","link":"https:\/\/ffyh.unc.edu.ar\/escritores-de-cordoba\/guia-de-autores-cordobeses\/b\/","title":{"rendered":"B"},"content":{"rendered":"<ul>\n<li><a href=\"https:\/\/ffyh.unc.edu.ar\/escritores-de-cordoba\/bajo-cristina\/\">Bajo, Cristina<\/a><\/li>\n<li><a href=\"https:\/\/ffyh.unc.edu.ar\/escritores-de-cordoba\/2022\/06\/13\/baldovin-glauce\/\">Baldovin, Glauce<\/a><\/li>\n<li><a href=\"https:\/\/ffyh.unc.edu.ar\/biblioteca\/escritores-de-cordoba-barei-silvia\/\">Barei, Silvia<\/a><\/li>\n<li><a href=\"https:\/\/ffyh.unc.edu.ar\/escritores-de-cordoba\/2022\/06\/13\/baron-biza-jorge\/\">Bar\u00f3n Biza, Jorge<\/a><\/li>\n<li><a href=\"https:\/\/ffyh.unc.edu.ar\/escritores-de-cordoba\/2022\/06\/15\/baron-biza-raul-carlos-2\/\">Bar\u00f3n Biza, Ra\u00fal Carlos<\/a><\/li>\n<li><a href=\"https:\/\/ffyh.unc.edu.ar\/escritores-de-cordoba\/2022\/06\/13\/battagliotti-graciela\/\">Battagliotti, Graciela<\/a><\/li>\n<li><a href=\"https:\/\/ffyh.unc.edu.ar\/escritores-de-cordoba\/2022\/06\/13\/bepre-julio\/\">Bepr\u00e9, Julio<\/a><\/li>\n<li><a href=\"https:\/\/ffyh.unc.edu.ar\/escritores-de-cordoba\/2022\/06\/13\/bernardello-nini\/\">Bernardello, Nin\u00ed<\/a><\/li>\n<li><a href=\"https:\/\/ffyh.unc.edu.ar\/escritores-de-cordoba\/2022\/06\/13\/berra-francisco-amado-pancho\/\">Berra, Francisco Amado, \u201cPancho\u201d<\/a><\/li>\n<li><a href=\"https:\/\/ffyh.unc.edu.ar\/escritores-de-cordoba\/2022\/06\/13\/bianciotti-hector\/\">Bianciotti, H\u00e9ctor<\/a><\/li>\n<li><a href=\"https:\/\/ffyh.unc.edu.ar\/escritores-de-cordoba\/2022\/06\/13\/bigi-jose-luis\/\">Bigi, Jos\u00e9 Luis<\/a><\/li>\n<li><a href=\"https:\/\/ffyh.unc.edu.ar\/escritores-de-cordoba\/2022\/06\/13\/bischoff-efrain-urbano\/\">Bischoff, Efra\u00edn Urbano<\/a><\/li>\n<li><a href=\"https:\/\/ffyh.unc.edu.ar\/escritores-de-cordoba\/2022\/06\/13\/blank-boris\/\">Blank, Boris<\/a><\/li>\n<li><a href=\"https:\/\/ffyh.unc.edu.ar\/escritores-de-cordoba\/2022\/06\/13\/boixados-alberto\/\">Boixad\u00f3s, Alberto<\/a><\/li>\n<li><a href=\"https:\/\/ffyh.unc.edu.ar\/escritores-de-cordoba\/2022\/06\/13\/bordon-arnaldo\/\">Bord\u00f3n, Arnaldo<\/a><\/li>\n<li><a href=\"https:\/\/ffyh.unc.edu.ar\/escritores-de-cordoba\/2022\/12\/12\/borga-gustavo\/\">Borga, Gustavo<\/a><\/li>\n<li><a href=\"https:\/\/ffyh.unc.edu.ar\/escritores-de-cordoba\/2022\/06\/13\/buffo-allende-eleonora-vendramina\/\">Buffo Allende, Eleonora Vendramina<\/a><\/li>\n<li><a href=\"https:\/\/ffyh.unc.edu.ar\/escritores-de-cordoba\/2022\/12\/12\/busqued-carlos\/\">Busqued, Carlos<\/a><\/li>\n<li><a href=\"https:\/\/ffyh.unc.edu.ar\/escritores-de-cordoba\/2022\/06\/13\/bustamante-joaquin-tomas\/\">Bustamante, Joaqu\u00edn Tom\u00e1s<\/a><\/li>\n<\/ul>\n","protected":false},"excerpt":{"rendered":"<p>Bajo, Cristina Baldovin, Glauce Barei, Silvia Bar\u00f3n Biza, Jorge Bar\u00f3n Biza, Ra\u00fal Carlos Battagliotti, Graciela Bepr\u00e9, Julio Bernardello, Nin\u00ed Berra,<\/p>\n","protected":false},"author":2,"featured_media":0,"parent":11,"menu_order":0,"comment_status":"closed","ping_status":"closed","template":"","meta":{"_acf_changed":false,"saved_in_kubio":false,"colormag_page_container_layout":"default_layout","colormag_page_sidebar_layout":"default_layout","footnotes":""},"class_list":["post-33","page","type-page","status-publish","hentry"],"acf":[],"kubio_ai_page_context":{"short_desc":"","purpose":"general"},"_links":{"self":[{"href":"https:\/\/ffyh.unc.edu.ar\/escritores-de-cordoba\/wp-json\/wp\/v2\/pages\/33","targetHints":{"allow":["GET"]}}],"collection":[{"href":"https:\/\/ffyh.unc.edu.ar\/escritores-de-cordoba\/wp-json\/wp\/v2\/pages"}],"about":[{"href":"https:\/\/ffyh.unc.edu.ar\/escritores-de-cordoba\/wp-json\/wp\/v2\/types\/page"}],"author":[{"embeddable":true,"href":"https:\/\/ffyh.unc.edu.ar\/escritores-de-cordoba\/wp-json\/wp\/v2\/users\/2"}],"replies":[{"embeddable":true,"href":"https:\/\/ffyh.unc.edu.ar\/escritores-de-cordoba\/wp-json\/wp\/v2\/comments?post=33"}],"version-history":[{"count":26,"href":"https:\/\/ffyh.unc.edu.ar\/escritores-de-cordoba\/wp-json\/wp\/v2\/pages\/33\/revisions"}],"predecessor-version":[{"id":3036,"href":"https:\/\/ffyh.unc.edu.ar\/escritores-de-cordoba\/wp-json\/wp\/v2\/pages\/33\/revisions\/3036"}],"up":[{"embeddable":true,"href":"https:\/\/ffyh.unc.edu.ar\/escritores-de-cordoba\/wp-json\/wp\/v2\/pages\/11"}],"wp:attachment":[{"href":"https:\/\/ffyh.unc.edu.ar\/escritores-de-cordoba\/wp-json\/wp\/v2\/media?parent=33"}],"curies":[{"name":"wp","href":"https:\/\/api.w.org\/{rel}","templated":true}]}}