{"id":35,"date":"2021-10-07T17:22:08","date_gmt":"2021-10-07T17:22:08","guid":{"rendered":"https:\/\/ffyh.unc.edu.ar\/escritores-de-cordoba\/?page_id=35"},"modified":"2026-04-23T13:45:57","modified_gmt":"2026-04-23T13:45:57","slug":"c","status":"publish","type":"page","link":"https:\/\/ffyh.unc.edu.ar\/escritores-de-cordoba\/guia-de-autores-cordobeses\/c\/","title":{"rendered":"C"},"content":{"rendered":"<ul>\n<li><a href=\"https:\/\/ffyh.unc.edu.ar\/escritores-de-cordoba\/2022\/06\/13\/caballero-marta-elena\/\">Caballero, Marta Elena<\/a><\/li>\n<li><a href=\"https:\/\/ffyh.unc.edu.ar\/escritores-de-cordoba\/2022\/06\/13\/cabral-eugenia\/\">Cabral, Eugenia<\/a><\/li>\n<li><a href=\"https:\/\/ffyh.unc.edu.ar\/escritores-de-cordoba\/2022\/06\/13\/cabrera-alvarez-carlos\/\">Cabrera \u00c1lvarez, Carlos<\/a><\/li>\n<li><a href=\"https:\/\/ffyh.unc.edu.ar\/escritores-de-cordoba\/2022\/06\/13\/cabuchi-susana\/\">Cabuchi, Susana<\/a><\/li>\n<li><a href=\"https:\/\/ffyh.unc.edu.ar\/escritores-de-cordoba\/2022\/06\/13\/caeiro-oscar\/\">Caeiro, Oscar<\/a><\/li>\n<li><a href=\"https:\/\/ffyh.unc.edu.ar\/escritores-de-cordoba\/2022\/12\/19\/calvino-maria\/\">Calvi\u00f1o, Mar\u00eda<\/a><\/li>\n<li><a href=\"https:\/\/ffyh.unc.edu.ar\/escritores-de-cordoba\/2022\/12\/19\/campbell-sergio\/\">Campbell, Sergio<\/a><\/li>\n<li><a href=\"https:\/\/ffyh.unc.edu.ar\/escritores-de-cordoba\/2022\/06\/13\/campra-rosalba\/\">Campra, Rosalba<\/a><\/li>\n<li><a href=\"https:\/\/ffyh.unc.edu.ar\/escritores-de-cordoba\/2022\/06\/13\/capdevila-arturo\/\">Capdevila, Arturo<\/a><\/li>\n<li><a href=\"https:\/\/ffyh.unc.edu.ar\/escritores-de-cordoba\/2022\/12\/19\/capodacqua-ruben\/\">Capodacqua, Rub\u00e9n<\/a><\/li>\n<li><a href=\"https:\/\/ffyh.unc.edu.ar\/escritores-de-cordoba\/2022\/12\/19\/cardarelli-fabio\/\">Cardarelli, Fabio<\/a><\/li>\n<li><a href=\"https:\/\/ffyh.unc.edu.ar\/escritores-de-cordoba\/2022\/06\/13\/caribaux-jose\/\">Caribaux, Jos\u00e9<\/a><\/li>\n<li><a href=\"https:\/\/ffyh.unc.edu.ar\/escritores-de-cordoba\/2022\/12\/19\/carranza-jorge-luis\/\">Carranza, Jorge Luis<\/a><\/li>\n<li><a href=\"https:\/\/ffyh.unc.edu.ar\/escritores-de-cordoba\/2022\/06\/13\/carranza-reyna\/\">Carranza, Reyna<\/a><\/li>\n<li><a href=\"https:\/\/ffyh.unc.edu.ar\/escritores-de-cordoba\/2022\/06\/13\/carreno-carlos-h\/\">Carre\u00f1o, Carlos H.<\/a><\/li>\n<li><a href=\"https:\/\/ffyh.unc.edu.ar\/escritores-de-cordoba\/2022\/12\/19\/casarin-marcelo\/\">Casar\u00edn, Marcelo<\/a><\/li>\n<li><a href=\"https:\/\/ffyh.unc.edu.ar\/escritores-de-cordoba\/2023\/12\/19\/castellani-alejandro\/\">Castellani, Alejandro<\/a><\/li>\n<li><a href=\"https:\/\/ffyh.unc.edu.ar\/escritores-de-cordoba\/2022\/06\/13\/castellano-jose-maria\/\">Castellano, Jos\u00e9 Mar\u00eda<\/a><\/li>\n<li><a href=\"https:\/\/ffyh.unc.edu.ar\/escritores-de-cordoba\/2022\/06\/14\/castellanos-julio\/\">Castellanos, Julio<\/a><\/li>\n<li><a href=\"https:\/\/ffyh.unc.edu.ar\/escritores-de-cordoba\/2022\/06\/14\/castillo-ofelia\/\">Castillo, Ofelia<\/a><\/li>\n<li><a href=\"https:\/\/ffyh.unc.edu.ar\/escritores-de-cordoba\/2022\/06\/14\/charras-ramon-emilio\/\">Charras, Ram\u00f3n Emilio<\/a><\/li>\n<li><a href=\"https:\/\/ffyh.unc.edu.ar\/escritores-de-cordoba\/2022\/06\/14\/chas-susana\/\">Chas, Susana<\/a><\/li>\n<li><a href=\"https:\/\/ffyh.unc.edu.ar\/escritores-de-cordoba\/2022\/12\/19\/chiosso-guillermo-david\/\">Chiosso, Guillermo David<\/a><\/li>\n<li><a href=\"https:\/\/ffyh.unc.edu.ar\/escritores-de-cordoba\/2022\/06\/14\/christiansen-myrtha-myrta-sessarego\/\">Christiansen, Myrtha\/ Myrta Sessarego<\/a><\/li>\n<li><a href=\"https:\/\/ffyh.unc.edu.ar\/escritores-de-cordoba\/2022\/12\/19\/cognini-mariano\/\">Cognini, Mariano<\/a><\/li>\n<li><a href=\"https:\/\/ffyh.unc.edu.ar\/escritores-de-cordoba\/2022\/06\/14\/coletti-juan\/\">Coletti, Juan<\/a><\/li>\n<li><a href=\"https:\/\/ffyh.unc.edu.ar\/escritores-de-cordoba\/2022\/06\/14\/colombo-francisco\/\">Colombo, Francisco<\/a><\/li>\n<li><a href=\"https:\/\/ffyh.unc.edu.ar\/escritores-de-cordoba\/2022\/06\/14\/cornejo-jose-ignacio\/\">Cornejo, Jos\u00e9 Ignacio<\/a><\/li>\n<li><a href=\"https:\/\/ffyh.unc.edu.ar\/escritores-de-cordoba\/2022\/06\/14\/cresta-de-leguizamon-maria-luisa-malicha\/\">Cresta de Leguizam\u00f3n, Mar\u00eda Luisa (Malicha)<\/a><\/li>\n<li><a href=\"https:\/\/ffyh.unc.edu.ar\/escritores-de-cordoba\/2022\/12\/19\/cristal-martin\/\">Cristal, Mart\u00edn<\/a><\/li>\n<li><a href=\"https:\/\/ffyh.unc.edu.ar\/escritores-de-cordoba\/2022\/06\/14\/croce-juan\/\">Croce, Juan<\/a><\/li>\n<li><a href=\"https:\/\/ffyh.unc.edu.ar\/escritores-de-cordoba\/2022\/12\/19\/cuadrado-jorge\/\">Cuadrado, Jorge<\/a><\/li>\n<li><a href=\"https:\/\/ffyh.unc.edu.ar\/escritores-de-cordoba\/2022\/06\/14\/cullere-carlos\/\">Culler\u00e9, Carlos<\/a><\/li>\n<li><a href=\"https:\/\/ffyh.unc.edu.ar\/escritores-de-cordoba\/2022\/06\/14\/curuchet-juan-carlos\/\">Curuchet, Juan Carlos<\/a><\/li>\n<\/ul>\n<p>&nbsp;<\/p>\n<p>&nbsp;<\/p>\n<p>&nbsp;<\/p>\n<p>&nbsp;<\/p>\n<p>&nbsp;<\/p>\n<p>&nbsp;<\/p>\n<p>&nbsp;<\/p>\n","protected":false},"excerpt":{"rendered":"<p>Caballero, Marta Elena Cabral, Eugenia Cabrera \u00c1lvarez, Carlos Cabuchi, Susana Caeiro, Oscar Calvi\u00f1o, Mar\u00eda Campbell, Sergio Campra, Rosalba Capdevila, Arturo<\/p>\n","protected":false},"author":2,"featured_media":0,"parent":11,"menu_order":0,"comment_status":"closed","ping_status":"closed","template":"","meta":{"_acf_changed":false,"colormag_page_container_layout":"default_layout","colormag_page_sidebar_layout":"default_layout","footnotes":""},"class_list":["post-35","page","type-page","status-publish","hentry"],"acf":[],"_links":{"self":[{"href":"https:\/\/ffyh.unc.edu.ar\/escritores-de-cordoba\/wp-json\/wp\/v2\/pages\/35","targetHints":{"allow":["GET"]}}],"collection":[{"href":"https:\/\/ffyh.unc.edu.ar\/escritores-de-cordoba\/wp-json\/wp\/v2\/pages"}],"about":[{"href":"https:\/\/ffyh.unc.edu.ar\/escritores-de-cordoba\/wp-json\/wp\/v2\/types\/page"}],"author":[{"embeddable":true,"href":"https:\/\/ffyh.unc.edu.ar\/escritores-de-cordoba\/wp-json\/wp\/v2\/users\/2"}],"replies":[{"embeddable":true,"href":"https:\/\/ffyh.unc.edu.ar\/escritores-de-cordoba\/wp-json\/wp\/v2\/comments?post=35"}],"version-history":[{"count":42,"href":"https:\/\/ffyh.unc.edu.ar\/escritores-de-cordoba\/wp-json\/wp\/v2\/pages\/35\/revisions"}],"predecessor-version":[{"id":3132,"href":"https:\/\/ffyh.unc.edu.ar\/escritores-de-cordoba\/wp-json\/wp\/v2\/pages\/35\/revisions\/3132"}],"up":[{"embeddable":true,"href":"https:\/\/ffyh.unc.edu.ar\/escritores-de-cordoba\/wp-json\/wp\/v2\/pages\/11"}],"wp:attachment":[{"href":"https:\/\/ffyh.unc.edu.ar\/escritores-de-cordoba\/wp-json\/wp\/v2\/media?parent=35"}],"curies":[{"name":"wp","href":"https:\/\/api.w.org\/{rel}","templated":true}]}}