{"id":43,"date":"2021-10-07T17:23:07","date_gmt":"2021-10-07T17:23:07","guid":{"rendered":"https:\/\/ffyh.unc.edu.ar\/escritores-de-cordoba\/?page_id=43"},"modified":"2024-12-27T17:02:54","modified_gmt":"2024-12-27T17:02:54","slug":"g","status":"publish","type":"page","link":"https:\/\/ffyh.unc.edu.ar\/escritores-de-cordoba\/guia-de-autores-cordobeses\/g\/","title":{"rendered":"G"},"content":{"rendered":"<ul>\n<li><a href=\"https:\/\/ffyh.unc.edu.ar\/escritores-de-cordoba\/2022\/12\/19\/gaiteri-sergio\/\">Gaiteri, Sergio<\/a><\/li>\n<li><a href=\"https:\/\/ffyh.unc.edu.ar\/escritores-de-cordoba\/2022\/06\/15\/garay-angelica\/\">Garay, Ang\u00e9lica<\/a><\/li>\n<li><a href=\"https:\/\/ffyh.unc.edu.ar\/escritores-de-cordoba\/2022\/12\/19\/garay-celina\/\">Garay, Celina<\/a><\/li>\n<li><a href=\"https:\/\/ffyh.unc.edu.ar\/escritores-de-cordoba\/2022\/06\/14\/garcia-astrada-arturo\/\">Garc\u00eda Astrada, Arturo<\/a><\/li>\n<li><a href=\"https:\/\/ffyh.unc.edu.ar\/escritores-de-cordoba\/2022\/06\/14\/Garro Aguilar, Carlos\/\">Garro Aguilar, Carlos<\/a><\/li>\n<li><a href=\"https:\/\/ffyh.unc.edu.ar\/escritores-de-cordoba\/2022\/06\/15\/garzon-tobias\/\">Garz\u00f3n, Tob\u00edas<\/a><\/li>\n<li><a href=\"https:\/\/ffyh.unc.edu.ar\/escritores-de-cordoba\/2022\/06\/14\/gil-martin\/\">Gil, Mart\u00edn<\/a><\/li>\n<li><a href=\"https:\/\/ffyh.unc.edu.ar\/escritores-de-cordoba\/2022\/06\/14\/gili-carlos\/\">Gili, Carlos<\/a><\/li>\n<li><a href=\"https:\/\/ffyh.unc.edu.ar\/escritores-de-cordoba\/2022\/06\/14\/godino-rodolfo-aldo\/\">Godino, Rodolfo Aldo<\/a><\/li>\n<li><a href=\"https:\/\/ffyh.unc.edu.ar\/escritores-de-cordoba\/2022\/06\/14\/godoy-rojo-polo\/\">Godoy Rojo, Polo<\/a><\/li>\n<li><a href=\"https:\/\/ffyh.unc.edu.ar\/escritores-de-cordoba\/2022\/12\/19\/gomez-griselda\/\">G\u00f3mez, Griselda<\/a><\/li>\n<li><a href=\"https:\/\/ffyh.unc.edu.ar\/escritores-de-cordoba\/2022\/12\/19\/gonzalez-alejandro-o-gonzalez-foerster-alejandro\/\">Gonz\u00e1lez Foerster, Alejandro o Gonz\u00e1lez, Alejandro<\/a><\/li>\n<li><a href=\"https:\/\/ffyh.unc.edu.ar\/escritores-de-cordoba\/2022\/06\/14\/gribaudo-azucena\/\">Gribaudo, Azucena<\/a><\/li>\n<li><a href=\"https:\/\/ffyh.unc.edu.ar\/escritores-de-cordoba\/2022\/06\/14\/grimaut-azor\/\">Grimaut, Azor<\/a><\/li>\n<li><a href=\"https:\/\/ffyh.unc.edu.ar\/escritores-de-cordoba\/2022\/06\/14\/guevara-osvaldo\/\">Guevara, Osvaldo<\/a><\/li>\n<li><a href=\"https:\/\/ffyh.unc.edu.ar\/escritores-de-cordoba\/2022\/06\/14\/guinazu-alvarez-oscar\/\">Gui\u00f1az\u00fa \u00c1lvarez, Oscar<\/a><\/li>\n<li><a href=\"https:\/\/ffyh.unc.edu.ar\/escritores-de-cordoba\/2022\/12\/19\/guiu-andrea\/\">Guiu, Andrea<\/a><\/li>\n<li><a href=\"https:\/\/ffyh.unc.edu.ar\/escritores-de-cordoba\/2022\/06\/14\/guraieb-jose-elias\/\">Guraieb, Jos\u00e9 El\u00edas<\/a><\/li>\n<li><a href=\"https:\/\/ffyh.unc.edu.ar\/escritores-de-cordoba\/2022\/06\/14\/gutierrez-soto-horacio-el-inca-hoguso\/\">Guti\u00e9rrez Soto, Horacio, el \u201cInca Hoguso\u201d<\/a><\/li>\n<li><a href=\"https:\/\/ffyh.unc.edu.ar\/escritores-de-cordoba\/2022\/06\/14\/guzman-jose-aldo\/\">Guzm\u00e1n, Jos\u00e9 Aldo<\/a><\/li>\n<\/ul>\n<p>&nbsp;<\/p>\n<p>&nbsp;<\/p>\n<p>&nbsp;<\/p>\n<p>&nbsp;<\/p>\n<p>&nbsp;<\/p>\n","protected":false},"excerpt":{"rendered":"<p>Gaiteri, Sergio Garay, Ang\u00e9lica Garay, Celina Garc\u00eda Astrada, Arturo Garro Aguilar, Carlos Garz\u00f3n, Tob\u00edas Gil, Mart\u00edn Gili, Carlos Godino, Rodolfo<\/p>\n","protected":false},"author":2,"featured_media":0,"parent":11,"menu_order":0,"comment_status":"closed","ping_status":"closed","template":"","meta":{"_acf_changed":false,"saved_in_kubio":false,"colormag_page_container_layout":"default_layout","colormag_page_sidebar_layout":"default_layout","footnotes":""},"class_list":["post-43","page","type-page","status-publish","hentry"],"acf":[],"kubio_ai_page_context":{"short_desc":"","purpose":"general"},"_links":{"self":[{"href":"https:\/\/ffyh.unc.edu.ar\/escritores-de-cordoba\/wp-json\/wp\/v2\/pages\/43","targetHints":{"allow":["GET"]}}],"collection":[{"href":"https:\/\/ffyh.unc.edu.ar\/escritores-de-cordoba\/wp-json\/wp\/v2\/pages"}],"about":[{"href":"https:\/\/ffyh.unc.edu.ar\/escritores-de-cordoba\/wp-json\/wp\/v2\/types\/page"}],"author":[{"embeddable":true,"href":"https:\/\/ffyh.unc.edu.ar\/escritores-de-cordoba\/wp-json\/wp\/v2\/users\/2"}],"replies":[{"embeddable":true,"href":"https:\/\/ffyh.unc.edu.ar\/escritores-de-cordoba\/wp-json\/wp\/v2\/comments?post=43"}],"version-history":[{"count":26,"href":"https:\/\/ffyh.unc.edu.ar\/escritores-de-cordoba\/wp-json\/wp\/v2\/pages\/43\/revisions"}],"predecessor-version":[{"id":1410,"href":"https:\/\/ffyh.unc.edu.ar\/escritores-de-cordoba\/wp-json\/wp\/v2\/pages\/43\/revisions\/1410"}],"up":[{"embeddable":true,"href":"https:\/\/ffyh.unc.edu.ar\/escritores-de-cordoba\/wp-json\/wp\/v2\/pages\/11"}],"wp:attachment":[{"href":"https:\/\/ffyh.unc.edu.ar\/escritores-de-cordoba\/wp-json\/wp\/v2\/media?parent=43"}],"curies":[{"name":"wp","href":"https:\/\/api.w.org\/{rel}","templated":true}]}}