{"id":55,"date":"2021-10-07T17:24:30","date_gmt":"2021-10-07T17:24:30","guid":{"rendered":"https:\/\/ffyh.unc.edu.ar\/escritores-de-cordoba\/?page_id=55"},"modified":"2022-12-19T19:22:10","modified_gmt":"2022-12-19T19:22:10","slug":"m","status":"publish","type":"page","link":"https:\/\/ffyh.unc.edu.ar\/escritores-de-cordoba\/guia-de-autores-cordobeses\/m\/","title":{"rendered":"M"},"content":{"rendered":"<ul>\n<li><a href=\"https:\/\/ffyh.unc.edu.ar\/escritores-de-cordoba\/2022\/06\/14\/maldonado-julio-s\/\">Maldonado, Julio S.<\/a><\/li>\n<li><a href=\"https:\/\/ffyh.unc.edu.ar\/escritores-de-cordoba\/2022\/06\/14\/maldonado-carulla-oscar\/\">Maldonado Carulla, Oscar<\/a><\/li>\n<li><a href=\"https:\/\/ffyh.unc.edu.ar\/escritores-de-cordoba\/2022\/06\/14\/marcos-bienvenido-h\/\">Marcos, Bienvenido (h.)<\/a><\/li>\n<li><a href=\"https:\/\/ffyh.unc.edu.ar\/escritores-de-cordoba\/2022\/12\/19\/marengo-maria-del-carmen\/\">Marengo, Mar\u00eda del Carmen<\/a><\/li>\n<li><a href=\"https:\/\/ffyh.unc.edu.ar\/escritores-de-cordoba\/2022\/06\/15\/marimon-antonio-2\/\">Marim\u00f3n, Antonio<\/a><\/li>\n<li><a href=\"https:\/\/ffyh.unc.edu.ar\/escritores-de-cordoba\/2022\/06\/14\/mariotti-maximiliano\/\">Mariotti, Maximiliano<\/a><\/li>\n<li><a href=\"https:\/\/ffyh.unc.edu.ar\/escritores-de-cordoba\/2022\/06\/14\/martinez-carlos-damaso\/\">Mart\u00ednez, Carlos D\u00e1maso<\/a><\/li>\n<li><a href=\"https:\/\/ffyh.unc.edu.ar\/escritores-de-cordoba\/2022\/06\/14\/martinez-jorge-oscar\/\">Mart\u00ednez, Jorge Oscar<\/a><\/li>\n<li><a href=\"https:\/\/ffyh.unc.edu.ar\/escritores-de-cordoba\/2022\/06\/14\/martinez-howard-alfredo\/\">Mart\u00ednez Howard, Alfredo<\/a><\/li>\n<li><a href=\"https:\/\/ffyh.unc.edu.ar\/escritores-de-cordoba\/2022\/06\/14\/martinez-marquez-miguel\/\">Mart\u00ednez M\u00e1rquez, Miguel<\/a><\/li>\n<li><a href=\"https:\/\/ffyh.unc.edu.ar\/escritores-de-cordoba\/2022\/06\/14\/masola-marcelo\/\">Masola, Marcelo<\/a><\/li>\n<li><a href=\"https:\/\/ffyh.unc.edu.ar\/escritores-de-cordoba\/2022\/06\/14\/mastrangelo-carlos\/\">Mastr\u00e1ngelo, Carlos<\/a><\/li>\n<li><a href=\"https:\/\/ffyh.unc.edu.ar\/escritores-de-cordoba\/2022\/12\/19\/mattoni-silvio\/\">Mattoni, Silvio<\/a><\/li>\n<li><a href=\"https:\/\/ffyh.unc.edu.ar\/escritores-de-cordoba\/2022\/06\/14\/mauvecin-leonor\/\">Mauvec\u00edn, Leonor<\/a><\/li>\n<li><a href=\"https:\/\/ffyh.unc.edu.ar\/escritores-de-cordoba\/2022\/06\/14\/mayorga-maria-sylvia\/\">Mayorga, Mar\u00eda Sylvia<\/a><\/li>\n<li><a href=\"https:\/\/ffyh.unc.edu.ar\/escritores-de-cordoba\/2022\/06\/14\/mazzocchi-alberto-e\/\">Mazzocchi, Alberto E.<\/a><\/li>\n<li><a href=\"https:\/\/ffyh.unc.edu.ar\/escritores-de-cordoba\/2022\/12\/19\/medina-mariano-javier\/\">Medina, Mariano<\/a><\/li>\n<li><a href=\"https:\/\/ffyh.unc.edu.ar\/escritores-de-cordoba\/2022\/06\/14\/menoyo-enrique\/\">Menoyo, Enrique<\/a><\/li>\n<li><a href=\"https:\/\/ffyh.unc.edu.ar\/escritores-de-cordoba\/2022\/06\/14\/mercado-tununa\/\">Mercado, Tununa<\/a><\/li>\n<li><a href=\"https:\/\/ffyh.unc.edu.ar\/escritores-de-cordoba\/2022\/12\/19\/molina-elisa\/\">Molina, Elisa<\/a><\/li>\n<li><a href=\"https:\/\/ffyh.unc.edu.ar\/escritores-de-cordoba\/2022\/06\/14\/molinari-romero-ernesto\/\">Molinari Romero, Ernesto<\/a><\/li>\n<li><a href=\"https:\/\/ffyh.unc.edu.ar\/escritores-de-cordoba\/2022\/06\/14\/monesterolo-oscar\/\">Monesterolo, Oscar<\/a><\/li>\n<li><a href=\"https:\/\/ffyh.unc.edu.ar\/escritores-de-cordoba\/2022\/06\/14\/monserrat-santiago\/\">Monserrat, Santiago<\/a><\/li>\n<li><a href=\"https:\/\/ffyh.unc.edu.ar\/escritores-de-cordoba\/2022\/06\/14\/mora-gabriel\/\">Mora, Gabriel<\/a><\/li>\n<li><a href=\"https:\/\/ffyh.unc.edu.ar\/escritores-de-cordoba\/2022\/06\/14\/moro-antonio\/\">Moro, Antonio<\/a><\/li>\n<li><a href=\"https:\/\/ffyh.unc.edu.ar\/escritores-de-cordoba\/2022\/06\/14\/moyano-daniel\/\">Moyano, Daniel<\/a><\/li>\n<li><a href=\"https:\/\/ffyh.unc.edu.ar\/escritores-de-cordoba\/2022\/06\/14\/musitano-adriana\/\">Musitano, Adriana<\/a><\/li>\n<\/ul>\n<p>&nbsp;<\/p>\n<p>&nbsp;<\/p>\n<p>&nbsp;<\/p>\n","protected":false},"excerpt":{"rendered":"<p>Maldonado, Julio S. Maldonado Carulla, Oscar Marcos, Bienvenido (h.) Marengo, Mar\u00eda del Carmen Marim\u00f3n, Antonio Mariotti, Maximiliano Mart\u00ednez, Carlos D\u00e1maso<\/p>\n","protected":false},"author":2,"featured_media":0,"parent":11,"menu_order":0,"comment_status":"closed","ping_status":"closed","template":"","meta":{"_acf_changed":false,"saved_in_kubio":false,"colormag_page_container_layout":"default_layout","colormag_page_sidebar_layout":"default_layout","footnotes":""},"class_list":["post-55","page","type-page","status-publish","hentry"],"acf":[],"kubio_ai_page_context":{"short_desc":"","purpose":"general"},"_links":{"self":[{"href":"https:\/\/ffyh.unc.edu.ar\/escritores-de-cordoba\/wp-json\/wp\/v2\/pages\/55","targetHints":{"allow":["GET"]}}],"collection":[{"href":"https:\/\/ffyh.unc.edu.ar\/escritores-de-cordoba\/wp-json\/wp\/v2\/pages"}],"about":[{"href":"https:\/\/ffyh.unc.edu.ar\/escritores-de-cordoba\/wp-json\/wp\/v2\/types\/page"}],"author":[{"embeddable":true,"href":"https:\/\/ffyh.unc.edu.ar\/escritores-de-cordoba\/wp-json\/wp\/v2\/users\/2"}],"replies":[{"embeddable":true,"href":"https:\/\/ffyh.unc.edu.ar\/escritores-de-cordoba\/wp-json\/wp\/v2\/comments?post=55"}],"version-history":[{"count":33,"href":"https:\/\/ffyh.unc.edu.ar\/escritores-de-cordoba\/wp-json\/wp\/v2\/pages\/55\/revisions"}],"predecessor-version":[{"id":1051,"href":"https:\/\/ffyh.unc.edu.ar\/escritores-de-cordoba\/wp-json\/wp\/v2\/pages\/55\/revisions\/1051"}],"up":[{"embeddable":true,"href":"https:\/\/ffyh.unc.edu.ar\/escritores-de-cordoba\/wp-json\/wp\/v2\/pages\/11"}],"wp:attachment":[{"href":"https:\/\/ffyh.unc.edu.ar\/escritores-de-cordoba\/wp-json\/wp\/v2\/media?parent=55"}],"curies":[{"name":"wp","href":"https:\/\/api.w.org\/{rel}","templated":true}]}}