{"id":75,"date":"2021-10-07T17:26:29","date_gmt":"2021-10-07T17:26:29","guid":{"rendered":"https:\/\/ffyh.unc.edu.ar\/escritores-de-cordoba\/?page_id=75"},"modified":"2023-12-19T03:16:25","modified_gmt":"2023-12-19T03:16:25","slug":"v","status":"publish","type":"page","link":"https:\/\/ffyh.unc.edu.ar\/escritores-de-cordoba\/guia-de-autores-cordobeses\/v\/","title":{"rendered":"V"},"content":{"rendered":"<ul>\n<li><a href=\"https:\/\/ffyh.unc.edu.ar\/escritores-de-cordoba\/2022\/06\/15\/vargas-cesar\/\">Vargas, C\u00e9sar<\/a><\/li>\n<li><a href=\"https:\/\/ffyh.unc.edu.ar\/escritores-de-cordoba\/2022\/06\/15\/vazquez-luduena-baudilio\/\">Vazquez Ludue\u00f1a, Baudilio<\/a><\/li>\n<li><a href=\"https:\/\/ffyh.unc.edu.ar\/escritores-de-cordoba\/2022\/06\/15\/velasco-leopoldo\/\">Velasco, Leopoldo<\/a><\/li>\n<li><a href=\"https:\/\/ffyh.unc.edu.ar\/escritores-de-cordoba\/2023\/12\/19\/velasco-rafael\/\">Velasco, Rafael<\/a><\/li>\n<li><a href=\"https:\/\/ffyh.unc.edu.ar\/escritores-de-cordoba\/2023\/12\/19\/velazquez-juan-martin\/\">Vel\u00e1zquez, Juan Mart\u00edn<\/a><\/li>\n<li><a href=\"https:\/\/ffyh.unc.edu.ar\/escritores-de-cordoba\/2022\/06\/15\/vera-daniel\/\">Vera, Daniel<\/a><\/li>\n<li><a href=\"https:\/\/ffyh.unc.edu.ar\/escritores-de-cordoba\/2022\/06\/15\/vera-edith\/\">Vera, Edith<\/a><\/li>\n<li><a href=\"https:\/\/ffyh.unc.edu.ar\/escritores-de-cordoba\/2023\/12\/19\/vidal-raul\/\">Vidal, Ra\u00fal<\/a><\/li>\n<li><a href=\"https:\/\/ffyh.unc.edu.ar\/escritores-de-cordoba\/2022\/06\/15\/videla-roberto\/\">Videla, Roberto<\/a><\/li>\n<li><a href=\"https:\/\/ffyh.unc.edu.ar\/escritores-de-cordoba\/2022\/06\/15\/viggiano-esain-julio-2\/\">Viggiano Esa\u00edn, Julio<\/a><\/li>\n<li><a href=\"https:\/\/ffyh.unc.edu.ar\/escritores-de-cordoba\/2022\/06\/15\/vinals-jose-sebastian\/\">Vi\u00f1als, Jos\u00e9 Sebasti\u00e1n<\/a><\/li>\n<li><a href=\"https:\/\/ffyh.unc.edu.ar\/escritores-de-cordoba\/2022\/06\/15\/vivanco-maria-meleck\/\">Vivanco, Mar\u00eda Meleck<\/a><\/li>\n<li><a href=\"https:\/\/ffyh.unc.edu.ar\/escritores-de-cordoba\/2022\/06\/15\/vocos-caturelli-carolina\/\">Vocos Caturelli, Carolina<\/a><\/li>\n<li><a href=\"https:\/\/ffyh.unc.edu.ar\/escritores-de-cordoba\/2022\/06\/15\/vocos-lescano-jorge\/\">Vocos Lescano, Jorge<\/a><\/li>\n<\/ul>\n<p>&nbsp;<\/p>\n<p>&nbsp;<\/p>\n<p>&nbsp;<\/p>\n","protected":false},"excerpt":{"rendered":"<p>Vargas, C\u00e9sar Vazquez Ludue\u00f1a, Baudilio Velasco, Leopoldo Velasco, Rafael Vel\u00e1zquez, Juan Mart\u00edn Vera, Daniel Vera, Edith Vidal, Ra\u00fal Videla, Roberto<\/p>\n","protected":false},"author":2,"featured_media":0,"parent":11,"menu_order":0,"comment_status":"closed","ping_status":"closed","template":"","meta":{"_acf_changed":false,"saved_in_kubio":false,"colormag_page_container_layout":"default_layout","colormag_page_sidebar_layout":"default_layout","footnotes":""},"class_list":["post-75","page","type-page","status-publish","hentry"],"acf":[],"kubio_ai_page_context":{"short_desc":"","purpose":"general"},"_links":{"self":[{"href":"https:\/\/ffyh.unc.edu.ar\/escritores-de-cordoba\/wp-json\/wp\/v2\/pages\/75","targetHints":{"allow":["GET"]}}],"collection":[{"href":"https:\/\/ffyh.unc.edu.ar\/escritores-de-cordoba\/wp-json\/wp\/v2\/pages"}],"about":[{"href":"https:\/\/ffyh.unc.edu.ar\/escritores-de-cordoba\/wp-json\/wp\/v2\/types\/page"}],"author":[{"embeddable":true,"href":"https:\/\/ffyh.unc.edu.ar\/escritores-de-cordoba\/wp-json\/wp\/v2\/users\/2"}],"replies":[{"embeddable":true,"href":"https:\/\/ffyh.unc.edu.ar\/escritores-de-cordoba\/wp-json\/wp\/v2\/comments?post=75"}],"version-history":[{"count":22,"href":"https:\/\/ffyh.unc.edu.ar\/escritores-de-cordoba\/wp-json\/wp\/v2\/pages\/75\/revisions"}],"predecessor-version":[{"id":1289,"href":"https:\/\/ffyh.unc.edu.ar\/escritores-de-cordoba\/wp-json\/wp\/v2\/pages\/75\/revisions\/1289"}],"up":[{"embeddable":true,"href":"https:\/\/ffyh.unc.edu.ar\/escritores-de-cordoba\/wp-json\/wp\/v2\/pages\/11"}],"wp:attachment":[{"href":"https:\/\/ffyh.unc.edu.ar\/escritores-de-cordoba\/wp-json\/wp\/v2\/media?parent=75"}],"curies":[{"name":"wp","href":"https:\/\/api.w.org\/{rel}","templated":true}]}}