{"id":9,"date":"2021-10-05T18:22:00","date_gmt":"2021-10-05T18:22:00","guid":{"rendered":"https:\/\/ffyh.unc.edu.ar\/escritores-de-cordoba\/?page_id=9"},"modified":"2026-04-23T18:28:39","modified_gmt":"2026-04-23T18:28:39","slug":"biblioteca-tematica-literatura-cordoba","status":"publish","type":"page","link":"https:\/\/ffyh.unc.edu.ar\/escritores-de-cordoba\/biblioteca-tematica-literatura-cordoba\/","title":{"rendered":"Sobre la Biblioteca tem\u00e1tica de la Literatura de C\u00f3rdoba"},"content":{"rendered":"<header class=\"entry-header\">\n<h1 class=\"entry-title\"><span style=\"font-size: 16px\">Presentaci\u00f3n de la BTLC<\/span><\/h1>\n<\/header>\n<div class=\"entry-content\">\n<p>Este sitio propone un acercamiento al campo de la Literatura de C\u00f3rdoba y quiere aporta a las b\u00fasquedas sobre el tema con datos y documentos respecto de la creaci\u00f3n literaria, la investigaci\u00f3n y la cr\u00edtica sobre obras de autores de la provincia, en muchos casos, relevados como importantes y\/o elaborados en el Seminario de Lectura de los Autores de C\u00f3rdoba. Se trata de la Literatura de C\u00f3rdoba pero tambi\u00e9n, de lo que la Universidad Nacional de C\u00f3rdoba guarda como acervo en sus bibliotecas.<\/p>\n<p>En tanto que la BTLC se trata de un proyecto a ampliar y crecer, comenzamos su definici\u00f3n a trav\u00e9s de una selecci\u00f3n de autores nacidos entre 1890 y hasta mediados de los 60, cuya producci\u00f3n carece de circulaci\u00f3n en la web y\/o su presencia es escasa en las redes, ya que la circulaci\u00f3n se restring\u00eda al formato papel y libro.<br \/>\nCreemos que el camino a trav\u00e9s de la biograf\u00eda del autor es el m\u00e1s sencillo y operativo para responder al inter\u00e9s de la mayor\u00eda de los lectores que indagan en el \u00e1mbito de nuestra literatura, y aportamos adem\u00e1s, para ellos, la referencia de trabajos espec\u00edficos. Sin embargo, el usuario del sitio advertir\u00e1 dos modalidades de la informaci\u00f3n: Una, que propone una semblanza breve de cada autor con el detalle de la obra completa. Ello, para los autores nacidos hasta la d\u00e9cada del 40 inclusive. La segunda modalidad -que afecta a los escritores nacidos desde los 50- atiende a dar detalle completo de la obra -como en el caso previo- pero sin presentar la biograf\u00eda. Ello, porque los autores son contactados a trav\u00e9s de la web, y nuestro foco busca dar cuenta del libro. En ambos casos, la informaci\u00f3n se completa con la indicaci\u00f3n del sitio donde puede encontrarse las obras y menciona los trabajos que las consideran.<\/p>\n<p>Dra. Bibiana Eguia<br \/>\n(Seminario de Lectura de Autores de C\u00f3rdoba \u2013Escuela de Letras)<\/p>\n<p>A quienes quieran leer m\u00e1s del proyecto: (<a href=\"http:\/\/ffyh.unc.edu.ar\/escritores-de-cordoba\/wp-content\/uploads\/sites\/43\/2022\/12\/BTLCba-Presentacion-del-proyecto.pdf\">Texto completo<\/a>)<\/p>\n<\/div>\n","protected":false},"excerpt":{"rendered":"<p>Presentaci\u00f3n de la BTLC Este sitio propone un acercamiento al campo de la Literatura de C\u00f3rdoba y quiere aporta a<\/p>\n","protected":false},"author":1,"featured_media":0,"parent":0,"menu_order":0,"comment_status":"closed","ping_status":"closed","template":"","meta":{"_acf_changed":false,"colormag_page_container_layout":"default_layout","colormag_page_sidebar_layout":"default_layout","footnotes":""},"class_list":["post-9","page","type-page","status-publish","hentry"],"acf":[],"_links":{"self":[{"href":"https:\/\/ffyh.unc.edu.ar\/escritores-de-cordoba\/wp-json\/wp\/v2\/pages\/9","targetHints":{"allow":["GET"]}}],"collection":[{"href":"https:\/\/ffyh.unc.edu.ar\/escritores-de-cordoba\/wp-json\/wp\/v2\/pages"}],"about":[{"href":"https:\/\/ffyh.unc.edu.ar\/escritores-de-cordoba\/wp-json\/wp\/v2\/types\/page"}],"author":[{"embeddable":true,"href":"https:\/\/ffyh.unc.edu.ar\/escritores-de-cordoba\/wp-json\/wp\/v2\/users\/1"}],"replies":[{"embeddable":true,"href":"https:\/\/ffyh.unc.edu.ar\/escritores-de-cordoba\/wp-json\/wp\/v2\/comments?post=9"}],"version-history":[{"count":14,"href":"https:\/\/ffyh.unc.edu.ar\/escritores-de-cordoba\/wp-json\/wp\/v2\/pages\/9\/revisions"}],"predecessor-version":[{"id":3156,"href":"https:\/\/ffyh.unc.edu.ar\/escritores-de-cordoba\/wp-json\/wp\/v2\/pages\/9\/revisions\/3156"}],"wp:attachment":[{"href":"https:\/\/ffyh.unc.edu.ar\/escritores-de-cordoba\/wp-json\/wp\/v2\/media?parent=9"}],"curies":[{"name":"wp","href":"https:\/\/api.w.org\/{rel}","templated":true}]}}