{"id":14,"date":"2016-02-25T16:28:04","date_gmt":"2016-02-25T16:28:04","guid":{"rendered":"http:\/\/www.ffyh.unc.edu.ar\/alfilo\/especial-24marzo\/?page_id=14"},"modified":"2016-02-25T16:28:04","modified_gmt":"2016-02-25T16:28:04","slug":"creditos","status":"publish","type":"page","link":"https:\/\/ffyh.unc.edu.ar\/especial-24marzo\/creditos\/","title":{"rendered":"Cr\u00e9ditos"},"content":{"rendered":"<p><strong>Producci\u00f3n<\/strong>: Pablo Giordana, Irina Mor\u00e1n, Camilo Ratti<\/p>\n<p><strong>Dise\u00f1o e ilustraciones<\/strong>: Manuel Coll.<\/p>\n<p>\u00c1rea de Comunicaci\u00f3n Institucional de la Facultad de Filosof\u00eda y Humanidades, Universidad Nacional de C\u00f3rdoba.<\/p>\n<p><strong>Colaboradores<\/strong>:\u00a0Marta Philp, Gloria Di Rienzo<span lang=\"ES-AR\">, Mariana Tello, <\/span>Mar\u00eda Laura Ortiz, Eduardo Escudero, Agust\u00edn Minatti, Carol Solis y Alejandra Soledad Gonz\u00e1lez<\/p>\n<p><strong>Ilustraci\u00f3n de portada<\/strong>: Gentileza El Cape<\/p>\n<p><strong>Fotograf\u00edas<\/strong>: Archivo Luz y Fuerza,\u00a0Tom\u00e1s Barcel\u00f3, Irma Montiel, Irina Mor\u00e1n, Alejandra Soledad Gonz\u00e1lez y Carol Solis.<\/p>\n<p><strong>Material Audiovisual<\/strong>:\u00a0\u201cPanorama de la lucha contra la subversi\u00f3n\u201d. Disertaci\u00f3n de Luciano B. Men\u00e9ndez ante p\u00fablico que incluye civiles, militares y clero. <a href=\"http:\/\/www.ffyh.unc.edu.ar\/cda\/\" target=\"_blank\">Centro de Conservaci\u00f3n y Documentaci\u00f3n Audiovisual<\/a>, FFyH \u2013 UNC<\/p>\n<hr \/>\n<p>&nbsp;<\/p>\n","protected":false},"excerpt":{"rendered":"<p>Producci\u00f3n: Pablo Giordana, Irina Mor\u00e1n, Camilo Ratti Dise\u00f1o e ilustraciones: Manuel Coll. \u00c1rea de Comunicaci\u00f3n Institucional de la Facultad de Filosof\u00eda y Humanidades, Universidad Nacional de C\u00f3rdoba. Colaboradores:\u00a0Marta Philp, Gloria Di Rienzo, Mariana Tello, Mar\u00eda Laura Ortiz, Eduardo Escudero, Agust\u00edn Minatti, Carol Solis y Alejandra Soledad Gonz\u00e1lez Ilustraci\u00f3n de portada: Gentileza El Cape Fotograf\u00edas: Archivo &hellip; <\/p>\n<p><a class=\"more-link btn\" href=\"https:\/\/ffyh.unc.edu.ar\/especial-24marzo\/creditos\/\">Seguir leyendo<\/a><\/p>\n","protected":false},"author":1,"featured_media":0,"parent":0,"menu_order":0,"comment_status":"closed","ping_status":"closed","template":"","meta":{"_acf_changed":false,"footnotes":""},"class_list":["post-14","page","type-page","status-publish","hentry","nodate","item-wrap"],"acf":[],"_links":{"self":[{"href":"https:\/\/ffyh.unc.edu.ar\/especial-24marzo\/wp-json\/wp\/v2\/pages\/14","targetHints":{"allow":["GET"]}}],"collection":[{"href":"https:\/\/ffyh.unc.edu.ar\/especial-24marzo\/wp-json\/wp\/v2\/pages"}],"about":[{"href":"https:\/\/ffyh.unc.edu.ar\/especial-24marzo\/wp-json\/wp\/v2\/types\/page"}],"author":[{"embeddable":true,"href":"https:\/\/ffyh.unc.edu.ar\/especial-24marzo\/wp-json\/wp\/v2\/users\/1"}],"replies":[{"embeddable":true,"href":"https:\/\/ffyh.unc.edu.ar\/especial-24marzo\/wp-json\/wp\/v2\/comments?post=14"}],"version-history":[{"count":0,"href":"https:\/\/ffyh.unc.edu.ar\/especial-24marzo\/wp-json\/wp\/v2\/pages\/14\/revisions"}],"wp:attachment":[{"href":"https:\/\/ffyh.unc.edu.ar\/especial-24marzo\/wp-json\/wp\/v2\/media?parent=14"}],"curies":[{"name":"wp","href":"https:\/\/api.w.org\/{rel}","templated":true}]}}