{"id":15,"date":"2012-03-01T20:31:45","date_gmt":"2012-03-01T20:31:45","guid":{"rendered":"http:\/\/www.ffyh.unc.edu.ar\/extension1\/?page_id=15"},"modified":"2025-04-21T14:00:07","modified_gmt":"2025-04-21T14:00:07","slug":"formacion-continua","status":"publish","type":"page","link":"https:\/\/ffyh.unc.edu.ar\/extension\/formacion-continua\/","title":{"rendered":"Formaci\u00f3n Continua"},"content":{"rendered":"<h1><img loading=\"lazy\" decoding=\"async\" class=\"wp-image-8023 aligncenter\" src=\"http:\/\/ffyh.unc.edu.ar\/extension\/wp-content\/uploads\/sites\/2\/2025\/04\/bannerFC.jpg\" alt=\"\" width=\"500\" height=\"165\" srcset=\"https:\/\/ffyh.unc.edu.ar\/extension\/wp-content\/uploads\/sites\/2\/2025\/04\/bannerFC.jpg 423w, https:\/\/ffyh.unc.edu.ar\/extension\/wp-content\/uploads\/sites\/2\/2025\/04\/bannerFC-300x99.jpg 300w\" sizes=\"auto, (max-width: 500px) 100vw, 500px\" \/><\/h1>\n<p>Llamamos \u00abFormaci\u00f3n Continua\u00bb a todas aquellas acciones educativas que tienden a la actualizaci\u00f3n, la especializaci\u00f3n, la reflexi\u00f3n, y\/o resignificaci\u00f3n de saberes y pr\u00e1cticas que llevan adelante actores en contextos tanto profesionales como de movimientos u organizaciones sociales, cuyas propuestas se vinculan con el resto de la comunidad y a su vez est\u00e1n relacionadas con los campos disciplinares que competen a nuestra Facultad.<\/p>\n<p><strong>Nuestra Secretar\u00eda de Extensi\u00f3n, a trav\u00e9s del \u00c1rea de Formaci\u00f3n Continua, llama a la presentaci\u00f3n de propuestas de Formaci\u00f3n Continua dos veces al a\u00f1o, una por cada semestre. <\/strong>Les interesades en presentar propuestas podr\u00e1n coordinar una reuni\u00f3n virtual o presencial con el equipo de la Secretar\u00eda de Extensi\u00f3n para su orientaci\u00f3n.<\/p>\n<p>La presentaci\u00f3n se realiza de acuerdo a los siguientes aspectos:<\/p>\n<p><strong>| Formaci\u00f3n Continua SIN puntaje docente:<\/strong> destinada a la formaci\u00f3n de diversos sectores o actores de la sociedad, desde una perspectiva extensionista y en relaci\u00f3n a la formaci\u00f3n de grado de la Facultad de Filosof\u00eda y Humanidades. Se desarrolla sin financiamiento y no tiene costo ni puntaje docente para les asistentes.<\/p>\n<p><strong>| Formaci\u00f3n Continua CON puntaje docente:<\/strong> destinada a la formaci\u00f3n de docentes y trabajadores de la educaci\u00f3n de los diferentes niveles del sistema educativo, desde una perspectiva extensionista y con aportes de las disciplinas pertinentes a la Facultad de Filosof\u00eda y Humanidades. Se desarrolla sin financiamiento y no tiene costo para les asistentes. La Secretaria de Extensi\u00f3n, como Instituci\u00f3n Oferente de la Subsecretar\u00eda de Formaci\u00f3n Permanente de la Provincia de C\u00f3rdoba (ex Red de Formaci\u00f3n Docente) tramita la inscripci\u00f3n de las propuestas de formaci\u00f3n y certificaci\u00f3n del puntaje docente a les asistentes que aprueben la formaci\u00f3n.<\/p>\n<p>Para contactarse con el \u00c1rea de Formaci\u00f3n Continua: formacioncontinua@ffyh.unc.edu.ar<\/p>\n<p>Tel: (0351) 5353610 int 50035<\/p>\n<p>Secretar\u00eda de Extensi\u00f3n. Pabell\u00f3n Casa verde. Ciudad Universitaria<\/p>\n<p>Lunes a Viernes de 10 a 14 hs<\/p>\n<blockquote><p>Si quer\u00e9s enterarte de todas las novedades sobre Formaci\u00f3n Continua ingres\u00e1 en el siguiente link: <a href=\"https:\/\/ffyh.unc.edu.ar\/extension\/category\/formacion-continua\/\">https:\/\/ffyh.unc.edu.ar\/extension\/category\/formacion-continua\/\u00a0<\/a><\/p><\/blockquote>\n","protected":false},"excerpt":{"rendered":"<p>Llamamos \u00abFormaci\u00f3n Continua\u00bb a todas aquellas acciones educativas que tienden a la actualizaci\u00f3n, la especializaci\u00f3n, la reflexi\u00f3n, y\/o resignificaci\u00f3n de<\/p>\n","protected":false},"author":2,"featured_media":0,"parent":0,"menu_order":3,"comment_status":"closed","ping_status":"closed","template":"","meta":{"_acf_changed":false,"colormag_page_container_layout":"default_layout","colormag_page_sidebar_layout":"default_layout","footnotes":""},"class_list":["post-15","page","type-page","status-publish","hentry"],"acf":[],"yoast_head":"<!-- This site is optimized with the Yoast SEO plugin v27.1.1 - https:\/\/yoast.com\/product\/yoast-seo-wordpress\/ -->\n<title>Formaci\u00f3n Continua - Secretar\u00eda de Extensi\u00f3n<\/title>\n<meta name=\"robots\" content=\"index, follow, max-snippet:-1, max-image-preview:large, max-video-preview:-1\" \/>\n<link rel=\"canonical\" href=\"https:\/\/ffyh.unc.edu.ar\/extension\/formacion-continua\/\" \/>\n<meta property=\"og:locale\" content=\"es_ES\" \/>\n<meta property=\"og:type\" content=\"article\" \/>\n<meta property=\"og:title\" content=\"Formaci\u00f3n Continua - Secretar\u00eda de Extensi\u00f3n\" \/>\n<meta property=\"og:description\" content=\"Llamamos \u00abFormaci\u00f3n Continua\u00bb a todas aquellas acciones educativas que tienden a la actualizaci\u00f3n, la especializaci\u00f3n, la reflexi\u00f3n, y\/o resignificaci\u00f3n de\" \/>\n<meta property=\"og:url\" content=\"https:\/\/ffyh.unc.edu.ar\/extension\/formacion-continua\/\" \/>\n<meta property=\"og:site_name\" content=\"Secretar\u00eda de Extensi\u00f3n\" \/>\n<meta property=\"article:publisher\" content=\"https:\/\/www.facebook.com\/extensionffyh\" \/>\n<meta property=\"article:modified_time\" content=\"2025-04-21T14:00:07+00:00\" \/>\n<meta property=\"og:image\" content=\"https:\/\/ffyh.unc.edu.ar\/extension\/wp-content\/uploads\/sites\/2\/2025\/04\/bannerFC.jpg\" \/>\n\t<meta property=\"og:image:width\" content=\"423\" \/>\n\t<meta property=\"og:image:height\" content=\"140\" \/>\n\t<meta property=\"og:image:type\" content=\"image\/jpeg\" \/>\n<meta name=\"twitter:card\" content=\"summary_large_image\" \/>\n<meta name=\"twitter:label1\" content=\"Tiempo de lectura\" \/>\n\t<meta name=\"twitter:data1\" content=\"2 minutos\" \/>\n<script type=\"application\/ld+json\" class=\"yoast-schema-graph\">{\"@context\":\"https:\/\/schema.org\",\"@graph\":[{\"@type\":\"WebPage\",\"@id\":\"https:\/\/ffyh.unc.edu.ar\/extension\/formacion-continua\/\",\"url\":\"https:\/\/ffyh.unc.edu.ar\/extension\/formacion-continua\/\",\"name\":\"Formaci\u00f3n Continua - Secretar\u00eda de Extensi\u00f3n\",\"isPartOf\":{\"@id\":\"https:\/\/ffyh.unc.edu.ar\/extension\/#website\"},\"primaryImageOfPage\":{\"@id\":\"https:\/\/ffyh.unc.edu.ar\/extension\/formacion-continua\/#primaryimage\"},\"image\":{\"@id\":\"https:\/\/ffyh.unc.edu.ar\/extension\/formacion-continua\/#primaryimage\"},\"thumbnailUrl\":\"http:\/\/ffyh.unc.edu.ar\/extension\/wp-content\/uploads\/sites\/2\/2025\/04\/bannerFC.jpg\",\"datePublished\":\"2012-03-01T20:31:45+00:00\",\"dateModified\":\"2025-04-21T14:00:07+00:00\",\"breadcrumb\":{\"@id\":\"https:\/\/ffyh.unc.edu.ar\/extension\/formacion-continua\/#breadcrumb\"},\"inLanguage\":\"es\",\"potentialAction\":[{\"@type\":\"ReadAction\",\"target\":[\"https:\/\/ffyh.unc.edu.ar\/extension\/formacion-continua\/\"]}]},{\"@type\":\"ImageObject\",\"inLanguage\":\"es\",\"@id\":\"https:\/\/ffyh.unc.edu.ar\/extension\/formacion-continua\/#primaryimage\",\"url\":\"https:\/\/ffyh.unc.edu.ar\/extension\/wp-content\/uploads\/sites\/2\/2025\/04\/bannerFC.jpg\",\"contentUrl\":\"https:\/\/ffyh.unc.edu.ar\/extension\/wp-content\/uploads\/sites\/2\/2025\/04\/bannerFC.jpg\",\"width\":423,\"height\":140},{\"@type\":\"BreadcrumbList\",\"@id\":\"https:\/\/ffyh.unc.edu.ar\/extension\/formacion-continua\/#breadcrumb\",\"itemListElement\":[{\"@type\":\"ListItem\",\"position\":1,\"name\":\"Portada\",\"item\":\"https:\/\/ffyh.unc.edu.ar\/extension\/\"},{\"@type\":\"ListItem\",\"position\":2,\"name\":\"Formaci\u00f3n Continua\"}]},{\"@type\":\"WebSite\",\"@id\":\"https:\/\/ffyh.unc.edu.ar\/extension\/#website\",\"url\":\"https:\/\/ffyh.unc.edu.ar\/extension\/\",\"name\":\"Secretar\u00eda de Extensi\u00f3n\",\"description\":\"Facultad de Filosof\u00eda y Humanidades - Universidad Nacional de C\u00f3rdoba\",\"publisher\":{\"@id\":\"https:\/\/ffyh.unc.edu.ar\/extension\/#organization\"},\"potentialAction\":[{\"@type\":\"SearchAction\",\"target\":{\"@type\":\"EntryPoint\",\"urlTemplate\":\"https:\/\/ffyh.unc.edu.ar\/extension\/?s={search_term_string}\"},\"query-input\":{\"@type\":\"PropertyValueSpecification\",\"valueRequired\":true,\"valueName\":\"search_term_string\"}}],\"inLanguage\":\"es\"},{\"@type\":\"Organization\",\"@id\":\"https:\/\/ffyh.unc.edu.ar\/extension\/#organization\",\"name\":\"Secretar\u00eda de Extensi\u00f3n - Facultad de Filosof\u00eda y Humanidades - Universidad Nacional de C\u00f3rdoba\",\"url\":\"https:\/\/ffyh.unc.edu.ar\/extension\/\",\"logo\":{\"@type\":\"ImageObject\",\"inLanguage\":\"es\",\"@id\":\"https:\/\/ffyh.unc.edu.ar\/extension\/#\/schema\/logo\/image\/\",\"url\":\"https:\/\/ffyh.unc.edu.ar\/extension\/wp-content\/uploads\/sites\/2\/2018\/08\/logo-extension-chico.jpg\",\"contentUrl\":\"https:\/\/ffyh.unc.edu.ar\/extension\/wp-content\/uploads\/sites\/2\/2018\/08\/logo-extension-chico.jpg\",\"width\":314,\"height\":119,\"caption\":\"Secretar\u00eda de Extensi\u00f3n - Facultad de Filosof\u00eda y Humanidades - Universidad Nacional de C\u00f3rdoba\"},\"image\":{\"@id\":\"https:\/\/ffyh.unc.edu.ar\/extension\/#\/schema\/logo\/image\/\"},\"sameAs\":[\"https:\/\/www.facebook.com\/extensionffyh\",\"https:\/\/www.instagram.com\/extensionffyh\/\",\"https:\/\/www.youtube.com\/channel\/UCTgN4nvMQE7ktBcgujEI-EA\"]}]}<\/script>\n<!-- \/ Yoast SEO plugin. -->","yoast_head_json":{"title":"Formaci\u00f3n Continua - Secretar\u00eda de Extensi\u00f3n","robots":{"index":"index","follow":"follow","max-snippet":"max-snippet:-1","max-image-preview":"max-image-preview:large","max-video-preview":"max-video-preview:-1"},"canonical":"https:\/\/ffyh.unc.edu.ar\/extension\/formacion-continua\/","og_locale":"es_ES","og_type":"article","og_title":"Formaci\u00f3n Continua - Secretar\u00eda de Extensi\u00f3n","og_description":"Llamamos \u00abFormaci\u00f3n Continua\u00bb a todas aquellas acciones educativas que tienden a la actualizaci\u00f3n, la especializaci\u00f3n, la reflexi\u00f3n, y\/o resignificaci\u00f3n de","og_url":"https:\/\/ffyh.unc.edu.ar\/extension\/formacion-continua\/","og_site_name":"Secretar\u00eda de Extensi\u00f3n","article_publisher":"https:\/\/www.facebook.com\/extensionffyh","article_modified_time":"2025-04-21T14:00:07+00:00","og_image":[{"width":423,"height":140,"url":"https:\/\/ffyh.unc.edu.ar\/extension\/wp-content\/uploads\/sites\/2\/2025\/04\/bannerFC.jpg","type":"image\/jpeg"}],"twitter_card":"summary_large_image","twitter_misc":{"Tiempo de lectura":"2 minutos"},"schema":{"@context":"https:\/\/schema.org","@graph":[{"@type":"WebPage","@id":"https:\/\/ffyh.unc.edu.ar\/extension\/formacion-continua\/","url":"https:\/\/ffyh.unc.edu.ar\/extension\/formacion-continua\/","name":"Formaci\u00f3n Continua - Secretar\u00eda de Extensi\u00f3n","isPartOf":{"@id":"https:\/\/ffyh.unc.edu.ar\/extension\/#website"},"primaryImageOfPage":{"@id":"https:\/\/ffyh.unc.edu.ar\/extension\/formacion-continua\/#primaryimage"},"image":{"@id":"https:\/\/ffyh.unc.edu.ar\/extension\/formacion-continua\/#primaryimage"},"thumbnailUrl":"http:\/\/ffyh.unc.edu.ar\/extension\/wp-content\/uploads\/sites\/2\/2025\/04\/bannerFC.jpg","datePublished":"2012-03-01T20:31:45+00:00","dateModified":"2025-04-21T14:00:07+00:00","breadcrumb":{"@id":"https:\/\/ffyh.unc.edu.ar\/extension\/formacion-continua\/#breadcrumb"},"inLanguage":"es","potentialAction":[{"@type":"ReadAction","target":["https:\/\/ffyh.unc.edu.ar\/extension\/formacion-continua\/"]}]},{"@type":"ImageObject","inLanguage":"es","@id":"https:\/\/ffyh.unc.edu.ar\/extension\/formacion-continua\/#primaryimage","url":"https:\/\/ffyh.unc.edu.ar\/extension\/wp-content\/uploads\/sites\/2\/2025\/04\/bannerFC.jpg","contentUrl":"https:\/\/ffyh.unc.edu.ar\/extension\/wp-content\/uploads\/sites\/2\/2025\/04\/bannerFC.jpg","width":423,"height":140},{"@type":"BreadcrumbList","@id":"https:\/\/ffyh.unc.edu.ar\/extension\/formacion-continua\/#breadcrumb","itemListElement":[{"@type":"ListItem","position":1,"name":"Portada","item":"https:\/\/ffyh.unc.edu.ar\/extension\/"},{"@type":"ListItem","position":2,"name":"Formaci\u00f3n Continua"}]},{"@type":"WebSite","@id":"https:\/\/ffyh.unc.edu.ar\/extension\/#website","url":"https:\/\/ffyh.unc.edu.ar\/extension\/","name":"Secretar\u00eda de Extensi\u00f3n","description":"Facultad de Filosof\u00eda y Humanidades - Universidad Nacional de C\u00f3rdoba","publisher":{"@id":"https:\/\/ffyh.unc.edu.ar\/extension\/#organization"},"potentialAction":[{"@type":"SearchAction","target":{"@type":"EntryPoint","urlTemplate":"https:\/\/ffyh.unc.edu.ar\/extension\/?s={search_term_string}"},"query-input":{"@type":"PropertyValueSpecification","valueRequired":true,"valueName":"search_term_string"}}],"inLanguage":"es"},{"@type":"Organization","@id":"https:\/\/ffyh.unc.edu.ar\/extension\/#organization","name":"Secretar\u00eda de Extensi\u00f3n - Facultad de Filosof\u00eda y Humanidades - Universidad Nacional de C\u00f3rdoba","url":"https:\/\/ffyh.unc.edu.ar\/extension\/","logo":{"@type":"ImageObject","inLanguage":"es","@id":"https:\/\/ffyh.unc.edu.ar\/extension\/#\/schema\/logo\/image\/","url":"https:\/\/ffyh.unc.edu.ar\/extension\/wp-content\/uploads\/sites\/2\/2018\/08\/logo-extension-chico.jpg","contentUrl":"https:\/\/ffyh.unc.edu.ar\/extension\/wp-content\/uploads\/sites\/2\/2018\/08\/logo-extension-chico.jpg","width":314,"height":119,"caption":"Secretar\u00eda de Extensi\u00f3n - Facultad de Filosof\u00eda y Humanidades - Universidad Nacional de C\u00f3rdoba"},"image":{"@id":"https:\/\/ffyh.unc.edu.ar\/extension\/#\/schema\/logo\/image\/"},"sameAs":["https:\/\/www.facebook.com\/extensionffyh","https:\/\/www.instagram.com\/extensionffyh\/","https:\/\/www.youtube.com\/channel\/UCTgN4nvMQE7ktBcgujEI-EA"]}]}},"_links":{"self":[{"href":"https:\/\/ffyh.unc.edu.ar\/extension\/wp-json\/wp\/v2\/pages\/15","targetHints":{"allow":["GET"]}}],"collection":[{"href":"https:\/\/ffyh.unc.edu.ar\/extension\/wp-json\/wp\/v2\/pages"}],"about":[{"href":"https:\/\/ffyh.unc.edu.ar\/extension\/wp-json\/wp\/v2\/types\/page"}],"author":[{"embeddable":true,"href":"https:\/\/ffyh.unc.edu.ar\/extension\/wp-json\/wp\/v2\/users\/2"}],"replies":[{"embeddable":true,"href":"https:\/\/ffyh.unc.edu.ar\/extension\/wp-json\/wp\/v2\/comments?post=15"}],"version-history":[{"count":16,"href":"https:\/\/ffyh.unc.edu.ar\/extension\/wp-json\/wp\/v2\/pages\/15\/revisions"}],"predecessor-version":[{"id":8050,"href":"https:\/\/ffyh.unc.edu.ar\/extension\/wp-json\/wp\/v2\/pages\/15\/revisions\/8050"}],"wp:attachment":[{"href":"https:\/\/ffyh.unc.edu.ar\/extension\/wp-json\/wp\/v2\/media?parent=15"}],"curies":[{"name":"wp","href":"https:\/\/api.w.org\/{rel}","templated":true}]}}