{"id":3813,"date":"2018-08-15T13:23:43","date_gmt":"2018-08-15T13:23:43","guid":{"rendered":"http:\/\/ffyh.unc.edu.ar\/extension\/?page_id=3813"},"modified":"2026-03-11T14:48:05","modified_gmt":"2026-03-11T14:48:05","slug":"formularios","status":"publish","type":"page","link":"https:\/\/ffyh.unc.edu.ar\/extension\/formularios\/","title":{"rendered":"Reglamentos y formularios"},"content":{"rendered":"<hr \/>\n<h2>Reglamentos<\/h2>\n<p><a href=\"https:\/\/ffyh.unc.edu.ar\/extension\/wp-content\/uploads\/sites\/2\/2018\/10\/relamento-secre.pdf\" target=\"_blank\" rel=\"noopener noreferrer\">Reglamento de la Secretar\u00eda de Extensi\u00f3n<\/a><\/p>\n<p><a href=\"https:\/\/ffyh.unc.edu.ar\/extension\/wp-content\/uploads\/sites\/2\/2019\/11\/resoluci\u00f3n-consejo-asesor-extensi\u00f3n.pdf\" target=\"_blank\" rel=\"noopener noreferrer\">Reglamento del Consejo Asesor de Extensi\u00f3n Universitaria de la FFyH<\/a><\/p>\n<p><a href=\"http:\/\/ffyh.unc.edu.ar\/extension\/wp-content\/uploads\/sites\/2\/2022\/09\/VERSION-FINAL-REGLAMENTO-BECAS-.docx.pdf\" target=\"_blank\" rel=\"noopener\">Reglamento de las Becas de<\/a><a href=\"http:\/\/ffyh.unc.edu.ar\/extension\/wp-content\/uploads\/sites\/2\/2022\/09\/VERSION-FINAL-REGLAMENTO-BECAS-.docx.pdf\" target=\"_blank\" rel=\"noopener\"> Inicia<\/a><a href=\"http:\/\/ffyh.unc.edu.ar\/extension\/wp-content\/uploads\/sites\/2\/2022\/09\/VERSION-FINAL-REGLAMENTO-BECAS-.docx.pdf\" target=\"_blank\" rel=\"noopener\">ci\u00f3n<\/a><a href=\"http:\/\/ffyh.unc.edu.ar\/extension\/wp-content\/uploads\/sites\/2\/2022\/09\/VERSION-FINAL-REGLAMENTO-BECAS-.docx.pdf\" target=\"_blank\" rel=\"noopener\"> a la Extensi\u00f3n Universitaria &#8211; BIEU<\/a><\/p>\n<p><a href=\"http:\/\/ffyh.unc.edu.ar\/extension\/wp-content\/uploads\/sites\/2\/2023\/02\/Reglamento-programas.pdf\" target=\"_blank\" rel=\"noopener\">Reglamento de Programas de Extensi\u00f3n<\/a><\/p>\n<p><a href=\"http:\/\/ffyh.unc.edu.ar\/extension\/wp-content\/uploads\/sites\/2\/2024\/12\/ReglamentoDeCurricularizacion_2024.pdf\">Reglamento de Pr\u00e1cticas de Curricularizaci\u00f3n de la Extensi\u00f3n<\/a><\/p>\n<hr \/>\n<h2>Formulario de solicitud de difusi\u00f3n<\/h2>\n<p>Si form\u00e1s parte de alguna actividad, proyecto o programa de la Secretar\u00eda de Extensi\u00f3n y necesit\u00e1s difundir alguna actividad por favor complet\u00e1 el siguiente formulario: <a href=\"https:\/\/forms.gle\/bTddEPvQgxGnsEES9\">https:\/\/forms.gle\/bTddEPvQgxGnsEES9<\/a><\/p>\n<p>Este formulario tiene el objetivo de darle la mayor y mejor difusi\u00f3n posible a sus propuestas ya que nos permitir\u00e1 relevar de manera clara la informaci\u00f3n necesaria de cada actividad (fechas, horarios, modalidad, materiales gr\u00e1ficos, etc.), y as\u00ed planificar mejor la comunicaci\u00f3n institucional. Les sugerimos enviar las solicitudes con la mayor anticipaci\u00f3n posible, idealmente al menos 10 d\u00edas antes, para poder garantizar una correcta difusi\u00f3n.<\/p>\n<h2>Autorizaci\u00f3n de uso de im\u00e1genes de infancias y adolescencias<\/h2>\n<p><a href=\"https:\/\/docs.google.com\/document\/d\/1SN-oXJZD-X2N81rBjXCGOcVZ57UopyRQ\/edit?usp=sharing&amp;ouid=100088573379300185990&amp;rtpof=true&amp;sd=true\">Formulario de autorizaci\u00f3n de uso de im\u00e1genes de infancias y adolescencias<\/a><\/p>\n<h2>Formularios de proyectos, programas y actividades<\/h2>\n<h5><strong>Proyectos de extensi\u00f3n<\/strong><\/h5>\n<p><a href=\"https:\/\/docs.google.com\/document\/d\/1dpcdEje4RcF_2-xSvdRbgG-Oe4OioNP4\/edit?usp=sharing&amp;ouid=100088573379300185990&amp;rtpof=true&amp;sd=true\">Formulario de Presentaci\u00f3n de Proyectos<\/a><\/p>\n<p><a href=\"https:\/\/ffyh.unc.edu.ar\/extension\/wp-content\/uploads\/sites\/2\/2023\/04\/Formulario-de-Informe-de-Avance-de-Proyectos-1.doc\" target=\"_blank\" rel=\"noopener\">Formulario de Informe de Avance de Proyectos<\/a><\/p>\n<p><a href=\"https:\/\/ffyh.unc.edu.ar\/extension\/wp-content\/uploads\/sites\/2\/2023\/04\/Formulario-de-Informe-Final-de-Proyectos-1-1.doc\" target=\"_blank\" rel=\"noopener\">Formulario Informe Final de Proyectos<\/a><\/p>\n<p><a href=\"https:\/\/docs.google.com\/document\/d\/1kqgx-Kmch2mGiF--1wPbhq6sDjxh07p3\/edit?usp=sharing&amp;ouid=100088573379300185990&amp;rtpof=true&amp;sd=true\" target=\"_blank\" rel=\"noopener\">Grilla para otorgar aval extensionista a proyectos<\/a><\/p>\n<h5><strong>Programas de extensi\u00f3n<\/strong><\/h5>\n<p><a href=\"https:\/\/ffyh.unc.edu.ar\/extension\/wp-content\/uploads\/sites\/2\/2023\/10\/Formulario-de-Presentacion-de-Programas-Nuevo-Reglamento-2.docx\" target=\"_blank\" rel=\"noopener\">Formulario de Presentaci\u00f3n de Programas<\/a><\/p>\n<p><a href=\"https:\/\/ffyh.unc.edu.ar\/extension\/wp-content\/uploads\/sites\/2\/2023\/03\/Formulario-de-Informe-Anual-Programas.doc\" target=\"_blank\" rel=\"noopener\">Formulario de Informe Anual Programas<\/a><\/p>\n<p><a href=\"https:\/\/ffyh.unc.edu.ar\/extension\/wp-content\/uploads\/sites\/2\/2022\/09\/Formulario-de-Informe-Final-Proyectos-y-Programas.docx\" target=\"_blank\" rel=\"noopener\">Formulario de Informe Final de Programas<\/a><\/p>\n<p><a href=\"https:\/\/ffyh.unc.edu.ar\/extension\/wp-content\/uploads\/sites\/2\/2024\/05\/Grilla-de-evaluacion-de-postulacion-a-Programas-extensionistas.docx\" target=\"_blank\" rel=\"noopener\">Grilla de evaluaci\u00f3n de programas<\/a><\/p>\n<h5><strong>Actividades extensionistas<\/strong><\/h5>\n<p><a href=\"https:\/\/docs.google.com\/document\/d\/1HAaTN7PwBjmyIEfs0CCWYGOv_7GCFGrk\/edit?usp=sharing&amp;ouid=100088573379300185990&amp;rtpof=true&amp;sd=true\" target=\"_blank\" rel=\"noopener\">Formulario presentaci\u00f3n<\/a><\/p>\n<p><a href=\"https:\/\/ffyh.unc.edu.ar\/extension\/wp-content\/uploads\/sites\/2\/2023\/04\/Formulario-de-finalizacion-de-actividades.doc\" target=\"_blank\" rel=\"noopener\">Formulario de finalizaci\u00f3n<\/a><\/p>\n<p><a href=\"https:\/\/docs.google.com\/document\/d\/14qNy-U_fQ-eilFIZLWGzR_VbAz0ySK-t\/edit?usp=sharing&amp;ouid=104520142816073266879&amp;rtpof=true&amp;sd=true\">Grilla para otorgar aval extensionista a actividades<\/a><\/p>\n<hr \/>\n<h2><span style=\"color: #000000\"><strong>Formaci\u00f3n Continua\u00a0<\/strong><\/span><\/h2>\n<p><a href=\"https:\/\/ffyh.unc.edu.ar\/extension\/wp-content\/uploads\/sites\/2\/2022\/10\/Formulario-de-Presentacion-Formacion-Continua.doc\" target=\"_blank\" rel=\"noopener\">Formulario de Presentaci\u00f3n<\/a><\/p>\n<p><a href=\"https:\/\/ffyh.unc.edu.ar\/extension\/wp-content\/uploads\/sites\/2\/2022\/10\/Grilla-de-Evaluacion-FC.doc\" target=\"_blank\" rel=\"noopener\">Grilla de Evaluaci\u00f3n<\/a><\/p>\n<p><a href=\"https:\/\/ffyh.unc.edu.ar\/extension\/wp-content\/uploads\/sites\/2\/2022\/10\/Formulario-de-Informe-Final-Formacion-Continua.doc\" target=\"_blank\" rel=\"noopener\">Informe Final<\/a><\/p>\n<hr \/>\n<h2>Formularios de curricularizaci\u00f3n de la extensi\u00f3n<\/h2>\n<h5><strong>Pr\u00e1cticas Sociocomunitarias<\/strong><\/h5>\n<p><a href=\"https:\/\/docs.google.com\/document\/d\/1Xb3NGvIar4hE7c67_Hw7TynkroTmmDJg\/edit?usp=sharing&amp;ouid=100088573379300185990&amp;rtpof=true&amp;sd=true\" target=\"_blank\" rel=\"noopener\">Formulario de Presentaci\u00f3n<\/a><\/p>\n<h5><strong>Proyectos o pr\u00e1cticas integrales<\/strong><\/h5>\n<p><a href=\"https:\/\/docs.google.com\/document\/d\/1t-MLUXdftMvGlbnEKNLZslj5kSbGgsuA\/edit?usp=sharing&amp;ouid=100088573379300185990&amp;rtpof=true&amp;sd=true\">Formulario de presentaci\u00f3n de Proyectos o Pr\u00e1cticas integrales<\/a><\/p>\n<p><a href=\"https:\/\/ffyh.unc.edu.ar\/extension\/wp-content\/uploads\/sites\/2\/2024\/06\/Informe-Final-de-Proyectos-Integrales.docx\" target=\"_blank\" rel=\"noopener\">Formulario de Informe Final del Proyectos Integrales<\/a><\/p>\n<h5><strong>Actividades curriculares<\/strong><\/h5>\n<p><a href=\"https:\/\/docs.google.com\/forms\/d\/e\/1FAIpQLSc9sdD_cVPiOR4XxgGEkoRCTkHt7cjEPxpWmj6OU-xvjH_yRg\/viewform?usp=publish-editor\">Formulario de presentaci\u00f3n de Actividades Curriculares Extensionistas<\/a><\/p>\n<hr \/>\n<h2><strong>Gesti\u00f3n de seguros para visitas al territorio<\/strong><\/h2>\n<p><a href=\"http:\/\/ffyh.unc.edu.ar\/extension\/wp-content\/uploads\/sites\/2\/2023\/02\/Instructivo-seguros.pdf\" target=\"_blank\" rel=\"noopener\">Instructivo<\/a><\/p>\n<p><a href=\"https:\/\/docs.google.com\/spreadsheets\/d\/17yqUbRYvFlpPwJAS89HaLhaJq4iB-Vs0\/edit?usp=sharing&amp;ouid=104520142816073266879&amp;rtpof=true&amp;sd=true\" target=\"_blank\" rel=\"noopener\">Planilla seguros<\/a><\/p>\n<p><a href=\"https:\/\/ffyh.unc.edu.ar\/extension\/wp-content\/uploads\/sites\/2\/2023\/02\/Planilla-solicitud-ART-docentes-y-nodocentes-.xls\" target=\"_blank\" rel=\"noopener\">Planillas ART<\/a><\/p>\n<hr \/>\n<h2><strong>Certificaciones<\/strong><\/h2>\n<p><a href=\"https:\/\/ffyh.unc.edu.ar\/extension\/wp-content\/uploads\/sites\/2\/2023\/04\/planilla-certificados.xls\" target=\"_blank\" rel=\"noopener\">Formulario para solicitar certificados<\/a><\/p>\n<p>&nbsp;<\/p>\n","protected":false},"excerpt":{"rendered":"<p>Reglamentos Reglamento de la Secretar\u00eda de Extensi\u00f3n Reglamento del Consejo Asesor de Extensi\u00f3n Universitaria de la FFyH Reglamento de las<\/p>\n","protected":false},"author":2,"featured_media":0,"parent":0,"menu_order":0,"comment_status":"closed","ping_status":"closed","template":"","meta":{"_acf_changed":false,"saved_in_kubio":false,"colormag_page_container_layout":"default_layout","colormag_page_sidebar_layout":"default_layout","footnotes":""},"class_list":["post-3813","page","type-page","status-publish","hentry"],"acf":[],"kubio_ai_page_context":{"short_desc":"","purpose":"general"},"yoast_head":"<!-- This site is optimized with the Yoast SEO plugin v27.1.1 - https:\/\/yoast.com\/product\/yoast-seo-wordpress\/ -->\n<title>Reglamentos y formularios - Secretar\u00eda de Extensi\u00f3n<\/title>\n<meta name=\"robots\" content=\"index, follow, max-snippet:-1, max-image-preview:large, max-video-preview:-1\" \/>\n<link rel=\"canonical\" href=\"https:\/\/ffyh.unc.edu.ar\/extension\/formularios\/\" \/>\n<meta property=\"og:locale\" content=\"es_ES\" \/>\n<meta property=\"og:type\" content=\"article\" \/>\n<meta property=\"og:title\" content=\"Reglamentos y formularios - Secretar\u00eda de Extensi\u00f3n\" \/>\n<meta property=\"og:description\" content=\"Reglamentos Reglamento de la Secretar\u00eda de Extensi\u00f3n Reglamento del Consejo Asesor de Extensi\u00f3n Universitaria de la FFyH Reglamento de las\" \/>\n<meta property=\"og:url\" content=\"https:\/\/ffyh.unc.edu.ar\/extension\/formularios\/\" \/>\n<meta property=\"og:site_name\" content=\"Secretar\u00eda de Extensi\u00f3n\" \/>\n<meta property=\"article:publisher\" content=\"https:\/\/www.facebook.com\/extensionffyh\" \/>\n<meta property=\"article:modified_time\" content=\"2026-03-11T14:48:05+00:00\" \/>\n<meta name=\"twitter:card\" content=\"summary_large_image\" \/>\n<meta name=\"twitter:label1\" content=\"Tiempo de lectura\" \/>\n\t<meta name=\"twitter:data1\" content=\"1 minuto\" \/>\n<script type=\"application\/ld+json\" class=\"yoast-schema-graph\">{\"@context\":\"https:\/\/schema.org\",\"@graph\":[{\"@type\":\"WebPage\",\"@id\":\"https:\/\/ffyh.unc.edu.ar\/extension\/formularios\/\",\"url\":\"https:\/\/ffyh.unc.edu.ar\/extension\/formularios\/\",\"name\":\"Reglamentos y formularios - Secretar\u00eda de Extensi\u00f3n\",\"isPartOf\":{\"@id\":\"https:\/\/ffyh.unc.edu.ar\/extension\/#website\"},\"datePublished\":\"2018-08-15T13:23:43+00:00\",\"dateModified\":\"2026-03-11T14:48:05+00:00\",\"breadcrumb\":{\"@id\":\"https:\/\/ffyh.unc.edu.ar\/extension\/formularios\/#breadcrumb\"},\"inLanguage\":\"es\",\"potentialAction\":[{\"@type\":\"ReadAction\",\"target\":[\"https:\/\/ffyh.unc.edu.ar\/extension\/formularios\/\"]}]},{\"@type\":\"BreadcrumbList\",\"@id\":\"https:\/\/ffyh.unc.edu.ar\/extension\/formularios\/#breadcrumb\",\"itemListElement\":[{\"@type\":\"ListItem\",\"position\":1,\"name\":\"Portada\",\"item\":\"https:\/\/ffyh.unc.edu.ar\/extension\/\"},{\"@type\":\"ListItem\",\"position\":2,\"name\":\"Reglamentos y formularios\"}]},{\"@type\":\"WebSite\",\"@id\":\"https:\/\/ffyh.unc.edu.ar\/extension\/#website\",\"url\":\"https:\/\/ffyh.unc.edu.ar\/extension\/\",\"name\":\"Secretar\u00eda de Extensi\u00f3n\",\"description\":\"Facultad de Filosof\u00eda y Humanidades - Universidad Nacional de C\u00f3rdoba\",\"publisher\":{\"@id\":\"https:\/\/ffyh.unc.edu.ar\/extension\/#organization\"},\"potentialAction\":[{\"@type\":\"SearchAction\",\"target\":{\"@type\":\"EntryPoint\",\"urlTemplate\":\"https:\/\/ffyh.unc.edu.ar\/extension\/?s={search_term_string}\"},\"query-input\":{\"@type\":\"PropertyValueSpecification\",\"valueRequired\":true,\"valueName\":\"search_term_string\"}}],\"inLanguage\":\"es\"},{\"@type\":\"Organization\",\"@id\":\"https:\/\/ffyh.unc.edu.ar\/extension\/#organization\",\"name\":\"Secretar\u00eda de Extensi\u00f3n - Facultad de Filosof\u00eda y Humanidades - Universidad Nacional de C\u00f3rdoba\",\"url\":\"https:\/\/ffyh.unc.edu.ar\/extension\/\",\"logo\":{\"@type\":\"ImageObject\",\"inLanguage\":\"es\",\"@id\":\"https:\/\/ffyh.unc.edu.ar\/extension\/#\/schema\/logo\/image\/\",\"url\":\"https:\/\/ffyh.unc.edu.ar\/extension\/wp-content\/uploads\/sites\/2\/2018\/08\/logo-extension-chico.jpg\",\"contentUrl\":\"https:\/\/ffyh.unc.edu.ar\/extension\/wp-content\/uploads\/sites\/2\/2018\/08\/logo-extension-chico.jpg\",\"width\":314,\"height\":119,\"caption\":\"Secretar\u00eda de Extensi\u00f3n - Facultad de Filosof\u00eda y Humanidades - Universidad Nacional de C\u00f3rdoba\"},\"image\":{\"@id\":\"https:\/\/ffyh.unc.edu.ar\/extension\/#\/schema\/logo\/image\/\"},\"sameAs\":[\"https:\/\/www.facebook.com\/extensionffyh\",\"https:\/\/www.instagram.com\/extensionffyh\/\",\"https:\/\/www.youtube.com\/channel\/UCTgN4nvMQE7ktBcgujEI-EA\"]}]}<\/script>\n<!-- \/ Yoast SEO plugin. -->","yoast_head_json":{"title":"Reglamentos y formularios - Secretar\u00eda de Extensi\u00f3n","robots":{"index":"index","follow":"follow","max-snippet":"max-snippet:-1","max-image-preview":"max-image-preview:large","max-video-preview":"max-video-preview:-1"},"canonical":"https:\/\/ffyh.unc.edu.ar\/extension\/formularios\/","og_locale":"es_ES","og_type":"article","og_title":"Reglamentos y formularios - Secretar\u00eda de Extensi\u00f3n","og_description":"Reglamentos Reglamento de la Secretar\u00eda de Extensi\u00f3n Reglamento del Consejo Asesor de Extensi\u00f3n Universitaria de la FFyH Reglamento de las","og_url":"https:\/\/ffyh.unc.edu.ar\/extension\/formularios\/","og_site_name":"Secretar\u00eda de Extensi\u00f3n","article_publisher":"https:\/\/www.facebook.com\/extensionffyh","article_modified_time":"2026-03-11T14:48:05+00:00","twitter_card":"summary_large_image","twitter_misc":{"Tiempo de lectura":"1 minuto"},"schema":{"@context":"https:\/\/schema.org","@graph":[{"@type":"WebPage","@id":"https:\/\/ffyh.unc.edu.ar\/extension\/formularios\/","url":"https:\/\/ffyh.unc.edu.ar\/extension\/formularios\/","name":"Reglamentos y formularios - Secretar\u00eda de Extensi\u00f3n","isPartOf":{"@id":"https:\/\/ffyh.unc.edu.ar\/extension\/#website"},"datePublished":"2018-08-15T13:23:43+00:00","dateModified":"2026-03-11T14:48:05+00:00","breadcrumb":{"@id":"https:\/\/ffyh.unc.edu.ar\/extension\/formularios\/#breadcrumb"},"inLanguage":"es","potentialAction":[{"@type":"ReadAction","target":["https:\/\/ffyh.unc.edu.ar\/extension\/formularios\/"]}]},{"@type":"BreadcrumbList","@id":"https:\/\/ffyh.unc.edu.ar\/extension\/formularios\/#breadcrumb","itemListElement":[{"@type":"ListItem","position":1,"name":"Portada","item":"https:\/\/ffyh.unc.edu.ar\/extension\/"},{"@type":"ListItem","position":2,"name":"Reglamentos y formularios"}]},{"@type":"WebSite","@id":"https:\/\/ffyh.unc.edu.ar\/extension\/#website","url":"https:\/\/ffyh.unc.edu.ar\/extension\/","name":"Secretar\u00eda de Extensi\u00f3n","description":"Facultad de Filosof\u00eda y Humanidades - Universidad Nacional de C\u00f3rdoba","publisher":{"@id":"https:\/\/ffyh.unc.edu.ar\/extension\/#organization"},"potentialAction":[{"@type":"SearchAction","target":{"@type":"EntryPoint","urlTemplate":"https:\/\/ffyh.unc.edu.ar\/extension\/?s={search_term_string}"},"query-input":{"@type":"PropertyValueSpecification","valueRequired":true,"valueName":"search_term_string"}}],"inLanguage":"es"},{"@type":"Organization","@id":"https:\/\/ffyh.unc.edu.ar\/extension\/#organization","name":"Secretar\u00eda de Extensi\u00f3n - Facultad de Filosof\u00eda y Humanidades - Universidad Nacional de C\u00f3rdoba","url":"https:\/\/ffyh.unc.edu.ar\/extension\/","logo":{"@type":"ImageObject","inLanguage":"es","@id":"https:\/\/ffyh.unc.edu.ar\/extension\/#\/schema\/logo\/image\/","url":"https:\/\/ffyh.unc.edu.ar\/extension\/wp-content\/uploads\/sites\/2\/2018\/08\/logo-extension-chico.jpg","contentUrl":"https:\/\/ffyh.unc.edu.ar\/extension\/wp-content\/uploads\/sites\/2\/2018\/08\/logo-extension-chico.jpg","width":314,"height":119,"caption":"Secretar\u00eda de Extensi\u00f3n - Facultad de Filosof\u00eda y Humanidades - Universidad Nacional de C\u00f3rdoba"},"image":{"@id":"https:\/\/ffyh.unc.edu.ar\/extension\/#\/schema\/logo\/image\/"},"sameAs":["https:\/\/www.facebook.com\/extensionffyh","https:\/\/www.instagram.com\/extensionffyh\/","https:\/\/www.youtube.com\/channel\/UCTgN4nvMQE7ktBcgujEI-EA"]}]}},"_links":{"self":[{"href":"https:\/\/ffyh.unc.edu.ar\/extension\/wp-json\/wp\/v2\/pages\/3813","targetHints":{"allow":["GET"]}}],"collection":[{"href":"https:\/\/ffyh.unc.edu.ar\/extension\/wp-json\/wp\/v2\/pages"}],"about":[{"href":"https:\/\/ffyh.unc.edu.ar\/extension\/wp-json\/wp\/v2\/types\/page"}],"author":[{"embeddable":true,"href":"https:\/\/ffyh.unc.edu.ar\/extension\/wp-json\/wp\/v2\/users\/2"}],"replies":[{"embeddable":true,"href":"https:\/\/ffyh.unc.edu.ar\/extension\/wp-json\/wp\/v2\/comments?post=3813"}],"version-history":[{"count":104,"href":"https:\/\/ffyh.unc.edu.ar\/extension\/wp-json\/wp\/v2\/pages\/3813\/revisions"}],"predecessor-version":[{"id":9956,"href":"https:\/\/ffyh.unc.edu.ar\/extension\/wp-json\/wp\/v2\/pages\/3813\/revisions\/9956"}],"wp:attachment":[{"href":"https:\/\/ffyh.unc.edu.ar\/extension\/wp-json\/wp\/v2\/media?parent=3813"}],"curies":[{"name":"wp","href":"https:\/\/api.w.org\/{rel}","templated":true}]}}