{"id":3886,"date":"2018-08-17T14:54:20","date_gmt":"2018-08-17T14:54:20","guid":{"rendered":"http:\/\/ffyh.unc.edu.ar\/extension\/?page_id=3886"},"modified":"2023-09-21T16:37:25","modified_gmt":"2023-09-21T16:37:25","slug":"proyectos-con-becas-de-extension-en-curso","status":"publish","type":"page","link":"https:\/\/ffyh.unc.edu.ar\/extension\/intervencion-acompanamiento-territorial\/proyectos-con-becas-de-extension-en-curso\/","title":{"rendered":"Proyectos de la FFyH seleccionados para becas SEU"},"content":{"rendered":"<h3><strong>A\u00f1o 2022<\/strong><\/h3>\n<ul>\n<li><strong>Infancias, familias y escuelas: tramas que sostienen la inclusi\u00f3n educativa en Villa Corn\u00fa<\/strong><\/li>\n<\/ul>\n<p><strong>Directora:<\/strong> Marina Yazyi<\/p>\n<p><strong>Co-directora:<\/strong> Andrea Lelli<\/p>\n<p><strong>Becarias:<\/strong> Cinthia Machado &#8211; Eugenia Pav\u00f3n<\/p>\n<p><img loading=\"lazy\" decoding=\"async\" class=\"alignnone size-full wp-image-6672\" src=\"http:\/\/ffyh.unc.edu.ar\/extension\/wp-content\/uploads\/sites\/2\/2023\/09\/WhatsApp-Image-2023-09-21-at-13.31.56.jpeg\" alt=\"\" width=\"960\" height=\"1280\" srcset=\"https:\/\/ffyh.unc.edu.ar\/extension\/wp-content\/uploads\/sites\/2\/2023\/09\/WhatsApp-Image-2023-09-21-at-13.31.56.jpeg 960w, https:\/\/ffyh.unc.edu.ar\/extension\/wp-content\/uploads\/sites\/2\/2023\/09\/WhatsApp-Image-2023-09-21-at-13.31.56-225x300.jpeg 225w, https:\/\/ffyh.unc.edu.ar\/extension\/wp-content\/uploads\/sites\/2\/2023\/09\/WhatsApp-Image-2023-09-21-at-13.31.56-768x1024.jpeg 768w\" sizes=\"auto, (max-width: 960px) 100vw, 960px\" \/><\/p>\n<h3><strong>A\u00f1o 2021<\/strong><\/h3>\n<p><a href=\"http:\/\/ffyh.unc.edu.ar\/extension\/wp-content\/uploads\/sites\/2\/2020\/12\/RS-2020-00313347-UNC-SEUAEU-aprobacion-proyectos-Beca-SEU.pdf\" target=\"_blank\" rel=\"noopener noreferrer\"><strong>Proyectos seleccionados para Becas SEU 2021<\/strong><\/a><\/p>\n<h3><strong>A\u00f1o 2020<\/strong><\/h3>\n<ul>\n<li><strong>Una biblioteca hecha con tierra. Construcci\u00f3n entre memorias, infancias y monte<\/strong><\/li>\n<\/ul>\n<p><strong>Directora:<\/strong> Bocco, Andrea<\/p>\n<p><strong>Becarias:<\/strong> Elo\u00edsa Aut Garc\u00eda &#8211; Camila Alejandra Pereyra<\/p>\n<p>&nbsp;<\/p>\n<ul>\n<li><strong>Aficionados, colecciones, restos sensibles. Construcci\u00f3n de narrativas multivocales en torno a restos \u00f3seos humanos hallados por vecinos de la localidad de La Para<\/strong><\/li>\n<\/ul>\n<p><strong>Directora:<\/strong> Mariana Fabra<\/p>\n<p><strong>Co-directora:<\/strong> Mariela Eleonora Zabala<\/p>\n<p><strong>Becaria:<\/strong> Mar\u00eda Eva Estefan\u00eda Ferreyra<\/p>\n<p><img loading=\"lazy\" decoding=\"async\" class=\"alignnone size-large wp-image-4677\" src=\"http:\/\/ffyh.unc.edu.ar\/extension\/wp-content\/uploads\/sites\/2\/2020\/03\/museo-la-para-1024x768.jpeg\" alt=\"\" width=\"800\" height=\"600\" srcset=\"https:\/\/ffyh.unc.edu.ar\/extension\/wp-content\/uploads\/sites\/2\/2020\/03\/museo-la-para-1024x768.jpeg 1024w, https:\/\/ffyh.unc.edu.ar\/extension\/wp-content\/uploads\/sites\/2\/2020\/03\/museo-la-para-300x225.jpeg 300w, https:\/\/ffyh.unc.edu.ar\/extension\/wp-content\/uploads\/sites\/2\/2020\/03\/museo-la-para-768x576.jpeg 768w, https:\/\/ffyh.unc.edu.ar\/extension\/wp-content\/uploads\/sites\/2\/2020\/03\/museo-la-para.jpeg 1152w\" sizes=\"auto, (max-width: 800px) 100vw, 800px\" \/><\/p>\n<p>&nbsp;<\/p>\n<p>&nbsp;<\/p>\n<ul>\n<li><b>Ni\u00f1ez en territorio. Acompa\u00f1amiento a trayectorias socioeducativas de ni\u00f1as y ni\u00f1os en Villa Corn\u00fa con la participaci\u00f3n de estudiantes\u00a0universitarios<\/b><\/li>\n<\/ul>\n<p><strong>Directora:<\/strong> Marina Yamila Yazyi<\/p>\n<p><strong>Co-directora:<\/strong> Olga Silvia \u00c1vila<\/p>\n<p><strong>Becarixs:<\/strong> Mar\u00eda Noel Mart\u00ednez &#8211; Mateo Sebasti\u00e1n Ru\u00edz P\u00e9rez<\/p>\n<p><img loading=\"lazy\" decoding=\"async\" class=\"alignnone size-large wp-image-4681\" src=\"http:\/\/ffyh.unc.edu.ar\/extension\/wp-content\/uploads\/sites\/2\/2020\/03\/villa-corn\u00fa-768x1024.jpeg\" alt=\"\" width=\"768\" height=\"1024\" srcset=\"https:\/\/ffyh.unc.edu.ar\/extension\/wp-content\/uploads\/sites\/2\/2020\/03\/villa-corn\u00fa-768x1024.jpeg 768w, https:\/\/ffyh.unc.edu.ar\/extension\/wp-content\/uploads\/sites\/2\/2020\/03\/villa-corn\u00fa-225x300.jpeg 225w, https:\/\/ffyh.unc.edu.ar\/extension\/wp-content\/uploads\/sites\/2\/2020\/03\/villa-corn\u00fa.jpeg 960w\" sizes=\"auto, (max-width: 768px) 100vw, 768px\" \/><\/p>\n<p>&nbsp;<\/p>\n<ul>\n<li><strong>Diversidad cultural, plantas nativas y patrimonio. Propuestas educativas multivocales para el nivel inicial y primario<\/strong><\/li>\n<\/ul>\n<p><strong>Directora:<\/strong> Mariela Eleonora Zabala<\/p>\n<p><strong>Co-directora:<\/strong> Mariana Fabra<\/p>\n<p><strong>Becaria:<\/strong> Alfonsina Mu\u00f1\u00f3z Paganoni<\/p>\n<p><img loading=\"lazy\" decoding=\"async\" class=\"alignnone size-large wp-image-4678\" src=\"http:\/\/ffyh.unc.edu.ar\/extension\/wp-content\/uploads\/sites\/2\/2020\/03\/diversidad-cultural-y-plantas-1024x768.jpeg\" alt=\"\" width=\"800\" height=\"600\" srcset=\"https:\/\/ffyh.unc.edu.ar\/extension\/wp-content\/uploads\/sites\/2\/2020\/03\/diversidad-cultural-y-plantas-1024x768.jpeg 1024w, https:\/\/ffyh.unc.edu.ar\/extension\/wp-content\/uploads\/sites\/2\/2020\/03\/diversidad-cultural-y-plantas-300x225.jpeg 300w, https:\/\/ffyh.unc.edu.ar\/extension\/wp-content\/uploads\/sites\/2\/2020\/03\/diversidad-cultural-y-plantas-768x576.jpeg 768w, https:\/\/ffyh.unc.edu.ar\/extension\/wp-content\/uploads\/sites\/2\/2020\/03\/diversidad-cultural-y-plantas.jpeg 1032w\" sizes=\"auto, (max-width: 800px) 100vw, 800px\" \/><\/p>\n<p>&nbsp;<\/p>\n<p><strong>Ver reglamentos y formularios\u00a0<a href=\"https:\/\/ffyh.unc.edu.ar\/extension\/formularios\/\" target=\"_blank\" rel=\"noopener noreferrer\">AQU\u00cd<\/a><\/strong><\/p>\n<p>&nbsp;<\/p>\n<p>&nbsp;<\/p>\n","protected":false},"excerpt":{"rendered":"<p>A\u00f1o 2022 Infancias, familias y escuelas: tramas que sostienen la inclusi\u00f3n educativa en Villa Corn\u00fa Directora: Marina Yazyi Co-directora: Andrea<\/p>\n","protected":false},"author":3,"featured_media":0,"parent":13,"menu_order":0,"comment_status":"closed","ping_status":"closed","template":"","meta":{"_acf_changed":false,"colormag_page_container_layout":"default_layout","colormag_page_sidebar_layout":"default_layout","footnotes":""},"class_list":["post-3886","page","type-page","status-publish","hentry"],"acf":[],"yoast_head":"<!-- This site is optimized with the Yoast SEO plugin v27.1.1 - https:\/\/yoast.com\/product\/yoast-seo-wordpress\/ -->\n<title>Proyectos de la FFyH seleccionados para becas SEU - Secretar\u00eda de Extensi\u00f3n<\/title>\n<meta name=\"robots\" content=\"index, follow, max-snippet:-1, max-image-preview:large, max-video-preview:-1\" \/>\n<link rel=\"canonical\" href=\"https:\/\/ffyh.unc.edu.ar\/extension\/intervencion-acompanamiento-territorial\/proyectos-con-becas-de-extension-en-curso\/\" \/>\n<meta property=\"og:locale\" content=\"es_ES\" \/>\n<meta property=\"og:type\" content=\"article\" \/>\n<meta property=\"og:title\" content=\"Proyectos de la FFyH seleccionados para becas SEU - Secretar\u00eda de Extensi\u00f3n\" \/>\n<meta property=\"og:description\" content=\"A\u00f1o 2022 Infancias, familias y escuelas: tramas que sostienen la inclusi\u00f3n educativa en Villa Corn\u00fa Directora: Marina Yazyi Co-directora: Andrea\" \/>\n<meta property=\"og:url\" content=\"https:\/\/ffyh.unc.edu.ar\/extension\/intervencion-acompanamiento-territorial\/proyectos-con-becas-de-extension-en-curso\/\" \/>\n<meta property=\"og:site_name\" content=\"Secretar\u00eda de Extensi\u00f3n\" \/>\n<meta property=\"article:publisher\" content=\"https:\/\/www.facebook.com\/extensionffyh\" \/>\n<meta property=\"article:modified_time\" content=\"2023-09-21T16:37:25+00:00\" \/>\n<meta property=\"og:image\" content=\"http:\/\/ffyh.unc.edu.ar\/extension\/wp-content\/uploads\/sites\/2\/2023\/09\/WhatsApp-Image-2023-09-21-at-13.31.56.jpeg\" \/>\n<meta name=\"twitter:card\" content=\"summary_large_image\" \/>\n<meta name=\"twitter:label1\" content=\"Tiempo de lectura\" \/>\n\t<meta name=\"twitter:data1\" content=\"1 minuto\" \/>\n<script type=\"application\/ld+json\" class=\"yoast-schema-graph\">{\"@context\":\"https:\/\/schema.org\",\"@graph\":[{\"@type\":\"WebPage\",\"@id\":\"https:\/\/ffyh.unc.edu.ar\/extension\/intervencion-acompanamiento-territorial\/proyectos-con-becas-de-extension-en-curso\/\",\"url\":\"https:\/\/ffyh.unc.edu.ar\/extension\/intervencion-acompanamiento-territorial\/proyectos-con-becas-de-extension-en-curso\/\",\"name\":\"Proyectos de la FFyH seleccionados para becas SEU - Secretar\u00eda de Extensi\u00f3n\",\"isPartOf\":{\"@id\":\"https:\/\/ffyh.unc.edu.ar\/extension\/#website\"},\"primaryImageOfPage\":{\"@id\":\"https:\/\/ffyh.unc.edu.ar\/extension\/intervencion-acompanamiento-territorial\/proyectos-con-becas-de-extension-en-curso\/#primaryimage\"},\"image\":{\"@id\":\"https:\/\/ffyh.unc.edu.ar\/extension\/intervencion-acompanamiento-territorial\/proyectos-con-becas-de-extension-en-curso\/#primaryimage\"},\"thumbnailUrl\":\"http:\/\/ffyh.unc.edu.ar\/extension\/wp-content\/uploads\/sites\/2\/2023\/09\/WhatsApp-Image-2023-09-21-at-13.31.56.jpeg\",\"datePublished\":\"2018-08-17T14:54:20+00:00\",\"dateModified\":\"2023-09-21T16:37:25+00:00\",\"breadcrumb\":{\"@id\":\"https:\/\/ffyh.unc.edu.ar\/extension\/intervencion-acompanamiento-territorial\/proyectos-con-becas-de-extension-en-curso\/#breadcrumb\"},\"inLanguage\":\"es\",\"potentialAction\":[{\"@type\":\"ReadAction\",\"target\":[\"https:\/\/ffyh.unc.edu.ar\/extension\/intervencion-acompanamiento-territorial\/proyectos-con-becas-de-extension-en-curso\/\"]}]},{\"@type\":\"ImageObject\",\"inLanguage\":\"es\",\"@id\":\"https:\/\/ffyh.unc.edu.ar\/extension\/intervencion-acompanamiento-territorial\/proyectos-con-becas-de-extension-en-curso\/#primaryimage\",\"url\":\"http:\/\/ffyh.unc.edu.ar\/extension\/wp-content\/uploads\/sites\/2\/2023\/09\/WhatsApp-Image-2023-09-21-at-13.31.56.jpeg\",\"contentUrl\":\"http:\/\/ffyh.unc.edu.ar\/extension\/wp-content\/uploads\/sites\/2\/2023\/09\/WhatsApp-Image-2023-09-21-at-13.31.56.jpeg\"},{\"@type\":\"BreadcrumbList\",\"@id\":\"https:\/\/ffyh.unc.edu.ar\/extension\/intervencion-acompanamiento-territorial\/proyectos-con-becas-de-extension-en-curso\/#breadcrumb\",\"itemListElement\":[{\"@type\":\"ListItem\",\"position\":1,\"name\":\"Portada\",\"item\":\"https:\/\/ffyh.unc.edu.ar\/extension\/\"},{\"@type\":\"ListItem\",\"position\":2,\"name\":\"Intervenci\u00f3n y acompa\u00f1amiento territorial\",\"item\":\"https:\/\/ffyh.unc.edu.ar\/extension\/intervencion-acompanamiento-territorial\/\"},{\"@type\":\"ListItem\",\"position\":3,\"name\":\"Proyectos de la FFyH seleccionados para becas SEU\"}]},{\"@type\":\"WebSite\",\"@id\":\"https:\/\/ffyh.unc.edu.ar\/extension\/#website\",\"url\":\"https:\/\/ffyh.unc.edu.ar\/extension\/\",\"name\":\"Secretar\u00eda de Extensi\u00f3n\",\"description\":\"Facultad de Filosof\u00eda y Humanidades - Universidad Nacional de C\u00f3rdoba\",\"publisher\":{\"@id\":\"https:\/\/ffyh.unc.edu.ar\/extension\/#organization\"},\"potentialAction\":[{\"@type\":\"SearchAction\",\"target\":{\"@type\":\"EntryPoint\",\"urlTemplate\":\"https:\/\/ffyh.unc.edu.ar\/extension\/?s={search_term_string}\"},\"query-input\":{\"@type\":\"PropertyValueSpecification\",\"valueRequired\":true,\"valueName\":\"search_term_string\"}}],\"inLanguage\":\"es\"},{\"@type\":\"Organization\",\"@id\":\"https:\/\/ffyh.unc.edu.ar\/extension\/#organization\",\"name\":\"Secretar\u00eda de Extensi\u00f3n - Facultad de Filosof\u00eda y Humanidades - Universidad Nacional de C\u00f3rdoba\",\"url\":\"https:\/\/ffyh.unc.edu.ar\/extension\/\",\"logo\":{\"@type\":\"ImageObject\",\"inLanguage\":\"es\",\"@id\":\"https:\/\/ffyh.unc.edu.ar\/extension\/#\/schema\/logo\/image\/\",\"url\":\"https:\/\/ffyh.unc.edu.ar\/extension\/wp-content\/uploads\/sites\/2\/2018\/08\/logo-extension-chico.jpg\",\"contentUrl\":\"https:\/\/ffyh.unc.edu.ar\/extension\/wp-content\/uploads\/sites\/2\/2018\/08\/logo-extension-chico.jpg\",\"width\":314,\"height\":119,\"caption\":\"Secretar\u00eda de Extensi\u00f3n - Facultad de Filosof\u00eda y Humanidades - Universidad Nacional de C\u00f3rdoba\"},\"image\":{\"@id\":\"https:\/\/ffyh.unc.edu.ar\/extension\/#\/schema\/logo\/image\/\"},\"sameAs\":[\"https:\/\/www.facebook.com\/extensionffyh\",\"https:\/\/www.instagram.com\/extensionffyh\/\",\"https:\/\/www.youtube.com\/channel\/UCTgN4nvMQE7ktBcgujEI-EA\"]}]}<\/script>\n<!-- \/ Yoast SEO plugin. -->","yoast_head_json":{"title":"Proyectos de la FFyH seleccionados para becas SEU - Secretar\u00eda de Extensi\u00f3n","robots":{"index":"index","follow":"follow","max-snippet":"max-snippet:-1","max-image-preview":"max-image-preview:large","max-video-preview":"max-video-preview:-1"},"canonical":"https:\/\/ffyh.unc.edu.ar\/extension\/intervencion-acompanamiento-territorial\/proyectos-con-becas-de-extension-en-curso\/","og_locale":"es_ES","og_type":"article","og_title":"Proyectos de la FFyH seleccionados para becas SEU - Secretar\u00eda de Extensi\u00f3n","og_description":"A\u00f1o 2022 Infancias, familias y escuelas: tramas que sostienen la inclusi\u00f3n educativa en Villa Corn\u00fa Directora: Marina Yazyi Co-directora: Andrea","og_url":"https:\/\/ffyh.unc.edu.ar\/extension\/intervencion-acompanamiento-territorial\/proyectos-con-becas-de-extension-en-curso\/","og_site_name":"Secretar\u00eda de Extensi\u00f3n","article_publisher":"https:\/\/www.facebook.com\/extensionffyh","article_modified_time":"2023-09-21T16:37:25+00:00","og_image":[{"url":"http:\/\/ffyh.unc.edu.ar\/extension\/wp-content\/uploads\/sites\/2\/2023\/09\/WhatsApp-Image-2023-09-21-at-13.31.56.jpeg","type":"","width":"","height":""}],"twitter_card":"summary_large_image","twitter_misc":{"Tiempo de lectura":"1 minuto"},"schema":{"@context":"https:\/\/schema.org","@graph":[{"@type":"WebPage","@id":"https:\/\/ffyh.unc.edu.ar\/extension\/intervencion-acompanamiento-territorial\/proyectos-con-becas-de-extension-en-curso\/","url":"https:\/\/ffyh.unc.edu.ar\/extension\/intervencion-acompanamiento-territorial\/proyectos-con-becas-de-extension-en-curso\/","name":"Proyectos de la FFyH seleccionados para becas SEU - Secretar\u00eda de Extensi\u00f3n","isPartOf":{"@id":"https:\/\/ffyh.unc.edu.ar\/extension\/#website"},"primaryImageOfPage":{"@id":"https:\/\/ffyh.unc.edu.ar\/extension\/intervencion-acompanamiento-territorial\/proyectos-con-becas-de-extension-en-curso\/#primaryimage"},"image":{"@id":"https:\/\/ffyh.unc.edu.ar\/extension\/intervencion-acompanamiento-territorial\/proyectos-con-becas-de-extension-en-curso\/#primaryimage"},"thumbnailUrl":"http:\/\/ffyh.unc.edu.ar\/extension\/wp-content\/uploads\/sites\/2\/2023\/09\/WhatsApp-Image-2023-09-21-at-13.31.56.jpeg","datePublished":"2018-08-17T14:54:20+00:00","dateModified":"2023-09-21T16:37:25+00:00","breadcrumb":{"@id":"https:\/\/ffyh.unc.edu.ar\/extension\/intervencion-acompanamiento-territorial\/proyectos-con-becas-de-extension-en-curso\/#breadcrumb"},"inLanguage":"es","potentialAction":[{"@type":"ReadAction","target":["https:\/\/ffyh.unc.edu.ar\/extension\/intervencion-acompanamiento-territorial\/proyectos-con-becas-de-extension-en-curso\/"]}]},{"@type":"ImageObject","inLanguage":"es","@id":"https:\/\/ffyh.unc.edu.ar\/extension\/intervencion-acompanamiento-territorial\/proyectos-con-becas-de-extension-en-curso\/#primaryimage","url":"http:\/\/ffyh.unc.edu.ar\/extension\/wp-content\/uploads\/sites\/2\/2023\/09\/WhatsApp-Image-2023-09-21-at-13.31.56.jpeg","contentUrl":"http:\/\/ffyh.unc.edu.ar\/extension\/wp-content\/uploads\/sites\/2\/2023\/09\/WhatsApp-Image-2023-09-21-at-13.31.56.jpeg"},{"@type":"BreadcrumbList","@id":"https:\/\/ffyh.unc.edu.ar\/extension\/intervencion-acompanamiento-territorial\/proyectos-con-becas-de-extension-en-curso\/#breadcrumb","itemListElement":[{"@type":"ListItem","position":1,"name":"Portada","item":"https:\/\/ffyh.unc.edu.ar\/extension\/"},{"@type":"ListItem","position":2,"name":"Intervenci\u00f3n y acompa\u00f1amiento territorial","item":"https:\/\/ffyh.unc.edu.ar\/extension\/intervencion-acompanamiento-territorial\/"},{"@type":"ListItem","position":3,"name":"Proyectos de la FFyH seleccionados para becas SEU"}]},{"@type":"WebSite","@id":"https:\/\/ffyh.unc.edu.ar\/extension\/#website","url":"https:\/\/ffyh.unc.edu.ar\/extension\/","name":"Secretar\u00eda de Extensi\u00f3n","description":"Facultad de Filosof\u00eda y Humanidades - Universidad Nacional de C\u00f3rdoba","publisher":{"@id":"https:\/\/ffyh.unc.edu.ar\/extension\/#organization"},"potentialAction":[{"@type":"SearchAction","target":{"@type":"EntryPoint","urlTemplate":"https:\/\/ffyh.unc.edu.ar\/extension\/?s={search_term_string}"},"query-input":{"@type":"PropertyValueSpecification","valueRequired":true,"valueName":"search_term_string"}}],"inLanguage":"es"},{"@type":"Organization","@id":"https:\/\/ffyh.unc.edu.ar\/extension\/#organization","name":"Secretar\u00eda de Extensi\u00f3n - Facultad de Filosof\u00eda y Humanidades - Universidad Nacional de C\u00f3rdoba","url":"https:\/\/ffyh.unc.edu.ar\/extension\/","logo":{"@type":"ImageObject","inLanguage":"es","@id":"https:\/\/ffyh.unc.edu.ar\/extension\/#\/schema\/logo\/image\/","url":"https:\/\/ffyh.unc.edu.ar\/extension\/wp-content\/uploads\/sites\/2\/2018\/08\/logo-extension-chico.jpg","contentUrl":"https:\/\/ffyh.unc.edu.ar\/extension\/wp-content\/uploads\/sites\/2\/2018\/08\/logo-extension-chico.jpg","width":314,"height":119,"caption":"Secretar\u00eda de Extensi\u00f3n - Facultad de Filosof\u00eda y Humanidades - Universidad Nacional de C\u00f3rdoba"},"image":{"@id":"https:\/\/ffyh.unc.edu.ar\/extension\/#\/schema\/logo\/image\/"},"sameAs":["https:\/\/www.facebook.com\/extensionffyh","https:\/\/www.instagram.com\/extensionffyh\/","https:\/\/www.youtube.com\/channel\/UCTgN4nvMQE7ktBcgujEI-EA"]}]}},"_links":{"self":[{"href":"https:\/\/ffyh.unc.edu.ar\/extension\/wp-json\/wp\/v2\/pages\/3886","targetHints":{"allow":["GET"]}}],"collection":[{"href":"https:\/\/ffyh.unc.edu.ar\/extension\/wp-json\/wp\/v2\/pages"}],"about":[{"href":"https:\/\/ffyh.unc.edu.ar\/extension\/wp-json\/wp\/v2\/types\/page"}],"author":[{"embeddable":true,"href":"https:\/\/ffyh.unc.edu.ar\/extension\/wp-json\/wp\/v2\/users\/3"}],"replies":[{"embeddable":true,"href":"https:\/\/ffyh.unc.edu.ar\/extension\/wp-json\/wp\/v2\/comments?post=3886"}],"version-history":[{"count":13,"href":"https:\/\/ffyh.unc.edu.ar\/extension\/wp-json\/wp\/v2\/pages\/3886\/revisions"}],"predecessor-version":[{"id":6673,"href":"https:\/\/ffyh.unc.edu.ar\/extension\/wp-json\/wp\/v2\/pages\/3886\/revisions\/6673"}],"up":[{"embeddable":true,"href":"https:\/\/ffyh.unc.edu.ar\/extension\/wp-json\/wp\/v2\/pages\/13"}],"wp:attachment":[{"href":"https:\/\/ffyh.unc.edu.ar\/extension\/wp-json\/wp\/v2\/media?parent=3886"}],"curies":[{"name":"wp","href":"https:\/\/api.w.org\/{rel}","templated":true}]}}