{"id":3913,"date":"2018-08-17T17:55:27","date_gmt":"2018-08-17T17:55:27","guid":{"rendered":"http:\/\/ffyh.unc.edu.ar\/extension\/?page_id=3913"},"modified":"2025-07-23T15:16:49","modified_gmt":"2025-07-23T15:16:49","slug":"recursos-audiovisuales","status":"publish","type":"page","link":"https:\/\/ffyh.unc.edu.ar\/extension\/recursos-audiovisuales\/","title":{"rendered":"Recursos audiovisuales"},"content":{"rendered":"<p>Aqu\u00ed encontrar\u00e1s materiales de inter\u00e9s que abordan el campo de la Extensi\u00f3n Universitaria.<\/p>\n<h3 class=\"style-scope ytd-watch-metadata\">\u00abCompartir nuestro hacer en extensi\u00f3n: escribir y publicar en revistas de extensi\u00f3n universitaria\u00bb<\/h3>\n<p>La Revista E+E: Estudios de Extensi\u00f3n en Humanidades de la Secretar\u00eda de Extensi\u00f3n (FFyH-UNC) se propono como anfitriona del Espacio E+E dentro de las 2\u00b0 Jornadas de Extensi\u00f3n, destinado a problematizar las diferentes modalidades de escritura en extensi\u00f3n. El conversatorio\/taller \u00abCompartir nuestro hacer en extensi\u00f3n: escribir y publicar en revistas de extensi\u00f3n universitaria (Red de Revistas de Extensi\u00f3n de AUGM)\u00bb tuvo por objeto promover la escritura acad\u00e9mica como pr\u00e1ctica sistem\u00e1tica y necesaria vinculada al campo de la extensi\u00f3n universitaria para comunicar haceres y conocimientos en extensi\u00f3n y efectivizar su jerarquizaci\u00f3n en el \u00e1mbito universitario y tambi\u00e9n generar un espacio de di\u00e1logo entre participantes y los equipos editoriales de revistas de extensi\u00f3n presentes en las Jornadas, a partir de la din\u00e1mica en taller.<\/p>\n<p><iframe loading=\"lazy\" title=\"\u00abCompartir nuestro hacer en extensi\u00f3n: escribir y publicar en revistas de extensi\u00f3n universitaria\u00bb\" width=\"800\" height=\"450\" src=\"https:\/\/www.youtube.com\/embed\/_AMjOdfyjtE?start=1896&#038;feature=oembed\" frameborder=\"0\" allow=\"accelerometer; autoplay; clipboard-write; encrypted-media; gyroscope; picture-in-picture; web-share\" referrerpolicy=\"strict-origin-when-cross-origin\" allowfullscreen><\/iframe><\/p>\n<h3 class=\"style-scope ytd-watch-metadata\">Relaciones sociales en la extensi\u00f3n: formas de nombrar, de escuchar, de co-construir<\/h3>\n<h6><em>Entrevista a Jos\u00e9 Mar\u00eda Bompadre<\/em><\/h6>\n<p><iframe loading=\"lazy\" title=\"Relaciones sociales en la extensi\u00f3n: formas de nombrar, de escuchar, de co-construir\" width=\"800\" height=\"450\" src=\"https:\/\/www.youtube.com\/embed\/Vf_2DvNfaBY?feature=oembed\" frameborder=\"0\" allow=\"accelerometer; autoplay; clipboard-write; encrypted-media; gyroscope; picture-in-picture; web-share\" referrerpolicy=\"strict-origin-when-cross-origin\" allowfullscreen><\/iframe><\/p>\n<h3 class=\"style-scope ytd-watch-metadata\">La curricularizaci\u00f3n de la extensi\u00f3n: modalidades y funciones<\/h3>\n<h6><em>Entrevista a Liliana Elsegood<\/em><\/h6>\n<p><iframe loading=\"lazy\" title=\"La curricularizaci\u00f3n de la extensi\u00f3n: modalidades y funciones\" width=\"800\" height=\"450\" src=\"https:\/\/www.youtube.com\/embed\/4b2ZKY1eAaA?feature=oembed\" frameborder=\"0\" allow=\"accelerometer; autoplay; clipboard-write; encrypted-media; gyroscope; picture-in-picture; web-share\" referrerpolicy=\"strict-origin-when-cross-origin\" allowfullscreen><\/iframe><\/p>\n<h3 class=\"style-scope ytd-watch-metadata\">La intervenci\u00f3n extensionista: rasgos centrales y oportunidades<\/h3>\n<h6><em>Entrevista a Natalia Becerra<\/em><\/h6>\n<p><iframe loading=\"lazy\" title=\"La intervenci\u00f3n extensionista: rasgos centrales y oportunidades\" width=\"800\" height=\"450\" src=\"https:\/\/www.youtube.com\/embed\/LPQ40Mlx-Fg?feature=oembed\" frameborder=\"0\" allow=\"accelerometer; autoplay; clipboard-write; encrypted-media; gyroscope; picture-in-picture; web-share\" referrerpolicy=\"strict-origin-when-cross-origin\" allowfullscreen><\/iframe><\/p>\n<h3 class=\"style-scope ytd-watch-metadata\">La extensi\u00f3n desde la formulaci\u00f3n de proyectos: particularidades y posibilidades<\/h3>\n<h6><em>Entrevista a Flavia Romero<\/em><\/h6>\n<p><iframe loading=\"lazy\" title=\"La extensi\u00f3n desde la formulaci\u00f3n de proyectos: particularidades y posibilidades\" width=\"800\" height=\"450\" src=\"https:\/\/www.youtube.com\/embed\/0LcvOqYDkRU?feature=oembed\" frameborder=\"0\" allow=\"accelerometer; autoplay; clipboard-write; encrypted-media; gyroscope; picture-in-picture; web-share\" referrerpolicy=\"strict-origin-when-cross-origin\" allowfullscreen><\/iframe><\/p>\n<h3><strong>Taller de escrituras acad\u00e9micas en revistas de extensi\u00f3n universitaria<\/strong><\/h3>\n<h6><strong><em>IX Congreso Nacional de Extensi\u00f3n y VIII Jornadas de Extensi\u00f3n del Mercosur. 14 al 17 de septiembre de 2021.<\/em><\/strong><\/h6>\n<p><iframe loading=\"lazy\" title=\"Escrituras acad\u00e9micas en revistas de extensi\u00f3n universitaria\" width=\"800\" height=\"450\" src=\"https:\/\/www.youtube.com\/embed\/uGYj3NbUtg0?feature=oembed\" frameborder=\"0\" allow=\"accelerometer; autoplay; clipboard-write; encrypted-media; gyroscope; picture-in-picture; web-share\" referrerpolicy=\"strict-origin-when-cross-origin\" allowfullscreen><\/iframe><\/p>\n<p>&nbsp;<\/p>\n","protected":false},"excerpt":{"rendered":"<p>Aqu\u00ed encontrar\u00e1s materiales de inter\u00e9s que abordan el campo de la Extensi\u00f3n Universitaria. \u00abCompartir nuestro hacer en extensi\u00f3n: escribir y<\/p>\n","protected":false},"author":3,"featured_media":0,"parent":0,"menu_order":0,"comment_status":"closed","ping_status":"closed","template":"","meta":{"_acf_changed":false,"colormag_page_container_layout":"default_layout","colormag_page_sidebar_layout":"default_layout","footnotes":""},"class_list":["post-3913","page","type-page","status-publish","hentry"],"acf":[],"yoast_head":"<!-- This site is optimized with the Yoast SEO plugin v27.1.1 - https:\/\/yoast.com\/product\/yoast-seo-wordpress\/ -->\n<title>Recursos audiovisuales - Secretar\u00eda de Extensi\u00f3n<\/title>\n<meta name=\"robots\" content=\"index, follow, max-snippet:-1, max-image-preview:large, max-video-preview:-1\" \/>\n<link rel=\"canonical\" href=\"https:\/\/ffyh.unc.edu.ar\/extension\/recursos-audiovisuales\/\" \/>\n<meta property=\"og:locale\" content=\"es_ES\" \/>\n<meta property=\"og:type\" content=\"article\" \/>\n<meta property=\"og:title\" content=\"Recursos audiovisuales - Secretar\u00eda de Extensi\u00f3n\" \/>\n<meta property=\"og:description\" content=\"Aqu\u00ed encontrar\u00e1s materiales de inter\u00e9s que abordan el campo de la Extensi\u00f3n Universitaria. \u00abCompartir nuestro hacer en extensi\u00f3n: escribir y\" \/>\n<meta property=\"og:url\" content=\"https:\/\/ffyh.unc.edu.ar\/extension\/recursos-audiovisuales\/\" \/>\n<meta property=\"og:site_name\" content=\"Secretar\u00eda de Extensi\u00f3n\" \/>\n<meta property=\"article:publisher\" content=\"https:\/\/www.facebook.com\/extensionffyh\" \/>\n<meta property=\"article:modified_time\" content=\"2025-07-23T15:16:49+00:00\" \/>\n<meta name=\"twitter:card\" content=\"summary_large_image\" \/>\n<meta name=\"twitter:label1\" content=\"Tiempo de lectura\" \/>\n\t<meta name=\"twitter:data1\" content=\"3 minutos\" \/>\n<script type=\"application\/ld+json\" class=\"yoast-schema-graph\">{\"@context\":\"https:\/\/schema.org\",\"@graph\":[{\"@type\":\"WebPage\",\"@id\":\"https:\/\/ffyh.unc.edu.ar\/extension\/recursos-audiovisuales\/\",\"url\":\"https:\/\/ffyh.unc.edu.ar\/extension\/recursos-audiovisuales\/\",\"name\":\"Recursos audiovisuales - Secretar\u00eda de Extensi\u00f3n\",\"isPartOf\":{\"@id\":\"https:\/\/ffyh.unc.edu.ar\/extension\/#website\"},\"datePublished\":\"2018-08-17T17:55:27+00:00\",\"dateModified\":\"2025-07-23T15:16:49+00:00\",\"breadcrumb\":{\"@id\":\"https:\/\/ffyh.unc.edu.ar\/extension\/recursos-audiovisuales\/#breadcrumb\"},\"inLanguage\":\"es\",\"potentialAction\":[{\"@type\":\"ReadAction\",\"target\":[\"https:\/\/ffyh.unc.edu.ar\/extension\/recursos-audiovisuales\/\"]}]},{\"@type\":\"BreadcrumbList\",\"@id\":\"https:\/\/ffyh.unc.edu.ar\/extension\/recursos-audiovisuales\/#breadcrumb\",\"itemListElement\":[{\"@type\":\"ListItem\",\"position\":1,\"name\":\"Portada\",\"item\":\"https:\/\/ffyh.unc.edu.ar\/extension\/\"},{\"@type\":\"ListItem\",\"position\":2,\"name\":\"Recursos audiovisuales\"}]},{\"@type\":\"WebSite\",\"@id\":\"https:\/\/ffyh.unc.edu.ar\/extension\/#website\",\"url\":\"https:\/\/ffyh.unc.edu.ar\/extension\/\",\"name\":\"Secretar\u00eda de Extensi\u00f3n\",\"description\":\"Facultad de Filosof\u00eda y Humanidades - Universidad Nacional de C\u00f3rdoba\",\"publisher\":{\"@id\":\"https:\/\/ffyh.unc.edu.ar\/extension\/#organization\"},\"potentialAction\":[{\"@type\":\"SearchAction\",\"target\":{\"@type\":\"EntryPoint\",\"urlTemplate\":\"https:\/\/ffyh.unc.edu.ar\/extension\/?s={search_term_string}\"},\"query-input\":{\"@type\":\"PropertyValueSpecification\",\"valueRequired\":true,\"valueName\":\"search_term_string\"}}],\"inLanguage\":\"es\"},{\"@type\":\"Organization\",\"@id\":\"https:\/\/ffyh.unc.edu.ar\/extension\/#organization\",\"name\":\"Secretar\u00eda de Extensi\u00f3n - Facultad de Filosof\u00eda y Humanidades - Universidad Nacional de C\u00f3rdoba\",\"url\":\"https:\/\/ffyh.unc.edu.ar\/extension\/\",\"logo\":{\"@type\":\"ImageObject\",\"inLanguage\":\"es\",\"@id\":\"https:\/\/ffyh.unc.edu.ar\/extension\/#\/schema\/logo\/image\/\",\"url\":\"https:\/\/ffyh.unc.edu.ar\/extension\/wp-content\/uploads\/sites\/2\/2018\/08\/logo-extension-chico.jpg\",\"contentUrl\":\"https:\/\/ffyh.unc.edu.ar\/extension\/wp-content\/uploads\/sites\/2\/2018\/08\/logo-extension-chico.jpg\",\"width\":314,\"height\":119,\"caption\":\"Secretar\u00eda de Extensi\u00f3n - Facultad de Filosof\u00eda y Humanidades - Universidad Nacional de C\u00f3rdoba\"},\"image\":{\"@id\":\"https:\/\/ffyh.unc.edu.ar\/extension\/#\/schema\/logo\/image\/\"},\"sameAs\":[\"https:\/\/www.facebook.com\/extensionffyh\",\"https:\/\/www.instagram.com\/extensionffyh\/\",\"https:\/\/www.youtube.com\/channel\/UCTgN4nvMQE7ktBcgujEI-EA\"]}]}<\/script>\n<!-- \/ Yoast SEO plugin. -->","yoast_head_json":{"title":"Recursos audiovisuales - Secretar\u00eda de Extensi\u00f3n","robots":{"index":"index","follow":"follow","max-snippet":"max-snippet:-1","max-image-preview":"max-image-preview:large","max-video-preview":"max-video-preview:-1"},"canonical":"https:\/\/ffyh.unc.edu.ar\/extension\/recursos-audiovisuales\/","og_locale":"es_ES","og_type":"article","og_title":"Recursos audiovisuales - Secretar\u00eda de Extensi\u00f3n","og_description":"Aqu\u00ed encontrar\u00e1s materiales de inter\u00e9s que abordan el campo de la Extensi\u00f3n Universitaria. \u00abCompartir nuestro hacer en extensi\u00f3n: escribir y","og_url":"https:\/\/ffyh.unc.edu.ar\/extension\/recursos-audiovisuales\/","og_site_name":"Secretar\u00eda de Extensi\u00f3n","article_publisher":"https:\/\/www.facebook.com\/extensionffyh","article_modified_time":"2025-07-23T15:16:49+00:00","twitter_card":"summary_large_image","twitter_misc":{"Tiempo de lectura":"3 minutos"},"schema":{"@context":"https:\/\/schema.org","@graph":[{"@type":"WebPage","@id":"https:\/\/ffyh.unc.edu.ar\/extension\/recursos-audiovisuales\/","url":"https:\/\/ffyh.unc.edu.ar\/extension\/recursos-audiovisuales\/","name":"Recursos audiovisuales - Secretar\u00eda de Extensi\u00f3n","isPartOf":{"@id":"https:\/\/ffyh.unc.edu.ar\/extension\/#website"},"datePublished":"2018-08-17T17:55:27+00:00","dateModified":"2025-07-23T15:16:49+00:00","breadcrumb":{"@id":"https:\/\/ffyh.unc.edu.ar\/extension\/recursos-audiovisuales\/#breadcrumb"},"inLanguage":"es","potentialAction":[{"@type":"ReadAction","target":["https:\/\/ffyh.unc.edu.ar\/extension\/recursos-audiovisuales\/"]}]},{"@type":"BreadcrumbList","@id":"https:\/\/ffyh.unc.edu.ar\/extension\/recursos-audiovisuales\/#breadcrumb","itemListElement":[{"@type":"ListItem","position":1,"name":"Portada","item":"https:\/\/ffyh.unc.edu.ar\/extension\/"},{"@type":"ListItem","position":2,"name":"Recursos audiovisuales"}]},{"@type":"WebSite","@id":"https:\/\/ffyh.unc.edu.ar\/extension\/#website","url":"https:\/\/ffyh.unc.edu.ar\/extension\/","name":"Secretar\u00eda de Extensi\u00f3n","description":"Facultad de Filosof\u00eda y Humanidades - Universidad Nacional de C\u00f3rdoba","publisher":{"@id":"https:\/\/ffyh.unc.edu.ar\/extension\/#organization"},"potentialAction":[{"@type":"SearchAction","target":{"@type":"EntryPoint","urlTemplate":"https:\/\/ffyh.unc.edu.ar\/extension\/?s={search_term_string}"},"query-input":{"@type":"PropertyValueSpecification","valueRequired":true,"valueName":"search_term_string"}}],"inLanguage":"es"},{"@type":"Organization","@id":"https:\/\/ffyh.unc.edu.ar\/extension\/#organization","name":"Secretar\u00eda de Extensi\u00f3n - Facultad de Filosof\u00eda y Humanidades - Universidad Nacional de C\u00f3rdoba","url":"https:\/\/ffyh.unc.edu.ar\/extension\/","logo":{"@type":"ImageObject","inLanguage":"es","@id":"https:\/\/ffyh.unc.edu.ar\/extension\/#\/schema\/logo\/image\/","url":"https:\/\/ffyh.unc.edu.ar\/extension\/wp-content\/uploads\/sites\/2\/2018\/08\/logo-extension-chico.jpg","contentUrl":"https:\/\/ffyh.unc.edu.ar\/extension\/wp-content\/uploads\/sites\/2\/2018\/08\/logo-extension-chico.jpg","width":314,"height":119,"caption":"Secretar\u00eda de Extensi\u00f3n - Facultad de Filosof\u00eda y Humanidades - Universidad Nacional de C\u00f3rdoba"},"image":{"@id":"https:\/\/ffyh.unc.edu.ar\/extension\/#\/schema\/logo\/image\/"},"sameAs":["https:\/\/www.facebook.com\/extensionffyh","https:\/\/www.instagram.com\/extensionffyh\/","https:\/\/www.youtube.com\/channel\/UCTgN4nvMQE7ktBcgujEI-EA"]}]}},"_links":{"self":[{"href":"https:\/\/ffyh.unc.edu.ar\/extension\/wp-json\/wp\/v2\/pages\/3913","targetHints":{"allow":["GET"]}}],"collection":[{"href":"https:\/\/ffyh.unc.edu.ar\/extension\/wp-json\/wp\/v2\/pages"}],"about":[{"href":"https:\/\/ffyh.unc.edu.ar\/extension\/wp-json\/wp\/v2\/types\/page"}],"author":[{"embeddable":true,"href":"https:\/\/ffyh.unc.edu.ar\/extension\/wp-json\/wp\/v2\/users\/3"}],"replies":[{"embeddable":true,"href":"https:\/\/ffyh.unc.edu.ar\/extension\/wp-json\/wp\/v2\/comments?post=3913"}],"version-history":[{"count":36,"href":"https:\/\/ffyh.unc.edu.ar\/extension\/wp-json\/wp\/v2\/pages\/3913\/revisions"}],"predecessor-version":[{"id":8655,"href":"https:\/\/ffyh.unc.edu.ar\/extension\/wp-json\/wp\/v2\/pages\/3913\/revisions\/8655"}],"wp:attachment":[{"href":"https:\/\/ffyh.unc.edu.ar\/extension\/wp-json\/wp\/v2\/media?parent=3913"}],"curies":[{"name":"wp","href":"https:\/\/api.w.org\/{rel}","templated":true}]}}