{"id":3956,"date":"2018-08-27T17:58:02","date_gmt":"2018-08-27T17:58:02","guid":{"rendered":"http:\/\/ffyh.unc.edu.ar\/extension\/?page_id=3956"},"modified":"2020-09-04T12:51:46","modified_gmt":"2020-09-04T12:51:46","slug":"programas-y-proyectos-de-extension","status":"publish","type":"page","link":"https:\/\/ffyh.unc.edu.ar\/extension\/intervencion-acompanamiento-territorial\/programas-y-proyectos-de-extension\/","title":{"rendered":"Programas y proyectos de extensi\u00f3n"},"content":{"rendered":"<p>Por <strong>programa<\/strong> entendemos a un conjunto organizado, coherente e integrado de<br \/>\nproyectos, actividades, acciones de asesoramiento y acompa\u00f1amiento de procesos<br \/>\nde intervenci\u00f3n sobre un determinado grupo, instituci\u00f3n o comunidad, los cuales<br \/>\nse expresan en diferentes proyectos relacionados y coordinados entre s\u00ed,<br \/>\nreconociendo un sentido espec\u00edfico de la extensi\u00f3n universitaria.<\/p>\n<p>Todos los programas se plantean a partir de la detecci\u00f3n de un problema o<br \/>\nnecesidad identificada con estrategias adecuadas de diagn\u00f3stico. Atento a un<br \/>\nenfoque de la extensi\u00f3n universitaria con perspectiva en la garant\u00eda de los<br \/>\nderechos humanos, es deseable que estos problemas o necesidades puedan ser<br \/>\nelaborados e intervenidos en t\u00e9rminos de derechos humanos vulnerados o<br \/>\nnegados.<\/p>\n<p>En este sentido podemos entender los derechos -civiles, culturales, econ\u00f3micos,<br \/>\npol\u00edticos y sociales- como el fin \u00faltimo de las pol\u00edticas de extensi\u00f3n universitaria,<br \/>\ny a los programas extensionistas como medio para contribuir a su pleno ejercicio.<br \/>\nLos programas de extensi\u00f3n universitaria surgir\u00e1n como resultado de un proceso<br \/>\nsostenido en el tiempo de diferentes proyectos de extensi\u00f3n universitaria<br \/>\nimpulsados desde una o varias unidades acad\u00e9micas. En este sentido, en ning\u00fan<br \/>\ncaso se aceptar\u00e1 la presentaci\u00f3n de programas creados ad hoc pues los<br \/>\nantecedentes y trayectoria constituyen la base fundamental que justifica su<br \/>\ncreaci\u00f3n.<\/p>\n<p>La Secretar\u00eda de Extensi\u00f3n de la Facultad de Filosof\u00eda y Humanidades se ocupa de<br \/>\nencargar la evaluaci\u00f3n de los programas a les agentes pertinentes, y de solicitar a<br \/>\nlas escuelas correspondientes el aval a los mismos. Una vez que la evaluaci\u00f3n y el<br \/>\naval han sido acordados, la Comisi\u00f3n de Ense\u00f1anza del Honorable Consejo<br \/>\nDirectivo de la Facultad de Filosof\u00eda y Humanidades resuelve su aprobaci\u00f3n.<\/p>\n<p><a href=\"http:\/\/ffyh.unc.edu.ar\/extension\/wp-content\/uploads\/sites\/2\/2020\/09\/formulario-para-la-presentacion-de-programas-de-extension-con-membrete-1-convertido.docx\" target=\"_blank\" rel=\"noopener noreferrer\"><strong>Descargar formulario<\/strong><\/a><\/p>\n<p>Por <strong>proyecto<\/strong> de Extensi\u00f3n Universitaria entendemos un conjunto organizado,<br \/>\ncoherente e integrado de acciones de intercambio e intervenci\u00f3n junto a alg\u00fan<br \/>\ngrupo, instituci\u00f3n o comunidad de la sociedad. Este proyecto surge a partir de la<br \/>\nidentificaci\u00f3n de un problema extensionista concreto. Estas acciones de<br \/>\nintercambio e intervenci\u00f3n se organizan en una relaci\u00f3n universidad-sociedad<br \/>\nfundamentada en el di\u00e1logo entre el conocimiento universitario y el conocimiento<br \/>\nproducido por la sociedad en otros contextos.<\/p>\n<p>Los proyectos de extensi\u00f3n Universitaria pueden constituirse a partir de<br \/>\ndiferentes acciones como asesoramiento o acompa\u00f1amiento t\u00e9cnico en procesos<br \/>\nde intervenci\u00f3n. Tambi\u00e9n podr\u00e1n incluirse aquellas iniciativas que buscan<br \/>\nfavorecer la distribuci\u00f3n social de bienes culturales y sociales. En todos los casos<br \/>\nse espera que estas acciones contribuyan a la participaci\u00f3n activa de les sujetes<br \/>\ninvolucrades.<\/p>\n<p>Atento a un enfoque de la extensi\u00f3n universitaria con perspectiva en la garant\u00eda<br \/>\nde los derechos humanos, es deseable que estos problemas o necesidades puedan<br \/>\nser elaborados e intervenidos en t\u00e9rminos de derechos humanos vulnerados o<br \/>\nnegados.<\/p>\n<p>En este orden, podemos entender los derechos civiles, culturales, econ\u00f3micos,<br \/>\npol\u00edticos y sociales, como el fin \u00faltimo de las pol\u00edticas de extensi\u00f3n universitaria,<br \/>\ny a los proyectos de Extensi\u00f3n Universitaria como el medio para contribuir a su<br \/>\npleno ejercicio.<\/p>\n<p><a href=\"http:\/\/ffyh.unc.edu.ar\/extension\/wp-content\/uploads\/sites\/2\/2020\/09\/formulario-para-la-presentacion-de-proyectos-con-membrete-convertido.docx\" target=\"_blank\" rel=\"noopener noreferrer\"><strong>Descargar formulario<\/strong><\/a><\/p>\n","protected":false},"excerpt":{"rendered":"<p>Por programa entendemos a un conjunto organizado, coherente e integrado de proyectos, actividades, acciones de asesoramiento y acompa\u00f1amiento de procesos<\/p>\n","protected":false},"author":3,"featured_media":0,"parent":13,"menu_order":0,"comment_status":"closed","ping_status":"closed","template":"","meta":{"_acf_changed":false,"colormag_page_container_layout":"default_layout","colormag_page_sidebar_layout":"default_layout","footnotes":""},"class_list":["post-3956","page","type-page","status-publish","hentry"],"acf":[],"yoast_head":"<!-- This site is optimized with the Yoast SEO plugin v27.1.1 - https:\/\/yoast.com\/product\/yoast-seo-wordpress\/ -->\n<title>Programas y proyectos de extensi\u00f3n - Secretar\u00eda de Extensi\u00f3n<\/title>\n<meta name=\"robots\" content=\"index, follow, max-snippet:-1, max-image-preview:large, max-video-preview:-1\" \/>\n<link rel=\"canonical\" href=\"https:\/\/ffyh.unc.edu.ar\/extension\/intervencion-acompanamiento-territorial\/programas-y-proyectos-de-extension\/\" \/>\n<meta property=\"og:locale\" content=\"es_ES\" \/>\n<meta property=\"og:type\" content=\"article\" \/>\n<meta property=\"og:title\" content=\"Programas y proyectos de extensi\u00f3n - Secretar\u00eda de Extensi\u00f3n\" \/>\n<meta property=\"og:description\" content=\"Por programa entendemos a un conjunto organizado, coherente e integrado de proyectos, actividades, acciones de asesoramiento y acompa\u00f1amiento de procesos\" \/>\n<meta property=\"og:url\" content=\"https:\/\/ffyh.unc.edu.ar\/extension\/intervencion-acompanamiento-territorial\/programas-y-proyectos-de-extension\/\" \/>\n<meta property=\"og:site_name\" content=\"Secretar\u00eda de Extensi\u00f3n\" \/>\n<meta property=\"article:publisher\" content=\"https:\/\/www.facebook.com\/extensionffyh\" \/>\n<meta property=\"article:modified_time\" content=\"2020-09-04T12:51:46+00:00\" \/>\n<meta name=\"twitter:card\" content=\"summary_large_image\" \/>\n<meta name=\"twitter:label1\" content=\"Tiempo de lectura\" \/>\n\t<meta name=\"twitter:data1\" content=\"3 minutos\" \/>\n<script type=\"application\/ld+json\" class=\"yoast-schema-graph\">{\"@context\":\"https:\/\/schema.org\",\"@graph\":[{\"@type\":\"WebPage\",\"@id\":\"https:\/\/ffyh.unc.edu.ar\/extension\/intervencion-acompanamiento-territorial\/programas-y-proyectos-de-extension\/\",\"url\":\"https:\/\/ffyh.unc.edu.ar\/extension\/intervencion-acompanamiento-territorial\/programas-y-proyectos-de-extension\/\",\"name\":\"Programas y proyectos de extensi\u00f3n - Secretar\u00eda de Extensi\u00f3n\",\"isPartOf\":{\"@id\":\"https:\/\/ffyh.unc.edu.ar\/extension\/#website\"},\"datePublished\":\"2018-08-27T17:58:02+00:00\",\"dateModified\":\"2020-09-04T12:51:46+00:00\",\"breadcrumb\":{\"@id\":\"https:\/\/ffyh.unc.edu.ar\/extension\/intervencion-acompanamiento-territorial\/programas-y-proyectos-de-extension\/#breadcrumb\"},\"inLanguage\":\"es\",\"potentialAction\":[{\"@type\":\"ReadAction\",\"target\":[\"https:\/\/ffyh.unc.edu.ar\/extension\/intervencion-acompanamiento-territorial\/programas-y-proyectos-de-extension\/\"]}]},{\"@type\":\"BreadcrumbList\",\"@id\":\"https:\/\/ffyh.unc.edu.ar\/extension\/intervencion-acompanamiento-territorial\/programas-y-proyectos-de-extension\/#breadcrumb\",\"itemListElement\":[{\"@type\":\"ListItem\",\"position\":1,\"name\":\"Portada\",\"item\":\"https:\/\/ffyh.unc.edu.ar\/extension\/\"},{\"@type\":\"ListItem\",\"position\":2,\"name\":\"Intervenci\u00f3n y acompa\u00f1amiento territorial\",\"item\":\"https:\/\/ffyh.unc.edu.ar\/extension\/intervencion-acompanamiento-territorial\/\"},{\"@type\":\"ListItem\",\"position\":3,\"name\":\"Programas y proyectos de extensi\u00f3n\"}]},{\"@type\":\"WebSite\",\"@id\":\"https:\/\/ffyh.unc.edu.ar\/extension\/#website\",\"url\":\"https:\/\/ffyh.unc.edu.ar\/extension\/\",\"name\":\"Secretar\u00eda de Extensi\u00f3n\",\"description\":\"Facultad de Filosof\u00eda y Humanidades - Universidad Nacional de C\u00f3rdoba\",\"publisher\":{\"@id\":\"https:\/\/ffyh.unc.edu.ar\/extension\/#organization\"},\"potentialAction\":[{\"@type\":\"SearchAction\",\"target\":{\"@type\":\"EntryPoint\",\"urlTemplate\":\"https:\/\/ffyh.unc.edu.ar\/extension\/?s={search_term_string}\"},\"query-input\":{\"@type\":\"PropertyValueSpecification\",\"valueRequired\":true,\"valueName\":\"search_term_string\"}}],\"inLanguage\":\"es\"},{\"@type\":\"Organization\",\"@id\":\"https:\/\/ffyh.unc.edu.ar\/extension\/#organization\",\"name\":\"Secretar\u00eda de Extensi\u00f3n - Facultad de Filosof\u00eda y Humanidades - Universidad Nacional de C\u00f3rdoba\",\"url\":\"https:\/\/ffyh.unc.edu.ar\/extension\/\",\"logo\":{\"@type\":\"ImageObject\",\"inLanguage\":\"es\",\"@id\":\"https:\/\/ffyh.unc.edu.ar\/extension\/#\/schema\/logo\/image\/\",\"url\":\"https:\/\/ffyh.unc.edu.ar\/extension\/wp-content\/uploads\/sites\/2\/2018\/08\/logo-extension-chico.jpg\",\"contentUrl\":\"https:\/\/ffyh.unc.edu.ar\/extension\/wp-content\/uploads\/sites\/2\/2018\/08\/logo-extension-chico.jpg\",\"width\":314,\"height\":119,\"caption\":\"Secretar\u00eda de Extensi\u00f3n - Facultad de Filosof\u00eda y Humanidades - Universidad Nacional de C\u00f3rdoba\"},\"image\":{\"@id\":\"https:\/\/ffyh.unc.edu.ar\/extension\/#\/schema\/logo\/image\/\"},\"sameAs\":[\"https:\/\/www.facebook.com\/extensionffyh\",\"https:\/\/www.instagram.com\/extensionffyh\/\",\"https:\/\/www.youtube.com\/channel\/UCTgN4nvMQE7ktBcgujEI-EA\"]}]}<\/script>\n<!-- \/ Yoast SEO plugin. -->","yoast_head_json":{"title":"Programas y proyectos de extensi\u00f3n - Secretar\u00eda de Extensi\u00f3n","robots":{"index":"index","follow":"follow","max-snippet":"max-snippet:-1","max-image-preview":"max-image-preview:large","max-video-preview":"max-video-preview:-1"},"canonical":"https:\/\/ffyh.unc.edu.ar\/extension\/intervencion-acompanamiento-territorial\/programas-y-proyectos-de-extension\/","og_locale":"es_ES","og_type":"article","og_title":"Programas y proyectos de extensi\u00f3n - Secretar\u00eda de Extensi\u00f3n","og_description":"Por programa entendemos a un conjunto organizado, coherente e integrado de proyectos, actividades, acciones de asesoramiento y acompa\u00f1amiento de procesos","og_url":"https:\/\/ffyh.unc.edu.ar\/extension\/intervencion-acompanamiento-territorial\/programas-y-proyectos-de-extension\/","og_site_name":"Secretar\u00eda de Extensi\u00f3n","article_publisher":"https:\/\/www.facebook.com\/extensionffyh","article_modified_time":"2020-09-04T12:51:46+00:00","twitter_card":"summary_large_image","twitter_misc":{"Tiempo de lectura":"3 minutos"},"schema":{"@context":"https:\/\/schema.org","@graph":[{"@type":"WebPage","@id":"https:\/\/ffyh.unc.edu.ar\/extension\/intervencion-acompanamiento-territorial\/programas-y-proyectos-de-extension\/","url":"https:\/\/ffyh.unc.edu.ar\/extension\/intervencion-acompanamiento-territorial\/programas-y-proyectos-de-extension\/","name":"Programas y proyectos de extensi\u00f3n - Secretar\u00eda de Extensi\u00f3n","isPartOf":{"@id":"https:\/\/ffyh.unc.edu.ar\/extension\/#website"},"datePublished":"2018-08-27T17:58:02+00:00","dateModified":"2020-09-04T12:51:46+00:00","breadcrumb":{"@id":"https:\/\/ffyh.unc.edu.ar\/extension\/intervencion-acompanamiento-territorial\/programas-y-proyectos-de-extension\/#breadcrumb"},"inLanguage":"es","potentialAction":[{"@type":"ReadAction","target":["https:\/\/ffyh.unc.edu.ar\/extension\/intervencion-acompanamiento-territorial\/programas-y-proyectos-de-extension\/"]}]},{"@type":"BreadcrumbList","@id":"https:\/\/ffyh.unc.edu.ar\/extension\/intervencion-acompanamiento-territorial\/programas-y-proyectos-de-extension\/#breadcrumb","itemListElement":[{"@type":"ListItem","position":1,"name":"Portada","item":"https:\/\/ffyh.unc.edu.ar\/extension\/"},{"@type":"ListItem","position":2,"name":"Intervenci\u00f3n y acompa\u00f1amiento territorial","item":"https:\/\/ffyh.unc.edu.ar\/extension\/intervencion-acompanamiento-territorial\/"},{"@type":"ListItem","position":3,"name":"Programas y proyectos de extensi\u00f3n"}]},{"@type":"WebSite","@id":"https:\/\/ffyh.unc.edu.ar\/extension\/#website","url":"https:\/\/ffyh.unc.edu.ar\/extension\/","name":"Secretar\u00eda de Extensi\u00f3n","description":"Facultad de Filosof\u00eda y Humanidades - Universidad Nacional de C\u00f3rdoba","publisher":{"@id":"https:\/\/ffyh.unc.edu.ar\/extension\/#organization"},"potentialAction":[{"@type":"SearchAction","target":{"@type":"EntryPoint","urlTemplate":"https:\/\/ffyh.unc.edu.ar\/extension\/?s={search_term_string}"},"query-input":{"@type":"PropertyValueSpecification","valueRequired":true,"valueName":"search_term_string"}}],"inLanguage":"es"},{"@type":"Organization","@id":"https:\/\/ffyh.unc.edu.ar\/extension\/#organization","name":"Secretar\u00eda de Extensi\u00f3n - Facultad de Filosof\u00eda y Humanidades - Universidad Nacional de C\u00f3rdoba","url":"https:\/\/ffyh.unc.edu.ar\/extension\/","logo":{"@type":"ImageObject","inLanguage":"es","@id":"https:\/\/ffyh.unc.edu.ar\/extension\/#\/schema\/logo\/image\/","url":"https:\/\/ffyh.unc.edu.ar\/extension\/wp-content\/uploads\/sites\/2\/2018\/08\/logo-extension-chico.jpg","contentUrl":"https:\/\/ffyh.unc.edu.ar\/extension\/wp-content\/uploads\/sites\/2\/2018\/08\/logo-extension-chico.jpg","width":314,"height":119,"caption":"Secretar\u00eda de Extensi\u00f3n - Facultad de Filosof\u00eda y Humanidades - Universidad Nacional de C\u00f3rdoba"},"image":{"@id":"https:\/\/ffyh.unc.edu.ar\/extension\/#\/schema\/logo\/image\/"},"sameAs":["https:\/\/www.facebook.com\/extensionffyh","https:\/\/www.instagram.com\/extensionffyh\/","https:\/\/www.youtube.com\/channel\/UCTgN4nvMQE7ktBcgujEI-EA"]}]}},"_links":{"self":[{"href":"https:\/\/ffyh.unc.edu.ar\/extension\/wp-json\/wp\/v2\/pages\/3956","targetHints":{"allow":["GET"]}}],"collection":[{"href":"https:\/\/ffyh.unc.edu.ar\/extension\/wp-json\/wp\/v2\/pages"}],"about":[{"href":"https:\/\/ffyh.unc.edu.ar\/extension\/wp-json\/wp\/v2\/types\/page"}],"author":[{"embeddable":true,"href":"https:\/\/ffyh.unc.edu.ar\/extension\/wp-json\/wp\/v2\/users\/3"}],"replies":[{"embeddable":true,"href":"https:\/\/ffyh.unc.edu.ar\/extension\/wp-json\/wp\/v2\/comments?post=3956"}],"version-history":[{"count":4,"href":"https:\/\/ffyh.unc.edu.ar\/extension\/wp-json\/wp\/v2\/pages\/3956\/revisions"}],"predecessor-version":[{"id":4903,"href":"https:\/\/ffyh.unc.edu.ar\/extension\/wp-json\/wp\/v2\/pages\/3956\/revisions\/4903"}],"up":[{"embeddable":true,"href":"https:\/\/ffyh.unc.edu.ar\/extension\/wp-json\/wp\/v2\/pages\/13"}],"wp:attachment":[{"href":"https:\/\/ffyh.unc.edu.ar\/extension\/wp-json\/wp\/v2\/media?parent=3956"}],"curies":[{"name":"wp","href":"https:\/\/api.w.org\/{rel}","templated":true}]}}