{"id":6359,"date":"2023-03-02T19:04:48","date_gmt":"2023-03-02T19:04:48","guid":{"rendered":"https:\/\/ffyh.unc.edu.ar\/extension\/?page_id=6359"},"modified":"2024-04-18T13:33:51","modified_gmt":"2024-04-18T13:33:51","slug":"proyectos-de-anos-anteriores","status":"publish","type":"page","link":"https:\/\/ffyh.unc.edu.ar\/extension\/proyectos-de-anos-anteriores\/","title":{"rendered":"Proyectos vigentes"},"content":{"rendered":"<p><a href=\"http:\/\/ffyh.unc.edu.ar\/extension\/wp-content\/uploads\/sites\/2\/2024\/04\/\u00bfLa-pelota-no-se-mancha-Futbol-y-Dictadura-en-la-Cordoba-del-terror-de-Estado-Proyecto-Integral.pdf\" target=\"_blank\" rel=\"noopener\">\u00bfLa pelota no se mancha? F\u00fatbol y Dictadura en la C\u00f3rdoba del terror de Estado (Proyecto Integral)<\/a><\/p>\n<p><a href=\"http:\/\/ffyh.unc.edu.ar\/extension\/wp-content\/uploads\/sites\/2\/2024\/04\/Raices.-Narrativas-e-historias-de-la-escuela-albergue-Obispo-Salguero.pdf\" target=\"_blank\" rel=\"noopener\">\u201cRa\u00edces\u201d. Narrativas e historias de la escuela albergue Obispo Salguero<\/a><\/p>\n<p><a href=\"http:\/\/ffyh.unc.edu.ar\/extension\/wp-content\/uploads\/sites\/2\/2024\/04\/Ciencias-Sociales-y-cultura-visual-en-las-aulas-de-nivel-primario-produccion-de-recursos-aulicos.pdf\" target=\"_blank\" rel=\"noopener\">Ciencias Sociales y cultura visual en las aulas de nivel primario producci\u00f3n de recursos \u00e1ulicos<\/a><\/p>\n<p><a href=\"http:\/\/ffyh.unc.edu.ar\/extension\/wp-content\/uploads\/sites\/2\/2024\/04\/Conectando-saberes-online-creacion-de-contenidos-y-piezas-comunicacionales-desde-una-perspectiva-antropologica-para-las-redes-sociales-del-Programa-de-Arqueologia-Publica.pdf\" target=\"_blank\" rel=\"noopener\">Conectando saberes online, creaci\u00f3n de contenidos y piezas comunicacionales desde una perspectiva antropol\u00f3gica para las redes sociales del Programa de Arqueolog\u00eda P\u00fablica<\/a><\/p>\n<p><a href=\"http:\/\/ffyh.unc.edu.ar\/extension\/wp-content\/uploads\/sites\/2\/2024\/04\/El-archivo-de-Familiares.-Puesta-en-valor-patrimonial-y-rescate-documental-del-acervo-de-un-organismo-de-derechos-humanos-local.pdf\" target=\"_blank\" rel=\"noopener\">El archivo de Familiares. Puesta en valor patrimonial y rescate documental del acervo de un organismo de derechos humanos local<\/a><\/p>\n<p><a href=\"http:\/\/ffyh.unc.edu.ar\/extension\/wp-content\/uploads\/sites\/2\/2024\/04\/El-cine-llega-al-barrio.-Mujeres-migrantes-y-derecho-a-la-cultura.pdf\" target=\"_blank\" rel=\"noopener\">El cine llega al barrio. Mujeres migrantes y derecho a la cultura<\/a><\/p>\n<p><a href=\"http:\/\/ffyh.unc.edu.ar\/extension\/wp-content\/uploads\/sites\/2\/2024\/04\/Espacio-de-formacion-de-profesionales-en-humanidades-junto-con-indigenas-y-entes-estatales-de-Cordoba-Proyecto-Integral.pdf\" target=\"_blank\" rel=\"noopener\">Espacio de formaci\u00f3n de profesionales en humanidades junto con ind\u00edgenas y entes estatales de C\u00f3rdoba (Proyecto Integral)<\/a><\/p>\n<p><a href=\"http:\/\/ffyh.unc.edu.ar\/extension\/wp-content\/uploads\/sites\/2\/2024\/04\/Etnografias-colaborativas-en-comunidades-indigenas-de-Cordoba-Practica-Sociocomunitaria.pdf\" target=\"_blank\" rel=\"noopener\">Etnograf\u00edas colaborativas en comunidades ind\u00edgenas de C\u00f3rdoba (Pr\u00e1ctica Sociocomunitaria)<\/a><\/p>\n<p><a href=\"http:\/\/ffyh.unc.edu.ar\/extension\/wp-content\/uploads\/sites\/2\/2024\/04\/Experiencias-y-sentidos-de-les-alumnes-del-nivel-secundario-del-Instituto-de-Educacion-Especial-A.Re_.N.pdf\" target=\"_blank\" rel=\"noopener\">Experiencias y sentidos de les alumnes del nivel secundario del Instituto de Educaci\u00f3n Especial A.Re.N.A<\/a><\/p>\n<p><a href=\"http:\/\/ffyh.unc.edu.ar\/extension\/wp-content\/uploads\/sites\/2\/2024\/04\/Hacer-escuela-nineces-y-derechos-en-las-tramas-de-la-desigualdad-Practica-Sociocomunitaria.pdf\" target=\"_blank\" rel=\"noopener\">Hacer escuela &#8211; ni\u00f1eces y derechos en las tramas de la desigualdad (Pr\u00e1ctica Sociocomunitaria)<\/a><\/p>\n<p><a href=\"http:\/\/ffyh.unc.edu.ar\/extension\/wp-content\/uploads\/sites\/2\/2024\/04\/Intersecciones-dialogos-y-reflexiones-en-torno-a-las-practicas-arqueologicas-en-el-sur-de-Punilla.pdf\" target=\"_blank\" rel=\"noopener\">Intersecciones, di\u00e1logos y reflexiones en torno a las pr\u00e1cticas arqueol\u00f3gicas en el sur de Punilla, C\u00f3rdoba<\/a><\/p>\n<p><a href=\"http:\/\/ffyh.unc.edu.ar\/extension\/wp-content\/uploads\/sites\/2\/2024\/04\/La-socializacion-de-memorias-como-herramienta-para-democratizar-el-pasado.-Aportes-para-la-recuperacion-de-la-experiencia-insiliar-en-un-archivo-historico-oral.pdf\" target=\"_blank\" rel=\"noopener\">La socializaci\u00f3n de memorias como herramienta para democratizar el pasado. Aportes para la recuperaci\u00f3n de la experiencia insiliar en un archivo hist\u00f3rico &#8211; oral<\/a><\/p>\n<p><a href=\"http:\/\/ffyh.unc.edu.ar\/extension\/wp-content\/uploads\/sites\/2\/2024\/04\/Lectores-Mayores-Mayores-Lectores-Practica-Sociocomunitaria.pdf\" target=\"_blank\" rel=\"noopener\">Lectores Mayores &#8211; Mayores Lectores (Pr\u00e1ctica Sociocomunitaria)<\/a><\/p>\n<p><a href=\"http:\/\/ffyh.unc.edu.ar\/extension\/wp-content\/uploads\/sites\/2\/2024\/04\/Pasado-y-presente-de-las-plantas-calchaquies-BIEU.pdf\" target=\"_blank\" rel=\"noopener\">Pasado y presente de las plantas calchaqu\u00edes (BIEU)<\/a><\/p>\n<p><a href=\"http:\/\/ffyh.unc.edu.ar\/extension\/wp-content\/uploads\/sites\/2\/2024\/04\/Relatos-y-experiencias-de-juego.pdf\" target=\"_blank\" rel=\"noopener\">Relatos y experiencias de juego de los\/as ni\u00f1os\/as del Jard\u00edn Primer Teniente \u00c1vila de Barrio Parque Republica. Aproximaciones a la intervenci\u00f3n en la formaci\u00f3n de pedagogo en clave interdisciplinaria<\/a><\/p>\n<p><a href=\"http:\/\/ffyh.unc.edu.ar\/extension\/wp-content\/uploads\/sites\/2\/2024\/04\/Rutas-del-conocimiento-ambiental-BIEU.pdf\" target=\"_blank\" rel=\"noopener\">Rutas del conocimiento ambiental (BIEU)<\/a><\/p>\n<p><a href=\"http:\/\/ffyh.unc.edu.ar\/extension\/wp-content\/uploads\/sites\/2\/2024\/04\/Taller-de-lectura-y-escritura-de-cartas-La-palabra-como-experiencia.pdf\" target=\"_blank\" rel=\"noopener\">Taller de lectura y escritura de cartas La palabra como experiencia<\/a><\/p>\n<p><a href=\"http:\/\/ffyh.unc.edu.ar\/extension\/wp-content\/uploads\/sites\/2\/2024\/04\/Un-Refugio-para-el-Museo-1.pdf\" target=\"_blank\" rel=\"noopener\">Un Refugio para el Museo. Aporte del apoyo pedag\u00f3gico de tutor\u00edas, armado y gesti\u00f3n de Muestras Museogr\u00e1ficas y material gr\u00e1fico con fines pedag\u00f3gicos en el CENMA que funciona en el Refugio Libertad de Jos\u00e9 de la Quintana<\/a><\/p>\n<p><strong>A\u00f1o 2022<\/strong><\/p>\n<p><a href=\"http:\/\/ffyh.unc.edu.ar\/extension\/wp-content\/uploads\/sites\/2\/2022\/12\/Salvaguarda-del-periodico-La-idea-patrimonio-cultural-de-Cruz-del-Eje.pdf\" target=\"_blank\" rel=\"noopener\">Salvaguarda del peri\u00f3dico \u201cLa idea\u201d, patrimonio cultural de Cruz del Eje. Segunda Parte<\/a><\/p>\n<p><a href=\"http:\/\/ffyh.unc.edu.ar\/extension\/wp-content\/uploads\/sites\/2\/2022\/12\/Comunicacion-y-formacion-con-perspectiva-de-genero.-Derechos-y-problematicas-fundamentales-en-el-contexto-actual.pdf\" target=\"_blank\" rel=\"noopener\">Comunicaci\u00f3n y formaci\u00f3n con perspectiva de g\u00e9nero. Derechos y problem\u00e1ticas fundamentales en el contexto actual<\/a><\/p>\n<p><a href=\"http:\/\/ffyh.unc.edu.ar\/extension\/wp-content\/uploads\/sites\/2\/2022\/12\/Jovenes-y-Memoria-en-el-espacio-para-la-Memoria-Campo-de-la-Ribera.pdf\" target=\"_blank\" rel=\"noopener\">J\u00f3venes y Memoria en el espacio para la Memoria Campo de la Ribera<\/a><\/p>\n<p><a href=\"http:\/\/ffyh.unc.edu.ar\/extension\/wp-content\/uploads\/sites\/2\/2022\/12\/Acompanando-el-ordenamiento-territorial-participativo-en-la-Comuna-de-Villa-Cerro-Azul-Cordoba.pdf\" target=\"_blank\" rel=\"noopener\">Acompa\u00f1ando el ordenamiento territorial participativo en la Comuna de Villa Cerro Azul, C\u00f3rdoba<\/a><\/p>\n<p><a href=\"http:\/\/ffyh.unc.edu.ar\/extension\/wp-content\/uploads\/sites\/2\/2022\/12\/Patrimonio-Documental-y-Memoria.pdf\" target=\"_blank\" rel=\"noopener\">Patrimonio Documental y Memoria. Miradas desde la Archivolog\u00eda<\/a><\/p>\n<p><a href=\"http:\/\/ffyh.unc.edu.ar\/extension\/wp-content\/uploads\/sites\/2\/2022\/12\/Intersecciones-dialogos-y-reflexiones-en-torno-a-las-practicas-arqueologicas-en-el-sur-de-Punilla-Cordoba.pdf\" target=\"_blank\" rel=\"noopener\">Intersecciones, di\u00e1logos y reflexiones en torno a las pr\u00e1cticas arqueol\u00f3gicas en el sur de Punilla, C\u00f3rdoba<\/a><\/p>\n<p><a href=\"http:\/\/ffyh.unc.edu.ar\/extension\/wp-content\/uploads\/sites\/2\/2022\/12\/El-cine-llega-al-barrio.pdf\" target=\"_blank\" rel=\"noopener\">El cine llega al barrio. Mujeres migrantes y derecho a la cultura<\/a><\/p>\n<p><a href=\"http:\/\/ffyh.unc.edu.ar\/extension\/wp-content\/uploads\/sites\/2\/2022\/12\/Fortaleciendo-derechos-linguisticos-en-comunidades-de-personas-refugiadas-asiladas-y-migrantes.pdf\" target=\"_blank\" rel=\"noopener\">Fortaleciendo derechos ling\u00fc\u00edsticos en comunidades de personas refugiadas, asiladas y migrantes<\/a><\/p>\n<p><a href=\"http:\/\/ffyh.unc.edu.ar\/extension\/wp-content\/uploads\/sites\/2\/2022\/12\/Desafios-y-oportunidades-de-la-nueva-normalidad_-articulando-la-practica-en-bibliotecas-y-la-ensenanza-de-la-bibliotecologia.pdf\" target=\"_blank\" rel=\"noopener\">Desaf\u00edos y oportunidades de la nueva normalidad: articulando la pr\u00e1ctica en bibliotecas y la ense\u00f1anza de la bibliotecolog\u00eda<\/a><\/p>\n<p><a href=\"http:\/\/ffyh.unc.edu.ar\/extension\/wp-content\/uploads\/sites\/2\/2022\/12\/Ciclo-Historias-de-Otono-e-Historias-de-Verano.pdf\" target=\"_blank\" rel=\"noopener\">Ciclo Historias de Oto\u00f1o e Historias de Verano. Cursos de Historia para adultos mayores<\/a><\/p>\n<p><a href=\"http:\/\/ffyh.unc.edu.ar\/extension\/wp-content\/uploads\/sites\/2\/2022\/12\/Ciclo-historias-de-invierno-e-historias-de-primavera.pdf\" target=\"_blank\" rel=\"noopener\">Ciclo historias de invierno e historias de primavera. Cursos de Historia para adultos mayores<\/a><\/p>\n<p><a href=\"http:\/\/ffyh.unc.edu.ar\/extension\/wp-content\/uploads\/sites\/2\/2022\/12\/Encuentros-de-escritura-y-lectura-en-el-marco-de-la-EPJA.pdf\" target=\"_blank\" rel=\"noopener\">Encuentros de escritura y lectura en el marco de la EPJA<\/a><\/p>\n<p><a href=\"http:\/\/ffyh.unc.edu.ar\/extension\/wp-content\/uploads\/sites\/2\/2022\/12\/Materiales-audiovisuales-para-Educacion-Tecnologica-Coleccionistas-de-artefactos.pdf\" target=\"_blank\" rel=\"noopener\">Materiales audiovisuales para Educaci\u00f3n Tecnol\u00f3gica- Coleccionistas de artefactos<\/a><\/p>\n<p><a href=\"http:\/\/ffyh.unc.edu.ar\/extension\/wp-content\/uploads\/sites\/2\/2022\/12\/Ninez-y-derechos-en-territorio_-espacio-sociopedagogico-de-acompanamiento-a-las-trayectorias-educativas-en-Villa-Cornu.pdf\" target=\"_blank\" rel=\"noopener\">Ni\u00f1ez y derechos en territorio: espacio sociopedag\u00f3gico de acompa\u00f1amiento a las trayectorias educativas en Villa Corn\u00fa<\/a><\/p>\n","protected":false},"excerpt":{"rendered":"<p>\u00bfLa pelota no se mancha? F\u00fatbol y Dictadura en la C\u00f3rdoba del terror de Estado (Proyecto Integral) \u201cRa\u00edces\u201d. Narrativas e<\/p>\n","protected":false},"author":3,"featured_media":0,"parent":0,"menu_order":0,"comment_status":"closed","ping_status":"closed","template":"","meta":{"_acf_changed":false,"colormag_page_container_layout":"default_layout","colormag_page_sidebar_layout":"default_layout","footnotes":""},"class_list":["post-6359","page","type-page","status-publish","hentry"],"acf":[],"yoast_head":"<!-- This site is optimized with the Yoast SEO plugin v27.1.1 - https:\/\/yoast.com\/product\/yoast-seo-wordpress\/ -->\n<title>Proyectos vigentes - Secretar\u00eda de Extensi\u00f3n<\/title>\n<meta name=\"robots\" content=\"index, follow, max-snippet:-1, max-image-preview:large, max-video-preview:-1\" \/>\n<link rel=\"canonical\" href=\"https:\/\/ffyh.unc.edu.ar\/extension\/proyectos-de-anos-anteriores\/\" \/>\n<meta property=\"og:locale\" content=\"es_ES\" \/>\n<meta property=\"og:type\" content=\"article\" \/>\n<meta property=\"og:title\" content=\"Proyectos vigentes - Secretar\u00eda de Extensi\u00f3n\" \/>\n<meta property=\"og:description\" content=\"\u00bfLa pelota no se mancha? F\u00fatbol y Dictadura en la C\u00f3rdoba del terror de Estado (Proyecto Integral) \u201cRa\u00edces\u201d. Narrativas e\" \/>\n<meta property=\"og:url\" content=\"https:\/\/ffyh.unc.edu.ar\/extension\/proyectos-de-anos-anteriores\/\" \/>\n<meta property=\"og:site_name\" content=\"Secretar\u00eda de Extensi\u00f3n\" \/>\n<meta property=\"article:publisher\" content=\"https:\/\/www.facebook.com\/extensionffyh\" \/>\n<meta property=\"article:modified_time\" content=\"2024-04-18T13:33:51+00:00\" \/>\n<meta name=\"twitter:card\" content=\"summary_large_image\" \/>\n<meta name=\"twitter:label1\" content=\"Tiempo de lectura\" \/>\n\t<meta name=\"twitter:data1\" content=\"3 minutos\" \/>\n<script type=\"application\/ld+json\" class=\"yoast-schema-graph\">{\"@context\":\"https:\/\/schema.org\",\"@graph\":[{\"@type\":\"WebPage\",\"@id\":\"https:\/\/ffyh.unc.edu.ar\/extension\/proyectos-de-anos-anteriores\/\",\"url\":\"https:\/\/ffyh.unc.edu.ar\/extension\/proyectos-de-anos-anteriores\/\",\"name\":\"Proyectos vigentes - Secretar\u00eda de Extensi\u00f3n\",\"isPartOf\":{\"@id\":\"https:\/\/ffyh.unc.edu.ar\/extension\/#website\"},\"datePublished\":\"2023-03-02T19:04:48+00:00\",\"dateModified\":\"2024-04-18T13:33:51+00:00\",\"breadcrumb\":{\"@id\":\"https:\/\/ffyh.unc.edu.ar\/extension\/proyectos-de-anos-anteriores\/#breadcrumb\"},\"inLanguage\":\"es\",\"potentialAction\":[{\"@type\":\"ReadAction\",\"target\":[\"https:\/\/ffyh.unc.edu.ar\/extension\/proyectos-de-anos-anteriores\/\"]}]},{\"@type\":\"BreadcrumbList\",\"@id\":\"https:\/\/ffyh.unc.edu.ar\/extension\/proyectos-de-anos-anteriores\/#breadcrumb\",\"itemListElement\":[{\"@type\":\"ListItem\",\"position\":1,\"name\":\"Portada\",\"item\":\"https:\/\/ffyh.unc.edu.ar\/extension\/\"},{\"@type\":\"ListItem\",\"position\":2,\"name\":\"Proyectos vigentes\"}]},{\"@type\":\"WebSite\",\"@id\":\"https:\/\/ffyh.unc.edu.ar\/extension\/#website\",\"url\":\"https:\/\/ffyh.unc.edu.ar\/extension\/\",\"name\":\"Secretar\u00eda de Extensi\u00f3n\",\"description\":\"Facultad de Filosof\u00eda y Humanidades - Universidad Nacional de C\u00f3rdoba\",\"publisher\":{\"@id\":\"https:\/\/ffyh.unc.edu.ar\/extension\/#organization\"},\"potentialAction\":[{\"@type\":\"SearchAction\",\"target\":{\"@type\":\"EntryPoint\",\"urlTemplate\":\"https:\/\/ffyh.unc.edu.ar\/extension\/?s={search_term_string}\"},\"query-input\":{\"@type\":\"PropertyValueSpecification\",\"valueRequired\":true,\"valueName\":\"search_term_string\"}}],\"inLanguage\":\"es\"},{\"@type\":\"Organization\",\"@id\":\"https:\/\/ffyh.unc.edu.ar\/extension\/#organization\",\"name\":\"Secretar\u00eda de Extensi\u00f3n - Facultad de Filosof\u00eda y Humanidades - Universidad Nacional de C\u00f3rdoba\",\"url\":\"https:\/\/ffyh.unc.edu.ar\/extension\/\",\"logo\":{\"@type\":\"ImageObject\",\"inLanguage\":\"es\",\"@id\":\"https:\/\/ffyh.unc.edu.ar\/extension\/#\/schema\/logo\/image\/\",\"url\":\"https:\/\/ffyh.unc.edu.ar\/extension\/wp-content\/uploads\/sites\/2\/2018\/08\/logo-extension-chico.jpg\",\"contentUrl\":\"https:\/\/ffyh.unc.edu.ar\/extension\/wp-content\/uploads\/sites\/2\/2018\/08\/logo-extension-chico.jpg\",\"width\":314,\"height\":119,\"caption\":\"Secretar\u00eda de Extensi\u00f3n - Facultad de Filosof\u00eda y Humanidades - Universidad Nacional de C\u00f3rdoba\"},\"image\":{\"@id\":\"https:\/\/ffyh.unc.edu.ar\/extension\/#\/schema\/logo\/image\/\"},\"sameAs\":[\"https:\/\/www.facebook.com\/extensionffyh\",\"https:\/\/www.instagram.com\/extensionffyh\/\",\"https:\/\/www.youtube.com\/channel\/UCTgN4nvMQE7ktBcgujEI-EA\"]}]}<\/script>\n<!-- \/ Yoast SEO plugin. -->","yoast_head_json":{"title":"Proyectos vigentes - Secretar\u00eda de Extensi\u00f3n","robots":{"index":"index","follow":"follow","max-snippet":"max-snippet:-1","max-image-preview":"max-image-preview:large","max-video-preview":"max-video-preview:-1"},"canonical":"https:\/\/ffyh.unc.edu.ar\/extension\/proyectos-de-anos-anteriores\/","og_locale":"es_ES","og_type":"article","og_title":"Proyectos vigentes - Secretar\u00eda de Extensi\u00f3n","og_description":"\u00bfLa pelota no se mancha? F\u00fatbol y Dictadura en la C\u00f3rdoba del terror de Estado (Proyecto Integral) \u201cRa\u00edces\u201d. Narrativas e","og_url":"https:\/\/ffyh.unc.edu.ar\/extension\/proyectos-de-anos-anteriores\/","og_site_name":"Secretar\u00eda de Extensi\u00f3n","article_publisher":"https:\/\/www.facebook.com\/extensionffyh","article_modified_time":"2024-04-18T13:33:51+00:00","twitter_card":"summary_large_image","twitter_misc":{"Tiempo de lectura":"3 minutos"},"schema":{"@context":"https:\/\/schema.org","@graph":[{"@type":"WebPage","@id":"https:\/\/ffyh.unc.edu.ar\/extension\/proyectos-de-anos-anteriores\/","url":"https:\/\/ffyh.unc.edu.ar\/extension\/proyectos-de-anos-anteriores\/","name":"Proyectos vigentes - Secretar\u00eda de Extensi\u00f3n","isPartOf":{"@id":"https:\/\/ffyh.unc.edu.ar\/extension\/#website"},"datePublished":"2023-03-02T19:04:48+00:00","dateModified":"2024-04-18T13:33:51+00:00","breadcrumb":{"@id":"https:\/\/ffyh.unc.edu.ar\/extension\/proyectos-de-anos-anteriores\/#breadcrumb"},"inLanguage":"es","potentialAction":[{"@type":"ReadAction","target":["https:\/\/ffyh.unc.edu.ar\/extension\/proyectos-de-anos-anteriores\/"]}]},{"@type":"BreadcrumbList","@id":"https:\/\/ffyh.unc.edu.ar\/extension\/proyectos-de-anos-anteriores\/#breadcrumb","itemListElement":[{"@type":"ListItem","position":1,"name":"Portada","item":"https:\/\/ffyh.unc.edu.ar\/extension\/"},{"@type":"ListItem","position":2,"name":"Proyectos vigentes"}]},{"@type":"WebSite","@id":"https:\/\/ffyh.unc.edu.ar\/extension\/#website","url":"https:\/\/ffyh.unc.edu.ar\/extension\/","name":"Secretar\u00eda de Extensi\u00f3n","description":"Facultad de Filosof\u00eda y Humanidades - Universidad Nacional de C\u00f3rdoba","publisher":{"@id":"https:\/\/ffyh.unc.edu.ar\/extension\/#organization"},"potentialAction":[{"@type":"SearchAction","target":{"@type":"EntryPoint","urlTemplate":"https:\/\/ffyh.unc.edu.ar\/extension\/?s={search_term_string}"},"query-input":{"@type":"PropertyValueSpecification","valueRequired":true,"valueName":"search_term_string"}}],"inLanguage":"es"},{"@type":"Organization","@id":"https:\/\/ffyh.unc.edu.ar\/extension\/#organization","name":"Secretar\u00eda de Extensi\u00f3n - Facultad de Filosof\u00eda y Humanidades - Universidad Nacional de C\u00f3rdoba","url":"https:\/\/ffyh.unc.edu.ar\/extension\/","logo":{"@type":"ImageObject","inLanguage":"es","@id":"https:\/\/ffyh.unc.edu.ar\/extension\/#\/schema\/logo\/image\/","url":"https:\/\/ffyh.unc.edu.ar\/extension\/wp-content\/uploads\/sites\/2\/2018\/08\/logo-extension-chico.jpg","contentUrl":"https:\/\/ffyh.unc.edu.ar\/extension\/wp-content\/uploads\/sites\/2\/2018\/08\/logo-extension-chico.jpg","width":314,"height":119,"caption":"Secretar\u00eda de Extensi\u00f3n - Facultad de Filosof\u00eda y Humanidades - Universidad Nacional de C\u00f3rdoba"},"image":{"@id":"https:\/\/ffyh.unc.edu.ar\/extension\/#\/schema\/logo\/image\/"},"sameAs":["https:\/\/www.facebook.com\/extensionffyh","https:\/\/www.instagram.com\/extensionffyh\/","https:\/\/www.youtube.com\/channel\/UCTgN4nvMQE7ktBcgujEI-EA"]}]}},"_links":{"self":[{"href":"https:\/\/ffyh.unc.edu.ar\/extension\/wp-json\/wp\/v2\/pages\/6359","targetHints":{"allow":["GET"]}}],"collection":[{"href":"https:\/\/ffyh.unc.edu.ar\/extension\/wp-json\/wp\/v2\/pages"}],"about":[{"href":"https:\/\/ffyh.unc.edu.ar\/extension\/wp-json\/wp\/v2\/types\/page"}],"author":[{"embeddable":true,"href":"https:\/\/ffyh.unc.edu.ar\/extension\/wp-json\/wp\/v2\/users\/3"}],"replies":[{"embeddable":true,"href":"https:\/\/ffyh.unc.edu.ar\/extension\/wp-json\/wp\/v2\/comments?post=6359"}],"version-history":[{"count":6,"href":"https:\/\/ffyh.unc.edu.ar\/extension\/wp-json\/wp\/v2\/pages\/6359\/revisions"}],"predecessor-version":[{"id":6839,"href":"https:\/\/ffyh.unc.edu.ar\/extension\/wp-json\/wp\/v2\/pages\/6359\/revisions\/6839"}],"wp:attachment":[{"href":"https:\/\/ffyh.unc.edu.ar\/extension\/wp-json\/wp\/v2\/media?parent=6359"}],"curies":[{"name":"wp","href":"https:\/\/api.w.org\/{rel}","templated":true}]}}