{"id":6492,"date":"2023-05-17T16:27:09","date_gmt":"2023-05-17T16:27:09","guid":{"rendered":"https:\/\/ffyh.unc.edu.ar\/extension\/?page_id=6492"},"modified":"2026-03-03T18:08:15","modified_gmt":"2026-03-03T18:08:15","slug":"consejo-asesor-de-extension-ffyh","status":"publish","type":"page","link":"https:\/\/ffyh.unc.edu.ar\/extension\/consejo-asesor-de-extension-ffyh\/","title":{"rendered":"CAEFFyH"},"content":{"rendered":"<p>La Universidad Nacional de C\u00f3rdoba tiene su Consejo Asesor de Extensi\u00f3n que est\u00e1 conformado por lxs Secretarixs de Extensi\u00f3n de las unidades acad\u00e9micas de la UNC. Est\u00e1 concebido como un espacio pol\u00edtico-estrat\u00e9gico fundamental, cuyas argumentaciones y decisiones deben fundamentarse en el conocimiento profundo sobre los debates actuales de la funci\u00f3n de Extensi\u00f3n en la Universidad P\u00fablica.<\/p>\n<p>No obstante, en el \u00e1mbito de nuestra Facultad se cre\u00f3 en 2019 por Res. HCD N\u00b0 146 el Consejo Asesor de Extensi\u00f3n de la FFyH (en adelante CAEFFyH) que tiene por funci\u00f3n acompa\u00f1ar a la Secretar\u00eda de Extensi\u00f3n de la FFyH en la formulaci\u00f3n e implementaci\u00f3n de pol\u00edticas extensionistas y promover la articulaci\u00f3n con las Escuelas, Departamentos, Secretar\u00edas y dem\u00e1s dependencias de la FFyH.<\/p>\n<p>Sus objetivos centrales son el fortalecimiento del proceso de jerarquizaci\u00f3n de la funci\u00f3n extensionista en el \u00e1mbito de la FFyH, el v\u00ednculo con otras unidades acad\u00e9micas y la relaci\u00f3n con otros actores sociales, y tambi\u00e9n la promoci\u00f3n de la integralidad y la articulaci\u00f3n de la extensi\u00f3n con la ense\u00f1anza e investigaci\u00f3n como funciones universitarias.<\/p>\n<p>El CAEFFyH entiende la extensi\u00f3n universitaria como una de las funciones de la universidad, cuya finalidad es el proceso de construcci\u00f3n de conocimiento conjunto con distintxs actorxs sociales en el marco de un di\u00e1logo de saberes. En este sentido, la extensi\u00f3n universitaria tiende a incorporar en un trabajo conjunto e interdisciplinario a todos los claustros, con el objetivo de aportar a la democratizaci\u00f3n de la universidad, la sociedad y el conocimiento que se produce en la universidad p\u00fablica.<\/p>\n<p>Este \u00f3rgano est\u00e1 conformado por 14 miembros titulares y sus respectivos suplentes, con representaci\u00f3n de un miembro por escuela y departamento -en los que el miembro titular y el miembro suplente deber\u00e1n pertenecer a diferentes claustros- , Museo de Antropolog\u00eda, CIFFyH, estudiantes, graduados, Nodocentes y personal de la secretar\u00eda de extensi\u00f3n.<\/p>\n<blockquote><p><a href=\"https:\/\/ffyh.unc.edu.ar\/extension\/wp-content\/uploads\/sites\/2\/2019\/11\/resoluci%C3%B3n-consejo-asesor-extensi%C3%B3n.pdf\" target=\"_blank\" rel=\"noopener noreferrer\">Reglamento del Consejo Asesor de Extensi\u00f3n Universitaria de la FFyH<\/a><\/p><\/blockquote>\n<p><strong>Actualmente el Consejo est\u00e1 compuesto por los siguientes miembrxs\u00a0<\/strong><\/p>\n<table>\n<tbody>\n<tr>\n<td width=\"192\"><strong>Escuela de Archivolog\u00eda<\/strong><br \/>\nTitular: Daniel Di Mari<br \/>\nSuplente: Florencia Romero<\/td>\n<td width=\"192\"><strong>Escuela de Bibliotecolog\u00eda<\/strong><br \/>\nTitular: Juan Pablo Gorostiaga<br \/>\nSuplente: Natalia Mansilla<\/td>\n<td width=\"192\"><strong>Ciffyh<\/strong><br \/>\nTitular: Magdalena Uz\u00edn<br \/>\nSuplente: Sof\u00eda Zurbriggen<\/td>\n<\/tr>\n<tr>\n<td width=\"192\"><strong>Departamento de Antropolog\u00eda<\/strong><br \/>\nTitular: Mar\u00eda Gabriela Srur<br \/>\nSuplente: Mar\u00eda Victoria D\u00edaz Marengo<\/td>\n<td width=\"192\"><strong>Escuela de Ciencias de la Educaci\u00f3n<\/strong><br \/>\nTitular: Mariano Pussetto<br \/>\nSuplente: Noel Mart\u00ednez<\/td>\n<td width=\"192\"><strong>Graduades<\/strong><br \/>\nTitular: Marina Giraudo<br \/>\nSuplente: Pedro Hans Wester<\/td>\n<\/tr>\n<tr>\n<td width=\"192\"><strong>Escuela de Historia<\/strong><br \/>\nTitular: Raquel Elizondo<br \/>\nSuplente: El\u00edas Salguero<\/td>\n<td width=\"192\"><strong>Departamento de Geograf\u00eda<\/strong><br \/>\nTitular: Melisa Soledad Su\u00e1rez<br \/>\nSuplente: Janet Yamile Juri<\/td>\n<td width=\"192\"><strong>Nodocentes<\/strong><br \/>\nTitular: Silvia Burgos<\/td>\n<\/tr>\n<tr>\n<td width=\"192\"><strong>Escuela de Letras<\/strong><br \/>\nTitular: Elo\u00edsa Auat<br \/>\nSuplente: Malena Ferranti Castellano<\/td>\n<td width=\"192\"><strong>Estudiantes<\/strong><br \/>\nTitular: Agust\u00edn C\u00f3rdoba<br \/>\nSuplente: Franco Mart\u00edn V\u00e1zquez<\/td>\n<td width=\"192\"><strong>Secretar\u00eda de Extensi\u00f3n<\/strong><br \/>\nTitular: Carlos Szulkin<br \/>\nSuplente: Francisco Timmermann<\/td>\n<\/tr>\n<tr>\n<td width=\"192\"><strong>Escuela de Filosof\u00eda<\/strong><br \/>\nTitular: Valeria Schuster<br \/>\nSuplente: Solana de F\u00e1tima Barr\u00f3n<\/td>\n<td width=\"192\"><strong>Museo de Antropolog\u00edas<\/strong><br \/>\nTitular: Iara Angaroni<br \/>\nSuplente: Irina Mor\u00e1n<\/td>\n<td width=\"192\"><a href=\"https:\/\/digesto.unc.edu.ar\/handle\/123456789\/529505\">Resoluci\u00f3n de designaci\u00f3n de lxs integrantes del CAEFFyH (Res. 453\/2024)<\/a><\/td>\n<\/tr>\n<\/tbody>\n<\/table>\n<h3 style=\"text-align: left\">Actas de las sesiones de CAEFFyH<\/h3>\n<h4 style=\"text-align: left\">2025<\/h4>\n<p><a href=\"https:\/\/drive.google.com\/file\/d\/10O9D3zNMMSbbWVSkYyvTwjrSWEfyIT7z\/view?usp=sharing\">Sesi\u00f3n del 19 de diciembre de 2025<\/a><\/p>\n<p><a href=\"https:\/\/drive.google.com\/file\/d\/1sZX7WRnCzlFEj_FV-3Cm3H2-ygCRTD6j\/view?usp=sharing\">Sesi\u00f3n del 25 de noviembre 2025<\/a><\/p>\n<p><a href=\"https:\/\/drive.google.com\/file\/d\/1I4BUV-Rs4YSqN-O71MMZKq0uFrrJs14A\/view?usp=sharing\">Sesi\u00f3n del 3 de octubre 2025<\/a><\/p>\n<p><a href=\"https:\/\/drive.google.com\/file\/d\/1_B6ujjam5fgAr0ci6POjzKmYuOrj8363\/view?usp=sharing\">Sesi\u00f3n del 16 de septiembre 2025<\/a><\/p>\n<p><a href=\"https:\/\/drive.google.com\/file\/d\/16ZJyIB8t_srJKEEmqnoY_94cCT5xLIaZ\/view?usp=sharing\">Sesi\u00f3n del 25 de agosto de 2025<\/a><\/p>\n<p><a href=\"https:\/\/drive.google.com\/file\/d\/1k3KxCfo0iQAMm84Ji7JAqDlNm4NW_cY_\/view?usp=sharing\">Reuni\u00f3n 4 de julio de 2025<\/a><\/p>\n<p><a href=\"https:\/\/drive.google.com\/file\/d\/1aR1ScegAFWASb2TcwbR-XUnv5lqKC1UG\/view?usp=sharing\">Sesi\u00f3n 9 de mayo de 2025<\/a><\/p>\n<p><a href=\"https:\/\/drive.google.com\/file\/d\/1orergnC9A6yZIYR1twsonLA76SwM_bN-\/view?usp=sharing\">Sesi\u00f3n 7 marzo de 2025<\/a><\/p>\n<h4 style=\"text-align: left\">2024<\/h4>\n<p><a href=\"https:\/\/drive.google.com\/file\/d\/1akWdrFJBf0wdKXnK-LVSHGhSDxFL8eDO\/view?usp=sharing\">Sesi\u00f3n 9 de diciembre de 2024<\/a><\/p>\n<p><a href=\"https:\/\/drive.google.com\/file\/d\/1CACNWxi8WGXnTGAT83b06fOX4DzpcuSq\/view?usp=sharing\">Sesi\u00f3n 4 octubre de 2024<\/a><\/p>\n<p><a href=\"https:\/\/drive.google.com\/file\/d\/1uHXdXOEb3eblJw3YYpirO_E22G9fnn6d\/view?usp=sharing\">Sesi\u00f3n 23 de agosto de 2024<\/a><\/p>\n<p><a href=\"https:\/\/drive.google.com\/file\/d\/1dCYUTuqfj77L-s8qiUqieHyKK8vby6Ok\/view?usp=sharing\">Sesi\u00f3n del 27 de junio de 2024<\/a><\/p>\n<p><a href=\"https:\/\/drive.google.com\/file\/d\/1Ef2X5Cg6kdep92z786fPBBodh3zhSvpH\/view?usp=sharing\">Sesi\u00f3n 7 de junio de 2024<\/a><\/p>\n<p><a href=\"https:\/\/drive.google.com\/file\/d\/1uHXdXOEb3eblJw3YYpirO_E22G9fnn6d\/view?usp=sharing\">Sesi\u00f3n 3 de mayo de 2024<\/a><\/p>\n<hr \/>\n<p>Te invitamos a acceder al <a href=\"https:\/\/ffyh.unc.edu.ar\/extension\/wp-content\/uploads\/sites\/2\/2023\/05\/INFORME-DEL-CAEFFYH-SOBRE-RELEVAMIENTO-DE-EXPERIENCIAS-EXTENSIONISTAS-EN-LA-FFYH.pdf\">\u00abInforme sobre relevamiento de experiencias extensionistas en la FFyH\u00bb<\/a> realizado por el CAEFFyH en el a\u00f1o 2021.<\/p>\n","protected":false},"excerpt":{"rendered":"<p>La Universidad Nacional de C\u00f3rdoba tiene su Consejo Asesor de Extensi\u00f3n que est\u00e1 conformado por lxs Secretarixs de Extensi\u00f3n de<\/p>\n","protected":false},"author":3,"featured_media":0,"parent":0,"menu_order":0,"comment_status":"closed","ping_status":"closed","template":"","meta":{"_acf_changed":false,"saved_in_kubio":false,"colormag_page_container_layout":"default_layout","colormag_page_sidebar_layout":"default_layout","footnotes":""},"class_list":["post-6492","page","type-page","status-publish","hentry"],"acf":[],"kubio_ai_page_context":{"short_desc":"","purpose":"general"},"yoast_head":"<!-- This site is optimized with the Yoast SEO plugin v27.1.1 - https:\/\/yoast.com\/product\/yoast-seo-wordpress\/ -->\n<title>CAEFFyH - Secretar\u00eda de Extensi\u00f3n<\/title>\n<meta name=\"robots\" content=\"index, follow, max-snippet:-1, max-image-preview:large, max-video-preview:-1\" \/>\n<link rel=\"canonical\" href=\"https:\/\/ffyh.unc.edu.ar\/extension\/consejo-asesor-de-extension-ffyh\/\" \/>\n<meta property=\"og:locale\" content=\"es_ES\" \/>\n<meta property=\"og:type\" content=\"article\" \/>\n<meta property=\"og:title\" content=\"CAEFFyH - Secretar\u00eda de Extensi\u00f3n\" \/>\n<meta property=\"og:description\" content=\"La Universidad Nacional de C\u00f3rdoba tiene su Consejo Asesor de Extensi\u00f3n que est\u00e1 conformado por lxs Secretarixs de Extensi\u00f3n de\" \/>\n<meta property=\"og:url\" content=\"https:\/\/ffyh.unc.edu.ar\/extension\/consejo-asesor-de-extension-ffyh\/\" \/>\n<meta property=\"og:site_name\" content=\"Secretar\u00eda de Extensi\u00f3n\" \/>\n<meta property=\"article:publisher\" content=\"https:\/\/www.facebook.com\/extensionffyh\" \/>\n<meta property=\"article:modified_time\" content=\"2026-03-03T18:08:15+00:00\" \/>\n<meta name=\"twitter:card\" content=\"summary_large_image\" \/>\n<meta name=\"twitter:label1\" content=\"Tiempo de lectura\" \/>\n\t<meta name=\"twitter:data1\" content=\"3 minutos\" \/>\n<script type=\"application\/ld+json\" class=\"yoast-schema-graph\">{\"@context\":\"https:\/\/schema.org\",\"@graph\":[{\"@type\":\"WebPage\",\"@id\":\"https:\/\/ffyh.unc.edu.ar\/extension\/consejo-asesor-de-extension-ffyh\/\",\"url\":\"https:\/\/ffyh.unc.edu.ar\/extension\/consejo-asesor-de-extension-ffyh\/\",\"name\":\"CAEFFyH - Secretar\u00eda de Extensi\u00f3n\",\"isPartOf\":{\"@id\":\"https:\/\/ffyh.unc.edu.ar\/extension\/#website\"},\"datePublished\":\"2023-05-17T16:27:09+00:00\",\"dateModified\":\"2026-03-03T18:08:15+00:00\",\"breadcrumb\":{\"@id\":\"https:\/\/ffyh.unc.edu.ar\/extension\/consejo-asesor-de-extension-ffyh\/#breadcrumb\"},\"inLanguage\":\"es\",\"potentialAction\":[{\"@type\":\"ReadAction\",\"target\":[\"https:\/\/ffyh.unc.edu.ar\/extension\/consejo-asesor-de-extension-ffyh\/\"]}]},{\"@type\":\"BreadcrumbList\",\"@id\":\"https:\/\/ffyh.unc.edu.ar\/extension\/consejo-asesor-de-extension-ffyh\/#breadcrumb\",\"itemListElement\":[{\"@type\":\"ListItem\",\"position\":1,\"name\":\"Portada\",\"item\":\"https:\/\/ffyh.unc.edu.ar\/extension\/\"},{\"@type\":\"ListItem\",\"position\":2,\"name\":\"CAEFFyH\"}]},{\"@type\":\"WebSite\",\"@id\":\"https:\/\/ffyh.unc.edu.ar\/extension\/#website\",\"url\":\"https:\/\/ffyh.unc.edu.ar\/extension\/\",\"name\":\"Secretar\u00eda de Extensi\u00f3n\",\"description\":\"Facultad de Filosof\u00eda y Humanidades - Universidad Nacional de C\u00f3rdoba\",\"publisher\":{\"@id\":\"https:\/\/ffyh.unc.edu.ar\/extension\/#organization\"},\"potentialAction\":[{\"@type\":\"SearchAction\",\"target\":{\"@type\":\"EntryPoint\",\"urlTemplate\":\"https:\/\/ffyh.unc.edu.ar\/extension\/?s={search_term_string}\"},\"query-input\":{\"@type\":\"PropertyValueSpecification\",\"valueRequired\":true,\"valueName\":\"search_term_string\"}}],\"inLanguage\":\"es\"},{\"@type\":\"Organization\",\"@id\":\"https:\/\/ffyh.unc.edu.ar\/extension\/#organization\",\"name\":\"Secretar\u00eda de Extensi\u00f3n - Facultad de Filosof\u00eda y Humanidades - Universidad Nacional de C\u00f3rdoba\",\"url\":\"https:\/\/ffyh.unc.edu.ar\/extension\/\",\"logo\":{\"@type\":\"ImageObject\",\"inLanguage\":\"es\",\"@id\":\"https:\/\/ffyh.unc.edu.ar\/extension\/#\/schema\/logo\/image\/\",\"url\":\"https:\/\/ffyh.unc.edu.ar\/extension\/wp-content\/uploads\/sites\/2\/2018\/08\/logo-extension-chico.jpg\",\"contentUrl\":\"https:\/\/ffyh.unc.edu.ar\/extension\/wp-content\/uploads\/sites\/2\/2018\/08\/logo-extension-chico.jpg\",\"width\":314,\"height\":119,\"caption\":\"Secretar\u00eda de Extensi\u00f3n - Facultad de Filosof\u00eda y Humanidades - Universidad Nacional de C\u00f3rdoba\"},\"image\":{\"@id\":\"https:\/\/ffyh.unc.edu.ar\/extension\/#\/schema\/logo\/image\/\"},\"sameAs\":[\"https:\/\/www.facebook.com\/extensionffyh\",\"https:\/\/www.instagram.com\/extensionffyh\/\",\"https:\/\/www.youtube.com\/channel\/UCTgN4nvMQE7ktBcgujEI-EA\"]}]}<\/script>\n<!-- \/ Yoast SEO plugin. -->","yoast_head_json":{"title":"CAEFFyH - Secretar\u00eda de Extensi\u00f3n","robots":{"index":"index","follow":"follow","max-snippet":"max-snippet:-1","max-image-preview":"max-image-preview:large","max-video-preview":"max-video-preview:-1"},"canonical":"https:\/\/ffyh.unc.edu.ar\/extension\/consejo-asesor-de-extension-ffyh\/","og_locale":"es_ES","og_type":"article","og_title":"CAEFFyH - Secretar\u00eda de Extensi\u00f3n","og_description":"La Universidad Nacional de C\u00f3rdoba tiene su Consejo Asesor de Extensi\u00f3n que est\u00e1 conformado por lxs Secretarixs de Extensi\u00f3n de","og_url":"https:\/\/ffyh.unc.edu.ar\/extension\/consejo-asesor-de-extension-ffyh\/","og_site_name":"Secretar\u00eda de Extensi\u00f3n","article_publisher":"https:\/\/www.facebook.com\/extensionffyh","article_modified_time":"2026-03-03T18:08:15+00:00","twitter_card":"summary_large_image","twitter_misc":{"Tiempo de lectura":"3 minutos"},"schema":{"@context":"https:\/\/schema.org","@graph":[{"@type":"WebPage","@id":"https:\/\/ffyh.unc.edu.ar\/extension\/consejo-asesor-de-extension-ffyh\/","url":"https:\/\/ffyh.unc.edu.ar\/extension\/consejo-asesor-de-extension-ffyh\/","name":"CAEFFyH - Secretar\u00eda de Extensi\u00f3n","isPartOf":{"@id":"https:\/\/ffyh.unc.edu.ar\/extension\/#website"},"datePublished":"2023-05-17T16:27:09+00:00","dateModified":"2026-03-03T18:08:15+00:00","breadcrumb":{"@id":"https:\/\/ffyh.unc.edu.ar\/extension\/consejo-asesor-de-extension-ffyh\/#breadcrumb"},"inLanguage":"es","potentialAction":[{"@type":"ReadAction","target":["https:\/\/ffyh.unc.edu.ar\/extension\/consejo-asesor-de-extension-ffyh\/"]}]},{"@type":"BreadcrumbList","@id":"https:\/\/ffyh.unc.edu.ar\/extension\/consejo-asesor-de-extension-ffyh\/#breadcrumb","itemListElement":[{"@type":"ListItem","position":1,"name":"Portada","item":"https:\/\/ffyh.unc.edu.ar\/extension\/"},{"@type":"ListItem","position":2,"name":"CAEFFyH"}]},{"@type":"WebSite","@id":"https:\/\/ffyh.unc.edu.ar\/extension\/#website","url":"https:\/\/ffyh.unc.edu.ar\/extension\/","name":"Secretar\u00eda de Extensi\u00f3n","description":"Facultad de Filosof\u00eda y Humanidades - Universidad Nacional de C\u00f3rdoba","publisher":{"@id":"https:\/\/ffyh.unc.edu.ar\/extension\/#organization"},"potentialAction":[{"@type":"SearchAction","target":{"@type":"EntryPoint","urlTemplate":"https:\/\/ffyh.unc.edu.ar\/extension\/?s={search_term_string}"},"query-input":{"@type":"PropertyValueSpecification","valueRequired":true,"valueName":"search_term_string"}}],"inLanguage":"es"},{"@type":"Organization","@id":"https:\/\/ffyh.unc.edu.ar\/extension\/#organization","name":"Secretar\u00eda de Extensi\u00f3n - Facultad de Filosof\u00eda y Humanidades - Universidad Nacional de C\u00f3rdoba","url":"https:\/\/ffyh.unc.edu.ar\/extension\/","logo":{"@type":"ImageObject","inLanguage":"es","@id":"https:\/\/ffyh.unc.edu.ar\/extension\/#\/schema\/logo\/image\/","url":"https:\/\/ffyh.unc.edu.ar\/extension\/wp-content\/uploads\/sites\/2\/2018\/08\/logo-extension-chico.jpg","contentUrl":"https:\/\/ffyh.unc.edu.ar\/extension\/wp-content\/uploads\/sites\/2\/2018\/08\/logo-extension-chico.jpg","width":314,"height":119,"caption":"Secretar\u00eda de Extensi\u00f3n - Facultad de Filosof\u00eda y Humanidades - Universidad Nacional de C\u00f3rdoba"},"image":{"@id":"https:\/\/ffyh.unc.edu.ar\/extension\/#\/schema\/logo\/image\/"},"sameAs":["https:\/\/www.facebook.com\/extensionffyh","https:\/\/www.instagram.com\/extensionffyh\/","https:\/\/www.youtube.com\/channel\/UCTgN4nvMQE7ktBcgujEI-EA"]}]}},"_links":{"self":[{"href":"https:\/\/ffyh.unc.edu.ar\/extension\/wp-json\/wp\/v2\/pages\/6492","targetHints":{"allow":["GET"]}}],"collection":[{"href":"https:\/\/ffyh.unc.edu.ar\/extension\/wp-json\/wp\/v2\/pages"}],"about":[{"href":"https:\/\/ffyh.unc.edu.ar\/extension\/wp-json\/wp\/v2\/types\/page"}],"author":[{"embeddable":true,"href":"https:\/\/ffyh.unc.edu.ar\/extension\/wp-json\/wp\/v2\/users\/3"}],"replies":[{"embeddable":true,"href":"https:\/\/ffyh.unc.edu.ar\/extension\/wp-json\/wp\/v2\/comments?post=6492"}],"version-history":[{"count":23,"href":"https:\/\/ffyh.unc.edu.ar\/extension\/wp-json\/wp\/v2\/pages\/6492\/revisions"}],"predecessor-version":[{"id":9910,"href":"https:\/\/ffyh.unc.edu.ar\/extension\/wp-json\/wp\/v2\/pages\/6492\/revisions\/9910"}],"wp:attachment":[{"href":"https:\/\/ffyh.unc.edu.ar\/extension\/wp-json\/wp\/v2\/media?parent=6492"}],"curies":[{"name":"wp","href":"https:\/\/api.w.org\/{rel}","templated":true}]}}