{"id":6724,"date":"2023-12-18T14:39:06","date_gmt":"2023-12-18T14:39:06","guid":{"rendered":"https:\/\/ffyh.unc.edu.ar\/extension\/?page_id=6724"},"modified":"2025-08-21T17:07:21","modified_gmt":"2025-08-21T17:07:21","slug":"ambiente","status":"publish","type":"page","link":"https:\/\/ffyh.unc.edu.ar\/extension\/ambiente\/","title":{"rendered":"Programa \u00abAmbiente, Sociedades y Territorios\u00bb"},"content":{"rendered":"<p><img loading=\"lazy\" decoding=\"async\" class=\"wp-image-7821 size-large aligncenter\" src=\"http:\/\/ffyh.unc.edu.ar\/extension\/wp-content\/uploads\/sites\/2\/2025\/03\/logoambiente-1024x585.png\" alt=\"\" width=\"800\" height=\"457\" srcset=\"https:\/\/ffyh.unc.edu.ar\/extension\/wp-content\/uploads\/sites\/2\/2025\/03\/logoambiente-1024x585.png 1024w, https:\/\/ffyh.unc.edu.ar\/extension\/wp-content\/uploads\/sites\/2\/2025\/03\/logoambiente-300x171.png 300w, https:\/\/ffyh.unc.edu.ar\/extension\/wp-content\/uploads\/sites\/2\/2025\/03\/logoambiente-768x438.png 768w, https:\/\/ffyh.unc.edu.ar\/extension\/wp-content\/uploads\/sites\/2\/2025\/03\/logoambiente.png 1487w\" sizes=\"(max-width: 800px) 100vw, 800px\" \/><\/p>\n<p>El 12 de noviembre de 2024 se cre\u00f3 el \u201cPrograma de Ambiente, Sociedades y Territorios de la Facultad de Filosof\u00eda y Humanidades &#8211; UNC (PAST)\u201d con el objeto de fortalecer y ampliar las actividades de investigaci\u00f3n, formaci\u00f3n y sensibilizaci\u00f3n en relaci\u00f3n a las problem\u00e1ticas socioambientales y territoriales, debatiendo los modelos productivos\/extractivistas dominantes y aportando a la visibilizaci\u00f3n y construcci\u00f3n de modelos alternativos para el buen vivir.<\/p>\n<p><strong>Directora del programa:<\/strong> Dra. Juliana ENRICO<\/p>\n<h4>Objetivos<\/h4>\n<h5>General<\/h5>\n<p>Impulsar y fortalecer las comunidades epist\u00e9micas conformadas entre ciudadanos\/as universitarios\/as y no universitarios\/as para ampliar y potenciar discusiones, debates, acciones y co-producci\u00f3n de saberes vinculados a tem\u00e1ticas y problem\u00e1ticas socioambientales y territoriales.<\/p>\n<h5>Espec\u00edficos<\/h5>\n<p>a) Articular, propiciar y proponer l\u00edneas de trabajo en extensi\u00f3n, investigaci\u00f3n, docencia, gesti\u00f3n e intervenci\u00f3n en conjunto con las organizaciones territoriales, movimientos socioambientales y comunidades.<\/p>\n<p>b) Recuperar y sistematizar los saberes, las experiencias y las pr\u00e1cticas producidas en el marco del di\u00e1logo de saberes entre la comunidad de la FFyH y las organizaciones territoriales, comunidades y movimientos socioambientales.<\/p>\n<p>c) Atender a las problem\u00e1ticas, demandas, intereses y necesidades de acompa\u00f1amiento y asesoramiento de organizaciones territoriales, comunidades, movimientos socioambientales y<br \/>\notras organizaciones e instituciones en materia socioambiental y territorial.<\/p>\n<p>d) Contribuir en el (co)dise\u00f1o y la (co)formulaci\u00f3n de acciones orientadas a la formaci\u00f3n de personas y colectivos en relaci\u00f3n a estas problem\u00e1ticas, impulsando espacios acad\u00e9micos co-gestionados, plurales y transdisciplinares, que involucren voces y saberes ambientales territoriales.<\/p>\n<p>e) Generar \u00e1mbitos de intercambio, debate y\/o articulaci\u00f3n de acciones con diversos espacios acad\u00e9micos de esta y otras universidades, as\u00ed como con diferentes esferas de la gesti\u00f3n<br \/>\np\u00fablica, en el marco de la responsabilidad estatal de garantizar los derechos humanos en materia ambiental y territorial.<\/p>\n<h4><span style=\"color: #339966\"><strong>Contacto:<\/strong> <a style=\"color: #339966\" href=\"mailto:ambiente.sociedad.territorios@ffyh.unc.edu.ar\">ambiente.sociedad.territorios@ffyh.unc.edu.ar<\/a><\/span><\/h4>\n<h4><span style=\"color: #339966\">Horarios de atenci\u00f3n: Martes y jueves de 10 a 15 hs. en la oficina de la Secretar\u00eda de Extensi\u00f3n (Pabell\u00f3n Casa Verde).<\/span><\/h4>\n<blockquote><p>Para enterarte de todas las novedades del programa ingres\u00e1 a <a href=\"https:\/\/ffyh.unc.edu.ar\/extension\/category\/programa-ambiente-sociedades-y-territorios\/\">https:\/\/ffyh.unc.edu.ar\/extension\/category\/programa-ambiente-sociedades-y-territorios\/<\/a><\/p><\/blockquote>\n<hr \/>\n<blockquote class=\"wp-embedded-content\" data-secret=\"h6Hp37wbol\"><p><a href=\"https:\/\/ffyh.unc.edu.ar\/extension\/2025\/07\/16\/repudio-a-la-extraccion-del-quebracho\/\">Repudio a la extracci\u00f3n del quebracho blanco tricentenario y a la violencia contra defensorxs ambientales en Villa Allende<\/a><\/p><\/blockquote>\n<p><iframe loading=\"lazy\" class=\"wp-embedded-content\" sandbox=\"allow-scripts\" security=\"restricted\" style=\"position: absolute; visibility: hidden;\" title=\"\u00abRepudio a la extracci\u00f3n del quebracho blanco tricentenario y a la violencia contra defensorxs ambientales en Villa Allende\u00bb \u2014 Secretar\u00eda de Extensi\u00f3n\" src=\"https:\/\/ffyh.unc.edu.ar\/extension\/2025\/07\/16\/repudio-a-la-extraccion-del-quebracho\/embed\/#?secret=Cu78cAtv6k#?secret=h6Hp37wbol\" data-secret=\"h6Hp37wbol\" width=\"600\" height=\"338\" frameborder=\"0\" marginwidth=\"0\" marginheight=\"0\" scrolling=\"no\"><\/iframe><\/p>\n<blockquote class=\"wp-embedded-content\" data-secret=\"9kX8lTB0LW\"><p><a href=\"https:\/\/ffyh.unc.edu.ar\/extension\/2025\/07\/04\/acompanamiento-a-la-defensa-del-quebracho\/\">Desde el PAST manifestamos nuestro acompa\u00f1amiento a la defensa del Quebracho Blanco<\/a><\/p><\/blockquote>\n<p><iframe loading=\"lazy\" class=\"wp-embedded-content\" sandbox=\"allow-scripts\" security=\"restricted\" style=\"position: absolute; visibility: hidden;\" title=\"\u00abDesde el PAST manifestamos nuestro acompa\u00f1amiento a la defensa del Quebracho Blanco\u00bb \u2014 Secretar\u00eda de Extensi\u00f3n\" src=\"https:\/\/ffyh.unc.edu.ar\/extension\/2025\/07\/04\/acompanamiento-a-la-defensa-del-quebracho\/embed\/#?secret=27rYEWjE7e#?secret=9kX8lTB0LW\" data-secret=\"9kX8lTB0LW\" width=\"600\" height=\"338\" frameborder=\"0\" marginwidth=\"0\" marginheight=\"0\" scrolling=\"no\"><\/iframe><\/p>\n<hr \/>\n<p><a href=\"https:\/\/drive.google.com\/file\/d\/1JIOb5FUyRXT0Ogb3M87cXu6KaP5a1_VP\/view?usp=sharing\"><img loading=\"lazy\" decoding=\"async\" class=\"alignleft wp-image-7829 size-full\" src=\"http:\/\/ffyh.unc.edu.ar\/extension\/wp-content\/uploads\/sites\/2\/2025\/03\/ordenanza.jpg\" alt=\"\" width=\"259\" height=\"388\" srcset=\"https:\/\/ffyh.unc.edu.ar\/extension\/wp-content\/uploads\/sites\/2\/2025\/03\/ordenanza.jpg 259w, https:\/\/ffyh.unc.edu.ar\/extension\/wp-content\/uploads\/sites\/2\/2025\/03\/ordenanza-200x300.jpg 200w\" sizes=\"(max-width: 259px) 100vw, 259px\" \/><\/a><\/p>\n<p>&nbsp;<\/p>\n<p>Ordenanza 2024-2 de creaci\u00f3n del Programa de Ambiente, Sociedades y Territorios de la Facultad de Filosof\u00eda y Humanidades UNC \u2013 (PAST)<\/p>\n<p>&nbsp;<\/p>\n<p>&nbsp;<\/p>\n<p>&nbsp;<\/p>\n<p>&nbsp;<\/p>\n<p>&nbsp;<\/p>\n<p>&nbsp;<\/p>\n<p>&nbsp;<\/p>\n<p>&nbsp;<\/p>\n<p>&nbsp;<\/p>\n<p><a href=\"https:\/\/drive.google.com\/file\/d\/1HWOnk1DG7UHHJpKJYS7AYbIyJ7mwLeDg\/view?usp=sharing\"><img loading=\"lazy\" decoding=\"async\" class=\"wp-image-7828 size-full alignleft\" src=\"http:\/\/ffyh.unc.edu.ar\/extension\/wp-content\/uploads\/sites\/2\/2025\/03\/reglamento-1.jpg\" alt=\"\" width=\"259\" height=\"388\" srcset=\"https:\/\/ffyh.unc.edu.ar\/extension\/wp-content\/uploads\/sites\/2\/2025\/03\/reglamento-1.jpg 259w, https:\/\/ffyh.unc.edu.ar\/extension\/wp-content\/uploads\/sites\/2\/2025\/03\/reglamento-1-200x300.jpg 200w\" sizes=\"(max-width: 259px) 100vw, 259px\" \/><\/a><\/p>\n<p>&nbsp;<\/p>\n<p>Anexo ordenanza 2024-2<\/p>\n<p>Reglamento del Programa de Ambiente, Sociedades y Territorios de la Facultad de Filosof\u00eda y Humanidades UNC \u2013 (PAST)<\/p>\n","protected":false},"excerpt":{"rendered":"<p>El 12 de noviembre de 2024 se cre\u00f3 el \u201cPrograma de Ambiente, Sociedades y Territorios de la Facultad de Filosof\u00eda<\/p>\n","protected":false},"author":2,"featured_media":0,"parent":0,"menu_order":0,"comment_status":"closed","ping_status":"closed","template":"","meta":{"_acf_changed":false,"saved_in_kubio":false,"colormag_page_container_layout":"default_layout","colormag_page_sidebar_layout":"default_layout","footnotes":""},"class_list":["post-6724","page","type-page","status-publish","hentry"],"acf":[],"kubio_ai_page_context":{"short_desc":"","purpose":"general"},"yoast_head":"<!-- This site is optimized with the Yoast SEO plugin v27.1.1 - https:\/\/yoast.com\/product\/yoast-seo-wordpress\/ -->\n<title>Programa &quot;Ambiente, Sociedades y Territorios&quot; - Secretar\u00eda de Extensi\u00f3n<\/title>\n<meta name=\"robots\" content=\"index, follow, max-snippet:-1, max-image-preview:large, max-video-preview:-1\" \/>\n<link rel=\"canonical\" href=\"https:\/\/ffyh.unc.edu.ar\/extension\/ambiente\/\" \/>\n<meta property=\"og:locale\" content=\"es_ES\" \/>\n<meta property=\"og:type\" content=\"article\" \/>\n<meta property=\"og:title\" content=\"Programa &quot;Ambiente, Sociedades y Territorios&quot; - Secretar\u00eda de Extensi\u00f3n\" \/>\n<meta property=\"og:description\" content=\"El 12 de noviembre de 2024 se cre\u00f3 el \u201cPrograma de Ambiente, Sociedades y Territorios de la Facultad de Filosof\u00eda\" \/>\n<meta property=\"og:url\" content=\"https:\/\/ffyh.unc.edu.ar\/extension\/ambiente\/\" \/>\n<meta property=\"og:site_name\" content=\"Secretar\u00eda de Extensi\u00f3n\" \/>\n<meta property=\"article:publisher\" content=\"https:\/\/www.facebook.com\/extensionffyh\" \/>\n<meta property=\"article:modified_time\" content=\"2025-08-21T17:07:21+00:00\" \/>\n<meta property=\"og:image\" content=\"https:\/\/ffyh.unc.edu.ar\/extension\/wp-content\/uploads\/sites\/2\/2025\/03\/logoambiente.png\" \/>\n\t<meta property=\"og:image:width\" content=\"1487\" \/>\n\t<meta property=\"og:image:height\" content=\"849\" \/>\n\t<meta property=\"og:image:type\" content=\"image\/png\" \/>\n<meta name=\"twitter:card\" content=\"summary_large_image\" \/>\n<meta name=\"twitter:label1\" content=\"Tiempo de lectura\" \/>\n\t<meta name=\"twitter:data1\" content=\"2 minutos\" \/>\n<script type=\"application\/ld+json\" class=\"yoast-schema-graph\">{\"@context\":\"https:\/\/schema.org\",\"@graph\":[{\"@type\":\"WebPage\",\"@id\":\"https:\/\/ffyh.unc.edu.ar\/extension\/ambiente\/\",\"url\":\"https:\/\/ffyh.unc.edu.ar\/extension\/ambiente\/\",\"name\":\"Programa \\\"Ambiente, Sociedades y Territorios\\\" - Secretar\u00eda de Extensi\u00f3n\",\"isPartOf\":{\"@id\":\"https:\/\/ffyh.unc.edu.ar\/extension\/#website\"},\"primaryImageOfPage\":{\"@id\":\"https:\/\/ffyh.unc.edu.ar\/extension\/ambiente\/#primaryimage\"},\"image\":{\"@id\":\"https:\/\/ffyh.unc.edu.ar\/extension\/ambiente\/#primaryimage\"},\"thumbnailUrl\":\"http:\/\/ffyh.unc.edu.ar\/extension\/wp-content\/uploads\/sites\/2\/2025\/03\/logoambiente-1024x585.png\",\"datePublished\":\"2023-12-18T14:39:06+00:00\",\"dateModified\":\"2025-08-21T17:07:21+00:00\",\"breadcrumb\":{\"@id\":\"https:\/\/ffyh.unc.edu.ar\/extension\/ambiente\/#breadcrumb\"},\"inLanguage\":\"es\",\"potentialAction\":[{\"@type\":\"ReadAction\",\"target\":[\"https:\/\/ffyh.unc.edu.ar\/extension\/ambiente\/\"]}]},{\"@type\":\"ImageObject\",\"inLanguage\":\"es\",\"@id\":\"https:\/\/ffyh.unc.edu.ar\/extension\/ambiente\/#primaryimage\",\"url\":\"https:\/\/ffyh.unc.edu.ar\/extension\/wp-content\/uploads\/sites\/2\/2025\/03\/logoambiente.png\",\"contentUrl\":\"https:\/\/ffyh.unc.edu.ar\/extension\/wp-content\/uploads\/sites\/2\/2025\/03\/logoambiente.png\",\"width\":1487,\"height\":849},{\"@type\":\"BreadcrumbList\",\"@id\":\"https:\/\/ffyh.unc.edu.ar\/extension\/ambiente\/#breadcrumb\",\"itemListElement\":[{\"@type\":\"ListItem\",\"position\":1,\"name\":\"Portada\",\"item\":\"https:\/\/ffyh.unc.edu.ar\/extension\/\"},{\"@type\":\"ListItem\",\"position\":2,\"name\":\"Programa \u00abAmbiente, Sociedades y Territorios\u00bb\"}]},{\"@type\":\"WebSite\",\"@id\":\"https:\/\/ffyh.unc.edu.ar\/extension\/#website\",\"url\":\"https:\/\/ffyh.unc.edu.ar\/extension\/\",\"name\":\"Secretar\u00eda de Extensi\u00f3n\",\"description\":\"Facultad de Filosof\u00eda y Humanidades - Universidad Nacional de C\u00f3rdoba\",\"publisher\":{\"@id\":\"https:\/\/ffyh.unc.edu.ar\/extension\/#organization\"},\"potentialAction\":[{\"@type\":\"SearchAction\",\"target\":{\"@type\":\"EntryPoint\",\"urlTemplate\":\"https:\/\/ffyh.unc.edu.ar\/extension\/?s={search_term_string}\"},\"query-input\":{\"@type\":\"PropertyValueSpecification\",\"valueRequired\":true,\"valueName\":\"search_term_string\"}}],\"inLanguage\":\"es\"},{\"@type\":\"Organization\",\"@id\":\"https:\/\/ffyh.unc.edu.ar\/extension\/#organization\",\"name\":\"Secretar\u00eda de Extensi\u00f3n - Facultad de Filosof\u00eda y Humanidades - Universidad Nacional de C\u00f3rdoba\",\"url\":\"https:\/\/ffyh.unc.edu.ar\/extension\/\",\"logo\":{\"@type\":\"ImageObject\",\"inLanguage\":\"es\",\"@id\":\"https:\/\/ffyh.unc.edu.ar\/extension\/#\/schema\/logo\/image\/\",\"url\":\"https:\/\/ffyh.unc.edu.ar\/extension\/wp-content\/uploads\/sites\/2\/2018\/08\/logo-extension-chico.jpg\",\"contentUrl\":\"https:\/\/ffyh.unc.edu.ar\/extension\/wp-content\/uploads\/sites\/2\/2018\/08\/logo-extension-chico.jpg\",\"width\":314,\"height\":119,\"caption\":\"Secretar\u00eda de Extensi\u00f3n - Facultad de Filosof\u00eda y Humanidades - Universidad Nacional de C\u00f3rdoba\"},\"image\":{\"@id\":\"https:\/\/ffyh.unc.edu.ar\/extension\/#\/schema\/logo\/image\/\"},\"sameAs\":[\"https:\/\/www.facebook.com\/extensionffyh\",\"https:\/\/www.instagram.com\/extensionffyh\/\",\"https:\/\/www.youtube.com\/channel\/UCTgN4nvMQE7ktBcgujEI-EA\"]}]}<\/script>\n<!-- \/ Yoast SEO plugin. -->","yoast_head_json":{"title":"Programa \"Ambiente, Sociedades y Territorios\" - Secretar\u00eda de Extensi\u00f3n","robots":{"index":"index","follow":"follow","max-snippet":"max-snippet:-1","max-image-preview":"max-image-preview:large","max-video-preview":"max-video-preview:-1"},"canonical":"https:\/\/ffyh.unc.edu.ar\/extension\/ambiente\/","og_locale":"es_ES","og_type":"article","og_title":"Programa \"Ambiente, Sociedades y Territorios\" - Secretar\u00eda de Extensi\u00f3n","og_description":"El 12 de noviembre de 2024 se cre\u00f3 el \u201cPrograma de Ambiente, Sociedades y Territorios de la Facultad de Filosof\u00eda","og_url":"https:\/\/ffyh.unc.edu.ar\/extension\/ambiente\/","og_site_name":"Secretar\u00eda de Extensi\u00f3n","article_publisher":"https:\/\/www.facebook.com\/extensionffyh","article_modified_time":"2025-08-21T17:07:21+00:00","og_image":[{"width":1487,"height":849,"url":"https:\/\/ffyh.unc.edu.ar\/extension\/wp-content\/uploads\/sites\/2\/2025\/03\/logoambiente.png","type":"image\/png"}],"twitter_card":"summary_large_image","twitter_misc":{"Tiempo de lectura":"2 minutos"},"schema":{"@context":"https:\/\/schema.org","@graph":[{"@type":"WebPage","@id":"https:\/\/ffyh.unc.edu.ar\/extension\/ambiente\/","url":"https:\/\/ffyh.unc.edu.ar\/extension\/ambiente\/","name":"Programa \"Ambiente, Sociedades y Territorios\" - Secretar\u00eda de Extensi\u00f3n","isPartOf":{"@id":"https:\/\/ffyh.unc.edu.ar\/extension\/#website"},"primaryImageOfPage":{"@id":"https:\/\/ffyh.unc.edu.ar\/extension\/ambiente\/#primaryimage"},"image":{"@id":"https:\/\/ffyh.unc.edu.ar\/extension\/ambiente\/#primaryimage"},"thumbnailUrl":"http:\/\/ffyh.unc.edu.ar\/extension\/wp-content\/uploads\/sites\/2\/2025\/03\/logoambiente-1024x585.png","datePublished":"2023-12-18T14:39:06+00:00","dateModified":"2025-08-21T17:07:21+00:00","breadcrumb":{"@id":"https:\/\/ffyh.unc.edu.ar\/extension\/ambiente\/#breadcrumb"},"inLanguage":"es","potentialAction":[{"@type":"ReadAction","target":["https:\/\/ffyh.unc.edu.ar\/extension\/ambiente\/"]}]},{"@type":"ImageObject","inLanguage":"es","@id":"https:\/\/ffyh.unc.edu.ar\/extension\/ambiente\/#primaryimage","url":"https:\/\/ffyh.unc.edu.ar\/extension\/wp-content\/uploads\/sites\/2\/2025\/03\/logoambiente.png","contentUrl":"https:\/\/ffyh.unc.edu.ar\/extension\/wp-content\/uploads\/sites\/2\/2025\/03\/logoambiente.png","width":1487,"height":849},{"@type":"BreadcrumbList","@id":"https:\/\/ffyh.unc.edu.ar\/extension\/ambiente\/#breadcrumb","itemListElement":[{"@type":"ListItem","position":1,"name":"Portada","item":"https:\/\/ffyh.unc.edu.ar\/extension\/"},{"@type":"ListItem","position":2,"name":"Programa \u00abAmbiente, Sociedades y Territorios\u00bb"}]},{"@type":"WebSite","@id":"https:\/\/ffyh.unc.edu.ar\/extension\/#website","url":"https:\/\/ffyh.unc.edu.ar\/extension\/","name":"Secretar\u00eda de Extensi\u00f3n","description":"Facultad de Filosof\u00eda y Humanidades - Universidad Nacional de C\u00f3rdoba","publisher":{"@id":"https:\/\/ffyh.unc.edu.ar\/extension\/#organization"},"potentialAction":[{"@type":"SearchAction","target":{"@type":"EntryPoint","urlTemplate":"https:\/\/ffyh.unc.edu.ar\/extension\/?s={search_term_string}"},"query-input":{"@type":"PropertyValueSpecification","valueRequired":true,"valueName":"search_term_string"}}],"inLanguage":"es"},{"@type":"Organization","@id":"https:\/\/ffyh.unc.edu.ar\/extension\/#organization","name":"Secretar\u00eda de Extensi\u00f3n - Facultad de Filosof\u00eda y Humanidades - Universidad Nacional de C\u00f3rdoba","url":"https:\/\/ffyh.unc.edu.ar\/extension\/","logo":{"@type":"ImageObject","inLanguage":"es","@id":"https:\/\/ffyh.unc.edu.ar\/extension\/#\/schema\/logo\/image\/","url":"https:\/\/ffyh.unc.edu.ar\/extension\/wp-content\/uploads\/sites\/2\/2018\/08\/logo-extension-chico.jpg","contentUrl":"https:\/\/ffyh.unc.edu.ar\/extension\/wp-content\/uploads\/sites\/2\/2018\/08\/logo-extension-chico.jpg","width":314,"height":119,"caption":"Secretar\u00eda de Extensi\u00f3n - Facultad de Filosof\u00eda y Humanidades - Universidad Nacional de C\u00f3rdoba"},"image":{"@id":"https:\/\/ffyh.unc.edu.ar\/extension\/#\/schema\/logo\/image\/"},"sameAs":["https:\/\/www.facebook.com\/extensionffyh","https:\/\/www.instagram.com\/extensionffyh\/","https:\/\/www.youtube.com\/channel\/UCTgN4nvMQE7ktBcgujEI-EA"]}]}},"_links":{"self":[{"href":"https:\/\/ffyh.unc.edu.ar\/extension\/wp-json\/wp\/v2\/pages\/6724","targetHints":{"allow":["GET"]}}],"collection":[{"href":"https:\/\/ffyh.unc.edu.ar\/extension\/wp-json\/wp\/v2\/pages"}],"about":[{"href":"https:\/\/ffyh.unc.edu.ar\/extension\/wp-json\/wp\/v2\/types\/page"}],"author":[{"embeddable":true,"href":"https:\/\/ffyh.unc.edu.ar\/extension\/wp-json\/wp\/v2\/users\/2"}],"replies":[{"embeddable":true,"href":"https:\/\/ffyh.unc.edu.ar\/extension\/wp-json\/wp\/v2\/comments?post=6724"}],"version-history":[{"count":23,"href":"https:\/\/ffyh.unc.edu.ar\/extension\/wp-json\/wp\/v2\/pages\/6724\/revisions"}],"predecessor-version":[{"id":8921,"href":"https:\/\/ffyh.unc.edu.ar\/extension\/wp-json\/wp\/v2\/pages\/6724\/revisions\/8921"}],"wp:attachment":[{"href":"https:\/\/ffyh.unc.edu.ar\/extension\/wp-json\/wp\/v2\/media?parent=6724"}],"curies":[{"name":"wp","href":"https:\/\/api.w.org\/{rel}","templated":true}]}}