{"id":7745,"date":"2025-03-07T15:43:47","date_gmt":"2025-03-07T15:43:47","guid":{"rendered":"https:\/\/ffyh.unc.edu.ar\/extension\/?page_id=7745"},"modified":"2025-03-07T15:46:45","modified_gmt":"2025-03-07T15:46:45","slug":"objetivos-y-funciones","status":"publish","type":"page","link":"https:\/\/ffyh.unc.edu.ar\/extension\/institucional\/objetivos-y-funciones\/","title":{"rendered":"Objetivos y funciones"},"content":{"rendered":"<hr \/>\n<h1>Objetivos<\/h1>\n<p>La Secretar\u00eda de Extensi\u00f3n de la FFyH entiende que la extensi\u00f3n universitaria es una de las funciones de la universidad cuya tarea es dar marco a un proceso pedag\u00f3gico y pol\u00edtico centrado en la producci\u00f3n de conocimiento conjunto con diferentes actores sociales. La funci\u00f3n extensionista parte de la creaci\u00f3n de v\u00ednculos y la definici\u00f3n participativa con la comunidad de problemas sociales significativos para promover propuestas dial\u00f3gicas que propicien espacios de colaboraci\u00f3n multi e interdisciplinarios para el abordaje de los mismos.<\/p>\n<p>La extensi\u00f3n universitaria toma un car\u00e1cter espec\u00edfico por desarrollar su tarea en el marco de la universidad p\u00fablica, entendiendo que el conocimiento que se produce por esta funci\u00f3n se impregna del mismo car\u00e1cter p\u00fablico, co-construyendo junto a actores no universitarios saberes socialmente relevantes para transformar la realidad social.<\/p>\n<p>La Secretar\u00eda entiende que propiciar el acceso a los derechos civiles, culturales, econ\u00f3micos, universitaria. pol\u00edticos y sociales es el fin \u00faltimo de las pol\u00edticas de extensi\u00f3n Adem\u00e1s, considera las propuestas de extensi\u00f3n universitaria como el medio para contribuir a su pleno ejercicio.<\/p>\n<p>Asimismo, estas pr\u00e1cticas y tareas de la extensi\u00f3n tensionan las funciones de docencia e investigaci\u00f3n as\u00ed como tambi\u00e9n los saberes disciplinares, contribuyendo a la definici\u00f3n de la agenda de investigaci\u00f3n, posibilitando repensar la ense\u00f1anza universitaria y los l\u00edmites disciplinares y recuperando las voces de estudiantes, docentes, nodocentes y graduados en el proceso de transformaci\u00f3n institucional y social que esta funci\u00f3n incentiva.<\/p>\n<p>Por ello, la Secretar\u00eda de Extensi\u00f3n de la FFyH considera como uno de sus objetivos constituirse en un espacio de articulaci\u00f3n de las funciones universitarias de la instituci\u00f3n que favorezca la vinculaci\u00f3n con la comunidad, tanto de los espacios de ense\u00f1anza como de investigaci\u00f3n, promoviendo simult\u00e1neamente la integralidad de las funciones.<\/p>\n<hr \/>\n<h1>Funciones<\/h1>\n<p>La Secretar\u00eda de Extensi\u00f3n de la FFyH:<\/p>\n<ul>\n<li>Genera, promueve y\/o acompa\u00f1a propuestas extensionistas provenientes de la comunidad, de otras universidades, de la Secretar\u00eda de Extensi\u00f3n Universitaria de la UNC, de la Facultad de Filosof\u00eda y Humanidades, de instituciones y de organizaciones p\u00fablicas y privadas.<\/li>\n<li>Promueve expresamente la articulaci\u00f3n entre actividades de extensi\u00f3n y de grado, posgrado e investigaci\u00f3n; la participaci\u00f3n de estudiantes, egresados, nodocentes y docentes; la jerarquizaci\u00f3n acad\u00e9mica de la funci\u00f3n extensionista y el apoyo institucional de dichas actividades.<\/li>\n<li>Promueve, apoya, gestiona y supervisa pr\u00e1cticas extensionistas, actividades formativas, de capacitaci\u00f3n y docencia; asesoramientos, servicios t\u00e9cnicos y asistencia a proyectos espec\u00edficos o investigaciones orientadas; actividades de intercambio en producci\u00f3n art\u00edstica y cultural y toda otra actividad que se encuadre dentro de los objetivos de la Secretar\u00eda y que pongan en di\u00e1logo los saberes de actores universitarios y extrauniversitarios.<\/li>\n<li>Promueve la formaci\u00f3n extensionista a trav\u00e9s de diversos dispositivos, y en este marco puede convocar e incorporar ayudantes alumnos\/as y adscriptos\/as para participar en la gesti\u00f3n de las actividades de distintas \u00e1reas en el marco de la normativa vigente en la FFyH, como parte de la formaci\u00f3n de miembros de la comunidad en la funci\u00f3n extensionista.<\/li>\n<li>Promueve, apoya y gestiona actividades, proyectos y programas de extensi\u00f3n universitaria.<\/li>\n<\/ul>\n<hr \/>\n<p>Estos objetivos y funciones, junto con otras precisiones sobre la estructura y la organizaci\u00f3n de la Secretar\u00eda, est\u00e1n plasmadas en nuestro reglamento interno.<\/p>\n<p><a href=\"https:\/\/ffyh.unc.edu.ar\/extension\/wp-content\/uploads\/sites\/2\/2018\/10\/relamento-secre.pdf\"><img loading=\"lazy\" decoding=\"async\" class=\"wp-image-7749 size-large aligncenter\" src=\"http:\/\/ffyh.unc.edu.ar\/extension\/wp-content\/uploads\/sites\/2\/2025\/03\/reglamento-1024x1024.jpg\" alt=\"\" width=\"800\" height=\"800\" srcset=\"https:\/\/ffyh.unc.edu.ar\/extension\/wp-content\/uploads\/sites\/2\/2025\/03\/reglamento-1024x1024.jpg 1024w, https:\/\/ffyh.unc.edu.ar\/extension\/wp-content\/uploads\/sites\/2\/2025\/03\/reglamento-300x300.jpg 300w, https:\/\/ffyh.unc.edu.ar\/extension\/wp-content\/uploads\/sites\/2\/2025\/03\/reglamento-150x150.jpg 150w, https:\/\/ffyh.unc.edu.ar\/extension\/wp-content\/uploads\/sites\/2\/2025\/03\/reglamento-768x768.jpg 768w, https:\/\/ffyh.unc.edu.ar\/extension\/wp-content\/uploads\/sites\/2\/2025\/03\/reglamento.jpg 1080w\" sizes=\"auto, (max-width: 800px) 100vw, 800px\" \/><\/a><\/p>\n","protected":false},"excerpt":{"rendered":"<p>Objetivos La Secretar\u00eda de Extensi\u00f3n de la FFyH entiende que la extensi\u00f3n universitaria es una de las funciones de la<\/p>\n","protected":false},"author":3,"featured_media":0,"parent":66,"menu_order":0,"comment_status":"closed","ping_status":"closed","template":"","meta":{"_acf_changed":false,"colormag_page_container_layout":"default_layout","colormag_page_sidebar_layout":"default_layout","footnotes":""},"class_list":["post-7745","page","type-page","status-publish","hentry"],"acf":[],"yoast_head":"<!-- This site is optimized with the Yoast SEO plugin v27.1.1 - https:\/\/yoast.com\/product\/yoast-seo-wordpress\/ -->\n<title>Objetivos y funciones - Secretar\u00eda de Extensi\u00f3n<\/title>\n<meta name=\"robots\" content=\"index, follow, max-snippet:-1, max-image-preview:large, max-video-preview:-1\" \/>\n<link rel=\"canonical\" href=\"https:\/\/ffyh.unc.edu.ar\/extension\/institucional\/objetivos-y-funciones\/\" \/>\n<meta property=\"og:locale\" content=\"es_ES\" \/>\n<meta property=\"og:type\" content=\"article\" \/>\n<meta property=\"og:title\" content=\"Objetivos y funciones - Secretar\u00eda de Extensi\u00f3n\" \/>\n<meta property=\"og:description\" content=\"Objetivos La Secretar\u00eda de Extensi\u00f3n de la FFyH entiende que la extensi\u00f3n universitaria es una de las funciones de la\" \/>\n<meta property=\"og:url\" content=\"https:\/\/ffyh.unc.edu.ar\/extension\/institucional\/objetivos-y-funciones\/\" \/>\n<meta property=\"og:site_name\" content=\"Secretar\u00eda de Extensi\u00f3n\" \/>\n<meta property=\"article:publisher\" content=\"https:\/\/www.facebook.com\/extensionffyh\" \/>\n<meta property=\"article:modified_time\" content=\"2025-03-07T15:46:45+00:00\" \/>\n<meta property=\"og:image\" content=\"https:\/\/ffyh.unc.edu.ar\/extension\/wp-content\/uploads\/sites\/2\/2025\/03\/reglamento.jpg\" \/>\n\t<meta property=\"og:image:width\" content=\"1080\" \/>\n\t<meta property=\"og:image:height\" content=\"1080\" \/>\n\t<meta property=\"og:image:type\" content=\"image\/jpeg\" \/>\n<meta name=\"twitter:card\" content=\"summary_large_image\" \/>\n<meta name=\"twitter:label1\" content=\"Tiempo de lectura\" \/>\n\t<meta name=\"twitter:data1\" content=\"3 minutos\" \/>\n<script type=\"application\/ld+json\" class=\"yoast-schema-graph\">{\"@context\":\"https:\/\/schema.org\",\"@graph\":[{\"@type\":\"WebPage\",\"@id\":\"https:\/\/ffyh.unc.edu.ar\/extension\/institucional\/objetivos-y-funciones\/\",\"url\":\"https:\/\/ffyh.unc.edu.ar\/extension\/institucional\/objetivos-y-funciones\/\",\"name\":\"Objetivos y funciones - Secretar\u00eda de Extensi\u00f3n\",\"isPartOf\":{\"@id\":\"https:\/\/ffyh.unc.edu.ar\/extension\/#website\"},\"primaryImageOfPage\":{\"@id\":\"https:\/\/ffyh.unc.edu.ar\/extension\/institucional\/objetivos-y-funciones\/#primaryimage\"},\"image\":{\"@id\":\"https:\/\/ffyh.unc.edu.ar\/extension\/institucional\/objetivos-y-funciones\/#primaryimage\"},\"thumbnailUrl\":\"http:\/\/ffyh.unc.edu.ar\/extension\/wp-content\/uploads\/sites\/2\/2025\/03\/reglamento-1024x1024.jpg\",\"datePublished\":\"2025-03-07T15:43:47+00:00\",\"dateModified\":\"2025-03-07T15:46:45+00:00\",\"breadcrumb\":{\"@id\":\"https:\/\/ffyh.unc.edu.ar\/extension\/institucional\/objetivos-y-funciones\/#breadcrumb\"},\"inLanguage\":\"es\",\"potentialAction\":[{\"@type\":\"ReadAction\",\"target\":[\"https:\/\/ffyh.unc.edu.ar\/extension\/institucional\/objetivos-y-funciones\/\"]}]},{\"@type\":\"ImageObject\",\"inLanguage\":\"es\",\"@id\":\"https:\/\/ffyh.unc.edu.ar\/extension\/institucional\/objetivos-y-funciones\/#primaryimage\",\"url\":\"https:\/\/ffyh.unc.edu.ar\/extension\/wp-content\/uploads\/sites\/2\/2025\/03\/reglamento.jpg\",\"contentUrl\":\"https:\/\/ffyh.unc.edu.ar\/extension\/wp-content\/uploads\/sites\/2\/2025\/03\/reglamento.jpg\",\"width\":1080,\"height\":1080},{\"@type\":\"BreadcrumbList\",\"@id\":\"https:\/\/ffyh.unc.edu.ar\/extension\/institucional\/objetivos-y-funciones\/#breadcrumb\",\"itemListElement\":[{\"@type\":\"ListItem\",\"position\":1,\"name\":\"Portada\",\"item\":\"https:\/\/ffyh.unc.edu.ar\/extension\/\"},{\"@type\":\"ListItem\",\"position\":2,\"name\":\"Institucional\",\"item\":\"https:\/\/ffyh.unc.edu.ar\/extension\/institucional\/\"},{\"@type\":\"ListItem\",\"position\":3,\"name\":\"Objetivos y funciones\"}]},{\"@type\":\"WebSite\",\"@id\":\"https:\/\/ffyh.unc.edu.ar\/extension\/#website\",\"url\":\"https:\/\/ffyh.unc.edu.ar\/extension\/\",\"name\":\"Secretar\u00eda de Extensi\u00f3n\",\"description\":\"Facultad de Filosof\u00eda y Humanidades - Universidad Nacional de C\u00f3rdoba\",\"publisher\":{\"@id\":\"https:\/\/ffyh.unc.edu.ar\/extension\/#organization\"},\"potentialAction\":[{\"@type\":\"SearchAction\",\"target\":{\"@type\":\"EntryPoint\",\"urlTemplate\":\"https:\/\/ffyh.unc.edu.ar\/extension\/?s={search_term_string}\"},\"query-input\":{\"@type\":\"PropertyValueSpecification\",\"valueRequired\":true,\"valueName\":\"search_term_string\"}}],\"inLanguage\":\"es\"},{\"@type\":\"Organization\",\"@id\":\"https:\/\/ffyh.unc.edu.ar\/extension\/#organization\",\"name\":\"Secretar\u00eda de Extensi\u00f3n - Facultad de Filosof\u00eda y Humanidades - Universidad Nacional de C\u00f3rdoba\",\"url\":\"https:\/\/ffyh.unc.edu.ar\/extension\/\",\"logo\":{\"@type\":\"ImageObject\",\"inLanguage\":\"es\",\"@id\":\"https:\/\/ffyh.unc.edu.ar\/extension\/#\/schema\/logo\/image\/\",\"url\":\"https:\/\/ffyh.unc.edu.ar\/extension\/wp-content\/uploads\/sites\/2\/2018\/08\/logo-extension-chico.jpg\",\"contentUrl\":\"https:\/\/ffyh.unc.edu.ar\/extension\/wp-content\/uploads\/sites\/2\/2018\/08\/logo-extension-chico.jpg\",\"width\":314,\"height\":119,\"caption\":\"Secretar\u00eda de Extensi\u00f3n - Facultad de Filosof\u00eda y Humanidades - Universidad Nacional de C\u00f3rdoba\"},\"image\":{\"@id\":\"https:\/\/ffyh.unc.edu.ar\/extension\/#\/schema\/logo\/image\/\"},\"sameAs\":[\"https:\/\/www.facebook.com\/extensionffyh\",\"https:\/\/www.instagram.com\/extensionffyh\/\",\"https:\/\/www.youtube.com\/channel\/UCTgN4nvMQE7ktBcgujEI-EA\"]}]}<\/script>\n<!-- \/ Yoast SEO plugin. -->","yoast_head_json":{"title":"Objetivos y funciones - Secretar\u00eda de Extensi\u00f3n","robots":{"index":"index","follow":"follow","max-snippet":"max-snippet:-1","max-image-preview":"max-image-preview:large","max-video-preview":"max-video-preview:-1"},"canonical":"https:\/\/ffyh.unc.edu.ar\/extension\/institucional\/objetivos-y-funciones\/","og_locale":"es_ES","og_type":"article","og_title":"Objetivos y funciones - Secretar\u00eda de Extensi\u00f3n","og_description":"Objetivos La Secretar\u00eda de Extensi\u00f3n de la FFyH entiende que la extensi\u00f3n universitaria es una de las funciones de la","og_url":"https:\/\/ffyh.unc.edu.ar\/extension\/institucional\/objetivos-y-funciones\/","og_site_name":"Secretar\u00eda de Extensi\u00f3n","article_publisher":"https:\/\/www.facebook.com\/extensionffyh","article_modified_time":"2025-03-07T15:46:45+00:00","og_image":[{"width":1080,"height":1080,"url":"https:\/\/ffyh.unc.edu.ar\/extension\/wp-content\/uploads\/sites\/2\/2025\/03\/reglamento.jpg","type":"image\/jpeg"}],"twitter_card":"summary_large_image","twitter_misc":{"Tiempo de lectura":"3 minutos"},"schema":{"@context":"https:\/\/schema.org","@graph":[{"@type":"WebPage","@id":"https:\/\/ffyh.unc.edu.ar\/extension\/institucional\/objetivos-y-funciones\/","url":"https:\/\/ffyh.unc.edu.ar\/extension\/institucional\/objetivos-y-funciones\/","name":"Objetivos y funciones - Secretar\u00eda de Extensi\u00f3n","isPartOf":{"@id":"https:\/\/ffyh.unc.edu.ar\/extension\/#website"},"primaryImageOfPage":{"@id":"https:\/\/ffyh.unc.edu.ar\/extension\/institucional\/objetivos-y-funciones\/#primaryimage"},"image":{"@id":"https:\/\/ffyh.unc.edu.ar\/extension\/institucional\/objetivos-y-funciones\/#primaryimage"},"thumbnailUrl":"http:\/\/ffyh.unc.edu.ar\/extension\/wp-content\/uploads\/sites\/2\/2025\/03\/reglamento-1024x1024.jpg","datePublished":"2025-03-07T15:43:47+00:00","dateModified":"2025-03-07T15:46:45+00:00","breadcrumb":{"@id":"https:\/\/ffyh.unc.edu.ar\/extension\/institucional\/objetivos-y-funciones\/#breadcrumb"},"inLanguage":"es","potentialAction":[{"@type":"ReadAction","target":["https:\/\/ffyh.unc.edu.ar\/extension\/institucional\/objetivos-y-funciones\/"]}]},{"@type":"ImageObject","inLanguage":"es","@id":"https:\/\/ffyh.unc.edu.ar\/extension\/institucional\/objetivos-y-funciones\/#primaryimage","url":"https:\/\/ffyh.unc.edu.ar\/extension\/wp-content\/uploads\/sites\/2\/2025\/03\/reglamento.jpg","contentUrl":"https:\/\/ffyh.unc.edu.ar\/extension\/wp-content\/uploads\/sites\/2\/2025\/03\/reglamento.jpg","width":1080,"height":1080},{"@type":"BreadcrumbList","@id":"https:\/\/ffyh.unc.edu.ar\/extension\/institucional\/objetivos-y-funciones\/#breadcrumb","itemListElement":[{"@type":"ListItem","position":1,"name":"Portada","item":"https:\/\/ffyh.unc.edu.ar\/extension\/"},{"@type":"ListItem","position":2,"name":"Institucional","item":"https:\/\/ffyh.unc.edu.ar\/extension\/institucional\/"},{"@type":"ListItem","position":3,"name":"Objetivos y funciones"}]},{"@type":"WebSite","@id":"https:\/\/ffyh.unc.edu.ar\/extension\/#website","url":"https:\/\/ffyh.unc.edu.ar\/extension\/","name":"Secretar\u00eda de Extensi\u00f3n","description":"Facultad de Filosof\u00eda y Humanidades - Universidad Nacional de C\u00f3rdoba","publisher":{"@id":"https:\/\/ffyh.unc.edu.ar\/extension\/#organization"},"potentialAction":[{"@type":"SearchAction","target":{"@type":"EntryPoint","urlTemplate":"https:\/\/ffyh.unc.edu.ar\/extension\/?s={search_term_string}"},"query-input":{"@type":"PropertyValueSpecification","valueRequired":true,"valueName":"search_term_string"}}],"inLanguage":"es"},{"@type":"Organization","@id":"https:\/\/ffyh.unc.edu.ar\/extension\/#organization","name":"Secretar\u00eda de Extensi\u00f3n - Facultad de Filosof\u00eda y Humanidades - Universidad Nacional de C\u00f3rdoba","url":"https:\/\/ffyh.unc.edu.ar\/extension\/","logo":{"@type":"ImageObject","inLanguage":"es","@id":"https:\/\/ffyh.unc.edu.ar\/extension\/#\/schema\/logo\/image\/","url":"https:\/\/ffyh.unc.edu.ar\/extension\/wp-content\/uploads\/sites\/2\/2018\/08\/logo-extension-chico.jpg","contentUrl":"https:\/\/ffyh.unc.edu.ar\/extension\/wp-content\/uploads\/sites\/2\/2018\/08\/logo-extension-chico.jpg","width":314,"height":119,"caption":"Secretar\u00eda de Extensi\u00f3n - Facultad de Filosof\u00eda y Humanidades - Universidad Nacional de C\u00f3rdoba"},"image":{"@id":"https:\/\/ffyh.unc.edu.ar\/extension\/#\/schema\/logo\/image\/"},"sameAs":["https:\/\/www.facebook.com\/extensionffyh","https:\/\/www.instagram.com\/extensionffyh\/","https:\/\/www.youtube.com\/channel\/UCTgN4nvMQE7ktBcgujEI-EA"]}]}},"_links":{"self":[{"href":"https:\/\/ffyh.unc.edu.ar\/extension\/wp-json\/wp\/v2\/pages\/7745","targetHints":{"allow":["GET"]}}],"collection":[{"href":"https:\/\/ffyh.unc.edu.ar\/extension\/wp-json\/wp\/v2\/pages"}],"about":[{"href":"https:\/\/ffyh.unc.edu.ar\/extension\/wp-json\/wp\/v2\/types\/page"}],"author":[{"embeddable":true,"href":"https:\/\/ffyh.unc.edu.ar\/extension\/wp-json\/wp\/v2\/users\/3"}],"replies":[{"embeddable":true,"href":"https:\/\/ffyh.unc.edu.ar\/extension\/wp-json\/wp\/v2\/comments?post=7745"}],"version-history":[{"count":4,"href":"https:\/\/ffyh.unc.edu.ar\/extension\/wp-json\/wp\/v2\/pages\/7745\/revisions"}],"predecessor-version":[{"id":7752,"href":"https:\/\/ffyh.unc.edu.ar\/extension\/wp-json\/wp\/v2\/pages\/7745\/revisions\/7752"}],"up":[{"embeddable":true,"href":"https:\/\/ffyh.unc.edu.ar\/extension\/wp-json\/wp\/v2\/pages\/66"}],"wp:attachment":[{"href":"https:\/\/ffyh.unc.edu.ar\/extension\/wp-json\/wp\/v2\/media?parent=7745"}],"curies":[{"name":"wp","href":"https:\/\/api.w.org\/{rel}","templated":true}]}}