{"id":7970,"date":"2025-04-11T16:22:16","date_gmt":"2025-04-11T16:22:16","guid":{"rendered":"https:\/\/ffyh.unc.edu.ar\/extension\/?page_id=7970"},"modified":"2025-04-11T16:33:23","modified_gmt":"2025-04-11T16:33:23","slug":"acerca-de-las-bieu","status":"publish","type":"page","link":"https:\/\/ffyh.unc.edu.ar\/extension\/acerca-de-las-bieu\/","title":{"rendered":"Acerca de las BIEU"},"content":{"rendered":"<p><img loading=\"lazy\" decoding=\"async\" class=\"alignnone wp-image-7971 size-full\" src=\"http:\/\/ffyh.unc.edu.ar\/extension\/wp-content\/uploads\/sites\/2\/2025\/04\/bieu.jpg\" alt=\"\" width=\"2439\" height=\"976\" srcset=\"https:\/\/ffyh.unc.edu.ar\/extension\/wp-content\/uploads\/sites\/2\/2025\/04\/bieu.jpg 2439w, https:\/\/ffyh.unc.edu.ar\/extension\/wp-content\/uploads\/sites\/2\/2025\/04\/bieu-300x120.jpg 300w, https:\/\/ffyh.unc.edu.ar\/extension\/wp-content\/uploads\/sites\/2\/2025\/04\/bieu-1024x410.jpg 1024w, https:\/\/ffyh.unc.edu.ar\/extension\/wp-content\/uploads\/sites\/2\/2025\/04\/bieu-768x307.jpg 768w, https:\/\/ffyh.unc.edu.ar\/extension\/wp-content\/uploads\/sites\/2\/2025\/04\/bieu-1536x615.jpg 1536w, https:\/\/ffyh.unc.edu.ar\/extension\/wp-content\/uploads\/sites\/2\/2025\/04\/bieu-2048x820.jpg 2048w\" sizes=\"auto, (max-width: 2439px) 100vw, 2439px\" \/><\/p>\n<p>Las Becas a la Iniciaci\u00f3n en Extensi\u00f3n Universitaria (BIEU) son una l\u00ednea financiada de la Secretar\u00eda de Extensi\u00f3n de la Facultad de Filosof\u00eda y Humanidades de la UNC destinada a estudiantes de dicha unidad acad\u00e9mica para la formaci\u00f3n inicial en el recorrido extensionista a trav\u00e9s de acciones interdisciplinarias que se enmarquen en un modelo de extensi\u00f3n cr\u00edtica bajo el principio fundamental del di\u00e1logo de saberes.<\/p>\n<p>Estas becas tienen por objetivos promover y acompa\u00f1ar proyectos y actividades de extensi\u00f3n universitaria iniciadas y\/o desarrolladas por estudiantes; jerarquizar la funci\u00f3n extensionista y fomentar pr\u00e1cticas integrales e interdisciplinarias de extensi\u00f3n universitaria; generar y sostener instancias de formaci\u00f3n en extensi\u00f3n destinadas a estudiantes de la FFyH destacando la dimensi\u00f3n pedag\u00f3gica de los procesos extensionistas; fortalecer las vinculaciones de la FFyH con los territorios en los cuales se desarrollan pr\u00e1cticas extensionistas y acompa\u00f1ar la co-construcci\u00f3n de demandas relevantes de diferentes grupos o instituciones.<\/p>\n<p>La caracter\u00edstica central de estas becas es que deben desarrollar procesos de intervenci\u00f3n sobre problem\u00e1ticas socialmente significativas definidas de manera conjunta con quienes se trabaja en la propuesta extensionista.<\/p>\n<p>Las BIEU comenzaron en 2022 como parte de una apuesta de la Secretar\u00eda de Extensi\u00f3n hacia el trabajo territorial y el di\u00e1logo de saberes integrada al proceso de formaci\u00f3n de les estudiantes. Son una manera m\u00e1s de reconocer y validar institucionalmente la capacidad de desarrollar iniciativas de les propies estudiantes, en tanto actores institucionales que pueden enriquecer desde su propia mirada y experiencia y, por ende, una manera de pensar otra universidad posible.<\/p>\n<p>Creemos que es de suma importancia que les estudiantes, a trav\u00e9s de proyectos elaborados por elles mismes, puedan vincular y tensionar sus saberes disciplinares con aquellos saberes otros que provienen de las comunidades, grupos y organizaciones con las que se trabaja.<\/p>\n<p>\u00c9stos contribuyen a jerarquizar la funci\u00f3n extensionista e integrarla a la formaci\u00f3n de grado de les estudiantes, generando modalidades que facilitan la inserci\u00f3n y acompa\u00f1en las primeras pr\u00e1cticas de intervenci\u00f3n de estudiantes que espec\u00edficamente busquen formarse en extensi\u00f3n.<\/p>\n<p>Para conocer m\u00e1s detalles sobre estas becas te invitamos a consultar al reglamento <a href=\"http:\/\/ffyh.unc.edu.ar\/extension\/wp-content\/uploads\/sites\/2\/2022\/09\/VERSION-FINAL-REGLAMENTO-BECAS-.docx.pdf\">desde aqu\u00ed<\/a>.<\/p>\n<p>Las convocatorias a las BIEU son anuales y suelen ser entre los meses de agosto y septiembre.<\/p>\n<h4 class=\"cm-entry-title\">Talleres \u00abProyecto en Obra\u00bb<\/h4>\n<p><img loading=\"lazy\" decoding=\"async\" class=\"alignnone wp-image-7975 size-full\" src=\"http:\/\/ffyh.unc.edu.ar\/extension\/wp-content\/uploads\/sites\/2\/2025\/04\/proyectoenobra.jpg\" alt=\"\" width=\"2439\" height=\"572\" srcset=\"https:\/\/ffyh.unc.edu.ar\/extension\/wp-content\/uploads\/sites\/2\/2025\/04\/proyectoenobra.jpg 2439w, https:\/\/ffyh.unc.edu.ar\/extension\/wp-content\/uploads\/sites\/2\/2025\/04\/proyectoenobra-300x70.jpg 300w, https:\/\/ffyh.unc.edu.ar\/extension\/wp-content\/uploads\/sites\/2\/2025\/04\/proyectoenobra-1024x240.jpg 1024w, https:\/\/ffyh.unc.edu.ar\/extension\/wp-content\/uploads\/sites\/2\/2025\/04\/proyectoenobra-768x180.jpg 768w, https:\/\/ffyh.unc.edu.ar\/extension\/wp-content\/uploads\/sites\/2\/2025\/04\/proyectoenobra-1536x360.jpg 1536w, https:\/\/ffyh.unc.edu.ar\/extension\/wp-content\/uploads\/sites\/2\/2025\/04\/proyectoenobra-2048x480.jpg 2048w\" sizes=\"auto, (max-width: 2439px) 100vw, 2439px\" \/><\/p>\n<p>A\u00f1o a A\u00f1o, en el marco de las convocatoria a Becas de Iniciaci\u00f3n a la Extensi\u00f3n Universitaria (BIEU), la Secretar\u00eda de Extensi\u00f3n invita a estudiantes de las 8 carreras a desarrollar sus propuestas de proyectos y a participar de los talleres \u201cProyecto en Obra\u201d.<\/p>\n<p>\u201cProyecto en Obra\u201d son talleres que realiza el equipo t\u00e9cnico de la Secretar\u00eda de Extensi\u00f3n destinado a todes les interesades y equipos postulantes para el asesoramiento, acompa\u00f1amiento y seguimiento en el armado de proyectos, especialmente en la escritura para la presentaci\u00f3n a becas BIEU.<\/p>\n<hr \/>\n<blockquote><p>Conoc\u00e9 todas las novedades sobre Becas BIEU desde este enlace: <a href=\"https:\/\/ffyh.unc.edu.ar\/extension\/category\/becas-bieu\/\">https:\/\/ffyh.unc.edu.ar\/extension\/category\/becas-bieu\/<\/a><\/p><\/blockquote>\n<h6><strong>Para informarte sobre las Becas envianos un correo a: <a href=\"mailto:becas.extension@ffyh.unc.edu.ar\" target=\"_blank\" rel=\"noopener\">becas.extension@ffyh.unc.edu.ar<\/a><\/strong><\/h6>\n<p><span style=\"font-weight: 400\">Esperamos fortalecer cada vez m\u00e1s iniciativas estudiantiles que se propongan construir vinculaciones desde la universidad y con otras instituciones y organizaciones sociales para generar pr\u00e1cticas de construcci\u00f3n e intercambio de conocimientos insertas en las problem\u00e1ticas y aconteceres sociales actuales.\u00a0<\/span><\/p>\n<p><iframe loading=\"lazy\" title=\"Becas de Iniciaci\u00f3n a la Extensi\u00f3n Universitaria - BIEU\" width=\"800\" height=\"450\" src=\"https:\/\/www.youtube.com\/embed\/w1P_3umwoA0?feature=oembed\" frameborder=\"0\" allow=\"accelerometer; autoplay; clipboard-write; encrypted-media; gyroscope; picture-in-picture; web-share\" referrerpolicy=\"strict-origin-when-cross-origin\" allowfullscreen><\/iframe><\/p>\n","protected":false},"excerpt":{"rendered":"<p>Las Becas a la Iniciaci\u00f3n en Extensi\u00f3n Universitaria (BIEU) son una l\u00ednea financiada de la Secretar\u00eda de Extensi\u00f3n de la<\/p>\n","protected":false},"author":3,"featured_media":0,"parent":0,"menu_order":0,"comment_status":"closed","ping_status":"closed","template":"","meta":{"_acf_changed":false,"colormag_page_container_layout":"default_layout","colormag_page_sidebar_layout":"default_layout","footnotes":""},"class_list":["post-7970","page","type-page","status-publish","hentry"],"acf":[],"yoast_head":"<!-- This site is optimized with the Yoast SEO plugin v27.1.1 - https:\/\/yoast.com\/product\/yoast-seo-wordpress\/ -->\n<title>Acerca de las BIEU - Secretar\u00eda de Extensi\u00f3n<\/title>\n<meta name=\"robots\" content=\"index, follow, max-snippet:-1, max-image-preview:large, max-video-preview:-1\" \/>\n<link rel=\"canonical\" href=\"https:\/\/ffyh.unc.edu.ar\/extension\/acerca-de-las-bieu\/\" \/>\n<meta property=\"og:locale\" content=\"es_ES\" \/>\n<meta property=\"og:type\" content=\"article\" \/>\n<meta property=\"og:title\" content=\"Acerca de las BIEU - Secretar\u00eda de Extensi\u00f3n\" \/>\n<meta property=\"og:description\" content=\"Las Becas a la Iniciaci\u00f3n en Extensi\u00f3n Universitaria (BIEU) son una l\u00ednea financiada de la Secretar\u00eda de Extensi\u00f3n de la\" \/>\n<meta property=\"og:url\" content=\"https:\/\/ffyh.unc.edu.ar\/extension\/acerca-de-las-bieu\/\" \/>\n<meta property=\"og:site_name\" content=\"Secretar\u00eda de Extensi\u00f3n\" \/>\n<meta property=\"article:publisher\" content=\"https:\/\/www.facebook.com\/extensionffyh\" \/>\n<meta property=\"article:modified_time\" content=\"2025-04-11T16:33:23+00:00\" \/>\n<meta property=\"og:image\" content=\"https:\/\/ffyh.unc.edu.ar\/extension\/wp-content\/uploads\/sites\/2\/2025\/04\/bieu.jpg\" \/>\n\t<meta property=\"og:image:width\" content=\"2439\" \/>\n\t<meta property=\"og:image:height\" content=\"976\" \/>\n\t<meta property=\"og:image:type\" content=\"image\/jpeg\" \/>\n<meta name=\"twitter:card\" content=\"summary_large_image\" \/>\n<meta name=\"twitter:label1\" content=\"Tiempo de lectura\" \/>\n\t<meta name=\"twitter:data1\" content=\"3 minutos\" \/>\n<script type=\"application\/ld+json\" class=\"yoast-schema-graph\">{\"@context\":\"https:\/\/schema.org\",\"@graph\":[{\"@type\":\"WebPage\",\"@id\":\"https:\/\/ffyh.unc.edu.ar\/extension\/acerca-de-las-bieu\/\",\"url\":\"https:\/\/ffyh.unc.edu.ar\/extension\/acerca-de-las-bieu\/\",\"name\":\"Acerca de las BIEU - Secretar\u00eda de Extensi\u00f3n\",\"isPartOf\":{\"@id\":\"https:\/\/ffyh.unc.edu.ar\/extension\/#website\"},\"primaryImageOfPage\":{\"@id\":\"https:\/\/ffyh.unc.edu.ar\/extension\/acerca-de-las-bieu\/#primaryimage\"},\"image\":{\"@id\":\"https:\/\/ffyh.unc.edu.ar\/extension\/acerca-de-las-bieu\/#primaryimage\"},\"thumbnailUrl\":\"http:\/\/ffyh.unc.edu.ar\/extension\/wp-content\/uploads\/sites\/2\/2025\/04\/bieu.jpg\",\"datePublished\":\"2025-04-11T16:22:16+00:00\",\"dateModified\":\"2025-04-11T16:33:23+00:00\",\"breadcrumb\":{\"@id\":\"https:\/\/ffyh.unc.edu.ar\/extension\/acerca-de-las-bieu\/#breadcrumb\"},\"inLanguage\":\"es\",\"potentialAction\":[{\"@type\":\"ReadAction\",\"target\":[\"https:\/\/ffyh.unc.edu.ar\/extension\/acerca-de-las-bieu\/\"]}]},{\"@type\":\"ImageObject\",\"inLanguage\":\"es\",\"@id\":\"https:\/\/ffyh.unc.edu.ar\/extension\/acerca-de-las-bieu\/#primaryimage\",\"url\":\"https:\/\/ffyh.unc.edu.ar\/extension\/wp-content\/uploads\/sites\/2\/2025\/04\/bieu.jpg\",\"contentUrl\":\"https:\/\/ffyh.unc.edu.ar\/extension\/wp-content\/uploads\/sites\/2\/2025\/04\/bieu.jpg\",\"width\":2439,\"height\":976},{\"@type\":\"BreadcrumbList\",\"@id\":\"https:\/\/ffyh.unc.edu.ar\/extension\/acerca-de-las-bieu\/#breadcrumb\",\"itemListElement\":[{\"@type\":\"ListItem\",\"position\":1,\"name\":\"Portada\",\"item\":\"https:\/\/ffyh.unc.edu.ar\/extension\/\"},{\"@type\":\"ListItem\",\"position\":2,\"name\":\"Acerca de las BIEU\"}]},{\"@type\":\"WebSite\",\"@id\":\"https:\/\/ffyh.unc.edu.ar\/extension\/#website\",\"url\":\"https:\/\/ffyh.unc.edu.ar\/extension\/\",\"name\":\"Secretar\u00eda de Extensi\u00f3n\",\"description\":\"Facultad de Filosof\u00eda y Humanidades - Universidad Nacional de C\u00f3rdoba\",\"publisher\":{\"@id\":\"https:\/\/ffyh.unc.edu.ar\/extension\/#organization\"},\"potentialAction\":[{\"@type\":\"SearchAction\",\"target\":{\"@type\":\"EntryPoint\",\"urlTemplate\":\"https:\/\/ffyh.unc.edu.ar\/extension\/?s={search_term_string}\"},\"query-input\":{\"@type\":\"PropertyValueSpecification\",\"valueRequired\":true,\"valueName\":\"search_term_string\"}}],\"inLanguage\":\"es\"},{\"@type\":\"Organization\",\"@id\":\"https:\/\/ffyh.unc.edu.ar\/extension\/#organization\",\"name\":\"Secretar\u00eda de Extensi\u00f3n - Facultad de Filosof\u00eda y Humanidades - Universidad Nacional de C\u00f3rdoba\",\"url\":\"https:\/\/ffyh.unc.edu.ar\/extension\/\",\"logo\":{\"@type\":\"ImageObject\",\"inLanguage\":\"es\",\"@id\":\"https:\/\/ffyh.unc.edu.ar\/extension\/#\/schema\/logo\/image\/\",\"url\":\"https:\/\/ffyh.unc.edu.ar\/extension\/wp-content\/uploads\/sites\/2\/2018\/08\/logo-extension-chico.jpg\",\"contentUrl\":\"https:\/\/ffyh.unc.edu.ar\/extension\/wp-content\/uploads\/sites\/2\/2018\/08\/logo-extension-chico.jpg\",\"width\":314,\"height\":119,\"caption\":\"Secretar\u00eda de Extensi\u00f3n - Facultad de Filosof\u00eda y Humanidades - Universidad Nacional de C\u00f3rdoba\"},\"image\":{\"@id\":\"https:\/\/ffyh.unc.edu.ar\/extension\/#\/schema\/logo\/image\/\"},\"sameAs\":[\"https:\/\/www.facebook.com\/extensionffyh\",\"https:\/\/www.instagram.com\/extensionffyh\/\",\"https:\/\/www.youtube.com\/channel\/UCTgN4nvMQE7ktBcgujEI-EA\"]}]}<\/script>\n<!-- \/ Yoast SEO plugin. -->","yoast_head_json":{"title":"Acerca de las BIEU - Secretar\u00eda de Extensi\u00f3n","robots":{"index":"index","follow":"follow","max-snippet":"max-snippet:-1","max-image-preview":"max-image-preview:large","max-video-preview":"max-video-preview:-1"},"canonical":"https:\/\/ffyh.unc.edu.ar\/extension\/acerca-de-las-bieu\/","og_locale":"es_ES","og_type":"article","og_title":"Acerca de las BIEU - Secretar\u00eda de Extensi\u00f3n","og_description":"Las Becas a la Iniciaci\u00f3n en Extensi\u00f3n Universitaria (BIEU) son una l\u00ednea financiada de la Secretar\u00eda de Extensi\u00f3n de la","og_url":"https:\/\/ffyh.unc.edu.ar\/extension\/acerca-de-las-bieu\/","og_site_name":"Secretar\u00eda de Extensi\u00f3n","article_publisher":"https:\/\/www.facebook.com\/extensionffyh","article_modified_time":"2025-04-11T16:33:23+00:00","og_image":[{"width":2439,"height":976,"url":"https:\/\/ffyh.unc.edu.ar\/extension\/wp-content\/uploads\/sites\/2\/2025\/04\/bieu.jpg","type":"image\/jpeg"}],"twitter_card":"summary_large_image","twitter_misc":{"Tiempo de lectura":"3 minutos"},"schema":{"@context":"https:\/\/schema.org","@graph":[{"@type":"WebPage","@id":"https:\/\/ffyh.unc.edu.ar\/extension\/acerca-de-las-bieu\/","url":"https:\/\/ffyh.unc.edu.ar\/extension\/acerca-de-las-bieu\/","name":"Acerca de las BIEU - Secretar\u00eda de Extensi\u00f3n","isPartOf":{"@id":"https:\/\/ffyh.unc.edu.ar\/extension\/#website"},"primaryImageOfPage":{"@id":"https:\/\/ffyh.unc.edu.ar\/extension\/acerca-de-las-bieu\/#primaryimage"},"image":{"@id":"https:\/\/ffyh.unc.edu.ar\/extension\/acerca-de-las-bieu\/#primaryimage"},"thumbnailUrl":"http:\/\/ffyh.unc.edu.ar\/extension\/wp-content\/uploads\/sites\/2\/2025\/04\/bieu.jpg","datePublished":"2025-04-11T16:22:16+00:00","dateModified":"2025-04-11T16:33:23+00:00","breadcrumb":{"@id":"https:\/\/ffyh.unc.edu.ar\/extension\/acerca-de-las-bieu\/#breadcrumb"},"inLanguage":"es","potentialAction":[{"@type":"ReadAction","target":["https:\/\/ffyh.unc.edu.ar\/extension\/acerca-de-las-bieu\/"]}]},{"@type":"ImageObject","inLanguage":"es","@id":"https:\/\/ffyh.unc.edu.ar\/extension\/acerca-de-las-bieu\/#primaryimage","url":"https:\/\/ffyh.unc.edu.ar\/extension\/wp-content\/uploads\/sites\/2\/2025\/04\/bieu.jpg","contentUrl":"https:\/\/ffyh.unc.edu.ar\/extension\/wp-content\/uploads\/sites\/2\/2025\/04\/bieu.jpg","width":2439,"height":976},{"@type":"BreadcrumbList","@id":"https:\/\/ffyh.unc.edu.ar\/extension\/acerca-de-las-bieu\/#breadcrumb","itemListElement":[{"@type":"ListItem","position":1,"name":"Portada","item":"https:\/\/ffyh.unc.edu.ar\/extension\/"},{"@type":"ListItem","position":2,"name":"Acerca de las BIEU"}]},{"@type":"WebSite","@id":"https:\/\/ffyh.unc.edu.ar\/extension\/#website","url":"https:\/\/ffyh.unc.edu.ar\/extension\/","name":"Secretar\u00eda de Extensi\u00f3n","description":"Facultad de Filosof\u00eda y Humanidades - Universidad Nacional de C\u00f3rdoba","publisher":{"@id":"https:\/\/ffyh.unc.edu.ar\/extension\/#organization"},"potentialAction":[{"@type":"SearchAction","target":{"@type":"EntryPoint","urlTemplate":"https:\/\/ffyh.unc.edu.ar\/extension\/?s={search_term_string}"},"query-input":{"@type":"PropertyValueSpecification","valueRequired":true,"valueName":"search_term_string"}}],"inLanguage":"es"},{"@type":"Organization","@id":"https:\/\/ffyh.unc.edu.ar\/extension\/#organization","name":"Secretar\u00eda de Extensi\u00f3n - Facultad de Filosof\u00eda y Humanidades - Universidad Nacional de C\u00f3rdoba","url":"https:\/\/ffyh.unc.edu.ar\/extension\/","logo":{"@type":"ImageObject","inLanguage":"es","@id":"https:\/\/ffyh.unc.edu.ar\/extension\/#\/schema\/logo\/image\/","url":"https:\/\/ffyh.unc.edu.ar\/extension\/wp-content\/uploads\/sites\/2\/2018\/08\/logo-extension-chico.jpg","contentUrl":"https:\/\/ffyh.unc.edu.ar\/extension\/wp-content\/uploads\/sites\/2\/2018\/08\/logo-extension-chico.jpg","width":314,"height":119,"caption":"Secretar\u00eda de Extensi\u00f3n - Facultad de Filosof\u00eda y Humanidades - Universidad Nacional de C\u00f3rdoba"},"image":{"@id":"https:\/\/ffyh.unc.edu.ar\/extension\/#\/schema\/logo\/image\/"},"sameAs":["https:\/\/www.facebook.com\/extensionffyh","https:\/\/www.instagram.com\/extensionffyh\/","https:\/\/www.youtube.com\/channel\/UCTgN4nvMQE7ktBcgujEI-EA"]}]}},"_links":{"self":[{"href":"https:\/\/ffyh.unc.edu.ar\/extension\/wp-json\/wp\/v2\/pages\/7970","targetHints":{"allow":["GET"]}}],"collection":[{"href":"https:\/\/ffyh.unc.edu.ar\/extension\/wp-json\/wp\/v2\/pages"}],"about":[{"href":"https:\/\/ffyh.unc.edu.ar\/extension\/wp-json\/wp\/v2\/types\/page"}],"author":[{"embeddable":true,"href":"https:\/\/ffyh.unc.edu.ar\/extension\/wp-json\/wp\/v2\/users\/3"}],"replies":[{"embeddable":true,"href":"https:\/\/ffyh.unc.edu.ar\/extension\/wp-json\/wp\/v2\/comments?post=7970"}],"version-history":[{"count":5,"href":"https:\/\/ffyh.unc.edu.ar\/extension\/wp-json\/wp\/v2\/pages\/7970\/revisions"}],"predecessor-version":[{"id":7979,"href":"https:\/\/ffyh.unc.edu.ar\/extension\/wp-json\/wp\/v2\/pages\/7970\/revisions\/7979"}],"wp:attachment":[{"href":"https:\/\/ffyh.unc.edu.ar\/extension\/wp-json\/wp\/v2\/media?parent=7970"}],"curies":[{"name":"wp","href":"https:\/\/api.w.org\/{rel}","templated":true}]}}