{"id":7974,"date":"2025-04-11T16:35:09","date_gmt":"2025-04-11T16:35:09","guid":{"rendered":"https:\/\/ffyh.unc.edu.ar\/extension\/?page_id=7974"},"modified":"2025-04-15T14:56:30","modified_gmt":"2025-04-15T14:56:30","slug":"proyectos-financiados","status":"publish","type":"page","link":"https:\/\/ffyh.unc.edu.ar\/extension\/proyectos-financiados\/","title":{"rendered":"Proyectos aprobados"},"content":{"rendered":"<p>Cada a\u00f1o son 2 las propuestas seleccionadas para realizarse con financiamiento. No obstante, los dem\u00e1s proyectos que se aprueban cuentan con el acompa\u00f1amiento de la Secretar\u00eda de Extensi\u00f3n de la FFYH.<\/p>\n<p><img loading=\"lazy\" decoding=\"async\" class=\"alignnone wp-image-7995 size-large\" src=\"http:\/\/ffyh.unc.edu.ar\/extension\/wp-content\/uploads\/sites\/2\/2025\/04\/convocatoria-01-1-1024x315.jpg\" alt=\"\" width=\"800\" height=\"246\" srcset=\"https:\/\/ffyh.unc.edu.ar\/extension\/wp-content\/uploads\/sites\/2\/2025\/04\/convocatoria-01-1-1024x315.jpg 1024w, https:\/\/ffyh.unc.edu.ar\/extension\/wp-content\/uploads\/sites\/2\/2025\/04\/convocatoria-01-1-300x92.jpg 300w, https:\/\/ffyh.unc.edu.ar\/extension\/wp-content\/uploads\/sites\/2\/2025\/04\/convocatoria-01-1-768x236.jpg 768w, https:\/\/ffyh.unc.edu.ar\/extension\/wp-content\/uploads\/sites\/2\/2025\/04\/convocatoria-01-1-1536x473.jpg 1536w, https:\/\/ffyh.unc.edu.ar\/extension\/wp-content\/uploads\/sites\/2\/2025\/04\/convocatoria-01-1.jpg 1936w\" sizes=\"auto, (max-width: 800px) 100vw, 800px\" \/><\/p>\n<h3>Proyectos seleccionados financiados<\/h3>\n<h5><strong>Proyecto \u00abGeoaportes al ordenamiento territorial participativo (O.T.P.) de Charbonier\u00bb<\/strong><\/h5>\n<p><strong>Becaries: <\/strong>Alejo Felipe Loyola y Fabricio Peretti Pacha<\/p>\n<p><strong>Responsables: <\/strong>Joaqu\u00edn Ulises Deon Favre\u00a0&#8211; Co-Responsable:\u00a0Gabriel Horacio\u00a0Galv\u00e1n<\/p>\n<p><strong>Resumen:<\/strong> El departamento cordob\u00e9s de Punilla hoy por hoy puede presentarse como uno de los espacios con mayores problem\u00e1ticas socioambientales a nivel nacional, en lo que respecta a incendios (intencionados), sequ\u00edas (saqueos), avance de la ciudad (difusa), desmonte (neocolonialismo) y cambios en los usos de suelo (corredor). La reconfiguraci\u00f3n territorial que puede vincularse en torno al avance de la \u201cAutov\u00eda de Monta\u00f1a\u201d como principal eje modificador y los m\u00e1s de 40km de esta, vienen a transformar el Valle de Punilla y ponerlo a disposici\u00f3n de los intereses transnacionales. Quienes habitamos este espacio sabemos que el progreso ha sido impuesto y el devastador neoliberalismo se ha predispuesto a avanzar sobre los territorios desde el despojo. Frente a esto es imprescindible poder construir de manera colectiva Ordenamientos Territoriales Participativos (OTP) y que desde un iniciador Diagn\u00f3stico Integral Participativo del territorio en la comuna de Charbonier permita obtener informaci\u00f3n e indicadores para la posterior planificaci\u00f3n y OT del ejido comunal de Charbonier, el cual se torna fundamental para la gesti\u00f3n territorial local y la articulaci\u00f3n con pol\u00edticas regionales consensuadas con los actores territoriales. De modo que, ponga en disputa el paisaje-territorio y traiga a reflexi\u00f3n precisamente: \u00bfcu\u00e1l es el Charbo\/ Valle de Punilla que queremos?<\/p>\n<hr \/>\n<h5><strong>Proyecto \u00abPuesta en valor patrimonial y resguardo digital de la Serie documental Legajos (personas desaparecidas) de la organizaci\u00f3n Familiares de Desaparecidos y de Detenidos por Razones Pol\u00edticas de C\u00f3rdoba\u00bb<\/strong><\/h5>\n<p><strong>Becaries: <\/strong>Carolina Bel\u00e9n Suescun y Natacha Gabriela Nieves Pauli<\/p>\n<p><strong>Responsables: <\/strong>Ana Carol Solis\u00a0 y Mar\u00eda Victoria Tejeda<\/p>\n<p><strong>Resumen:<\/strong> Este proyecto propone continuar una intervenci\u00f3n orientada a la puesta en valor patrimonial del acervo documental de Familiares, para garantizar su resguardo digital, construcci\u00f3n de conocimiento y accesibilidad, realizando un trabajo de conservaci\u00f3n, identificaci\u00f3n y descripci\u00f3n de los fondos documentales, desde el di\u00e1logo de saberes entre historia reciente, archivolog\u00eda, con los saberes de la organizaci\u00f3n y aportes de los Espacios de Memoria de C\u00f3rdoba. En esta presentaci\u00f3n proponemos la digitalizaci\u00f3n parcial de la serie documental\u00a0\u201cLegajos\u201d que corresponde a las carpetas de v\u00edctimas de la dictadura, avanzando en su resguardo digital y en la sistematizaci\u00f3n de informaci\u00f3n referente a acciones emprendidas por los familiares\u00a0en el camino de b\u00fasqueda y denuncia.Para ello se conform\u00f3 un colectivo interinstitucional, intergeneracional, interclaustro e interdisciplinar sobre la base del aprendizaje colaborativo y la autogesti\u00f3n. Familiares fue generando y acumulando una importante cantidad de documentaci\u00f3n relacionada a la lucha contra la impunidad, de la propia organizaci\u00f3n como de otras integrantes del Movimiento de DD.HH (MDH).<\/p>\n<h3>Proyectos aprobados<\/h3>\n<h5><strong>Proyecto \u00abArchivo de la ciudad: bases para su construcci\u00f3n en la municipalidad de La Calera\u00bb<\/strong><\/h5>\n<p><strong>Becaries: <\/strong>Gabriel Ernesto Michelotti y Ana Lucia Perez Rodriguez<\/p>\n<p><strong>Responsables: <\/strong>Mariela Contreras\u00a0 y Karen Andrea Echaniz<\/p>\n<p><strong>Resumen:<\/strong> Calera es conocida como una ciudad sat\u00e9lite de C\u00f3rdoba, pero esto no siempre fue as\u00ed, hubo un cambio radical entre la ciudad minera-industrial a la ciudad \u201cdormitorio\u201d, llena de barrios cerrados. La intendencia desde principios de 2024 ha buscado reconstruir su patrimonio y memoria hist\u00f3rica. Sin embargo, la municipalidad no cuenta con un Archivo Hist\u00f3rico Municipal, ni tampoco se encuentran los documentos hist\u00f3ricos en su posesi\u00f3n y desconocen su estado. Es de inter\u00e9s cultural, entonces, la conservaci\u00f3n de estos documentos en pos de la reconstrucci\u00f3n de la identidad local. Proponemos realizar un relevamiento de documentos en soporte papel y oral del periodo 1980-2000, donde Calera sufre transformaciones que impactaron en su actual desarrollo, como la expansi\u00f3n urbana y poblacional, la transformaci\u00f3n productiva y la desindustrializaci\u00f3n. Durante este per\u00edodo la \u201cidentidad\u201d de Calera da un vuelco, se reconfigura marc\u00e1ndola hasta el d\u00eda de hoy con una nostalgia de lo que fue. En este marco la municipalidad cobra un especial inter\u00e9s debido a su rol como regulador y organizador de la vida en la ciudad, que va desde los permisos de habilitaci\u00f3n para bares hasta permisos de loteos para nuevos barrios.<\/p>\n<p><img loading=\"lazy\" decoding=\"async\" class=\"alignnone wp-image-7996 size-large\" src=\"http:\/\/ffyh.unc.edu.ar\/extension\/wp-content\/uploads\/sites\/2\/2025\/04\/convocatoria-02-1-1024x315.jpg\" alt=\"\" width=\"800\" height=\"246\" srcset=\"https:\/\/ffyh.unc.edu.ar\/extension\/wp-content\/uploads\/sites\/2\/2025\/04\/convocatoria-02-1-1024x315.jpg 1024w, https:\/\/ffyh.unc.edu.ar\/extension\/wp-content\/uploads\/sites\/2\/2025\/04\/convocatoria-02-1-300x92.jpg 300w, https:\/\/ffyh.unc.edu.ar\/extension\/wp-content\/uploads\/sites\/2\/2025\/04\/convocatoria-02-1-768x237.jpg 768w, https:\/\/ffyh.unc.edu.ar\/extension\/wp-content\/uploads\/sites\/2\/2025\/04\/convocatoria-02-1-1536x473.jpg 1536w, https:\/\/ffyh.unc.edu.ar\/extension\/wp-content\/uploads\/sites\/2\/2025\/04\/convocatoria-02-1.jpg 1876w\" sizes=\"auto, (max-width: 800px) 100vw, 800px\" \/><\/p>\n<h3>Proyectos seleccionados financiados<\/h3>\n<h5><strong>Proyecto \u00abRutas del conocimiento ambiental\u00bb<\/strong><\/h5>\n<p>Becaries: Antonella Daniele y M. Itati Chiliguay Torramore<\/p>\n<p>Responsables: Ana Victoria Britos Castro y Augusto Rattini<\/p>\n<p><a href=\"https:\/\/drive.google.com\/file\/d\/1fbS8liZC_66RCsMXFM4ki2fuB9rvlKmN\/view?usp=sharing\"><i>Leer resumen<\/i><\/a><\/p>\n<hr \/>\n<h5><strong>Proyecto \u00abPasado y presente de las plantas calchaqu\u00edes\u00bb<\/strong><\/h5>\n<p>Becaries: Clara Aguilera y Ariel Arbelo<\/p>\n<p>Responsables: Valeria Franco Salvi y Gonzalo Moyano<\/p>\n<p><a href=\"https:\/\/drive.google.com\/file\/d\/1Wmnad0pAG3KOidLj5R62ZnmQinVTmlFM\/view?usp=sharing\"><i>Leer resumen<\/i><\/a><\/p>\n<hr \/>\n<h5><strong>Proyecto \u00abPasado y presente de las plantas calchaqu\u00edes\u00bb<\/strong><\/h5>\n<p>Becaries: Clara Aguilera y Ariel Arbelo<\/p>\n<p>Responsables: Valeria Franco Salvi y Gonzalo Moyano<\/p>\n<p><a href=\"https:\/\/drive.google.com\/file\/d\/1Wmnad0pAG3KOidLj5R62ZnmQinVTmlFM\/view?usp=sharing\"><i>Leer resumen<\/i><\/a><\/p>\n<h3>Proyectos aprobados<\/h3>\n<h5><strong>Proyecto \u00abLa socializaci\u00f3n de memorias como herramienta para democratizar el pasado. Aportes para la recuperaci\u00f3n de la experiencia insiliar en un archivo hist\u00f3rico \u2013 oral\u00bb<\/strong><\/h5>\n<p>Becaries: Germ\u00e1n Nicol\u00e1s Kippes y Magdalena Alejandra Molina<\/p>\n<p>Responsables: M. Laura Ortiz y Juan Ignacio Gonz\u00e1lez<\/p>\n<p><a href=\"https:\/\/drive.google.com\/file\/d\/1pI3aJzmXJzH89-gsoKhVLbyu_BEn3lHq\/view?usp=sharing\"><i>Leer resumen<\/i><\/a><\/p>\n<hr \/>\n<h5><strong>Proyecto \u00abEconom\u00eda Social en Movimiento: las experiencias cooperativas de Piedra Blanca y Obispo Angelelli\u00bb<\/strong><\/h5>\n<p>Becaries: Gabriela Mariana Falco y Mariana Gonz\u00e1lez<\/p>\n<p>Responsables: Julieta Ayel\u00e9n Almada y Karina Tomatis<\/p>\n<hr \/>\n<h5><strong>Proyecto \u00abEl archivo de Familiares. Puesta en valor patrimonial y rescate documental del acervo de un organismo de derechos humanos local. II Etapa\u00bb<\/strong><\/h5>\n<p>Becaries: Susana Graciela Escobar y Marco Schiavi<\/p>\n<p>Responsables: Ana Carol Solis y M. Victoria Tejeda<\/p>\n<p><a href=\"https:\/\/drive.google.com\/file\/d\/17tt6uWCNtCKDv5l0eizr40G2Hp6WSbxI\/view?usp=sharing\"><i>Leer resumen<\/i><\/a><\/p>\n<hr \/>\n<h5><strong>Proyecto \u00abProyecciones del habitar: experiencias de cine colaborativo en contextos de vulneraci\u00f3n territorial y conflictividad ambiental en Casa Bamba, La Calera, C\u00f3rdoba\u00bb<\/strong><\/h5>\n<p>Becaries: Omar Alejandro Quiroga Aibar, Nicol\u00e1s Dahan y Agustina Guadalupe Kuzmuk<\/p>\n<p>Responsables: Eliana Lacombe<\/p>\n<hr \/>\n<h5><strong>Proyecto \u00abSaberes de les j\u00f3venes en el Instituto Especial Don Orione\u00bb<\/strong><\/h5>\n<p>Becaries: Julieta Gonz\u00e1lez y M. Virginia Silva Mora<\/p>\n<p>Responsables: M. Gabriela Srur y Paula Bel\u00e9n Esquivel<\/p>\n<p><a href=\"https:\/\/drive.google.com\/file\/d\/12UO2WF0x9GkCoDqgeh-16KZTOBHiAZPb\/view?usp=sharing\"><i>Leer resumen<\/i><\/a><\/p>\n<hr \/>\n<h5><strong>Proyecto \u00abSonidos nativos y regionales: pedagog\u00edas para una memoria colectiva en escuelas primarias\u00bb<\/strong><\/h5>\n<p>Becaries: Cristobal Tati\u00e1n, Emilie Lucienne y Barrio L\u00f6wer Daniele<\/p>\n<p>Responsables: M. Gabriela Srur<\/p>\n<p><img loading=\"lazy\" decoding=\"async\" class=\"alignnone wp-image-7997 size-large\" src=\"http:\/\/ffyh.unc.edu.ar\/extension\/wp-content\/uploads\/sites\/2\/2025\/04\/convocatoria-03-1-1024x307.jpg\" alt=\"\" width=\"800\" height=\"240\" srcset=\"https:\/\/ffyh.unc.edu.ar\/extension\/wp-content\/uploads\/sites\/2\/2025\/04\/convocatoria-03-1-1024x307.jpg 1024w, https:\/\/ffyh.unc.edu.ar\/extension\/wp-content\/uploads\/sites\/2\/2025\/04\/convocatoria-03-1-300x90.jpg 300w, https:\/\/ffyh.unc.edu.ar\/extension\/wp-content\/uploads\/sites\/2\/2025\/04\/convocatoria-03-1-768x230.jpg 768w, https:\/\/ffyh.unc.edu.ar\/extension\/wp-content\/uploads\/sites\/2\/2025\/04\/convocatoria-03-1-1536x460.jpg 1536w, https:\/\/ffyh.unc.edu.ar\/extension\/wp-content\/uploads\/sites\/2\/2025\/04\/convocatoria-03-1.jpg 1929w\" sizes=\"auto, (max-width: 800px) 100vw, 800px\" \/><\/p>\n<h3>Proyectos seleccionados financiados<\/h3>\n<h5><strong>Proyecto \u00abCentro Editorial Estudiantil: La Cartonera 115\u00bb<\/strong><\/h5>\n<p>Becaries: <span style=\"font-weight: 400\">Mat\u00edas Morano y <\/span><span style=\"font-weight: 400\">Rodrigo Escribano<\/span><\/p>\n<p>Responsables: Cecilia Pacella y Agustina Giuggia<\/p>\n<p><a href=\"https:\/\/drive.google.com\/file\/d\/1_niiUH-NFusrPttJow8QSgyIXed08B6l\/view?usp=sharing\"><i><span style=\"font-weight: 400\">Leer resumen<\/span><\/i><\/a><\/p>\n<hr \/>\n<h5><strong>Proyecto \u00abInfancias habitando el teatro en la ruralidad\u00bb<\/strong><\/h5>\n<p>Becaries: \u00a0<span style=\"font-weight: 400\">Cinthia\u00a0<\/span><span style=\"font-weight: 400\">Machado y <\/span><span style=\"font-weight: 400\">M. Eugenia Pav\u00f3n<\/span><\/p>\n<p>Responsables: M. Laura\u00a0Freyre\u00a0 y Mariano Pussetto<\/p>\n<p><a href=\"https:\/\/drive.google.com\/file\/d\/1-7msRZad4zUW2we6db2NhrvfBbljPgul\/view?usp=sharing\"><i><span style=\"font-weight: 400\">Leer resumen<\/span><\/i><\/a><\/p>\n<h3>Proyectos aprobados<\/h3>\n<h5><strong>Proyecto \u00abInfancias, familias y escuelas: tramas que sostienen la inclusi\u00f3n educativa en Villa Corn\u00fa\u00bb<\/strong><\/h5>\n<p>Becaries: Cinthia\u00a0 Machado y M. Eugenia Pav\u00f3n<\/p>\n<p>Responsables: Marina\u00a0Yazyi\u00a0 y M. Noel Martinez<\/p>\n<hr \/>\n<h5><strong>Proyecto \u00abEl archivo de Familiares. Puesta en valor patrimonial y rescate documental del acervo de un organismo de derechos humanos local\u00bb<\/strong><\/h5>\n<p>Becaries: Roc\u00edo Amaya y Florencia Romero<\/p>\n<p>Responsables: Ana Carol\u00a0Sol\u00eds\u00a0 y M. Victoria Tejeda<\/p>\n<hr \/>\n<h5><strong>Proyecto \u00abMujeres que sostienen la vida. Producci\u00f3n, reproducci\u00f3n y cuidados en espacios socio-comunitarios de la ciudad de C\u00f3rdoba\u00bb<\/strong><\/h5>\n<p>Becaries: Mariana Falco e Ignacio Nicol\u00e1s\u00a0Cognini<\/p>\n<p>Responsables: Julieta Ayel\u00e9n Almada\u00a0 y Karina\u00a0Tomatis<\/p>\n<hr \/>\n<h5><strong>Proyecto \u00abMemorias del agua. Estrategias colectivas para un derecho\u00bb<\/strong><\/h5>\n<p>Becaries: Jorgelina Ver\u00f3nica Ceballos y Fabricio Peretti<\/p>\n<p>Responsables: Gilda\u00a0Collo y Mayra Pe\u00f1a Barberon<\/p>\n","protected":false},"excerpt":{"rendered":"<p>Cada a\u00f1o son 2 las propuestas seleccionadas para realizarse con financiamiento. No obstante, los dem\u00e1s proyectos que se aprueban cuentan<\/p>\n","protected":false},"author":3,"featured_media":0,"parent":0,"menu_order":0,"comment_status":"closed","ping_status":"closed","template":"","meta":{"_acf_changed":false,"colormag_page_container_layout":"default_layout","colormag_page_sidebar_layout":"default_layout","footnotes":""},"class_list":["post-7974","page","type-page","status-publish","hentry"],"acf":[],"yoast_head":"<!-- This site is optimized with the Yoast SEO plugin v27.1.1 - https:\/\/yoast.com\/product\/yoast-seo-wordpress\/ -->\n<title>Proyectos aprobados - Secretar\u00eda de Extensi\u00f3n<\/title>\n<meta name=\"robots\" content=\"index, follow, max-snippet:-1, max-image-preview:large, max-video-preview:-1\" \/>\n<link rel=\"canonical\" href=\"https:\/\/ffyh.unc.edu.ar\/extension\/proyectos-financiados\/\" \/>\n<meta property=\"og:locale\" content=\"es_ES\" \/>\n<meta property=\"og:type\" content=\"article\" \/>\n<meta property=\"og:title\" content=\"Proyectos aprobados - Secretar\u00eda de Extensi\u00f3n\" \/>\n<meta property=\"og:description\" content=\"Cada a\u00f1o son 2 las propuestas seleccionadas para realizarse con financiamiento. No obstante, los dem\u00e1s proyectos que se aprueban cuentan\" \/>\n<meta property=\"og:url\" content=\"https:\/\/ffyh.unc.edu.ar\/extension\/proyectos-financiados\/\" \/>\n<meta property=\"og:site_name\" content=\"Secretar\u00eda de Extensi\u00f3n\" \/>\n<meta property=\"article:publisher\" content=\"https:\/\/www.facebook.com\/extensionffyh\" \/>\n<meta property=\"article:modified_time\" content=\"2025-04-15T14:56:30+00:00\" \/>\n<meta property=\"og:image\" content=\"https:\/\/ffyh.unc.edu.ar\/extension\/wp-content\/uploads\/sites\/2\/2025\/04\/convocatoria-01-1.jpg\" \/>\n\t<meta property=\"og:image:width\" content=\"1936\" \/>\n\t<meta property=\"og:image:height\" content=\"596\" \/>\n\t<meta property=\"og:image:type\" content=\"image\/jpeg\" \/>\n<meta name=\"twitter:card\" content=\"summary_large_image\" \/>\n<meta name=\"twitter:label1\" content=\"Tiempo de lectura\" \/>\n\t<meta name=\"twitter:data1\" content=\"6 minutos\" \/>\n<script type=\"application\/ld+json\" class=\"yoast-schema-graph\">{\"@context\":\"https:\/\/schema.org\",\"@graph\":[{\"@type\":\"WebPage\",\"@id\":\"https:\/\/ffyh.unc.edu.ar\/extension\/proyectos-financiados\/\",\"url\":\"https:\/\/ffyh.unc.edu.ar\/extension\/proyectos-financiados\/\",\"name\":\"Proyectos aprobados - Secretar\u00eda de Extensi\u00f3n\",\"isPartOf\":{\"@id\":\"https:\/\/ffyh.unc.edu.ar\/extension\/#website\"},\"primaryImageOfPage\":{\"@id\":\"https:\/\/ffyh.unc.edu.ar\/extension\/proyectos-financiados\/#primaryimage\"},\"image\":{\"@id\":\"https:\/\/ffyh.unc.edu.ar\/extension\/proyectos-financiados\/#primaryimage\"},\"thumbnailUrl\":\"http:\/\/ffyh.unc.edu.ar\/extension\/wp-content\/uploads\/sites\/2\/2025\/04\/convocatoria-01-1-1024x315.jpg\",\"datePublished\":\"2025-04-11T16:35:09+00:00\",\"dateModified\":\"2025-04-15T14:56:30+00:00\",\"breadcrumb\":{\"@id\":\"https:\/\/ffyh.unc.edu.ar\/extension\/proyectos-financiados\/#breadcrumb\"},\"inLanguage\":\"es\",\"potentialAction\":[{\"@type\":\"ReadAction\",\"target\":[\"https:\/\/ffyh.unc.edu.ar\/extension\/proyectos-financiados\/\"]}]},{\"@type\":\"ImageObject\",\"inLanguage\":\"es\",\"@id\":\"https:\/\/ffyh.unc.edu.ar\/extension\/proyectos-financiados\/#primaryimage\",\"url\":\"https:\/\/ffyh.unc.edu.ar\/extension\/wp-content\/uploads\/sites\/2\/2025\/04\/convocatoria-01-1.jpg\",\"contentUrl\":\"https:\/\/ffyh.unc.edu.ar\/extension\/wp-content\/uploads\/sites\/2\/2025\/04\/convocatoria-01-1.jpg\",\"width\":1936,\"height\":596},{\"@type\":\"BreadcrumbList\",\"@id\":\"https:\/\/ffyh.unc.edu.ar\/extension\/proyectos-financiados\/#breadcrumb\",\"itemListElement\":[{\"@type\":\"ListItem\",\"position\":1,\"name\":\"Portada\",\"item\":\"https:\/\/ffyh.unc.edu.ar\/extension\/\"},{\"@type\":\"ListItem\",\"position\":2,\"name\":\"Proyectos aprobados\"}]},{\"@type\":\"WebSite\",\"@id\":\"https:\/\/ffyh.unc.edu.ar\/extension\/#website\",\"url\":\"https:\/\/ffyh.unc.edu.ar\/extension\/\",\"name\":\"Secretar\u00eda de Extensi\u00f3n\",\"description\":\"Facultad de Filosof\u00eda y Humanidades - Universidad Nacional de C\u00f3rdoba\",\"publisher\":{\"@id\":\"https:\/\/ffyh.unc.edu.ar\/extension\/#organization\"},\"potentialAction\":[{\"@type\":\"SearchAction\",\"target\":{\"@type\":\"EntryPoint\",\"urlTemplate\":\"https:\/\/ffyh.unc.edu.ar\/extension\/?s={search_term_string}\"},\"query-input\":{\"@type\":\"PropertyValueSpecification\",\"valueRequired\":true,\"valueName\":\"search_term_string\"}}],\"inLanguage\":\"es\"},{\"@type\":\"Organization\",\"@id\":\"https:\/\/ffyh.unc.edu.ar\/extension\/#organization\",\"name\":\"Secretar\u00eda de Extensi\u00f3n - Facultad de Filosof\u00eda y Humanidades - Universidad Nacional de C\u00f3rdoba\",\"url\":\"https:\/\/ffyh.unc.edu.ar\/extension\/\",\"logo\":{\"@type\":\"ImageObject\",\"inLanguage\":\"es\",\"@id\":\"https:\/\/ffyh.unc.edu.ar\/extension\/#\/schema\/logo\/image\/\",\"url\":\"https:\/\/ffyh.unc.edu.ar\/extension\/wp-content\/uploads\/sites\/2\/2018\/08\/logo-extension-chico.jpg\",\"contentUrl\":\"https:\/\/ffyh.unc.edu.ar\/extension\/wp-content\/uploads\/sites\/2\/2018\/08\/logo-extension-chico.jpg\",\"width\":314,\"height\":119,\"caption\":\"Secretar\u00eda de Extensi\u00f3n - Facultad de Filosof\u00eda y Humanidades - Universidad Nacional de C\u00f3rdoba\"},\"image\":{\"@id\":\"https:\/\/ffyh.unc.edu.ar\/extension\/#\/schema\/logo\/image\/\"},\"sameAs\":[\"https:\/\/www.facebook.com\/extensionffyh\",\"https:\/\/www.instagram.com\/extensionffyh\/\",\"https:\/\/www.youtube.com\/channel\/UCTgN4nvMQE7ktBcgujEI-EA\"]}]}<\/script>\n<!-- \/ Yoast SEO plugin. -->","yoast_head_json":{"title":"Proyectos aprobados - Secretar\u00eda de Extensi\u00f3n","robots":{"index":"index","follow":"follow","max-snippet":"max-snippet:-1","max-image-preview":"max-image-preview:large","max-video-preview":"max-video-preview:-1"},"canonical":"https:\/\/ffyh.unc.edu.ar\/extension\/proyectos-financiados\/","og_locale":"es_ES","og_type":"article","og_title":"Proyectos aprobados - Secretar\u00eda de Extensi\u00f3n","og_description":"Cada a\u00f1o son 2 las propuestas seleccionadas para realizarse con financiamiento. No obstante, los dem\u00e1s proyectos que se aprueban cuentan","og_url":"https:\/\/ffyh.unc.edu.ar\/extension\/proyectos-financiados\/","og_site_name":"Secretar\u00eda de Extensi\u00f3n","article_publisher":"https:\/\/www.facebook.com\/extensionffyh","article_modified_time":"2025-04-15T14:56:30+00:00","og_image":[{"width":1936,"height":596,"url":"https:\/\/ffyh.unc.edu.ar\/extension\/wp-content\/uploads\/sites\/2\/2025\/04\/convocatoria-01-1.jpg","type":"image\/jpeg"}],"twitter_card":"summary_large_image","twitter_misc":{"Tiempo de lectura":"6 minutos"},"schema":{"@context":"https:\/\/schema.org","@graph":[{"@type":"WebPage","@id":"https:\/\/ffyh.unc.edu.ar\/extension\/proyectos-financiados\/","url":"https:\/\/ffyh.unc.edu.ar\/extension\/proyectos-financiados\/","name":"Proyectos aprobados - Secretar\u00eda de Extensi\u00f3n","isPartOf":{"@id":"https:\/\/ffyh.unc.edu.ar\/extension\/#website"},"primaryImageOfPage":{"@id":"https:\/\/ffyh.unc.edu.ar\/extension\/proyectos-financiados\/#primaryimage"},"image":{"@id":"https:\/\/ffyh.unc.edu.ar\/extension\/proyectos-financiados\/#primaryimage"},"thumbnailUrl":"http:\/\/ffyh.unc.edu.ar\/extension\/wp-content\/uploads\/sites\/2\/2025\/04\/convocatoria-01-1-1024x315.jpg","datePublished":"2025-04-11T16:35:09+00:00","dateModified":"2025-04-15T14:56:30+00:00","breadcrumb":{"@id":"https:\/\/ffyh.unc.edu.ar\/extension\/proyectos-financiados\/#breadcrumb"},"inLanguage":"es","potentialAction":[{"@type":"ReadAction","target":["https:\/\/ffyh.unc.edu.ar\/extension\/proyectos-financiados\/"]}]},{"@type":"ImageObject","inLanguage":"es","@id":"https:\/\/ffyh.unc.edu.ar\/extension\/proyectos-financiados\/#primaryimage","url":"https:\/\/ffyh.unc.edu.ar\/extension\/wp-content\/uploads\/sites\/2\/2025\/04\/convocatoria-01-1.jpg","contentUrl":"https:\/\/ffyh.unc.edu.ar\/extension\/wp-content\/uploads\/sites\/2\/2025\/04\/convocatoria-01-1.jpg","width":1936,"height":596},{"@type":"BreadcrumbList","@id":"https:\/\/ffyh.unc.edu.ar\/extension\/proyectos-financiados\/#breadcrumb","itemListElement":[{"@type":"ListItem","position":1,"name":"Portada","item":"https:\/\/ffyh.unc.edu.ar\/extension\/"},{"@type":"ListItem","position":2,"name":"Proyectos aprobados"}]},{"@type":"WebSite","@id":"https:\/\/ffyh.unc.edu.ar\/extension\/#website","url":"https:\/\/ffyh.unc.edu.ar\/extension\/","name":"Secretar\u00eda de Extensi\u00f3n","description":"Facultad de Filosof\u00eda y Humanidades - Universidad Nacional de C\u00f3rdoba","publisher":{"@id":"https:\/\/ffyh.unc.edu.ar\/extension\/#organization"},"potentialAction":[{"@type":"SearchAction","target":{"@type":"EntryPoint","urlTemplate":"https:\/\/ffyh.unc.edu.ar\/extension\/?s={search_term_string}"},"query-input":{"@type":"PropertyValueSpecification","valueRequired":true,"valueName":"search_term_string"}}],"inLanguage":"es"},{"@type":"Organization","@id":"https:\/\/ffyh.unc.edu.ar\/extension\/#organization","name":"Secretar\u00eda de Extensi\u00f3n - Facultad de Filosof\u00eda y Humanidades - Universidad Nacional de C\u00f3rdoba","url":"https:\/\/ffyh.unc.edu.ar\/extension\/","logo":{"@type":"ImageObject","inLanguage":"es","@id":"https:\/\/ffyh.unc.edu.ar\/extension\/#\/schema\/logo\/image\/","url":"https:\/\/ffyh.unc.edu.ar\/extension\/wp-content\/uploads\/sites\/2\/2018\/08\/logo-extension-chico.jpg","contentUrl":"https:\/\/ffyh.unc.edu.ar\/extension\/wp-content\/uploads\/sites\/2\/2018\/08\/logo-extension-chico.jpg","width":314,"height":119,"caption":"Secretar\u00eda de Extensi\u00f3n - Facultad de Filosof\u00eda y Humanidades - Universidad Nacional de C\u00f3rdoba"},"image":{"@id":"https:\/\/ffyh.unc.edu.ar\/extension\/#\/schema\/logo\/image\/"},"sameAs":["https:\/\/www.facebook.com\/extensionffyh","https:\/\/www.instagram.com\/extensionffyh\/","https:\/\/www.youtube.com\/channel\/UCTgN4nvMQE7ktBcgujEI-EA"]}]}},"_links":{"self":[{"href":"https:\/\/ffyh.unc.edu.ar\/extension\/wp-json\/wp\/v2\/pages\/7974","targetHints":{"allow":["GET"]}}],"collection":[{"href":"https:\/\/ffyh.unc.edu.ar\/extension\/wp-json\/wp\/v2\/pages"}],"about":[{"href":"https:\/\/ffyh.unc.edu.ar\/extension\/wp-json\/wp\/v2\/types\/page"}],"author":[{"embeddable":true,"href":"https:\/\/ffyh.unc.edu.ar\/extension\/wp-json\/wp\/v2\/users\/3"}],"replies":[{"embeddable":true,"href":"https:\/\/ffyh.unc.edu.ar\/extension\/wp-json\/wp\/v2\/comments?post=7974"}],"version-history":[{"count":16,"href":"https:\/\/ffyh.unc.edu.ar\/extension\/wp-json\/wp\/v2\/pages\/7974\/revisions"}],"predecessor-version":[{"id":8016,"href":"https:\/\/ffyh.unc.edu.ar\/extension\/wp-json\/wp\/v2\/pages\/7974\/revisions\/8016"}],"wp:attachment":[{"href":"https:\/\/ffyh.unc.edu.ar\/extension\/wp-json\/wp\/v2\/media?parent=7974"}],"curies":[{"name":"wp","href":"https:\/\/api.w.org\/{rel}","templated":true}]}}